{"id":10765,"date":"2025-10-27T08:39:02","date_gmt":"2025-10-27T08:39:02","guid":{"rendered":"https:\/\/vilniustechsa.lt\/?page_id=10765"},"modified":"2026-03-17T21:05:28","modified_gmt":"2026-03-17T21:05:28","slug":"sa-f-veiklos-ir-finansines-ataskaitos","status":"publish","type":"page","link":"https:\/\/vilniustechsa.lt\/en\/sa-f-veiklos-ir-finansines-ataskaitos\/","title":{"rendered":"SA F veiklos ir finansin\u0117s ataskaitos"},"content":{"rendered":"<div data-elementor-type=\"wp-page\" data-elementor-id=\"10765\" class=\"elementor elementor-10765\">\n\t\t\t\t\t\t<section class=\"elementor-section elementor-top-section elementor-element elementor-element-ba4139a elementor-section-boxed elementor-section-height-default elementor-section-height-default\" data-id=\"ba4139a\" data-element_type=\"section\">\n\t\t\t\t\t\t<div class=\"elementor-container elementor-column-gap-default\">\n\t\t\t\t\t<div class=\"elementor-column elementor-col-100 elementor-top-column elementor-element elementor-element-a647432\" data-id=\"a647432\" data-element_type=\"column\">\n\t\t\t<div class=\"elementor-widget-wrap elementor-element-populated\">\n\t\t\t\t\t\t<div class=\"elementor-element elementor-element-555930c elementor-widget elementor-widget-toggle\" data-id=\"555930c\" data-element_type=\"widget\" data-widget_type=\"toggle.default\">\n\t\t\t\t<div class=\"elementor-widget-container\">\n\t\t\t\t\t\t\t<div class=\"elementor-toggle\">\n\t\t\t\t\t\t\t<div class=\"elementor-toggle-item\">\n\t\t\t\t\t<div id=\"elementor-tab-title-8941\" class=\"elementor-tab-title\" data-tab=\"1\" role=\"button\" aria-controls=\"elementor-tab-content-8941\" aria-expanded=\"false\">\n\t\t\t\t\t\t\t\t\t\t\t\t<span class=\"elementor-toggle-icon elementor-toggle-icon-left\" aria-hidden=\"true\">\n\t\t\t\t\t\t\t\t\t\t\t\t\t\t\t<span class=\"elementor-toggle-icon-closed\"><i class=\"fas fa-chevron-up\"><\/i><\/span>\n\t\t\t\t\t\t\t\t<span class=\"elementor-toggle-icon-opened\"><i class=\"elementor-toggle-icon-opened fas fa-chevron-down\"><\/i><\/span>\n\t\t\t\t\t\t\t\t\t\t\t\t\t<\/span>\n\t\t\t\t\t\t\t\t\t\t\t\t<a class=\"elementor-toggle-title\" tabindex=\"0\">2026 m.<\/a>\n\t\t\t\t\t<\/div>\n\n\t\t\t\t\t<div id=\"elementor-tab-content-8941\" class=\"elementor-tab-content elementor-clearfix\" data-tab=\"1\" role=\"region\" aria-labelledby=\"elementor-tab-title-8941\"><p><a href=\"https:\/\/vilniustechsa.lt\/wp-content\/uploads\/2026\/02\/VILNIUS-TECH-SA-AIF-2026-m.-ziemos-ataskaitine.pdf\">SA AIF veiklos ir finansin\u0117 ataskaita\/ SR EEF Activity and Financial Report<\/a><\/p>\n<p><a href=\"https:\/\/vilniustechsa.lt\/wp-content\/uploads\/2026\/02\/VILNIUS-TECH-SA-EF-ZIEMOS-ATASKAITINE-LT_EN.pdf\">SA EF veiklos ir finansin\u0117 ataskaita\/SR EF Activity and Financial Report<\/a><\/p>\n<p><a href=\"https:\/\/vilniustechsa.lt\/wp-content\/uploads\/2026\/02\/Ataskaitines-skaidres.pptx.pdf\">SA KIF veiklos ir finansin\u0117 ataskaita\/SR CIF Activity and Financial Report<\/a><\/p>\n<p><a href=\"https:\/\/vilniustechsa.lt\/wp-content\/uploads\/2026\/02\/VILNIUS-TECH-SA-VVF-2026-ziemos-ataskaitine.pdf\">SA VVF veiklos ir finansin\u0117 ataskaita\/SR BMF Activity and Financial Report<\/a><\/p>\n<p><a href=\"https:\/\/vilniustechsa.lt\/wp-content\/uploads\/2026\/02\/FMF-ataskaitines-skaidres.pptx.pdf\">SA FMF veiklos ir finansin\u0117 ataskaita\/SR FSF Activity and Financial Report<\/a><\/p>\n<p><a href=\"https:\/\/vilniustechsa.lt\/wp-content\/uploads\/2026\/02\/SA-SF-ataskaitine-konferencija-LT-ir-EN-su-vertimais.-2026.pptx\">SA SF veiklos ir finansin\u0117 ataskaita\/SR CR Activity and Financial Report<\/a><\/p>\n<p><a href=\"https:\/\/vilniustechsa.lt\/wp-content\/uploads\/2026\/03\/VILNIUS-TECH-SA-AF-2026-ziemos-ataskaitine.pptm.pptx.pdf\" target=\"_blank\" style=\"letter-spacing: 0px\">SA AF veiklos ir finansin\u0117 ataskaita<\/a><a href=\"https:\/\/vilniustechsa.lt\/wp-content\/uploads\/2026\/02\/SA-SF-ataskaitine-konferencija-LT-ir-EN-su-vertimais.-2026.pptx\">\/<\/a><a href=\"https:\/\/vilniustechsa.lt\/wp-content\/uploads\/2026\/03\/VILNIUS-TECH-SA-AF-2026-ziemos-ataskaitine.pptm.pptx.pdf\" target=\"_blank\" style=\"letter-spacing: 0px\">SR AF Activity and Financial Report<\/a><\/p><\/div>\n\t\t\t\t<\/div>\n\t\t\t\t\t\t\t\t<\/div>\n\t\t\t\t\t\t<\/div>\n\t\t\t\t<\/div>\n\t\t\t\t<div class=\"elementor-element elementor-element-fd7edb6 elementor-widget elementor-widget-toggle\" data-id=\"fd7edb6\" data-element_type=\"widget\" data-widget_type=\"toggle.default\">\n\t\t\t\t<div class=\"elementor-widget-container\">\n\t\t\t\t\t\t\t<div class=\"elementor-toggle\">\n\t\t\t\t\t\t\t<div class=\"elementor-toggle-item\">\n\t\t\t\t\t<div id=\"elementor-tab-title-2651\" class=\"elementor-tab-title\" data-tab=\"1\" role=\"button\" aria-controls=\"elementor-tab-content-2651\" aria-expanded=\"false\">\n\t\t\t\t\t\t\t\t\t\t\t\t<span class=\"elementor-toggle-icon elementor-toggle-icon-left\" aria-hidden=\"true\">\n\t\t\t\t\t\t\t\t\t\t\t\t\t\t\t<span class=\"elementor-toggle-icon-closed\"><i class=\"fas fa-chevron-up\"><\/i><\/span>\n\t\t\t\t\t\t\t\t<span class=\"elementor-toggle-icon-opened\"><i class=\"elementor-toggle-icon-opened fas fa-chevron-down\"><\/i><\/span>\n\t\t\t\t\t\t\t\t\t\t\t\t\t<\/span>\n\t\t\t\t\t\t\t\t\t\t\t\t<a class=\"elementor-toggle-title\" tabindex=\"0\">2025 m.<\/a>\n\t\t\t\t\t<\/div>\n\n\t\t\t\t\t<div id=\"elementor-tab-content-2651\" class=\"elementor-tab-content elementor-clearfix\" data-tab=\"1\" role=\"region\" aria-labelledby=\"elementor-tab-title-2651\"><p><a href=\"https:\/\/vilniustechsa.lt\/wp-content\/uploads\/2026\/02\/VILNIUS-TECH-SA-EF-RUDENS-ATASKAITINE.pptx.pdf\" target=\"_blank\">SA EF veiklos ir finansin\u0117 ataskaita\/SR EF Activity and Financial Report<\/a><\/p>\n<p><a href=\"https:\/\/vilniustechsa.lt\/wp-content\/uploads\/2026\/02\/SA-KIF-rinkimine-ataskaitine.pdf\">SA KIF veiklos ir finansin\u0117 ataskaita\/SR CIF Activity and Financial Report<\/a><\/p>\n<p><a href=\"https:\/\/vilniustechsa.lt\/wp-content\/uploads\/2025\/11\/Copy-of-2025-SA-VVF-Rudens-ataskaitine.pptx.pdf\">SA VVF veiklos ir finansin\u0117 ataskaita<\/a><span style=\"color: #00ccff\">\/<\/span><a href=\"https:\/\/vilniustechsa.lt\/wp-content\/uploads\/2025\/11\/Copy-of-2025-SA-VVF-Rudens-ataskaitine.pptx.pdf\">SR BMF Activity and Financial Report <\/a><\/p>\n<p><a href=\"https:\/\/vilniustechsa.lt\/wp-content\/uploads\/2025\/12\/VILNIUS-TECH-SA-AF-2025-rudens-ataskaitine.pptm.pptx-1.pdf\">SA AF veiklos ir finansin\u0117 ataskaita\/SA AF Activity and Financial Report<\/a><\/p>\n<p><a href=\"https:\/\/vilniustechsa.lt\/wp-content\/uploads\/2026\/02\/FMF-Rudens-ataskaita-2025-m.pptm-2.pdf\">SA FMF veiklos ir finansin\u0117 ataskaita\/SR FSF Activity and Financial Report<\/a><\/p><\/div>\n\t\t\t\t<\/div>\n\t\t\t\t\t\t\t\t<\/div>\n\t\t\t\t\t\t<\/div>\n\t\t\t\t<\/div>\n\t\t\t\t\t<\/div>\n\t\t<\/div>\n\t\t\t\t\t<\/div>\n\t\t<\/section>\n\t\t\t\t<\/div>","protected":false},"excerpt":{"rendered":"<p>2026 m. SA AIF veiklos ir finansin\u0117 ataskaita\/ SR EEF Activity and Financial Report SA EF veiklos ir finansin\u0117 ataskaita\/SR EF Activity and Financial Report SA KIF veiklos ir finansin\u0117 ataskaita\/SR CIF Activity and Financial Report SA VVF veiklos ir finansin\u0117 ataskaita\/SR BMF Activity and Financial Report SA FMF veiklos ir finansin\u0117 ataskaita\/SR FSF Activity&hellip;<\/p>","protected":false},"author":2,"featured_media":0,"parent":0,"menu_order":0,"comment_status":"closed","ping_status":"closed","template":"","meta":{"footnotes":""},"class_list":["post-10765","page","type-page","status-publish","hentry"],"yoast_head":"<!-- This site is optimized with the Yoast SEO plugin v27.5 - https:\/\/yoast.com\/product\/yoast-seo-wordpress\/ -->\n<title>SA F veiklos ir finansin\u0117s ataskaitos - VILNIUS TECH SA<\/title>\n<meta name=\"robots\" content=\"index, follow, max-snippet:-1, max-image-preview:large, max-video-preview:-1\" \/>\n<link rel=\"canonical\" href=\"https:\/\/vilniustechsa.lt\/en\/sa-f-veiklos-ir-finansines-ataskaitos\/\" \/>\n<meta property=\"og:locale\" content=\"en_US\" \/>\n<meta property=\"og:type\" content=\"article\" \/>\n<meta property=\"og:title\" content=\"SA F veiklos ir finansin\u0117s ataskaitos - VILNIUS TECH SA\" \/>\n<meta property=\"og:description\" content=\"2026 m. SA AIF veiklos ir finansin\u0117 ataskaita\/ SR EEF Activity and Financial Report SA EF veiklos ir finansin\u0117 ataskaita\/SR EF Activity and Financial Report SA KIF veiklos ir finansin\u0117 ataskaita\/SR CIF Activity and Financial Report SA VVF veiklos ir finansin\u0117 ataskaita\/SR BMF Activity and Financial Report SA FMF veiklos ir finansin\u0117 ataskaita\/SR FSF Activity&hellip;\" \/>\n<meta property=\"og:url\" content=\"https:\/\/vilniustechsa.lt\/en\/sa-f-veiklos-ir-finansines-ataskaitos\/\" \/>\n<meta property=\"og:site_name\" content=\"VILNIUS TECH SA\" \/>\n<meta property=\"article:publisher\" content=\"https:\/\/www.facebook.com\/VGTUSA\/\" \/>\n<meta property=\"article:modified_time\" content=\"2026-03-17T21:05:28+00:00\" \/>\n<meta name=\"twitter:card\" content=\"summary_large_image\" \/>\n<script type=\"application\/ld+json\" class=\"yoast-schema-graph\">{\"@context\":\"https:\\\/\\\/schema.org\",\"@graph\":[{\"@type\":\"WebPage\",\"@id\":\"https:\\\/\\\/vilniustechsa.lt\\\/sa-f-veiklos-ir-finansines-ataskaitos\\\/\",\"url\":\"https:\\\/\\\/vilniustechsa.lt\\\/sa-f-veiklos-ir-finansines-ataskaitos\\\/\",\"name\":\"SA F veiklos ir finansin\u0117s ataskaitos - VILNIUS TECH SA\",\"isPartOf\":{\"@id\":\"https:\\\/\\\/vilniustechsa.lt\\\/#website\"},\"datePublished\":\"2025-10-27T08:39:02+00:00\",\"dateModified\":\"2026-03-17T21:05:28+00:00\",\"inLanguage\":\"en-US\",\"potentialAction\":[{\"@type\":\"ReadAction\",\"target\":[\"https:\\\/\\\/vilniustechsa.lt\\\/sa-f-veiklos-ir-finansines-ataskaitos\\\/\"]}]},{\"@type\":\"WebSite\",\"@id\":\"https:\\\/\\\/vilniustechsa.lt\\\/#website\",\"url\":\"https:\\\/\\\/vilniustechsa.lt\\\/\",\"name\":\"VILNIUS TECH SA\",\"description\":\"U\u017e studenti\u0161k\u0105 rytoj\u0173!\",\"publisher\":{\"@id\":\"https:\\\/\\\/vilniustechsa.lt\\\/#organization\"},\"potentialAction\":[{\"@type\":\"SearchAction\",\"target\":{\"@type\":\"EntryPoint\",\"urlTemplate\":\"https:\\\/\\\/vilniustechsa.lt\\\/?s={search_term_string}\"},\"query-input\":{\"@type\":\"PropertyValueSpecification\",\"valueRequired\":true,\"valueName\":\"search_term_string\"}}],\"inLanguage\":\"en-US\"},{\"@type\":\"Organization\",\"@id\":\"https:\\\/\\\/vilniustechsa.lt\\\/#organization\",\"name\":\"VILNIUS TECH SA\",\"url\":\"https:\\\/\\\/vilniustechsa.lt\\\/\",\"logo\":{\"@type\":\"ImageObject\",\"inLanguage\":\"en-US\",\"@id\":\"https:\\\/\\\/vilniustechsa.lt\\\/#\\\/schema\\\/logo\\\/image\\\/\",\"url\":\"https:\\\/\\\/vilniustechsa.lt\\\/wp-content\\\/uploads\\\/2023\\\/04\\\/sa-be-teksto.png\",\"contentUrl\":\"https:\\\/\\\/vilniustechsa.lt\\\/wp-content\\\/uploads\\\/2023\\\/04\\\/sa-be-teksto.png\",\"width\":792,\"height\":792,\"caption\":\"VILNIUS TECH SA\"},\"image\":{\"@id\":\"https:\\\/\\\/vilniustechsa.lt\\\/#\\\/schema\\\/logo\\\/image\\\/\"},\"sameAs\":[\"https:\\\/\\\/www.facebook.com\\\/VGTUSA\\\/\",\"https:\\\/\\\/www.instagram.com\\\/vgtu_sa\\\/\"]}]}<\/script>\n<!-- \/ Yoast SEO plugin. -->","yoast_head_json":{"title":"SA F veiklos ir finansin\u0117s ataskaitos - VILNIUS TECH SA","robots":{"index":"index","follow":"follow","max-snippet":"max-snippet:-1","max-image-preview":"max-image-preview:large","max-video-preview":"max-video-preview:-1"},"canonical":"https:\/\/vilniustechsa.lt\/en\/sa-f-veiklos-ir-finansines-ataskaitos\/","og_locale":"en_US","og_type":"article","og_title":"SA F veiklos ir finansin\u0117s ataskaitos - VILNIUS TECH SA","og_description":"2026 m. SA AIF veiklos ir finansin\u0117 ataskaita\/ SR EEF Activity and Financial Report SA EF veiklos ir finansin\u0117 ataskaita\/SR EF Activity and Financial Report SA KIF veiklos ir finansin\u0117 ataskaita\/SR CIF Activity and Financial Report SA VVF veiklos ir finansin\u0117 ataskaita\/SR BMF Activity and Financial Report SA FMF veiklos ir finansin\u0117 ataskaita\/SR FSF Activity&hellip;","og_url":"https:\/\/vilniustechsa.lt\/en\/sa-f-veiklos-ir-finansines-ataskaitos\/","og_site_name":"VILNIUS TECH SA","article_publisher":"https:\/\/www.facebook.com\/VGTUSA\/","article_modified_time":"2026-03-17T21:05:28+00:00","twitter_card":"summary_large_image","schema":{"@context":"https:\/\/schema.org","@graph":[{"@type":"WebPage","@id":"https:\/\/vilniustechsa.lt\/sa-f-veiklos-ir-finansines-ataskaitos\/","url":"https:\/\/vilniustechsa.lt\/sa-f-veiklos-ir-finansines-ataskaitos\/","name":"SA F veiklos ir finansin\u0117s ataskaitos - VILNIUS TECH SA","isPartOf":{"@id":"https:\/\/vilniustechsa.lt\/#website"},"datePublished":"2025-10-27T08:39:02+00:00","dateModified":"2026-03-17T21:05:28+00:00","inLanguage":"en-US","potentialAction":[{"@type":"ReadAction","target":["https:\/\/vilniustechsa.lt\/sa-f-veiklos-ir-finansines-ataskaitos\/"]}]},{"@type":"WebSite","@id":"https:\/\/vilniustechsa.lt\/#website","url":"https:\/\/vilniustechsa.lt\/","name":"VILNIUS TECH SA","description":"For students of tomorrow!","publisher":{"@id":"https:\/\/vilniustechsa.lt\/#organization"},"potentialAction":[{"@type":"SearchAction","target":{"@type":"EntryPoint","urlTemplate":"https:\/\/vilniustechsa.lt\/?s={search_term_string}"},"query-input":{"@type":"PropertyValueSpecification","valueRequired":true,"valueName":"search_term_string"}}],"inLanguage":"en-US"},{"@type":"Organization","@id":"https:\/\/vilniustechsa.lt\/#organization","name":"VILNIUS TECH SA","url":"https:\/\/vilniustechsa.lt\/","logo":{"@type":"ImageObject","inLanguage":"en-US","@id":"https:\/\/vilniustechsa.lt\/#\/schema\/logo\/image\/","url":"https:\/\/vilniustechsa.lt\/wp-content\/uploads\/2023\/04\/sa-be-teksto.png","contentUrl":"https:\/\/vilniustechsa.lt\/wp-content\/uploads\/2023\/04\/sa-be-teksto.png","width":792,"height":792,"caption":"VILNIUS TECH SA"},"image":{"@id":"https:\/\/vilniustechsa.lt\/#\/schema\/logo\/image\/"},"sameAs":["https:\/\/www.facebook.com\/VGTUSA\/","https:\/\/www.instagram.com\/vgtu_sa\/"]}]}},"_links":{"self":[{"href":"https:\/\/vilniustechsa.lt\/en\/wp-json\/wp\/v2\/pages\/10765","targetHints":{"allow":["GET"]}}],"collection":[{"href":"https:\/\/vilniustechsa.lt\/en\/wp-json\/wp\/v2\/pages"}],"about":[{"href":"https:\/\/vilniustechsa.lt\/en\/wp-json\/wp\/v2\/types\/page"}],"author":[{"embeddable":true,"href":"https:\/\/vilniustechsa.lt\/en\/wp-json\/wp\/v2\/users\/2"}],"replies":[{"embeddable":true,"href":"https:\/\/vilniustechsa.lt\/en\/wp-json\/wp\/v2\/comments?post=10765"}],"version-history":[{"count":64,"href":"https:\/\/vilniustechsa.lt\/en\/wp-json\/wp\/v2\/pages\/10765\/revisions"}],"predecessor-version":[{"id":12175,"href":"https:\/\/vilniustechsa.lt\/en\/wp-json\/wp\/v2\/pages\/10765\/revisions\/12175"}],"wp:attachment":[{"href":"https:\/\/vilniustechsa.lt\/en\/wp-json\/wp\/v2\/media?parent=10765"}],"curies":[{"name":"wp","href":"https:\/\/api.w.org\/{rel}","templated":true}]}}