{"id":1110,"date":"2023-04-13T09:59:01","date_gmt":"2023-04-13T09:59:01","guid":{"rendered":"https:\/\/vilniustechsa.lt\/?page_id=1110"},"modified":"2026-03-30T19:10:16","modified_gmt":"2026-03-30T19:10:16","slug":"bendradarbiaukime","status":"publish","type":"page","link":"https:\/\/vilniustechsa.lt\/en\/bendradarbiaukime\/","title":{"rendered":"Let's collaborate"},"content":{"rendered":"<div data-elementor-type=\"wp-page\" data-elementor-id=\"1110\" class=\"elementor elementor-1110\">\n\t\t\t\t\t\t<section class=\"elementor-section elementor-top-section elementor-element elementor-element-77a1c72 elementor-section-boxed elementor-section-height-default elementor-section-height-default\" data-id=\"77a1c72\" data-element_type=\"section\">\n\t\t\t\t\t\t<div class=\"elementor-container elementor-column-gap-default\">\n\t\t\t\t\t<div class=\"elementor-column elementor-col-100 elementor-top-column elementor-element elementor-element-c07fcf8\" data-id=\"c07fcf8\" data-element_type=\"column\">\n\t\t\t<div class=\"elementor-widget-wrap elementor-element-populated\">\n\t\t\t\t\t\t<div class=\"elementor-element elementor-element-83a0272 elementor-widget elementor-widget-text-editor\" data-id=\"83a0272\" data-element_type=\"widget\" data-widget_type=\"text-editor.default\">\n\t\t\t\t<div class=\"elementor-widget-container\">\n\t\t\t\t\t\t\t\t\t<p>The Marketing Committee is responsible for working with a wide range of companies, both long-term and short-term sponsors.<\/p><p>THE SERVICES WE OFFER:<\/p><ul><li>Posters at the university and in the dormitories (possible formats: A1, A2, A3, A4)<\/li><li>Reklaminiai \u012fra\u0161ai &#8222;Facebook&#8221; paskyroje (galima rinktis bendr\u0105 VILNIUS TECH SA paskyr\u0105 arba fakultetines VILNIUS TECH SA F paskyras)<\/li><li>Reklaminiai \u012fra\u0161ai &#8222;Instagram&#8221; paskyroje (galima rinktis bendr\u0105 VILNIUS TECH SA paskyr\u0105 arba fakultetines VILNIUS TECH SA F paskyras)<\/li><li>Promotional panel www.vilniustechsa.lt<\/li><li>Promotional roll-up stand at the university<\/li><li>Live contact with students: stand at events, company merchandise, activities<\/li><li>Company promo stands at university<\/li><li>Your company's lecture at university<\/li><li>Your company logo on the mentors' T-shirts<\/li><li>Advertising on VILNIUS TECH auditorium computer desktops<\/li><\/ul><p>Prices vary depending on the number of services and the time of use.<\/p>\t\t\t\t\t\t\t\t<\/div>\n\t\t\t\t<\/div>\n\t\t\t\t\t<\/div>\n\t\t<\/div>\n\t\t\t\t\t<\/div>\n\t\t<\/section>\n\t\t\t\t<section class=\"elementor-section elementor-top-section elementor-element elementor-element-5f8be5b elementor-section-height-min-height elementor-section-boxed elementor-section-height-default elementor-section-items-middle\" data-id=\"5f8be5b\" data-element_type=\"section\">\n\t\t\t\t\t\t<div class=\"elementor-container elementor-column-gap-default\">\n\t\t\t\t\t<div class=\"elementor-column elementor-col-50 elementor-top-column elementor-element elementor-element-766cc0f\" data-id=\"766cc0f\" data-element_type=\"column\">\n\t\t\t<div class=\"elementor-widget-wrap elementor-element-populated\">\n\t\t\t\t\t\t<div class=\"elementor-element elementor-element-58150b7 elementor-widget elementor-widget-image\" data-id=\"58150b7\" data-element_type=\"widget\" data-widget_type=\"image.default\">\n\t\t\t\t<div class=\"elementor-widget-container\">\n\t\t\t\t\t\t\t\t\t\t\t\t\t\t\t<img fetchpriority=\"high\" decoding=\"async\" width=\"300\" height=\"300\" src=\"https:\/\/vilniustechsa.lt\/wp-content\/uploads\/2023\/04\/cropped-sa-be-teksto-300x300.png\" class=\"attachment-medium size-medium wp-image-2879\" alt=\"\" srcset=\"https:\/\/vilniustechsa.lt\/wp-content\/uploads\/2023\/04\/elementor\/thumbs\/cropped-sa-be-teksto-q53ylatnnxx7vnlvyy5gry8jsb9bhmow2ikus3mg8o.png 300w, https:\/\/vilniustechsa.lt\/wp-content\/uploads\/2023\/04\/cropped-sa-be-teksto-150x150.png 150w, https:\/\/vilniustechsa.lt\/wp-content\/uploads\/2023\/04\/cropped-sa-be-teksto-320x320.png 320w, https:\/\/vilniustechsa.lt\/wp-content\/uploads\/2023\/04\/cropped-sa-be-teksto-480x480.png 480w, https:\/\/vilniustechsa.lt\/wp-content\/uploads\/2023\/04\/cropped-sa-be-teksto.png 512w, https:\/\/vilniustechsa.lt\/wp-content\/uploads\/2023\/04\/cropped-sa-be-teksto-270x270.png 270w, https:\/\/vilniustechsa.lt\/wp-content\/uploads\/2023\/04\/cropped-sa-be-teksto-192x192.png 192w, https:\/\/vilniustechsa.lt\/wp-content\/uploads\/2023\/04\/cropped-sa-be-teksto-180x180.png 180w, https:\/\/vilniustechsa.lt\/wp-content\/uploads\/2023\/04\/cropped-sa-be-teksto-32x32.png 32w\" sizes=\"(max-width: 300px) 100vw, 300px\" \/>\t\t\t\t\t\t\t\t\t\t\t\t\t\t\t<\/div>\n\t\t\t\t<\/div>\n\t\t\t\t\t<\/div>\n\t\t<\/div>\n\t\t\t\t<div class=\"elementor-column elementor-col-50 elementor-top-column elementor-element elementor-element-c8d1d4a\" data-id=\"c8d1d4a\" data-element_type=\"column\">\n\t\t\t<div class=\"elementor-widget-wrap elementor-element-populated\">\n\t\t\t\t\t\t<div class=\"elementor-element elementor-element-87c7d9f elementor-widget elementor-widget-text-editor\" data-id=\"87c7d9f\" data-element_type=\"widget\" data-widget_type=\"text-editor.default\">\n\t\t\t\t<div class=\"elementor-widget-container\">\n\t\t\t\t\t\t\t\t\t<p>D\u0117l paslaug\u0173 \u012fkaini\u0173 ir s\u0105lyg\u0173 teirautis VILNIUS TECH SA Rinkodaros vadovo:<\/p><p>Simas Ti\u0161kevi\u010dius<\/p><p>Email:<\/p><p><a href=\"mailto:rinkodara@vilniustechsa.lt\">rinkodara@vilniustechsa.lt<\/a><\/p><p>tel. nr.: +37060626972<\/p>\t\t\t\t\t\t\t\t<\/div>\n\t\t\t\t<\/div>\n\t\t\t\t\t<\/div>\n\t\t<\/div>\n\t\t\t\t\t<\/div>\n\t\t<\/section>\n\t\t\t\t<section class=\"elementor-section elementor-top-section elementor-element elementor-element-05c26ec elementor-section-boxed elementor-section-height-default elementor-section-height-default\" data-id=\"05c26ec\" data-element_type=\"section\">\n\t\t\t\t\t\t<div class=\"elementor-container elementor-column-gap-default\">\n\t\t\t\t\t<div class=\"elementor-column elementor-col-100 elementor-top-column elementor-element elementor-element-76fe2ea\" data-id=\"76fe2ea\" data-element_type=\"column\">\n\t\t\t<div class=\"elementor-widget-wrap elementor-element-populated\">\n\t\t\t\t\t\t<div class=\"elementor-element elementor-element-f604565 elementor-widget-tablet__width-initial elementor-widget elementor-widget-gallery\" data-id=\"f604565\" data-element_type=\"widget\" data-settings=\"{&quot;columns&quot;:3,&quot;columns_mobile&quot;:2,&quot;gap&quot;:{&quot;unit&quot;:&quot;px&quot;,&quot;size&quot;:4,&quot;sizes&quot;:[]},&quot;gap_mobile&quot;:{&quot;unit&quot;:&quot;px&quot;,&quot;size&quot;:5,&quot;sizes&quot;:[]},&quot;aspect_ratio&quot;:&quot;1:1&quot;,&quot;lazyload&quot;:&quot;yes&quot;,&quot;gallery_layout&quot;:&quot;grid&quot;,&quot;columns_tablet&quot;:2,&quot;gap_tablet&quot;:{&quot;unit&quot;:&quot;px&quot;,&quot;size&quot;:10,&quot;sizes&quot;:[]},&quot;link_to&quot;:&quot;file&quot;,&quot;overlay_background&quot;:&quot;yes&quot;,&quot;content_hover_animation&quot;:&quot;fade-in&quot;}\" data-widget_type=\"gallery.default\">\n\t\t\t\t<div class=\"elementor-widget-container\">\n\t\t\t\t\t\t\t<div class=\"elementor-gallery__container\">\n\t\t\t\t\t\t\t<a class=\"e-gallery-item elementor-gallery-item elementor-animated-content\" href=\"https:\/\/vilniustechsa.lt\/wp-content\/uploads\/2023\/04\/279969875_4922740947774294_2519375854638043648_n.jpg\" data-elementor-open-lightbox=\"yes\" data-elementor-lightbox-slideshow=\"all-f604565\" data-elementor-lightbox-title=\"279969875_4922740947774294_2519375854638043648_n\" data-e-action-hash=\"#elementor-action%3Aaction%3Dlightbox%26settings%3DeyJpZCI6MjMwNSwidXJsIjoiaHR0cHM6XC9cL3ZpbG5pdXN0ZWNoc2EubHRcL3dwLWNvbnRlbnRcL3VwbG9hZHNcLzIwMjNcLzA0XC8yNzk5Njk4NzVfNDkyMjc0MDk0Nzc3NDI5NF8yNTE5Mzc1ODU0NjM4MDQzNjQ4X24uanBnIiwic2xpZGVzaG93IjoiYWxsLWY2MDQ1NjUifQ%3D%3D\">\n\t\t\t\t\t<div class=\"e-gallery-image elementor-gallery-item__image\" data-thumbnail=\"https:\/\/vilniustechsa.lt\/wp-content\/uploads\/2023\/04\/279969875_4922740947774294_2519375854638043648_n.jpg\" data-width=\"2048\" data-height=\"1365\" alt=\"\" ><\/div>\n\t\t\t\t\t\t\t\t\t\t\t<div class=\"elementor-gallery-item__overlay\"><\/div>\n\t\t\t\t\t\t\t\t\t\t\t\t\t\t<\/a>\n\t\t\t\t\t\t\t<a class=\"e-gallery-item elementor-gallery-item elementor-animated-content\" href=\"https:\/\/vilniustechsa.lt\/wp-content\/uploads\/2026\/01\/DSC08805-scaled.jpg\" data-elementor-open-lightbox=\"yes\" data-elementor-lightbox-slideshow=\"all-f604565\" data-elementor-lightbox-title=\"DSC08805\" data-e-action-hash=\"#elementor-action%3Aaction%3Dlightbox%26settings%3DeyJpZCI6MTE1NjUsInVybCI6Imh0dHBzOlwvXC92aWxuaXVzdGVjaHNhLmx0XC93cC1jb250ZW50XC91cGxvYWRzXC8yMDI2XC8wMVwvRFNDMDg4MDUtc2NhbGVkLmpwZyIsInNsaWRlc2hvdyI6ImFsbC1mNjA0NTY1In0%3D\">\n\t\t\t\t\t<div class=\"e-gallery-image elementor-gallery-item__image\" data-thumbnail=\"https:\/\/vilniustechsa.lt\/wp-content\/uploads\/2026\/01\/DSC08805-scaled.jpg\" data-width=\"1707\" data-height=\"2560\" alt=\"\" ><\/div>\n\t\t\t\t\t\t\t\t\t\t\t<div class=\"elementor-gallery-item__overlay\"><\/div>\n\t\t\t\t\t\t\t\t\t\t\t\t\t\t<\/a>\n\t\t\t\t\t\t\t<a class=\"e-gallery-item elementor-gallery-item elementor-animated-content\" href=\"https:\/\/vilniustechsa.lt\/wp-content\/uploads\/2023\/04\/IMG_7900.jpg\" data-elementor-open-lightbox=\"yes\" data-elementor-lightbox-slideshow=\"all-f604565\" data-elementor-lightbox-title=\"IMG_7900\" data-e-action-hash=\"#elementor-action%3Aaction%3Dlightbox%26settings%3DeyJpZCI6MjMyMCwidXJsIjoiaHR0cHM6XC9cL3ZpbG5pdXN0ZWNoc2EubHRcL3dwLWNvbnRlbnRcL3VwbG9hZHNcLzIwMjNcLzA0XC9JTUdfNzkwMC5qcGciLCJzbGlkZXNob3ciOiJhbGwtZjYwNDU2NSJ9\">\n\t\t\t\t\t<div class=\"e-gallery-image elementor-gallery-item__image\" data-thumbnail=\"https:\/\/vilniustechsa.lt\/wp-content\/uploads\/2023\/04\/IMG_7900.jpg\" data-width=\"1365\" data-height=\"2048\" alt=\"\" ><\/div>\n\t\t\t\t\t\t\t\t\t\t\t<div class=\"elementor-gallery-item__overlay\"><\/div>\n\t\t\t\t\t\t\t\t\t\t\t\t\t\t<\/a>\n\t\t\t\t\t\t\t<a class=\"e-gallery-item elementor-gallery-item elementor-animated-content\" href=\"https:\/\/vilniustechsa.lt\/wp-content\/uploads\/2023\/04\/image00002.jpeg\" data-elementor-open-lightbox=\"yes\" data-elementor-lightbox-slideshow=\"all-f604565\" data-elementor-lightbox-title=\"image00002\" data-e-action-hash=\"#elementor-action%3Aaction%3Dlightbox%26settings%3DeyJpZCI6MjMxMCwidXJsIjoiaHR0cHM6XC9cL3ZpbG5pdXN0ZWNoc2EubHRcL3dwLWNvbnRlbnRcL3VwbG9hZHNcLzIwMjNcLzA0XC9pbWFnZTAwMDAyLmpwZWciLCJzbGlkZXNob3ciOiJhbGwtZjYwNDU2NSJ9\">\n\t\t\t\t\t<div class=\"e-gallery-image elementor-gallery-item__image\" data-thumbnail=\"https:\/\/vilniustechsa.lt\/wp-content\/uploads\/2023\/04\/image00002.jpeg\" data-width=\"1080\" data-height=\"1620\" alt=\"\" ><\/div>\n\t\t\t\t\t\t\t\t\t\t\t<div class=\"elementor-gallery-item__overlay\"><\/div>\n\t\t\t\t\t\t\t\t\t\t\t\t\t\t<\/a>\n\t\t\t\t\t\t\t<a class=\"e-gallery-item elementor-gallery-item elementor-animated-content\" href=\"https:\/\/vilniustechsa.lt\/wp-content\/uploads\/2023\/04\/341216475_770328898092028_1197128327412847391_n.jpg\" data-elementor-open-lightbox=\"yes\" data-elementor-lightbox-slideshow=\"all-f604565\" data-elementor-lightbox-title=\"341216475_770328898092028_1197128327412847391_n\" data-e-action-hash=\"#elementor-action%3Aaction%3Dlightbox%26settings%3DeyJpZCI6MjMwNiwidXJsIjoiaHR0cHM6XC9cL3ZpbG5pdXN0ZWNoc2EubHRcL3dwLWNvbnRlbnRcL3VwbG9hZHNcLzIwMjNcLzA0XC8zNDEyMTY0NzVfNzcwMzI4ODk4MDkyMDI4XzExOTcxMjgzMjc0MTI4NDczOTFfbi5qcGciLCJzbGlkZXNob3ciOiJhbGwtZjYwNDU2NSJ9\">\n\t\t\t\t\t<div class=\"e-gallery-image elementor-gallery-item__image\" data-thumbnail=\"https:\/\/vilniustechsa.lt\/wp-content\/uploads\/2023\/04\/341216475_770328898092028_1197128327412847391_n.jpg\" data-width=\"2048\" data-height=\"1365\" alt=\"\" ><\/div>\n\t\t\t\t\t\t\t\t\t\t\t<div class=\"elementor-gallery-item__overlay\"><\/div>\n\t\t\t\t\t\t\t\t\t\t\t\t\t\t<\/a>\n\t\t\t\t\t\t\t<a class=\"e-gallery-item elementor-gallery-item elementor-animated-content\" href=\"https:\/\/vilniustechsa.lt\/wp-content\/uploads\/2023\/04\/280113460_4922741111107611_6239756216298760525_n.jpg\" data-elementor-open-lightbox=\"yes\" data-elementor-lightbox-slideshow=\"all-f604565\" data-elementor-lightbox-title=\"280113460_4922741111107611_6239756216298760525_n\" data-e-action-hash=\"#elementor-action%3Aaction%3Dlightbox%26settings%3DeyJpZCI6MjMwNCwidXJsIjoiaHR0cHM6XC9cL3ZpbG5pdXN0ZWNoc2EubHRcL3dwLWNvbnRlbnRcL3VwbG9hZHNcLzIwMjNcLzA0XC8yODAxMTM0NjBfNDkyMjc0MTExMTEwNzYxMV82MjM5NzU2MjE2Mjk4NzYwNTI1X24uanBnIiwic2xpZGVzaG93IjoiYWxsLWY2MDQ1NjUifQ%3D%3D\">\n\t\t\t\t\t<div class=\"e-gallery-image elementor-gallery-item__image\" data-thumbnail=\"https:\/\/vilniustechsa.lt\/wp-content\/uploads\/2023\/04\/280113460_4922741111107611_6239756216298760525_n.jpg\" data-width=\"2048\" data-height=\"1365\" alt=\"\" ><\/div>\n\t\t\t\t\t\t\t\t\t\t\t<div class=\"elementor-gallery-item__overlay\"><\/div>\n\t\t\t\t\t\t\t\t\t\t\t\t\t\t<\/a>\n\t\t\t\t\t\t\t<a class=\"e-gallery-item elementor-gallery-item elementor-animated-content\" href=\"https:\/\/vilniustechsa.lt\/wp-content\/uploads\/2023\/04\/280075284_4922742711107451_3134515116068744499_n-e1681570377635.jpg\" data-elementor-open-lightbox=\"yes\" data-elementor-lightbox-slideshow=\"all-f604565\" data-elementor-lightbox-title=\"280075284_4922742711107451_3134515116068744499_n\" data-e-action-hash=\"#elementor-action%3Aaction%3Dlightbox%26settings%3DeyJpZCI6MjMwMiwidXJsIjoiaHR0cHM6XC9cL3ZpbG5pdXN0ZWNoc2EubHRcL3dwLWNvbnRlbnRcL3VwbG9hZHNcLzIwMjNcLzA0XC8yODAwNzUyODRfNDkyMjc0MjcxMTEwNzQ1MV8zMTM0NTE1MTE2MDY4NzQ0NDk5X24tZTE2ODE1NzAzNzc2MzUuanBnIiwic2xpZGVzaG93IjoiYWxsLWY2MDQ1NjUifQ%3D%3D\">\n\t\t\t\t\t<div class=\"e-gallery-image elementor-gallery-item__image\" data-thumbnail=\"https:\/\/vilniustechsa.lt\/wp-content\/uploads\/2023\/04\/280075284_4922742711107451_3134515116068744499_n-e1681570377635.jpg\" data-width=\"1536\" data-height=\"1536\" alt=\"\" ><\/div>\n\t\t\t\t\t\t\t\t\t\t\t<div class=\"elementor-gallery-item__overlay\"><\/div>\n\t\t\t\t\t\t\t\t\t\t\t\t\t\t<\/a>\n\t\t\t\t\t\t\t<a class=\"e-gallery-item elementor-gallery-item elementor-animated-content\" href=\"https:\/\/vilniustechsa.lt\/wp-content\/uploads\/2023\/04\/IMG_7813.jpg\" data-elementor-open-lightbox=\"yes\" data-elementor-lightbox-slideshow=\"all-f604565\" data-elementor-lightbox-title=\"IMG_7813\" data-e-action-hash=\"#elementor-action%3Aaction%3Dlightbox%26settings%3DeyJpZCI6MjMxNSwidXJsIjoiaHR0cHM6XC9cL3ZpbG5pdXN0ZWNoc2EubHRcL3dwLWNvbnRlbnRcL3VwbG9hZHNcLzIwMjNcLzA0XC9JTUdfNzgxMy5qcGciLCJzbGlkZXNob3ciOiJhbGwtZjYwNDU2NSJ9\">\n\t\t\t\t\t<div class=\"e-gallery-image elementor-gallery-item__image\" data-thumbnail=\"https:\/\/vilniustechsa.lt\/wp-content\/uploads\/2023\/04\/IMG_7813.jpg\" data-width=\"1365\" data-height=\"2048\" alt=\"\" ><\/div>\n\t\t\t\t\t\t\t\t\t\t\t<div class=\"elementor-gallery-item__overlay\"><\/div>\n\t\t\t\t\t\t\t\t\t\t\t\t\t\t<\/a>\n\t\t\t\t\t\t\t<a class=\"e-gallery-item elementor-gallery-item elementor-animated-content\" href=\"https:\/\/vilniustechsa.lt\/wp-content\/uploads\/2023\/04\/340827767_527401966250550_8364033053204766426_n.jpg\" data-elementor-open-lightbox=\"yes\" data-elementor-lightbox-slideshow=\"all-f604565\" data-elementor-lightbox-title=\"340827767_527401966250550_8364033053204766426_n\" data-e-action-hash=\"#elementor-action%3Aaction%3Dlightbox%26settings%3DeyJpZCI6MjMwOCwidXJsIjoiaHR0cHM6XC9cL3ZpbG5pdXN0ZWNoc2EubHRcL3dwLWNvbnRlbnRcL3VwbG9hZHNcLzIwMjNcLzA0XC8zNDA4Mjc3NjdfNTI3NDAxOTY2MjUwNTUwXzgzNjQwMzMwNTMyMDQ3NjY0MjZfbi5qcGciLCJzbGlkZXNob3ciOiJhbGwtZjYwNDU2NSJ9\">\n\t\t\t\t\t<div class=\"e-gallery-image elementor-gallery-item__image\" data-thumbnail=\"https:\/\/vilniustechsa.lt\/wp-content\/uploads\/2023\/04\/340827767_527401966250550_8364033053204766426_n.jpg\" data-width=\"1365\" data-height=\"2048\" alt=\"\" ><\/div>\n\t\t\t\t\t\t\t\t\t\t\t<div class=\"elementor-gallery-item__overlay\"><\/div>\n\t\t\t\t\t\t\t\t\t\t\t\t\t\t<\/a>\n\t\t\t\t\t\t\t<a class=\"e-gallery-item elementor-gallery-item elementor-animated-content\" href=\"https:\/\/vilniustechsa.lt\/wp-content\/uploads\/2023\/04\/IMG_7870.jpg\" data-elementor-open-lightbox=\"yes\" data-elementor-lightbox-slideshow=\"all-f604565\" data-elementor-lightbox-title=\"IMG_7870\" data-e-action-hash=\"#elementor-action%3Aaction%3Dlightbox%26settings%3DeyJpZCI6MjMxOCwidXJsIjoiaHR0cHM6XC9cL3ZpbG5pdXN0ZWNoc2EubHRcL3dwLWNvbnRlbnRcL3VwbG9hZHNcLzIwMjNcLzA0XC9JTUdfNzg3MC5qcGciLCJzbGlkZXNob3ciOiJhbGwtZjYwNDU2NSJ9\">\n\t\t\t\t\t<div class=\"e-gallery-image elementor-gallery-item__image\" data-thumbnail=\"https:\/\/vilniustechsa.lt\/wp-content\/uploads\/2023\/04\/IMG_7870.jpg\" data-width=\"1365\" data-height=\"2048\" alt=\"\" ><\/div>\n\t\t\t\t\t\t\t\t\t\t\t<div class=\"elementor-gallery-item__overlay\"><\/div>\n\t\t\t\t\t\t\t\t\t\t\t\t\t\t<\/a>\n\t\t\t\t\t\t\t<a class=\"e-gallery-item elementor-gallery-item elementor-animated-content\" href=\"https:\/\/vilniustechsa.lt\/wp-content\/uploads\/2023\/04\/279973315_4922741724440883_3832786584351825871_n.jpg\" data-elementor-open-lightbox=\"yes\" data-elementor-lightbox-slideshow=\"all-f604565\" data-elementor-lightbox-title=\"279973315_4922741724440883_3832786584351825871_n\" data-e-action-hash=\"#elementor-action%3Aaction%3Dlightbox%26settings%3DeyJpZCI6MjMwMywidXJsIjoiaHR0cHM6XC9cL3ZpbG5pdXN0ZWNoc2EubHRcL3dwLWNvbnRlbnRcL3VwbG9hZHNcLzIwMjNcLzA0XC8yNzk5NzMzMTVfNDkyMjc0MTcyNDQ0MDg4M18zODMyNzg2NTg0MzUxODI1ODcxX24uanBnIiwic2xpZGVzaG93IjoiYWxsLWY2MDQ1NjUifQ%3D%3D\">\n\t\t\t\t\t<div class=\"e-gallery-image elementor-gallery-item__image\" data-thumbnail=\"https:\/\/vilniustechsa.lt\/wp-content\/uploads\/2023\/04\/279973315_4922741724440883_3832786584351825871_n.jpg\" data-width=\"2048\" data-height=\"1365\" alt=\"\" ><\/div>\n\t\t\t\t\t\t\t\t\t\t\t<div class=\"elementor-gallery-item__overlay\"><\/div>\n\t\t\t\t\t\t\t\t\t\t\t\t\t\t<\/a>\n\t\t\t\t\t<\/div>\n\t\t\t\t\t<\/div>\n\t\t\t\t<\/div>\n\t\t\t\t\t<\/div>\n\t\t<\/div>\n\t\t\t\t\t<\/div>\n\t\t<\/section>\n\t\t\t\t<\/div>","protected":false},"excerpt":{"rendered":"<p>Rinkodaros komitetas atsakingas u\u017e bendradarbiavim\u0105 su \u012fvairiomis \u012fmon\u0117mis &#8211; ilgalaikiais bei trumpalaikiais rem\u0117jais. M\u016aS\u0172 SI\u016aLOMOS PASLAUGOS: Plakatai universitete ir bendrabu\u010diuose (galimi formatai: A1, A2, A3, A4) Reklaminiai \u012fra\u0161ai &#8222;Facebook&#8221; paskyroje (galima rinktis bendr\u0105 VILNIUS TECH SA paskyr\u0105 arba fakultetines VILNIUS TECH SA F paskyras) Reklaminiai \u012fra\u0161ai &#8222;Instagram&#8221; paskyroje (galima rinktis bendr\u0105 VILNIUS TECH SA paskyr\u0105&hellip;<\/p>","protected":false},"author":2,"featured_media":0,"parent":0,"menu_order":0,"comment_status":"closed","ping_status":"closed","template":"","meta":{"footnotes":""},"class_list":["post-1110","page","type-page","status-publish","hentry"],"_links":{"self":[{"href":"https:\/\/vilniustechsa.lt\/en\/wp-json\/wp\/v2\/pages\/1110","targetHints":{"allow":["GET"]}}],"collection":[{"href":"https:\/\/vilniustechsa.lt\/en\/wp-json\/wp\/v2\/pages"}],"about":[{"href":"https:\/\/vilniustechsa.lt\/en\/wp-json\/wp\/v2\/types\/page"}],"author":[{"embeddable":true,"href":"https:\/\/vilniustechsa.lt\/en\/wp-json\/wp\/v2\/users\/2"}],"replies":[{"embeddable":true,"href":"https:\/\/vilniustechsa.lt\/en\/wp-json\/wp\/v2\/comments?post=1110"}],"version-history":[{"count":28,"href":"https:\/\/vilniustechsa.lt\/en\/wp-json\/wp\/v2\/pages\/1110\/revisions"}],"predecessor-version":[{"id":12327,"href":"https:\/\/vilniustechsa.lt\/en\/wp-json\/wp\/v2\/pages\/1110\/revisions\/12327"}],"wp:attachment":[{"href":"https:\/\/vilniustechsa.lt\/en\/wp-json\/wp\/v2\/media?parent=1110"}],"curies":[{"name":"wp","href":"https:\/\/api.w.org\/{rel}","templated":true}]}}