{"id":11569,"date":"2026-01-25T12:22:51","date_gmt":"2026-01-25T12:22:51","guid":{"rendered":"https:\/\/vilniustechsa.lt\/?page_id=11569"},"modified":"2026-04-02T09:06:37","modified_gmt":"2026-04-02T09:06:37","slug":"lja-kontaktai","status":"publish","type":"page","link":"https:\/\/vilniustechsa.lt\/en\/lja-kontaktai\/","title":{"rendered":"LJA Kontaktai"},"content":{"rendered":"<div data-elementor-type=\"wp-page\" data-elementor-id=\"11569\" class=\"elementor elementor-11569\">\n\t\t\t\t\t\t<section class=\"elementor-section elementor-top-section elementor-element elementor-element-27e93a64 elementor-section-boxed elementor-section-height-default elementor-section-height-default\" data-id=\"27e93a64\" data-element_type=\"section\">\n\t\t\t\t\t\t<div class=\"elementor-container elementor-column-gap-default\">\n\t\t\t\t\t<div class=\"elementor-column elementor-col-50 elementor-top-column elementor-element elementor-element-574ef1c8\" data-id=\"574ef1c8\" data-element_type=\"column\">\n\t\t\t<div class=\"elementor-widget-wrap elementor-element-populated\">\n\t\t\t\t\t\t<div class=\"elementor-element elementor-element-65af5b68 elementor-widget elementor-widget-image\" data-id=\"65af5b68\" data-element_type=\"widget\" data-widget_type=\"image.default\">\n\t\t\t\t<div class=\"elementor-widget-container\">\n\t\t\t\t\t\t\t\t\t\t\t\t\t\t\t<img fetchpriority=\"high\" decoding=\"async\" width=\"300\" height=\"279\" src=\"https:\/\/vilniustechsa.lt\/wp-content\/uploads\/2024\/11\/BLUE_SA-1-300x279.png\" class=\"attachment-medium size-medium wp-image-9301\" alt=\"\" srcset=\"https:\/\/vilniustechsa.lt\/wp-content\/uploads\/2024\/11\/BLUE_SA-1-300x279.png 300w, https:\/\/vilniustechsa.lt\/wp-content\/uploads\/2024\/11\/BLUE_SA-1-1024x951.png 1024w, https:\/\/vilniustechsa.lt\/wp-content\/uploads\/2024\/11\/BLUE_SA-1-150x139.png 150w, https:\/\/vilniustechsa.lt\/wp-content\/uploads\/2024\/11\/BLUE_SA-1-768x714.png 768w, https:\/\/vilniustechsa.lt\/wp-content\/uploads\/2024\/11\/BLUE_SA-1-13x12.png 13w, https:\/\/vilniustechsa.lt\/wp-content\/uploads\/2024\/11\/BLUE_SA-1.png 1198w\" sizes=\"(max-width: 300px) 100vw, 300px\" \/>\t\t\t\t\t\t\t\t\t\t\t\t\t\t\t<\/div>\n\t\t\t\t<\/div>\n\t\t\t\t<div class=\"elementor-element elementor-element-6b35d7e8 elementor-widget elementor-widget-heading\" data-id=\"6b35d7e8\" data-element_type=\"widget\" data-widget_type=\"heading.default\">\n\t\t\t\t<div class=\"elementor-widget-container\">\n\t\t\t\t\t<h2 class=\"elementor-heading-title elementor-size-large\"><br>BANDHAN UDESHI<\/h2>\t\t\t\t<\/div>\n\t\t\t\t<\/div>\n\t\t\t\t<div class=\"elementor-element elementor-element-1cf8ad4c elementor-widget elementor-widget-heading\" data-id=\"1cf8ad4c\" data-element_type=\"widget\" data-widget_type=\"heading.default\">\n\t\t\t\t<div class=\"elementor-widget-container\">\n\t\t\t\t\t<h3 class=\"elementor-heading-title elementor-size-default\">Chairman<\/h3>\t\t\t\t<\/div>\n\t\t\t\t<\/div>\n\t\t\t\t<div class=\"elementor-element elementor-element-69b4bb20 elementor-widget elementor-widget-text-editor\" data-id=\"69b4bb20\" data-element_type=\"widget\" data-widget_type=\"text-editor.default\">\n\t\t\t\t<div class=\"elementor-widget-container\">\n\t\t\t\t\t\t\t\t\t<p>Email: <a href=\"mailto:pirmininkas@af.vilniustechsa.lt\">pirmininkas@lja.vilniustechsa.lt<\/a><\/p><p>Tel.nr.: +37062821228<\/p>\t\t\t\t\t\t\t\t<\/div>\n\t\t\t\t<\/div>\n\t\t\t\t\t<\/div>\n\t\t<\/div>\n\t\t\t\t<div class=\"elementor-column elementor-col-50 elementor-top-column elementor-element elementor-element-24caff4f\" data-id=\"24caff4f\" data-element_type=\"column\">\n\t\t\t<div class=\"elementor-widget-wrap elementor-element-populated\">\n\t\t\t\t\t\t<div class=\"elementor-element elementor-element-96654e2 elementor-widget elementor-widget-image\" data-id=\"96654e2\" data-element_type=\"widget\" data-widget_type=\"image.default\">\n\t\t\t\t<div class=\"elementor-widget-container\">\n\t\t\t\t\t\t\t\t\t\t\t\t\t\t\t<img fetchpriority=\"high\" decoding=\"async\" width=\"300\" height=\"279\" src=\"https:\/\/vilniustechsa.lt\/wp-content\/uploads\/2024\/11\/BLUE_SA-1-300x279.png\" class=\"attachment-medium size-medium wp-image-9301\" alt=\"\" srcset=\"https:\/\/vilniustechsa.lt\/wp-content\/uploads\/2024\/11\/BLUE_SA-1-300x279.png 300w, https:\/\/vilniustechsa.lt\/wp-content\/uploads\/2024\/11\/BLUE_SA-1-1024x951.png 1024w, https:\/\/vilniustechsa.lt\/wp-content\/uploads\/2024\/11\/BLUE_SA-1-150x139.png 150w, https:\/\/vilniustechsa.lt\/wp-content\/uploads\/2024\/11\/BLUE_SA-1-768x714.png 768w, https:\/\/vilniustechsa.lt\/wp-content\/uploads\/2024\/11\/BLUE_SA-1-13x12.png 13w, https:\/\/vilniustechsa.lt\/wp-content\/uploads\/2024\/11\/BLUE_SA-1.png 1198w\" sizes=\"(max-width: 300px) 100vw, 300px\" \/>\t\t\t\t\t\t\t\t\t\t\t\t\t\t\t<\/div>\n\t\t\t\t<\/div>\n\t\t\t\t<div class=\"elementor-element elementor-element-9417d25 elementor-widget elementor-widget-heading\" data-id=\"9417d25\" data-element_type=\"widget\" data-widget_type=\"heading.default\">\n\t\t\t\t<div class=\"elementor-widget-container\">\n\t\t\t\t\t<h3 class=\"elementor-heading-title elementor-size-default\">Vice-Chairman<\/h3>\t\t\t\t<\/div>\n\t\t\t\t<\/div>\n\t\t\t\t<div class=\"elementor-element elementor-element-5a079ccf elementor-widget elementor-widget-text-editor\" data-id=\"5a079ccf\" data-element_type=\"widget\" data-widget_type=\"text-editor.default\">\n\t\t\t\t<div class=\"elementor-widget-container\">\n\t\t\t\t\t\t\t\t\t<p>Email: \u00a0<a href=\"mailto:vice@af.vilniustechsa.lt\">vice@lja.vilniustechsa.lt<\/a><\/p>\t\t\t\t\t\t\t\t<\/div>\n\t\t\t\t<\/div>\n\t\t\t\t\t<\/div>\n\t\t<\/div>\n\t\t\t\t\t<\/div>\n\t\t<\/section>\n\t\t\t\t<section class=\"elementor-section elementor-top-section elementor-element elementor-element-542be621 elementor-section-boxed elementor-section-height-default elementor-section-height-default\" data-id=\"542be621\" data-element_type=\"section\">\n\t\t\t\t\t\t<div class=\"elementor-container elementor-column-gap-default\">\n\t\t\t\t\t<div class=\"elementor-column elementor-col-100 elementor-top-column elementor-element elementor-element-5189723d\" data-id=\"5189723d\" data-element_type=\"column\">\n\t\t\t<div class=\"elementor-widget-wrap elementor-element-populated\">\n\t\t\t\t\t\t<div class=\"elementor-element elementor-element-6bcb5726 elementor-shape-circle e-grid-align-tablet-center e-grid-align-mobile-center elementor-grid-0 e-grid-align-center elementor-widget elementor-widget-social-icons\" data-id=\"6bcb5726\" data-element_type=\"widget\" data-widget_type=\"social-icons.default\">\n\t\t\t\t<div class=\"elementor-widget-container\">\n\t\t\t\t\t\t\t<div class=\"elementor-social-icons-wrapper elementor-grid\" role=\"list\">\n\t\t\t\t\t\t\t<span class=\"elementor-grid-item\" role=\"listitem\">\n\t\t\t\t\t<a class=\"elementor-icon elementor-social-icon elementor-social-icon-facebook elementor-repeater-item-4f91557\" href=\"https:\/\/www.facebook.com\/VILNIUSTECHSAAF\" target=\"_blank\">\n\t\t\t\t\t\t<span class=\"elementor-screen-only\">Facebook<\/span>\n\t\t\t\t\t\t<i aria-hidden=\"true\" class=\"fab fa-facebook\"><\/i>\t\t\t\t\t<\/a>\n\t\t\t\t<\/span>\n\t\t\t\t\t\t\t<span class=\"elementor-grid-item\" role=\"listitem\">\n\t\t\t\t\t<a class=\"elementor-icon elementor-social-icon elementor-social-icon-instagram elementor-repeater-item-c2c86e0\" href=\"https:\/\/www.instagram.com\/vilniustech_sa_af\/\" target=\"_blank\">\n\t\t\t\t\t\t<span class=\"elementor-screen-only\">Instagram<\/span>\n\t\t\t\t\t\t<i aria-hidden=\"true\" class=\"fab fa-instagram\"><\/i>\t\t\t\t\t<\/a>\n\t\t\t\t<\/span>\n\t\t\t\t\t<\/div>\n\t\t\t\t\t\t<\/div>\n\t\t\t\t<\/div>\n\t\t\t\t\t<\/div>\n\t\t<\/div>\n\t\t\t\t\t<\/div>\n\t\t<\/section>\n\t\t\t\t<\/div>","protected":false},"excerpt":{"rendered":"<p>BANDHAN UDESHI Pirmininkas El.pa\u0161tas: pirmininkas@lja.vilniustechsa.lt Tel.nr.: +37062821228 Vicepirmininkas El.pa\u0161tas: \u00a0vice@lja.vilniustechsa.lt Facebook Instagram<\/p>","protected":false},"author":2,"featured_media":0,"parent":0,"menu_order":0,"comment_status":"closed","ping_status":"closed","template":"","meta":{"footnotes":""},"class_list":["post-11569","page","type-page","status-publish","hentry"],"yoast_head":"<!-- This site is optimized with the Yoast SEO plugin v27.5 - https:\/\/yoast.com\/product\/yoast-seo-wordpress\/ -->\n<title>LJA Kontaktai - VILNIUS TECH SA<\/title>\n<meta name=\"robots\" content=\"index, follow, max-snippet:-1, max-image-preview:large, max-video-preview:-1\" \/>\n<link rel=\"canonical\" href=\"https:\/\/vilniustechsa.lt\/en\/lja-kontaktai\/\" \/>\n<meta property=\"og:locale\" content=\"en_US\" \/>\n<meta property=\"og:type\" content=\"article\" \/>\n<meta property=\"og:title\" content=\"LJA Kontaktai - VILNIUS TECH SA\" \/>\n<meta property=\"og:description\" content=\"BANDHAN UDESHI Pirmininkas El.pa\u0161tas: pirmininkas@lja.vilniustechsa.lt Tel.nr.: +37062821228 Vicepirmininkas El.pa\u0161tas: \u00a0vice@lja.vilniustechsa.lt Facebook Instagram\" \/>\n<meta property=\"og:url\" content=\"https:\/\/vilniustechsa.lt\/en\/lja-kontaktai\/\" \/>\n<meta property=\"og:site_name\" content=\"VILNIUS TECH SA\" \/>\n<meta property=\"article:publisher\" content=\"https:\/\/www.facebook.com\/VGTUSA\/\" \/>\n<meta property=\"article:modified_time\" content=\"2026-04-02T09:06:37+00:00\" \/>\n<meta property=\"og:image\" content=\"https:\/\/vilniustechsa.lt\/wp-content\/uploads\/2024\/11\/BLUE_SA-1.png\" \/>\n\t<meta property=\"og:image:width\" content=\"1198\" \/>\n\t<meta property=\"og:image:height\" content=\"1113\" \/>\n\t<meta property=\"og:image:type\" content=\"image\/png\" \/>\n<meta name=\"twitter:card\" content=\"summary_large_image\" \/>\n<meta name=\"twitter:label1\" content=\"Est. reading time\" \/>\n\t<meta name=\"twitter:data1\" content=\"1 minute\" \/>\n<script type=\"application\/ld+json\" class=\"yoast-schema-graph\">{\"@context\":\"https:\\\/\\\/schema.org\",\"@graph\":[{\"@type\":\"WebPage\",\"@id\":\"https:\\\/\\\/vilniustechsa.lt\\\/lja-kontaktai\\\/\",\"url\":\"https:\\\/\\\/vilniustechsa.lt\\\/lja-kontaktai\\\/\",\"name\":\"LJA Kontaktai - VILNIUS TECH SA\",\"isPartOf\":{\"@id\":\"https:\\\/\\\/vilniustechsa.lt\\\/#website\"},\"primaryImageOfPage\":{\"@id\":\"https:\\\/\\\/vilniustechsa.lt\\\/lja-kontaktai\\\/#primaryimage\"},\"image\":{\"@id\":\"https:\\\/\\\/vilniustechsa.lt\\\/lja-kontaktai\\\/#primaryimage\"},\"thumbnailUrl\":\"https:\\\/\\\/vilniustechsa.lt\\\/wp-content\\\/uploads\\\/2024\\\/11\\\/BLUE_SA-1-300x279.png\",\"datePublished\":\"2026-01-25T12:22:51+00:00\",\"dateModified\":\"2026-04-02T09:06:37+00:00\",\"inLanguage\":\"en-US\",\"potentialAction\":[{\"@type\":\"ReadAction\",\"target\":[\"https:\\\/\\\/vilniustechsa.lt\\\/lja-kontaktai\\\/\"]}]},{\"@type\":\"ImageObject\",\"inLanguage\":\"en-US\",\"@id\":\"https:\\\/\\\/vilniustechsa.lt\\\/lja-kontaktai\\\/#primaryimage\",\"url\":\"https:\\\/\\\/vilniustechsa.lt\\\/wp-content\\\/uploads\\\/2024\\\/11\\\/BLUE_SA-1-300x279.png\",\"contentUrl\":\"https:\\\/\\\/vilniustechsa.lt\\\/wp-content\\\/uploads\\\/2024\\\/11\\\/BLUE_SA-1-300x279.png\"},{\"@type\":\"WebSite\",\"@id\":\"https:\\\/\\\/vilniustechsa.lt\\\/#website\",\"url\":\"https:\\\/\\\/vilniustechsa.lt\\\/\",\"name\":\"VILNIUS TECH SA\",\"description\":\"U\u017e studenti\u0161k\u0105 rytoj\u0173!\",\"publisher\":{\"@id\":\"https:\\\/\\\/vilniustechsa.lt\\\/#organization\"},\"potentialAction\":[{\"@type\":\"SearchAction\",\"target\":{\"@type\":\"EntryPoint\",\"urlTemplate\":\"https:\\\/\\\/vilniustechsa.lt\\\/?s={search_term_string}\"},\"query-input\":{\"@type\":\"PropertyValueSpecification\",\"valueRequired\":true,\"valueName\":\"search_term_string\"}}],\"inLanguage\":\"en-US\"},{\"@type\":\"Organization\",\"@id\":\"https:\\\/\\\/vilniustechsa.lt\\\/#organization\",\"name\":\"VILNIUS TECH SA\",\"url\":\"https:\\\/\\\/vilniustechsa.lt\\\/\",\"logo\":{\"@type\":\"ImageObject\",\"inLanguage\":\"en-US\",\"@id\":\"https:\\\/\\\/vilniustechsa.lt\\\/#\\\/schema\\\/logo\\\/image\\\/\",\"url\":\"https:\\\/\\\/vilniustechsa.lt\\\/wp-content\\\/uploads\\\/2023\\\/04\\\/sa-be-teksto.png\",\"contentUrl\":\"https:\\\/\\\/vilniustechsa.lt\\\/wp-content\\\/uploads\\\/2023\\\/04\\\/sa-be-teksto.png\",\"width\":792,\"height\":792,\"caption\":\"VILNIUS TECH SA\"},\"image\":{\"@id\":\"https:\\\/\\\/vilniustechsa.lt\\\/#\\\/schema\\\/logo\\\/image\\\/\"},\"sameAs\":[\"https:\\\/\\\/www.facebook.com\\\/VGTUSA\\\/\",\"https:\\\/\\\/www.instagram.com\\\/vgtu_sa\\\/\"]}]}<\/script>\n<!-- \/ Yoast SEO plugin. -->","yoast_head_json":{"title":"LJA Kontaktai - VILNIUS TECH SA","robots":{"index":"index","follow":"follow","max-snippet":"max-snippet:-1","max-image-preview":"max-image-preview:large","max-video-preview":"max-video-preview:-1"},"canonical":"https:\/\/vilniustechsa.lt\/en\/lja-kontaktai\/","og_locale":"en_US","og_type":"article","og_title":"LJA Kontaktai - VILNIUS TECH SA","og_description":"BANDHAN UDESHI Pirmininkas El.pa\u0161tas: pirmininkas@lja.vilniustechsa.lt Tel.nr.: +37062821228 Vicepirmininkas El.pa\u0161tas: \u00a0vice@lja.vilniustechsa.lt Facebook Instagram","og_url":"https:\/\/vilniustechsa.lt\/en\/lja-kontaktai\/","og_site_name":"VILNIUS TECH SA","article_publisher":"https:\/\/www.facebook.com\/VGTUSA\/","article_modified_time":"2026-04-02T09:06:37+00:00","og_image":[{"width":1198,"height":1113,"url":"https:\/\/vilniustechsa.lt\/wp-content\/uploads\/2024\/11\/BLUE_SA-1.png","type":"image\/png"}],"twitter_card":"summary_large_image","twitter_misc":{"Est. reading time":"1 minute"},"schema":{"@context":"https:\/\/schema.org","@graph":[{"@type":"WebPage","@id":"https:\/\/vilniustechsa.lt\/lja-kontaktai\/","url":"https:\/\/vilniustechsa.lt\/lja-kontaktai\/","name":"LJA Kontaktai - VILNIUS TECH SA","isPartOf":{"@id":"https:\/\/vilniustechsa.lt\/#website"},"primaryImageOfPage":{"@id":"https:\/\/vilniustechsa.lt\/lja-kontaktai\/#primaryimage"},"image":{"@id":"https:\/\/vilniustechsa.lt\/lja-kontaktai\/#primaryimage"},"thumbnailUrl":"https:\/\/vilniustechsa.lt\/wp-content\/uploads\/2024\/11\/BLUE_SA-1-300x279.png","datePublished":"2026-01-25T12:22:51+00:00","dateModified":"2026-04-02T09:06:37+00:00","inLanguage":"en-US","potentialAction":[{"@type":"ReadAction","target":["https:\/\/vilniustechsa.lt\/lja-kontaktai\/"]}]},{"@type":"ImageObject","inLanguage":"en-US","@id":"https:\/\/vilniustechsa.lt\/lja-kontaktai\/#primaryimage","url":"https:\/\/vilniustechsa.lt\/wp-content\/uploads\/2024\/11\/BLUE_SA-1-300x279.png","contentUrl":"https:\/\/vilniustechsa.lt\/wp-content\/uploads\/2024\/11\/BLUE_SA-1-300x279.png"},{"@type":"WebSite","@id":"https:\/\/vilniustechsa.lt\/#website","url":"https:\/\/vilniustechsa.lt\/","name":"VILNIUS TECH SA","description":"For students of tomorrow!","publisher":{"@id":"https:\/\/vilniustechsa.lt\/#organization"},"potentialAction":[{"@type":"SearchAction","target":{"@type":"EntryPoint","urlTemplate":"https:\/\/vilniustechsa.lt\/?s={search_term_string}"},"query-input":{"@type":"PropertyValueSpecification","valueRequired":true,"valueName":"search_term_string"}}],"inLanguage":"en-US"},{"@type":"Organization","@id":"https:\/\/vilniustechsa.lt\/#organization","name":"VILNIUS TECH SA","url":"https:\/\/vilniustechsa.lt\/","logo":{"@type":"ImageObject","inLanguage":"en-US","@id":"https:\/\/vilniustechsa.lt\/#\/schema\/logo\/image\/","url":"https:\/\/vilniustechsa.lt\/wp-content\/uploads\/2023\/04\/sa-be-teksto.png","contentUrl":"https:\/\/vilniustechsa.lt\/wp-content\/uploads\/2023\/04\/sa-be-teksto.png","width":792,"height":792,"caption":"VILNIUS TECH SA"},"image":{"@id":"https:\/\/vilniustechsa.lt\/#\/schema\/logo\/image\/"},"sameAs":["https:\/\/www.facebook.com\/VGTUSA\/","https:\/\/www.instagram.com\/vgtu_sa\/"]}]}},"_links":{"self":[{"href":"https:\/\/vilniustechsa.lt\/en\/wp-json\/wp\/v2\/pages\/11569","targetHints":{"allow":["GET"]}}],"collection":[{"href":"https:\/\/vilniustechsa.lt\/en\/wp-json\/wp\/v2\/pages"}],"about":[{"href":"https:\/\/vilniustechsa.lt\/en\/wp-json\/wp\/v2\/types\/page"}],"author":[{"embeddable":true,"href":"https:\/\/vilniustechsa.lt\/en\/wp-json\/wp\/v2\/users\/2"}],"replies":[{"embeddable":true,"href":"https:\/\/vilniustechsa.lt\/en\/wp-json\/wp\/v2\/comments?post=11569"}],"version-history":[{"count":10,"href":"https:\/\/vilniustechsa.lt\/en\/wp-json\/wp\/v2\/pages\/11569\/revisions"}],"predecessor-version":[{"id":12340,"href":"https:\/\/vilniustechsa.lt\/en\/wp-json\/wp\/v2\/pages\/11569\/revisions\/12340"}],"wp:attachment":[{"href":"https:\/\/vilniustechsa.lt\/en\/wp-json\/wp\/v2\/media?parent=11569"}],"curies":[{"name":"wp","href":"https:\/\/api.w.org\/{rel}","templated":true}]}}