{"id":12464,"date":"2026-04-19T23:48:56","date_gmt":"2026-04-19T23:48:56","guid":{"rendered":"https:\/\/vilniustechsa.lt\/?page_id=12464"},"modified":"2026-04-20T08:05:17","modified_gmt":"2026-04-20T08:05:17","slug":"kontroles-komisijos-kontaktai","status":"publish","type":"page","link":"https:\/\/vilniustechsa.lt\/en\/kontroles-komisijos-kontaktai\/","title":{"rendered":"Control Commission Contacts"},"content":{"rendered":"<div data-elementor-type=\"wp-page\" data-elementor-id=\"12464\" class=\"elementor elementor-12464\">\n\t\t\t\t\t\t<section class=\"elementor-section elementor-top-section elementor-element elementor-element-03feb30 elementor-section-stretched elementor-section-boxed elementor-section-height-default elementor-section-height-default\" data-id=\"03feb30\" data-element_type=\"section\" data-settings=\"{&quot;stretch_section&quot;:&quot;section-stretched&quot;}\">\n\t\t\t\t\t\t<div class=\"elementor-container elementor-column-gap-default\">\n\t\t\t\t\t<div class=\"elementor-column elementor-col-33 elementor-top-column elementor-element elementor-element-5d8b8a7\" data-id=\"5d8b8a7\" data-element_type=\"column\">\n\t\t\t<div class=\"elementor-widget-wrap elementor-element-populated\">\n\t\t\t\t\t\t<div class=\"elementor-element elementor-element-6606b59 elementor-widget elementor-widget-image\" data-id=\"6606b59\" data-element_type=\"widget\" data-widget_type=\"image.default\">\n\t\t\t\t<div class=\"elementor-widget-container\">\n\t\t\t\t\t\t\t\t\t\t\t\t\t\t\t<img fetchpriority=\"high\" decoding=\"async\" width=\"300\" height=\"300\" src=\"https:\/\/vilniustechsa.lt\/wp-content\/uploads\/2026\/04\/cropped-sa-be-teksto-300x300.png\" class=\"attachment-medium size-medium wp-image-12476\" alt=\"\" srcset=\"https:\/\/vilniustechsa.lt\/wp-content\/uploads\/2026\/04\/cropped-sa-be-teksto-300x300.png 300w, https:\/\/vilniustechsa.lt\/wp-content\/uploads\/2026\/04\/cropped-sa-be-teksto-150x150.png 150w, https:\/\/vilniustechsa.lt\/wp-content\/uploads\/2026\/04\/cropped-sa-be-teksto-12x12.png 12w, https:\/\/vilniustechsa.lt\/wp-content\/uploads\/2026\/04\/elementor\/thumbs\/cropped-sa-be-teksto-150x150.png 1000w, https:\/\/vilniustechsa.lt\/wp-content\/uploads\/2026\/04\/cropped-sa-be-teksto.png 512w\" sizes=\"(max-width: 300px) 100vw, 300px\" \/>\t\t\t\t\t\t\t\t\t\t\t\t\t\t\t<\/div>\n\t\t\t\t<\/div>\n\t\t\t\t<div class=\"elementor-element elementor-element-15830df elementor-widget elementor-widget-heading\" data-id=\"15830df\" data-element_type=\"widget\" data-widget_type=\"heading.default\">\n\t\t\t\t<div class=\"elementor-widget-container\">\n\t\t\t\t\t<h3 class=\"elementor-heading-title elementor-size-large\">KIPRAS<br>PETRAITIS<\/h3>\t\t\t\t<\/div>\n\t\t\t\t<\/div>\n\t\t\t\t<div class=\"elementor-element elementor-element-993ee9d elementor-widget__width-initial elementor-widget elementor-widget-text-editor\" data-id=\"993ee9d\" data-element_type=\"widget\" data-widget_type=\"text-editor.default\">\n\t\t\t\t<div class=\"elementor-widget-container\">\n\t\t\t\t\t\t\t\t\t<p>\u00a0<\/p>\n<p>\u00a0Tel.nr.: +37067067514<\/p>\t\t\t\t\t\t\t\t<\/div>\n\t\t\t\t<\/div>\n\t\t\t\t\t<\/div>\n\t\t<\/div>\n\t\t\t\t<div class=\"elementor-column elementor-col-33 elementor-top-column elementor-element elementor-element-7f301d3\" data-id=\"7f301d3\" data-element_type=\"column\">\n\t\t\t<div class=\"elementor-widget-wrap elementor-element-populated\">\n\t\t\t\t\t\t<div class=\"elementor-element elementor-element-f7f54fe elementor-widget elementor-widget-image\" data-id=\"f7f54fe\" data-element_type=\"widget\" data-widget_type=\"image.default\">\n\t\t\t\t<div class=\"elementor-widget-container\">\n\t\t\t\t\t\t\t\t\t\t\t\t\t\t\t<img fetchpriority=\"high\" decoding=\"async\" width=\"300\" height=\"300\" src=\"https:\/\/vilniustechsa.lt\/wp-content\/uploads\/2026\/04\/cropped-sa-be-teksto-300x300.png\" class=\"attachment-medium size-medium wp-image-12476\" alt=\"\" srcset=\"https:\/\/vilniustechsa.lt\/wp-content\/uploads\/2026\/04\/cropped-sa-be-teksto-300x300.png 300w, https:\/\/vilniustechsa.lt\/wp-content\/uploads\/2026\/04\/cropped-sa-be-teksto-150x150.png 150w, https:\/\/vilniustechsa.lt\/wp-content\/uploads\/2026\/04\/cropped-sa-be-teksto-12x12.png 12w, https:\/\/vilniustechsa.lt\/wp-content\/uploads\/2026\/04\/elementor\/thumbs\/cropped-sa-be-teksto-150x150.png 1000w, https:\/\/vilniustechsa.lt\/wp-content\/uploads\/2026\/04\/cropped-sa-be-teksto.png 512w\" sizes=\"(max-width: 300px) 100vw, 300px\" \/>\t\t\t\t\t\t\t\t\t\t\t\t\t\t\t<\/div>\n\t\t\t\t<\/div>\n\t\t\t\t<div class=\"elementor-element elementor-element-2cc080b elementor-widget elementor-widget-heading\" data-id=\"2cc080b\" data-element_type=\"widget\" data-widget_type=\"heading.default\">\n\t\t\t\t<div class=\"elementor-widget-container\">\n\t\t\t\t\t<h3 class=\"elementor-heading-title elementor-size-large\">GODA<br>\u0160ARAUSKAIT\u0116<\/h3>\t\t\t\t<\/div>\n\t\t\t\t<\/div>\n\t\t\t\t<div class=\"elementor-element elementor-element-02a4b7a elementor-widget elementor-widget-heading\" data-id=\"02a4b7a\" data-element_type=\"widget\" data-widget_type=\"heading.default\">\n\t\t\t\t<div class=\"elementor-widget-container\">\n\t\t\t\t\t<h3 class=\"elementor-heading-title elementor-size-default\">Chairperson<\/h3>\t\t\t\t<\/div>\n\t\t\t\t<\/div>\n\t\t\t\t<div class=\"elementor-element elementor-element-bf95c21 elementor-widget elementor-widget-text-editor\" data-id=\"bf95c21\" data-element_type=\"widget\" data-widget_type=\"text-editor.default\">\n\t\t\t\t<div class=\"elementor-widget-container\">\n\t\t\t\t\t\t\t\t\t<p>\u00a0Tel.nr.: +37060394215<\/p>\t\t\t\t\t\t\t\t<\/div>\n\t\t\t\t<\/div>\n\t\t\t\t\t<\/div>\n\t\t<\/div>\n\t\t\t\t<div class=\"elementor-column elementor-col-33 elementor-top-column elementor-element elementor-element-2a41092\" data-id=\"2a41092\" data-element_type=\"column\">\n\t\t\t<div class=\"elementor-widget-wrap elementor-element-populated\">\n\t\t\t\t\t\t<div class=\"elementor-element elementor-element-89d490c elementor-widget elementor-widget-image\" data-id=\"89d490c\" data-element_type=\"widget\" data-widget_type=\"image.default\">\n\t\t\t\t<div class=\"elementor-widget-container\">\n\t\t\t\t\t\t\t\t\t\t\t\t\t\t\t<img fetchpriority=\"high\" decoding=\"async\" width=\"300\" height=\"300\" src=\"https:\/\/vilniustechsa.lt\/wp-content\/uploads\/2026\/04\/cropped-sa-be-teksto-300x300.png\" class=\"attachment-medium size-medium wp-image-12476\" alt=\"\" srcset=\"https:\/\/vilniustechsa.lt\/wp-content\/uploads\/2026\/04\/cropped-sa-be-teksto-300x300.png 300w, https:\/\/vilniustechsa.lt\/wp-content\/uploads\/2026\/04\/cropped-sa-be-teksto-150x150.png 150w, https:\/\/vilniustechsa.lt\/wp-content\/uploads\/2026\/04\/cropped-sa-be-teksto-12x12.png 12w, https:\/\/vilniustechsa.lt\/wp-content\/uploads\/2026\/04\/elementor\/thumbs\/cropped-sa-be-teksto-150x150.png 1000w, https:\/\/vilniustechsa.lt\/wp-content\/uploads\/2026\/04\/cropped-sa-be-teksto.png 512w\" sizes=\"(max-width: 300px) 100vw, 300px\" \/>\t\t\t\t\t\t\t\t\t\t\t\t\t\t\t<\/div>\n\t\t\t\t<\/div>\n\t\t\t\t<div class=\"elementor-element elementor-element-b3a3086 elementor-widget elementor-widget-heading\" data-id=\"b3a3086\" data-element_type=\"widget\" data-widget_type=\"heading.default\">\n\t\t\t\t<div class=\"elementor-widget-container\">\n\t\t\t\t\t<h3 class=\"elementor-heading-title elementor-size-large\">PAULINA<br>AVI\u017dIENYT\u0116<\/h3>\t\t\t\t<\/div>\n\t\t\t\t<\/div>\n\t\t\t\t<div class=\"elementor-element elementor-element-0b4257c elementor-widget elementor-widget-text-editor\" data-id=\"0b4257c\" data-element_type=\"widget\" data-widget_type=\"text-editor.default\">\n\t\t\t\t<div class=\"elementor-widget-container\">\n\t\t\t\t\t\t\t\t\t<p>\u00a0<\/p>\n<p style=\"text-align: center;\">\u00a0Tel.nr.: +37061261191<\/p>\t\t\t\t\t\t\t\t<\/div>\n\t\t\t\t<\/div>\n\t\t\t\t\t<\/div>\n\t\t<\/div>\n\t\t\t\t\t<\/div>\n\t\t<\/section>\n\t\t\t\t<section class=\"elementor-section elementor-top-section elementor-element elementor-element-fb9ab72 elementor-section-boxed elementor-section-height-default elementor-section-height-default\" data-id=\"fb9ab72\" data-element_type=\"section\">\n\t\t\t\t\t\t<div class=\"elementor-container elementor-column-gap-default\">\n\t\t\t\t\t<div class=\"elementor-column elementor-col-100 elementor-top-column elementor-element elementor-element-a50286c\" data-id=\"a50286c\" data-element_type=\"column\">\n\t\t\t<div class=\"elementor-widget-wrap elementor-element-populated\">\n\t\t\t\t\t\t<div class=\"elementor-element elementor-element-3e9a8a7 elementor-widget elementor-widget-heading\" data-id=\"3e9a8a7\" data-element_type=\"widget\" data-widget_type=\"heading.default\">\n\t\t\t\t<div class=\"elementor-widget-container\">\n\t\t\t\t\t<h2 class=\"elementor-heading-title elementor-size-default\">Email: \nkontrole@vilniustechsa.lt<\/h2>\t\t\t\t<\/div>\n\t\t\t\t<\/div>\n\t\t\t\t\t<\/div>\n\t\t<\/div>\n\t\t\t\t\t<\/div>\n\t\t<\/section>\n\t\t\t\t<\/div>","protected":false},"excerpt":{"rendered":"<p>KIPRASPETRAITIS \u00a0 \u00a0Tel.nr.: +37067067514 GODA\u0160ARAUSKAIT\u0116 KK Pirminink\u0117 \u00a0Tel.nr.: +37060394215 PAULINAAVI\u017dIENYT\u0116 \u00a0 \u00a0Tel.nr.: +37061261191 El.pa\u0161tas: kontrole@vilniustechsa.lt<\/p>","protected":false},"author":1,"featured_media":0,"parent":0,"menu_order":0,"comment_status":"closed","ping_status":"closed","template":"","meta":{"footnotes":""},"class_list":["post-12464","page","type-page","status-publish","hentry"],"_links":{"self":[{"href":"https:\/\/vilniustechsa.lt\/en\/wp-json\/wp\/v2\/pages\/12464","targetHints":{"allow":["GET"]}}],"collection":[{"href":"https:\/\/vilniustechsa.lt\/en\/wp-json\/wp\/v2\/pages"}],"about":[{"href":"https:\/\/vilniustechsa.lt\/en\/wp-json\/wp\/v2\/types\/page"}],"author":[{"embeddable":true,"href":"https:\/\/vilniustechsa.lt\/en\/wp-json\/wp\/v2\/users\/1"}],"replies":[{"embeddable":true,"href":"https:\/\/vilniustechsa.lt\/en\/wp-json\/wp\/v2\/comments?post=12464"}],"version-history":[{"count":14,"href":"https:\/\/vilniustechsa.lt\/en\/wp-json\/wp\/v2\/pages\/12464\/revisions"}],"predecessor-version":[{"id":12503,"href":"https:\/\/vilniustechsa.lt\/en\/wp-json\/wp\/v2\/pages\/12464\/revisions\/12503"}],"wp:attachment":[{"href":"https:\/\/vilniustechsa.lt\/en\/wp-json\/wp\/v2\/media?parent=12464"}],"curies":[{"name":"wp","href":"https:\/\/api.w.org\/{rel}","templated":true}]}}