{"id":1374,"date":"2023-04-13T21:21:04","date_gmt":"2023-04-13T21:21:04","guid":{"rendered":"https:\/\/vilniustechsa.lt\/?page_id=1374"},"modified":"2025-10-24T08:58:00","modified_gmt":"2025-10-24T08:58:00","slug":"sf-protokolai","status":"publish","type":"page","link":"https:\/\/vilniustechsa.lt\/en\/sf-protokolai\/","title":{"rendered":"SF Protocols"},"content":{"rendered":"<div data-elementor-type=\"wp-page\" data-elementor-id=\"1374\" class=\"elementor elementor-1374\">\n\t\t\t\t\t\t<section class=\"elementor-section elementor-top-section elementor-element elementor-element-310ef100 elementor-section-boxed elementor-section-height-default elementor-section-height-default\" data-id=\"310ef100\" data-element_type=\"section\">\n\t\t\t\t\t\t<div class=\"elementor-container elementor-column-gap-default\">\n\t\t\t\t\t<div class=\"elementor-column elementor-col-100 elementor-top-column elementor-element elementor-element-58db9507\" data-id=\"58db9507\" data-element_type=\"column\">\n\t\t\t<div class=\"elementor-widget-wrap elementor-element-populated\">\n\t\t\t\t\t\t<div class=\"elementor-element elementor-element-337e3d1 elementor-widget elementor-widget-text-editor\" data-id=\"337e3d1\" data-element_type=\"widget\" data-widget_type=\"text-editor.default\">\n\t\t\t\t<div class=\"elementor-widget-container\">\n\t\t\t\t\t\t\t\t\t<div data-vce-boxed-width=\"true\">\n<div data-vce-do-apply=\"all el-3631f575\">\n<div data-vce-element-content=\"true\">\n<p><!-- vcwb\/dynamicElementComment:b3388411 --><\/p>\n<div>\n<div data-vce-do-apply=\"border margin background el-b3388411\">\n<div data-vce-element-content=\"true\" data-vce-do-apply=\"padding el-b3388411\">\n<p><!-- vcwb\/dynamicElementComment:69efc104 --><\/p>\n<div>\n<div data-vce-do-apply=\"all el-69efc104\">\n<h2>2025:<\/h2><div><a href=\"https:\/\/vilniustechsa.lt\/wp-content\/uploads\/2025\/10\/SA-SF-ataskaitines-konfernecijos-protokolas-2025-03-25-1.pdf\" target=\"_blank\">2025-03-25 ataskaitin\u0117s seni\u016bn\u0173 konferencijos protokolas<\/a><\/div><h2>2024:<\/h2>\n<p><a style=\"letter-spacing: 0px\" href=\"https:\/\/vilniustechsa.lt\/wp-content\/uploads\/2024\/09\/VGTU-SA-SF-susirinkimo-protokolas-2024-02-19.pdf\" target=\"_blank\" rel=\"noopener\">2024-02-19 visuotinio susirinkimo protokolas<\/a><span style=\"color: inherit;font-family: inherit;font-size: 30px;font-weight: bold;letter-spacing: -0.02em\">&nbsp;<\/span><\/p>\n<p><a href=\"https:\/\/vilniustechsa.lt\/wp-content\/uploads\/2024\/10\/2024-10-03-visuotinio-susirinkimo-protokolas.pdf\">2024-10-03 visuotinio susirinkimo protokolas<\/a><\/p>\n<p><a href=\"https:\/\/vilniustechsa.lt\/wp-content\/uploads\/2024\/11\/2024-11-07-visuotinio-susirinkimo-protokolas.pdf\">2024-11-07 visuotinio susirinkimo protokolas<\/a><\/p>\n<h2 style=\"text-align: center\">2023:<\/h2>\n<p style=\"text-align: center\"><a style=\"background-color: #ffffff;letter-spacing: 0px\" href=\"https:\/\/vilniustechsa.lt\/wp-content\/uploads\/2024\/09\/VGTU-SA-SF-susirinkimo-protokolas-2023-10-24.pdf\" target=\"_blank\" rel=\"noopener\">2023-10-24 visuotinio susirinkimo protokolas<\/a><\/p>\n<p style=\"text-align: center\"><a style=\"background-color: #ffffff;letter-spacing: 0px\" href=\"https:\/\/vilniustechsa.lt\/wp-content\/uploads\/2024\/09\/VGTU-SA-SF-susirinkimo-protokolas-2023-02-22.pdf\" target=\"_blank\" rel=\"noopener\">2023-02-22 visuotinio susirinkimo protokolas<\/a><\/p>\n<\/div>\n<\/div>\n<p><!-- \/vcwb\/dynamicElementComment:69efc104 --><!-- vcwb\/dynamicElementComment:c66cee8e --><\/p>\n<div>\n<div data-vce-do-apply=\"all el-c66cee8e\">\n<h2 style=\"text-align: center\">2022:<\/h2>\n<p style=\"text-align: center\"><a style=\"background-color: #ffffff;letter-spacing: 0px\" href=\"https:\/\/vilniustechsa.lt\/wp-content\/uploads\/2024\/09\/VGTU-SA-SF-susirinkimo-protokolas-2022-11-22.pdf\" target=\"_blank\" rel=\"noopener\">2022-11-22 visuotinio susirinkimo protokolas<\/a><\/p>\n<p style=\"text-align: center\"><a href=\"https:\/\/vilniustechsa.lt\/wp-content\/uploads\/2024\/09\/VGTU-SA-SF-susirinkimo-protokolas-2022-10-19.pdf\" target=\"_blank\" rel=\"noopener\">2022-10-19 visuotinio susirinkimo protokolas<\/a><\/p>\n<p><a style=\"text-align: center\" href=\"https:\/\/vilniustechsa.lt\/wp-content\/uploads\/2024\/09\/VGTU-SA-SF-susirinkimo-protokolas-2022-10-12.pdf\" target=\"_blank\" rel=\"noopener\">2022-10-12 visuotinio susirinkimo protokolas<\/a><\/p>\n<p><a style=\"text-align: center\" href=\"https:\/\/vilniustechsa.lt\/wp-content\/uploads\/2024\/09\/VGTU-SA-SF-susirinkimo-protokolas-2022-10-05.pdf\" target=\"_blank\" rel=\"noopener\">2022-10-05 visuotinio susirinkimo protokolas<\/a><\/p>\n<p><a style=\"text-align: center\" href=\"https:\/\/vilniustechsa.lt\/wp-content\/uploads\/2024\/09\/VGTU-SA-SF-susirinkimo-protokolas-2022-09-27.pdf\" target=\"_blank\" rel=\"noopener\">2022-09-27 visuotinio susirinkimo protokolas<\/a><\/p>\n<p><a style=\"text-align: center\" href=\"https:\/\/vilniustechsa.lt\/wp-content\/uploads\/2024\/09\/VGTU-SA-SF-susirinkimo-protokolas-2022-09-21.pdf\" target=\"_blank\" rel=\"noopener\">2022-09-21 visuotinio susirinkimo protokolas<\/a><\/p>\n<p><a style=\"text-align: center\" href=\"https:\/\/vilniustechsa.lt\/wp-content\/uploads\/2024\/09\/VGTU-SA-SF-susirinkimo-protokolas-2022-09-14.pdf\" target=\"_blank\" rel=\"noopener\">2022-09-14 visuotinio susirinkimo protokolas<\/a><\/p>\n<p style=\"text-align: center\"><a href=\"https:\/\/vilniustechsa.lt\/wp-content\/uploads\/2024\/09\/VGTU-SA-SF-susirinkimo-protokolas-2022-09-07-1.pdf\" target=\"_blank\" rel=\"noopener\">2022-09-07 visuotinio susirinkimo protokolas<\/a><\/p>\n<p style=\"text-align: center\">\n<\/p><\/div>\n<\/div>\n<p><!-- \/vcwb\/dynamicElementComment:c66cee8e --><!-- vcwb\/dynamicElementComment:ba21ebd8 --><\/p>\n<div>\n<div data-vce-do-apply=\"all el-ba21ebd8\">\n<h2 style=\"text-align: center\">2021:<\/h2>\n<p><a href=\"https:\/\/vilniustechsa.lt\/wp-content\/uploads\/2023\/04\/VGTU-SA-SF-susirinkimo-protokolas-2021-03-16-1.docx\">2021-03-16 visuotinio susirinkimo protokolas<\/a><\/p>\n<p style=\"text-align: center\"><a href=\"https:\/\/vilniustechsa.lt\/wp-content\/uploads\/2023\/04\/VGTU-SA-SF-susirinkimo-protokolas-2021-03-02-1.docx\">2021-03-02 visuotinio susirinkimo protokolas<\/a><\/p>\n<\/div>\n<\/div>\n<p><!-- \/vcwb\/dynamicElementComment:ba21ebd8 --><!-- vcwb\/dynamicElementComment:12fa197f --><\/p>\n<div>\n<div data-vce-do-apply=\"all el-12fa197f\">\n<h2 style=\"text-align: center\">2020:<\/h2>\n<p><a href=\"https:\/\/vilniustechsa.lt\/wp-content\/uploads\/2023\/04\/VGTU-SA-SF-susirinkimo-protokolas-2020-11-27-1.docx\">2020-11-27 visuotinio susirinkimo protokolas<\/a><\/p>\n<p><a href=\"https:\/\/vilniustechsa.lt\/wp-content\/uploads\/2023\/04\/VGTU-SA-SF-susirinkimo-protokolas-2020-10-28-1.docx\">2020-10-28 visuotinio susirinkimo protokolas<\/a><\/p>\n<p><a href=\"https:\/\/vilniustechsa.lt\/wp-content\/uploads\/2023\/04\/VGTU-SA-SF-susirinkimo-protokolas-2020-10-21-1.docx\">2020-10-21 visuotinio susirinkimo protokolas<\/a><\/p>\n<p><a href=\"https:\/\/vilniustechsa.lt\/wp-content\/uploads\/2023\/04\/VGTU-SA-SF-susirinkimo-protokolas-2020-10-15-1.docx\">2020-10-15 visuotinio susirinkimo protokolas<\/a><\/p>\n<p><a href=\"https:\/\/vilniustechsa.lt\/wp-content\/uploads\/2023\/04\/VGTU-SA-SF-susirinkimo-protokolas-2020-10-05-1.docx\">2020-10-05 visuotinio susirinkimo protokolas<\/a><\/p>\n<p><a href=\"https:\/\/vilniustechsa.lt\/wp-content\/uploads\/2023\/04\/VGTU-SA-SF-susirinkimo-protokolas-2020-09-24-1.docx\">2020-09-24 visuotinio susirinkimo protokolas<\/a><\/p>\n<p><a href=\"https:\/\/vilniustechsa.lt\/wp-content\/uploads\/2023\/04\/VGTU-SA-SF-susirinkimo-protokolas-2020-09-15-1.docx\">2020-09-15 visuotinio susirinkimo protokolas<\/a><\/p>\n<p><a href=\"https:\/\/vilniustechsa.lt\/wp-content\/uploads\/2023\/04\/VGTU-SA-SF-susirinkimo-protokolas-2020-09-03-1.docx\">2020-09-03 visuotinio susirinkimo protokolas<\/a><\/p>\n<p><a href=\"https:\/\/vilniustechsa.lt\/wp-content\/uploads\/2023\/04\/VGTU-SA-SF-susirinkimo-protokolas-2020-03-09-1.docx\">2020-03-09 visuotinio susirinkimo protokolas<\/a><\/p>\n<p><a href=\"https:\/\/vilniustechsa.lt\/wp-content\/uploads\/2023\/04\/VGTU-SA-SF-susirinkimo-protokolas-2020-03-04-1.docx\">2020-03-04 visuotinio susirinkimo protokolas<\/a><\/p>\n<p><a href=\"https:\/\/vilniustechsa.lt\/wp-content\/uploads\/2023\/04\/VGTU-SA-SF-susirinkimo-protokolas-2020-02-19-1.docx\">2020-02-19 visuotinio susirinkimo protokolas<\/a><\/p>\n<p><a href=\"https:\/\/vilniustechsa.lt\/wp-content\/uploads\/2023\/04\/VGTU-SA-SF-susirinkimo-protokolas-2020-02-10-1.docx\">2020-02-10 visuotinio susirinkimo protokolas<\/a><\/p>\n<p style=\"text-align: center\"><a href=\"https:\/\/vilniustechsa.lt\/wp-content\/uploads\/2023\/04\/VGTU-SA-SF-susirinkimo-protokolas-2020-02-05-1.docx\">2020-02-05 visuotinio susirinkimo protokolas<\/a><\/p>\n<\/div>\n<\/div>\n<p><!-- \/vcwb\/dynamicElementComment:12fa197f --><!-- vcwb\/dynamicElementComment:71139447 --><\/p>\n<div>\n<div data-vce-do-apply=\"all el-71139447\">\n<h2 style=\"text-align: center\">2019:<\/h2>\n<p style=\"text-align: center\"><a href=\"https:\/\/vilniustechsa.lt\/wp-content\/uploads\/2023\/04\/VGTU-SA-SF-susirinkimo-protokolas-2019-12-09-2.docx\">2019-12-09 visuotinio susirinkimo protokolas<\/a><\/p>\n<p style=\"text-align: center\"><a href=\"https:\/\/vilniustechsa.lt\/wp-content\/uploads\/2023\/04\/VGTU-SA-SF-susirinkimo-protokolas-2019-11-06-2.docx\">2019-11-06 visuotinio susirinkimo protokolas<\/a><\/p>\n<p style=\"text-align: center\"><a href=\"https:\/\/vilniustechsa.lt\/wp-content\/uploads\/2023\/04\/VGTU-SA-SF-susirinkimo-protokolas-2019-09-18-2.docx\">2019-09-18 visuotinio susirinkimo protokolas<\/a><\/p>\n<p style=\"text-align: center\"><a href=\"https:\/\/vilniustechsa.lt\/wp-content\/uploads\/2023\/04\/VGTU-SA-SF-susirinkimo-protokolas-2019-09-04-2.docx\">2019-09-04 visuotinio susirinkimo protokolas<\/a><\/p>\n<p style=\"text-align: center\"><a href=\"https:\/\/vilniustechsa.lt\/wp-content\/uploads\/2023\/04\/VGTU-SA-SF-susirinkimo-protokolas-2019-05-061-2.docx\">2019-05-06 visuotinio susirinkimo protokolas<\/a><\/p>\n<p style=\"text-align: center\"><a href=\"https:\/\/vilniustechsa.lt\/wp-content\/uploads\/2023\/04\/VGTU-SA-SF-susirinkimo-protokolas-2019-04-231-2.docx\">2019-04-23 visuotinio susirinkimo protokolas<\/a><\/p>\n<p style=\"text-align: center\"><a href=\"https:\/\/vilniustechsa.lt\/wp-content\/uploads\/2023\/04\/VGTU-SA-SF-susirinkimo-protokolas-2019-04-081-2.docx\">2019-04-08 visuotinio susirinkimo protokolas<\/a><\/p>\n<p style=\"text-align: center\"><a href=\"https:\/\/vilniustechsa.lt\/wp-content\/uploads\/2023\/04\/VGTU-SA-SF-susirinkimo-protokolas_2019.04.01-2.docx\">2019-04-01 visuotinio susirinkimo protokolas<\/a><\/p>\n<p style=\"text-align: center\"><a href=\"https:\/\/vilniustechsa.lt\/wp-content\/uploads\/2023\/04\/VGTU-SA-SF-susirinkimo-protokolas_2019.03.25-2.docx\">2019-03-25 visuotinio susirinkimo protokolas<\/a><\/p>\n<p style=\"text-align: center\"><a href=\"https:\/\/vilniustechsa.lt\/wp-content\/uploads\/2023\/04\/VGTU-SA-SF-susirinkimo-protokolas_2019.03.18-2.docx\">2019-03-18 visuotinio susirinkimo protokolas<\/a><\/p>\n<\/div>\n<\/div>\n<p><!-- \/vcwb\/dynamicElementComment:71139447 --><!-- vcwb\/dynamicElementComment:c3066956 --><\/p>\n<div>\n<div data-vce-do-apply=\"all el-c3066956\">\n<h2 style=\"text-align: center\">2018:<\/h2>\n<p style=\"text-align: center\">Informacija keliama<\/p>\n<\/div>\n<\/div>\n<p><!-- \/vcwb\/dynamicElementComment:c3066956 --><!-- vcwb\/dynamicElementComment:0bd41063 --><\/p>\n<div>\n<div data-vce-do-apply=\"all el-0bd41063\">\n<h2 style=\"text-align: center\">2017:<\/h2>\n<p style=\"text-align: center\"><a href=\"https:\/\/vilniustechsa.lt\/wp-content\/uploads\/2023\/04\/2017.-05.-03-susiriniko-protokolas-1.docx\">2017-05-03 visuotinio susirinkimo protokolas<\/a><\/p>\n<\/div>\n<\/div>\n<p><!-- \/vcwb\/dynamicElementComment:0bd41063 --><!-- vcwb\/dynamicElementComment:63d0fcbc --><\/p>\n<div>\n<div data-vce-do-apply=\"all el-63d0fcbc\">\n<h2 style=\"text-align: center\">2016:<\/h2>\n<p style=\"text-align: center\"><a href=\"https:\/\/vilniustechsa.lt\/wp-content\/uploads\/2023\/04\/2016.-03.-30.-SF-susirinikimo-protokolas-2.docx\">2016-03-30 visuotinio susirinkimo protokolas<\/a><\/p>\n<p style=\"text-align: center\"><a href=\"https:\/\/vilniustechsa.lt\/wp-content\/uploads\/2023\/04\/2016.-03.-16.-SF-susirinkimo-protokolas-3.docx\">2016-03-16 visuotinio susirinkimo protokolas<\/a><\/p>\n<p style=\"text-align: center\"><a href=\"https:\/\/vilniustechsa.lt\/wp-content\/uploads\/2023\/04\/2016.01.21-SF-susirinikimo-protokolas-2.docx\">2016-01-21 visuotinio susirinkimo protokolas<\/a><\/p>\n<\/div>\n<\/div>\n<p><!-- \/vcwb\/dynamicElementComment:63d0fcbc --><!-- vcwb\/dynamicElementComment:e32c4143 --><\/p>\n<div>\n<div data-vce-do-apply=\"all el-e32c4143\">\n<h2 style=\"text-align: center\">2015:<\/h2>\n<p style=\"text-align: center\">Informacija keliama<\/p>\n<\/div>\n<\/div>\n<p><!-- \/vcwb\/dynamicElementComment:e32c4143 --><!-- vcwb\/dynamicElementComment:7196593a --><\/p>\n<div>\n<div data-vce-do-apply=\"all el-7196593a\">\n<h2 style=\"text-align: center\">2014:<\/h2>\n<p style=\"text-align: center\">Informacija keliama<\/p>\n<\/div>\n<\/div>\n<p><!-- \/vcwb\/dynamicElementComment:7196593a --><!-- vcwb\/dynamicElementComment:efda8dc5 --><\/p>\n<div>\n<div data-vce-do-apply=\"all el-efda8dc5\">\n<h2 style=\"text-align: center\">2013:<\/h2>\n<p style=\"text-align: center\">Informacija keliama<\/p>\n<\/div>\n<\/div>\n<p><!-- \/vcwb\/dynamicElementComment:efda8dc5 --><\/p>\n<\/div>\n<\/div>\n<\/div>\n<p><!-- \/vcwb\/dynamicElementComment:b3388411 --><\/p>\n<\/div>\n<\/div>\n<\/div>\n<p><!-- \/vcwb\/dynamicElementComment:3631f575 --><!--vcv no format--><\/p>\t\t\t\t\t\t\t\t<\/div>\n\t\t\t\t<\/div>\n\t\t\t\t\t<\/div>\n\t\t<\/div>\n\t\t\t\t\t<\/div>\n\t\t<\/section>\n\t\t\t\t<\/div>","protected":false},"excerpt":{"rendered":"<p>2025: 2025-03-25 ataskaitin\u0117s seni\u016bn\u0173 konferencijos protokolas 2024: 2024-02-19 visuotinio susirinkimo protokolas&nbsp; 2024-10-03 visuotinio susirinkimo protokolas 2024-11-07 visuotinio susirinkimo protokolas 2023: 2023-10-24 visuotinio susirinkimo protokolas 2023-02-22 visuotinio susirinkimo protokolas 2022: 2022-11-22 visuotinio susirinkimo protokolas 2022-10-19 visuotinio susirinkimo protokolas 2022-10-12 visuotinio susirinkimo protokolas 2022-10-05 visuotinio susirinkimo protokolas 2022-09-27 visuotinio susirinkimo protokolas 2022-09-21 visuotinio susirinkimo protokolas 2022-09-14 visuotinio&hellip;<\/p>","protected":false},"author":11,"featured_media":0,"parent":0,"menu_order":0,"comment_status":"closed","ping_status":"closed","template":"","meta":{"footnotes":""},"class_list":["post-1374","page","type-page","status-publish","hentry"],"_links":{"self":[{"href":"https:\/\/vilniustechsa.lt\/en\/wp-json\/wp\/v2\/pages\/1374","targetHints":{"allow":["GET"]}}],"collection":[{"href":"https:\/\/vilniustechsa.lt\/en\/wp-json\/wp\/v2\/pages"}],"about":[{"href":"https:\/\/vilniustechsa.lt\/en\/wp-json\/wp\/v2\/types\/page"}],"author":[{"embeddable":true,"href":"https:\/\/vilniustechsa.lt\/en\/wp-json\/wp\/v2\/users\/11"}],"replies":[{"embeddable":true,"href":"https:\/\/vilniustechsa.lt\/en\/wp-json\/wp\/v2\/comments?post=1374"}],"version-history":[{"count":31,"href":"https:\/\/vilniustechsa.lt\/en\/wp-json\/wp\/v2\/pages\/1374\/revisions"}],"predecessor-version":[{"id":10750,"href":"https:\/\/vilniustechsa.lt\/en\/wp-json\/wp\/v2\/pages\/1374\/revisions\/10750"}],"wp:attachment":[{"href":"https:\/\/vilniustechsa.lt\/en\/wp-json\/wp\/v2\/media?parent=1374"}],"curies":[{"name":"wp","href":"https:\/\/api.w.org\/{rel}","templated":true}]}}