{"id":246,"date":"2023-03-09T22:28:19","date_gmt":"2023-03-09T22:28:19","guid":{"rendered":"https:\/\/vilniustechsa.lt\/?page_id=246"},"modified":"2025-10-27T08:39:45","modified_gmt":"2025-10-27T08:39:45","slug":"veiklos-ir-finansines-ataskaitos","status":"publish","type":"page","link":"https:\/\/vilniustechsa.lt\/en\/veiklos-ir-finansines-ataskaitos\/","title":{"rendered":"SA veiklos ir finansin\u0117s ataskaitos"},"content":{"rendered":"<div data-elementor-type=\"wp-page\" data-elementor-id=\"246\" class=\"elementor elementor-246\">\n\t\t\t\t\t\t<section class=\"elementor-section elementor-top-section elementor-element elementor-element-af61dbe elementor-section-boxed elementor-section-height-default elementor-section-height-default\" data-id=\"af61dbe\" data-element_type=\"section\">\n\t\t\t\t\t\t<div class=\"elementor-container elementor-column-gap-default\">\n\t\t\t\t\t<div class=\"elementor-column elementor-col-50 elementor-top-column elementor-element elementor-element-f867049\" data-id=\"f867049\" data-element_type=\"column\">\n\t\t\t<div class=\"elementor-widget-wrap elementor-element-populated\">\n\t\t\t\t\t\t<div class=\"elementor-element elementor-element-f8aae0c elementor-widget elementor-widget-text-editor\" data-id=\"f8aae0c\" data-element_type=\"widget\" data-widget_type=\"text-editor.default\">\n\t\t\t\t<div class=\"elementor-widget-container\">\n\t\t\t\t\t\t\t\t\t<p><strong>VEIKLOS ATASKAITOS:<\/strong><\/p><p>2024\/10\/28 &#8211; 2025\/04\/12:<\/p><p><span style=\"transition-property: all;\"><a href=\"https:\/\/vilniustechsa.lt\/wp-content\/uploads\/2025\/04\/VGTU-SA-Veiklos-ataskaita.pdf\">VILNIUS TECH SA metin\u0117 veiklos ataskaita<\/a><\/span><\/p><p>2023\/10\/28 &#8211; 2024\/10\/26:<\/p><p><a href=\"https:\/\/vilniustechsa.lt\/wp-content\/uploads\/2024\/11\/VILNIUS-TECH-SA-VISUOTINE-ATASKAITINE-RINKIMINE-SENIUNU-KONFERENCIJA.pdf\" target=\"_blank\" rel=\"noopener\">VILNIUS TECH SA metin\u0117 veiklos ataskaita<\/a><\/p><p>2022\/11\/26 &#8211; 2023\/10\/28:<\/p><p><a href=\"https:\/\/vilniustechsa.lt\/wp-content\/uploads\/2024\/02\/VILNIUS-TECH-SA-VEIKLOS-ATASKAITA.pdf\" target=\"_blank\" rel=\"noopener\">VILNIUS TECH SA metin\u0117 veiklos ataskaita<\/a><\/p><p>2021\/11\/13 &#8211; 2022\/11\/26:<\/p><p><a href=\"https:\/\/vilniustechsa.lt\/wp-content\/uploads\/2023\/04\/VGTU-SA-VEIKLOS-ATASKAITA-2022.pdf\">VGTU SA metin\u0117 veiklos ataskaita<\/a><\/p><p>2020\/11\/14 &#8211; 2021\/11\/13:<\/p><p><a href=\"https:\/\/vilniustechsa.lt\/wp-content\/uploads\/2023\/04\/VGTU-SA-VEIKLOS-ATASKAITA.pdf\">VGTU SA metin\u0117 veiklos ataskaita<\/a><\/p><p>2019\/11\/09 &#8211; 2020\/11\/14:<br \/><a href=\"https:\/\/vilniustechsa.lt\/wp-content\/uploads\/2023\/04\/Veiklos-ataskaita.pdf\">VGTU SA metin\u0117 veiklos ataskaita<\/a><\/p><p>2018\/10\/27 &#8211; 2019\/11\/09:<br \/><a href=\"https:\/\/vilniustechsa.lt\/wp-content\/uploads\/2023\/04\/VGTU-SA-VEIKLOS-ATASKAITA_2018.10.27_2019.11.09-1.pdf\">VGTU SA metin\u0117 veiklos ataskaita<\/a><\/p><p>2017\/09\/28 &#8211; 2018\/10\/27:<br \/><a href=\"https:\/\/vilniustechsa.lt\/wp-content\/uploads\/2023\/04\/VGTU-SA-VEIKLOS-ATASKAITA_2017.09.28_2018.10.27.pdf\">VGTU SA metin\u0117 veiklos ataskaita<\/a><\/p><p>2016\/12\/06 &#8211; 2017\/09\/28:<br \/><a href=\"https:\/\/vilniustechsa.lt\/wp-content\/uploads\/2023\/04\/Puses-kadencijos-veiklos-ataskaita.pdf\">VGTU SA pus\u0117s met\u0173 veiklos ataskait<\/a><\/p>\t\t\t\t\t\t\t\t<\/div>\n\t\t\t\t<\/div>\n\t\t\t\t\t<\/div>\n\t\t<\/div>\n\t\t\t\t<div class=\"elementor-column elementor-col-50 elementor-top-column elementor-element elementor-element-786fe54\" data-id=\"786fe54\" data-element_type=\"column\">\n\t\t\t<div class=\"elementor-widget-wrap elementor-element-populated\">\n\t\t\t\t\t\t<div class=\"elementor-element elementor-element-6bd0aa8 elementor-widget elementor-widget-text-editor\" data-id=\"6bd0aa8\" data-element_type=\"widget\" data-widget_type=\"text-editor.default\">\n\t\t\t\t<div class=\"elementor-widget-container\">\n\t\t\t\t\t\t\t\t\t<p><strong>FINANSIN\u0116S ATASKAITOS:<\/strong><\/p>\n<p>2024\/01\/01 &#8211; 2024\/12\/31:<\/p>\n<p><span style=\"transition-property: all; outline-color: initial; outline-style: initial;\"><a href=\"https:\/\/vilniustechsa.lt\/wp-content\/uploads\/2025\/04\/VGTU-SA-finansine-ataskaita-uz-2024-m..pdf\">VILNIUS TECH SA metin\u0117 finans\u0173 ataskaita<\/a><\/span><\/p>\n<p>2023\/10\/28 &#8211; 2024\/10\/20:<\/p>\n<p><a href=\"https:\/\/vilniustechsa.lt\/wp-content\/uploads\/2024\/11\/VILNIUS-TECH-SA-VISUOTINE-ATASKAITINE-RINKIMINE-SENIUNU-KONFERENCIJA-1-1.pdf\" target=\"_blank\">VILNIUS TECH SA metin\u0117 finans\u0173 ataskaita<\/a><\/p>\n<p>2022\/11\/26 &#8211; 2023\/10\/28:<\/p>\n<p><a href=\"https:\/\/vilniustechsa.lt\/wp-content\/uploads\/2024\/02\/VILNIUS-TECH-SA-FINANSINE-ATASKAITA.pdf\" target=\"_blank\" rel=\"noopener\">VILNIUS TECH SA metin\u0117 finans\u0173 ataskaita<\/a><\/p>\n<p>2021\/11\/13 &#8211; 2022\/11\/26:<\/p>\n<p><a href=\"https:\/\/vilniustechsa.lt\/wp-content\/uploads\/2023\/04\/VGTU-SA-FINANSINE-ATASKAITA-1.pdf\">VGTU SA metin\u0117 finans\u0173 ataskaita<\/a><\/p>\n<p>2020\/11\/14 &#8211; 2021\/11\/13:<\/p>\n<p><a href=\"https:\/\/vilniustechsa.lt\/wp-content\/uploads\/2023\/04\/VGTU-SA-FINANSINE-ATASKAITA.pdf\">VGTU SA metin\u0117 finans\u0173 ataskaita<\/a><\/p>\n<p>2019\/11\/09 &#8211; 2020\/11\/14:<br><a href=\"https:\/\/vilniustechsa.lt\/wp-content\/uploads\/2023\/04\/Finansu-ataskaita.pdf\">VGTU SA metin\u0117 finans\u0173 ataskaita<\/a><\/p>\n<p>2018\/10\/27 &#8211; 2019\/11\/09:<br><a href=\"https:\/\/vilniustechsa.lt\/wp-content\/uploads\/2023\/04\/VGTU-SA-FINANSU-ATASKAITA_2018.10.27_2019.11.09.pdf\">VGTU SA metin\u0117 finans\u0173 ataskaita<\/a><\/p>\n<p>2018\/01\/01 &#8211; 2018\/09\/30:<br><a href=\"https:\/\/vilniustechsa.lt\/wp-content\/uploads\/2023\/04\/VGTU-SA-FINANSU-ATASKAITA_2018.01.01_2018.09.30.pdf\">VGTU SA pus\u0117s met\u0173 finans\u0173 ataskaita<\/a><\/p>\n<p><\/p>\t\t\t\t\t\t\t\t<\/div>\n\t\t\t\t<\/div>\n\t\t\t\t\t<\/div>\n\t\t<\/div>\n\t\t\t\t\t<\/div>\n\t\t<\/section>\n\t\t\t\t<section class=\"elementor-section elementor-top-section elementor-element elementor-element-c7cf8e1 elementor-section-boxed elementor-section-height-default elementor-section-height-default\" data-id=\"c7cf8e1\" data-element_type=\"section\">\n\t\t\t\t\t\t<div class=\"elementor-container elementor-column-gap-default\">\n\t\t\t\t\t<div class=\"elementor-column elementor-col-100 elementor-top-column elementor-element elementor-element-419970c\" data-id=\"419970c\" data-element_type=\"column\">\n\t\t\t<div class=\"elementor-widget-wrap elementor-element-populated\">\n\t\t\t\t\t\t<div class=\"elementor-element elementor-element-01c2807 elementor-widget elementor-widget-image\" data-id=\"01c2807\" data-element_type=\"widget\" data-widget_type=\"image.default\">\n\t\t\t\t<div class=\"elementor-widget-container\">\n\t\t\t\t\t\t\t\t\t\t\t\t\t\t\t<img fetchpriority=\"high\" decoding=\"async\" width=\"1024\" height=\"576\" src=\"https:\/\/vilniustechsa.lt\/wp-content\/uploads\/2023\/04\/Untitled-1024x576.png\" class=\"attachment-large size-large wp-image-1464\" alt=\"\" srcset=\"https:\/\/vilniustechsa.lt\/wp-content\/uploads\/2023\/04\/Untitled-1024x576.png 1024w, https:\/\/vilniustechsa.lt\/wp-content\/uploads\/2023\/04\/Untitled-300x169.png 300w, https:\/\/vilniustechsa.lt\/wp-content\/uploads\/2023\/04\/Untitled-150x84.png 150w, https:\/\/vilniustechsa.lt\/wp-content\/uploads\/2023\/04\/Untitled-768x432.png 768w, https:\/\/vilniustechsa.lt\/wp-content\/uploads\/2023\/04\/Untitled-320x180.png 320w, https:\/\/vilniustechsa.lt\/wp-content\/uploads\/2023\/04\/Untitled-480x270.png 480w, https:\/\/vilniustechsa.lt\/wp-content\/uploads\/2023\/04\/Untitled-800x450.png 800w, https:\/\/vilniustechsa.lt\/wp-content\/uploads\/2023\/04\/Untitled-720x405.png 720w, https:\/\/vilniustechsa.lt\/wp-content\/uploads\/2023\/04\/Untitled.png 1152w\" sizes=\"(max-width: 1024px) 100vw, 1024px\" \/>\t\t\t\t\t\t\t\t\t\t\t\t\t\t\t<\/div>\n\t\t\t\t<\/div>\n\t\t\t\t\t<\/div>\n\t\t<\/div>\n\t\t\t\t\t<\/div>\n\t\t<\/section>\n\t\t\t\t<\/div>","protected":false},"excerpt":{"rendered":"<p>VEIKLOS ATASKAITOS: 2024\/10\/28 &#8211; 2025\/04\/12: VILNIUS TECH SA metin\u0117 veiklos ataskaita 2023\/10\/28 &#8211; 2024\/10\/26: VILNIUS TECH SA metin\u0117 veiklos ataskaita 2022\/11\/26 &#8211; 2023\/10\/28: VILNIUS TECH SA metin\u0117 veiklos ataskaita 2021\/11\/13 &#8211; 2022\/11\/26: VGTU SA metin\u0117 veiklos ataskaita 2020\/11\/14 &#8211; 2021\/11\/13: VGTU SA metin\u0117 veiklos ataskaita 2019\/11\/09 &#8211; 2020\/11\/14:VGTU SA metin\u0117 veiklos ataskaita 2018\/10\/27 &#8211; 2019\/11\/09:VGTU&hellip;<\/p>","protected":false},"author":2,"featured_media":0,"parent":0,"menu_order":0,"comment_status":"closed","ping_status":"closed","template":"","meta":{"footnotes":""},"class_list":["post-246","page","type-page","status-publish","hentry"],"_links":{"self":[{"href":"https:\/\/vilniustechsa.lt\/en\/wp-json\/wp\/v2\/pages\/246","targetHints":{"allow":["GET"]}}],"collection":[{"href":"https:\/\/vilniustechsa.lt\/en\/wp-json\/wp\/v2\/pages"}],"about":[{"href":"https:\/\/vilniustechsa.lt\/en\/wp-json\/wp\/v2\/types\/page"}],"author":[{"embeddable":true,"href":"https:\/\/vilniustechsa.lt\/en\/wp-json\/wp\/v2\/users\/2"}],"replies":[{"embeddable":true,"href":"https:\/\/vilniustechsa.lt\/en\/wp-json\/wp\/v2\/comments?post=246"}],"version-history":[{"count":33,"href":"https:\/\/vilniustechsa.lt\/en\/wp-json\/wp\/v2\/pages\/246\/revisions"}],"predecessor-version":[{"id":10769,"href":"https:\/\/vilniustechsa.lt\/en\/wp-json\/wp\/v2\/pages\/246\/revisions\/10769"}],"wp:attachment":[{"href":"https:\/\/vilniustechsa.lt\/en\/wp-json\/wp\/v2\/media?parent=246"}],"curies":[{"name":"wp","href":"https:\/\/api.w.org\/{rel}","templated":true}]}}