{"id":2475,"date":"2023-04-15T19:24:11","date_gmt":"2023-04-15T19:24:11","guid":{"rendered":"https:\/\/vilniustechsa.lt\/?page_id=2475"},"modified":"2026-04-08T08:35:58","modified_gmt":"2026-04-08T08:35:58","slug":"organizacijos-dokumentai","status":"publish","type":"page","link":"https:\/\/vilniustechsa.lt\/en\/organizacijos-dokumentai\/","title":{"rendered":"Organization's documents"},"content":{"rendered":"<div data-elementor-type=\"wp-page\" data-elementor-id=\"2475\" class=\"elementor elementor-2475\">\n\t\t\t\t\t\t<section class=\"elementor-section elementor-top-section elementor-element elementor-element-f338ac5 elementor-section-stretched elementor-section-boxed elementor-section-height-default elementor-section-height-default\" data-id=\"f338ac5\" data-element_type=\"section\" data-settings=\"{&quot;stretch_section&quot;:&quot;section-stretched&quot;}\">\n\t\t\t\t\t\t<div class=\"elementor-container elementor-column-gap-default\">\n\t\t\t\t\t<div class=\"elementor-column elementor-col-100 elementor-top-column elementor-element elementor-element-19ca905\" data-id=\"19ca905\" data-element_type=\"column\">\n\t\t\t<div class=\"elementor-widget-wrap elementor-element-populated\">\n\t\t\t\t\t\t<div class=\"elementor-element elementor-element-261ace9 elementor-widget elementor-widget-text-editor\" data-id=\"261ace9\" data-element_type=\"widget\" data-widget_type=\"text-editor.default\">\n\t\t\t\t<div class=\"elementor-widget-container\">\n\t\t\t\t\t\t\t\t\t<ul><li><a href=\"https:\/\/vilniustechsa.lt\/wp-content\/uploads\/2023\/04\/VILNIAUS-GEDIMINO-TECHNIKOS-UNIVERSITETO-STUDENTU-ATSTOVYBES-DARBO-REGLAMENTAS-2018-02-13-PATVIRTINTAS-1.pdf\">VILNIAUS GEDIMINO TECHNIKOS UNIVERSITETO STUDENT\u0172 ATSTOVYB\u0116S DARBO REGLAMENTAS<\/a><\/li><li><a href=\"https:\/\/vilniustechsa.lt\/wp-content\/uploads\/2025\/07\/VGTU-SA-Registruoti-istatai-2025.06.19.pdf\" target=\"_blank\" rel=\"noopener\">VILNIAUS GEDIMINO TECHNIKOS UNIVERSITETO STUDENT\u0172 ATSTOVYB\u0116S \u012eSTATAI<\/a><\/li><li><a href=\"https:\/\/vilniustechsa.lt\/wp-content\/uploads\/2023\/04\/Studentu-atstovu-nuostatu-projektas.pdf\">VILNIAUS GEDIMINO TECHNIKOS UNIVERSITETO STUDENT\u0172 ATSTOVYB\u0116S STUDENT\u0172\u00a0 ATSTOV\u0172 NUOSTATAI<\/a><\/li><li><a href=\"https:\/\/vilniustechsa.lt\/wp-content\/uploads\/2024\/11\/VILNIUS-TECH-SA-STRATEGIJA-2023-2028-m.pdf\">VILNIAUS GEDIMINO TECHNIKOS UNIVERSITETO STUDENT\u0172 ATSTOVYB\u0116S STRATEGIJA<\/a><\/li><li><a href=\"https:\/\/vilniustechsa.lt\/wp-content\/uploads\/2026\/03\/BRANDBOOK.pdf\" target=\"_blank\" rel=\"noopener\">VILNIAUS GEDIMINO TECHNIKOS UNIVERSITETO STUDENT\u0172 ATSTOVYB\u0116S STILIAUS KNYGA<\/a><\/li><li><a style=\"transition-property: all; background-color: #ffffff;\" href=\"https:\/\/vilniustechsa.lt\/wp-content\/uploads\/2026\/04\/Valdybos-protokolas-2026-03-23-1.pdf\" target=\"_blank\" rel=\"noopener\">VILNIAUS GEDIMINO TECHNIKOS UNIVERSITETO STUDENT\u0172 ATSTOVYB\u0116S<\/a><a style=\"transition-property: all; background-color: #ffffff;\" href=\"https:\/\/vilniustechsa.lt\/wp-content\/uploads\/2024\/11\/VILNIUS-TECH-SA-STRATEGIJA-2023-2028-m.pdf\">\u00a0<\/a><a style=\"transition-property: all; background-color: #ffffff; outline: 0px;\" href=\"https:\/\/vilniustechsa.lt\/wp-content\/uploads\/2026\/03\/BRANDBOOK.pdf\" target=\"_blank\" rel=\"noopener\">In English:<\/a><a style=\"transition-property: all; background-color: #ffffff;\" href=\"https:\/\/vilniustechsa.lt\/wp-content\/uploads\/2026\/03\/BRANDBOOK.pdf\" target=\"_blank\" rel=\"noopener\">K<\/a><a style=\"transition-property: all; background-color: #ffffff;\" href=\"https:\/\/vilniustechsa.lt\/wp-content\/uploads\/2024\/11\/VILNIUS-TECH-SA-STRATEGIJA-2023-2028-m.pdf\">R<\/a><a style=\"transition-property: all; background-color: #ffffff;\" href=\"https:\/\/vilniustechsa.lt\/wp-content\/uploads\/2024\/11\/VILNIUS-TECH-SA-STRATEGIJA-2023-2028-m.pdf\">E<\/a><a style=\"transition-property: all; background-color: #ffffff; outline: 0px;\" href=\"https:\/\/vilniustechsa.lt\/wp-content\/uploads\/2026\/03\/BRANDBOOK.pdf\" target=\"_blank\" rel=\"noopener\">D<\/a><a style=\"transition-property: all; background-color: #ffffff;\" href=\"https:\/\/vilniustechsa.lt\/wp-content\/uploads\/2026\/03\/BRANDBOOK.pdf\" target=\"_blank\" rel=\"noopener\">I<\/a><a style=\"transition-property: all; background-color: #ffffff;\" href=\"https:\/\/vilniustechsa.lt\/wp-content\/uploads\/2026\/03\/BRANDBOOK.pdf\" target=\"_blank\" rel=\"noopener\">I<\/a><a style=\"transition-property: all; background-color: #ffffff;\" href=\"https:\/\/vilniustechsa.lt\/wp-content\/uploads\/2026\/03\/BRANDBOOK.pdf\" target=\"_blank\" rel=\"noopener\">In English:<\/a><a style=\"transition-property: all; background-color: #ffffff; outline: 0px;\" href=\"https:\/\/vilniustechsa.lt\/wp-content\/uploads\/2026\/03\/BRANDBOOK.pdf\" target=\"_blank\" rel=\"noopener\">V<\/a><a style=\"transition-property: all; background-color: #ffffff; outline: 0px;\" href=\"https:\/\/vilniustechsa.lt\/wp-content\/uploads\/2026\/03\/BRANDBOOK.pdf\" target=\"_blank\" rel=\"noopener\">I<\/a><a style=\"transition-property: all; background-color: #ffffff;\" href=\"https:\/\/vilniustechsa.lt\/wp-content\/uploads\/2026\/03\/BRANDBOOK.pdf\" target=\"_blank\" rel=\"noopener\">M<\/a><a style=\"transition-property: all; background-color: #ffffff;\" href=\"https:\/\/vilniustechsa.lt\/wp-content\/uploads\/2026\/03\/BRANDBOOK.pdf\" target=\"_blank\" rel=\"noopener\">O<\/a><a style=\"transition-property: all; background-color: #ffffff;\" href=\"https:\/\/vilniustechsa.lt\/wp-content\/uploads\/2024\/11\/VILNIUS-TECH-SA-STRATEGIJA-2023-2028-m.pdf\">\u00a0<\/a><a style=\"transition-property: all; background-color: #ffffff;\" href=\"https:\/\/vilniustechsa.lt\/wp-content\/uploads\/2023\/04\/Studentu-atstovu-nuostatu-projektas.pdf\">NUOSTATAI<\/a><\/li><\/ul>\t\t\t\t\t\t\t\t<\/div>\n\t\t\t\t<\/div>\n\t\t\t\t\t<\/div>\n\t\t<\/div>\n\t\t\t\t\t<\/div>\n\t\t<\/section>\n\t\t\t\t<\/div>","protected":false},"excerpt":{"rendered":"<p>VILNIAUS GEDIMINO TECHNIKOS UNIVERSITETO STUDENT\u0172 ATSTOVYB\u0116S DARBO REGLAMENTAS VILNIAUS GEDIMINO TECHNIKOS UNIVERSITETO STUDENT\u0172 ATSTOVYB\u0116S \u012eSTATAI VILNIAUS GEDIMINO TECHNIKOS UNIVERSITETO STUDENT\u0172 ATSTOVYB\u0116S STUDENT\u0172\u00a0 ATSTOV\u0172 NUOSTATAI VILNIAUS GEDIMINO TECHNIKOS UNIVERSITETO STUDENT\u0172 ATSTOVYB\u0116S STRATEGIJA VILNIAUS GEDIMINO TECHNIKOS UNIVERSITETO STUDENT\u0172 ATSTOVYB\u0116S STILIAUS KNYGA VILNIAUS GEDIMINO TECHNIKOS UNIVERSITETO STUDENT\u0172 ATSTOVYB\u0116S\u00a0AKREDITAVIMO\u00a0NUOSTATAI<\/p>","protected":false},"author":2,"featured_media":0,"parent":0,"menu_order":0,"comment_status":"closed","ping_status":"closed","template":"","meta":{"footnotes":""},"class_list":["post-2475","page","type-page","status-publish","hentry"],"_links":{"self":[{"href":"https:\/\/vilniustechsa.lt\/en\/wp-json\/wp\/v2\/pages\/2475","targetHints":{"allow":["GET"]}}],"collection":[{"href":"https:\/\/vilniustechsa.lt\/en\/wp-json\/wp\/v2\/pages"}],"about":[{"href":"https:\/\/vilniustechsa.lt\/en\/wp-json\/wp\/v2\/types\/page"}],"author":[{"embeddable":true,"href":"https:\/\/vilniustechsa.lt\/en\/wp-json\/wp\/v2\/users\/2"}],"replies":[{"embeddable":true,"href":"https:\/\/vilniustechsa.lt\/en\/wp-json\/wp\/v2\/comments?post=2475"}],"version-history":[{"count":64,"href":"https:\/\/vilniustechsa.lt\/en\/wp-json\/wp\/v2\/pages\/2475\/revisions"}],"predecessor-version":[{"id":12370,"href":"https:\/\/vilniustechsa.lt\/en\/wp-json\/wp\/v2\/pages\/2475\/revisions\/12370"}],"wp:attachment":[{"href":"https:\/\/vilniustechsa.lt\/en\/wp-json\/wp\/v2\/media?parent=2475"}],"curies":[{"name":"wp","href":"https:\/\/api.w.org\/{rel}","templated":true}]}}