{"id":2663,"date":"2023-04-16T09:58:25","date_gmt":"2023-04-16T09:58:25","guid":{"rendered":"https:\/\/vilniustechsa.lt\/?page_id=2663"},"modified":"2026-03-31T22:10:06","modified_gmt":"2026-03-31T22:10:06","slug":"aif_kontaktai","status":"publish","type":"page","link":"https:\/\/vilniustechsa.lt\/en\/aif_kontaktai\/","title":{"rendered":"AIF Contacts"},"content":{"rendered":"<div data-elementor-type=\"wp-page\" data-elementor-id=\"2663\" class=\"elementor elementor-2663\">\n\t\t\t\t\t\t<section class=\"elementor-section elementor-top-section elementor-element elementor-element-b2a5284 elementor-section-boxed elementor-section-height-default elementor-section-height-default\" data-id=\"b2a5284\" data-element_type=\"section\">\n\t\t\t\t\t\t<div class=\"elementor-container elementor-column-gap-default\">\n\t\t\t\t\t<div class=\"elementor-column elementor-col-33 elementor-top-column elementor-element elementor-element-4a0c753\" data-id=\"4a0c753\" data-element_type=\"column\">\n\t\t\t<div class=\"elementor-widget-wrap elementor-element-populated\">\n\t\t\t\t\t\t<div class=\"elementor-element elementor-element-9c0318e elementor-widget__width-initial elementor-widget elementor-widget-image\" data-id=\"9c0318e\" data-element_type=\"widget\" data-widget_type=\"image.default\">\n\t\t\t\t<div class=\"elementor-widget-container\">\n\t\t\t\t\t\t\t\t\t\t\t\t\t\t\t<img decoding=\"async\" width=\"1\" height=\"1\" src=\"https:\/\/vilniustechsa.lt\/wp-content\/uploads\/2026\/03\/IMG_6152.heic\" class=\"attachment-medium size-medium wp-image-12308\" alt=\"\" \/>\t\t\t\t\t\t\t\t\t\t\t\t\t\t\t<\/div>\n\t\t\t\t<\/div>\n\t\t\t\t<div class=\"elementor-element elementor-element-0e21349 elementor-widget elementor-widget-heading\" data-id=\"0e21349\" data-element_type=\"widget\" data-widget_type=\"heading.default\">\n\t\t\t\t<div class=\"elementor-widget-container\">\n\t\t\t\t\t<h2 class=\"elementor-heading-title elementor-size-large\"><br>AIST\u0116 ADOMAVI\u010cI\u016aT\u0116<\/h2>\t\t\t\t<\/div>\n\t\t\t\t<\/div>\n\t\t\t\t<div class=\"elementor-element elementor-element-34f4dcf elementor-widget elementor-widget-heading\" data-id=\"34f4dcf\" data-element_type=\"widget\" data-widget_type=\"heading.default\">\n\t\t\t\t<div class=\"elementor-widget-container\">\n\t\t\t\t\t<h3 class=\"elementor-heading-title elementor-size-default\">Chairman<\/h3>\t\t\t\t<\/div>\n\t\t\t\t<\/div>\n\t\t\t\t<div class=\"elementor-element elementor-element-800cb31 elementor-widget elementor-widget-text-editor\" data-id=\"800cb31\" data-element_type=\"widget\" data-widget_type=\"text-editor.default\">\n\t\t\t\t<div class=\"elementor-widget-container\">\n\t\t\t\t\t\t\t\t\t<p>Email: <a href=\"mailto:pirmininkas@aif.vilniustechsa.lt\">pirmininkas@aif.vilniustechsa.lt<\/a><\/p><p>Tel.nr.: <span style=\"font-weight: 400\">+37064920801<\/span><\/p><p><br style=\"font-weight: 400\" \/><br style=\"font-weight: 400\" \/><\/p>\t\t\t\t\t\t\t\t<\/div>\n\t\t\t\t<\/div>\n\t\t\t\t\t<\/div>\n\t\t<\/div>\n\t\t\t\t<div class=\"elementor-column elementor-col-33 elementor-top-column elementor-element elementor-element-498d788\" data-id=\"498d788\" data-element_type=\"column\">\n\t\t\t<div class=\"elementor-widget-wrap elementor-element-populated\">\n\t\t\t\t\t\t<div class=\"elementor-element elementor-element-8a91d60 elementor-widget elementor-widget-image\" data-id=\"8a91d60\" data-element_type=\"widget\" data-widget_type=\"image.default\">\n\t\t\t\t<div class=\"elementor-widget-container\">\n\t\t\t\t\t\t\t\t\t\t\t\t\t\t\t<img decoding=\"async\" width=\"1\" height=\"1\" src=\"https:\/\/vilniustechsa.lt\/wp-content\/uploads\/2026\/03\/IMG_6154.heic\" class=\"attachment-medium size-medium wp-image-12309\" alt=\"\" \/>\t\t\t\t\t\t\t\t\t\t\t\t\t\t\t<\/div>\n\t\t\t\t<\/div>\n\t\t\t\t<div class=\"elementor-element elementor-element-bd0dc34 elementor-widget elementor-widget-heading\" data-id=\"bd0dc34\" data-element_type=\"widget\" data-widget_type=\"heading.default\">\n\t\t\t\t<div class=\"elementor-widget-container\">\n\t\t\t\t\t<h2 class=\"elementor-heading-title elementor-size-large\">IEVA PADRIBONAIT\u0116<\/h2>\t\t\t\t<\/div>\n\t\t\t\t<\/div>\n\t\t\t\t<div class=\"elementor-element elementor-element-3e71137 elementor-widget elementor-widget-heading\" data-id=\"3e71137\" data-element_type=\"widget\" data-widget_type=\"heading.default\">\n\t\t\t\t<div class=\"elementor-widget-container\">\n\t\t\t\t\t<h3 class=\"elementor-heading-title elementor-size-default\">Vice-Chairman<\/h3>\t\t\t\t<\/div>\n\t\t\t\t<\/div>\n\t\t\t\t<div class=\"elementor-element elementor-element-df93b19 elementor-widget elementor-widget-text-editor\" data-id=\"df93b19\" data-element_type=\"widget\" data-widget_type=\"text-editor.default\">\n\t\t\t\t<div class=\"elementor-widget-container\">\n\t\t\t\t\t\t\t\t\t<p>Email: <a href=\"mailto:vice@aif.vilniustechsa.lt\">vice@aif.vilniustechsa.lt<\/a><\/p><p>Tel.nr.:+37060828457<\/p>\t\t\t\t\t\t\t\t<\/div>\n\t\t\t\t<\/div>\n\t\t\t\t\t<\/div>\n\t\t<\/div>\n\t\t\t\t<div class=\"elementor-column elementor-col-33 elementor-top-column elementor-element elementor-element-9be0a2a\" data-id=\"9be0a2a\" data-element_type=\"column\">\n\t\t\t<div class=\"elementor-widget-wrap elementor-element-populated\">\n\t\t\t\t\t\t<div class=\"elementor-element elementor-element-0774f9e elementor-widget elementor-widget-image\" data-id=\"0774f9e\" data-element_type=\"widget\" data-widget_type=\"image.default\">\n\t\t\t\t<div class=\"elementor-widget-container\">\n\t\t\t\t\t\t\t\t\t\t\t\t\t\t\t<img decoding=\"async\" width=\"1\" height=\"1\" src=\"https:\/\/vilniustechsa.lt\/wp-content\/uploads\/2026\/03\/IMG_6215.heic\" class=\"attachment-medium size-medium wp-image-12312\" alt=\"\" \/>\t\t\t\t\t\t\t\t\t\t\t\t\t\t\t<\/div>\n\t\t\t\t<\/div>\n\t\t\t\t<div class=\"elementor-element elementor-element-24f16fd elementor-widget elementor-widget-heading\" data-id=\"24f16fd\" data-element_type=\"widget\" data-widget_type=\"heading.default\">\n\t\t\t\t<div class=\"elementor-widget-container\">\n\t\t\t\t\t<h2 class=\"elementor-heading-title elementor-size-large\">DOMANTAS DARGIS<\/h2>\t\t\t\t<\/div>\n\t\t\t\t<\/div>\n\t\t\t\t<div class=\"elementor-element elementor-element-5afd247 elementor-widget elementor-widget-heading\" data-id=\"5afd247\" data-element_type=\"widget\" data-widget_type=\"heading.default\">\n\t\t\t\t<div class=\"elementor-widget-container\">\n\t\t\t\t\t<h3 class=\"elementor-heading-title elementor-size-default\">Socialini\u0173 ir akademiniSDA\u0173 reikal\u0173 koordinatorius<\/h3>\t\t\t\t<\/div>\n\t\t\t\t<\/div>\n\t\t\t\t<div class=\"elementor-element elementor-element-38025e2 elementor-widget elementor-widget-text-editor\" data-id=\"38025e2\" data-element_type=\"widget\" data-widget_type=\"text-editor.default\">\n\t\t\t\t<div class=\"elementor-widget-container\">\n\t\t\t\t\t\t\t\t\t<p>Email: <a href=\"mailto:sark@aif.vilniustechsa.lt\">sark@aif.vilniustechsa.lt<\/a><\/p><p>Tel.nr.: <span style=\"font-weight: 400\">+37067472279<\/span><\/p>\t\t\t\t\t\t\t\t<\/div>\n\t\t\t\t<\/div>\n\t\t\t\t\t<\/div>\n\t\t<\/div>\n\t\t\t\t\t<\/div>\n\t\t<\/section>\n\t\t\t\t<section class=\"elementor-section elementor-top-section elementor-element elementor-element-ea741f3 elementor-section-boxed elementor-section-height-default elementor-section-height-default\" data-id=\"ea741f3\" data-element_type=\"section\">\n\t\t\t\t\t\t<div class=\"elementor-container elementor-column-gap-default\">\n\t\t\t\t\t<div class=\"elementor-column elementor-col-33 elementor-top-column elementor-element elementor-element-8326f8b\" data-id=\"8326f8b\" data-element_type=\"column\">\n\t\t\t<div class=\"elementor-widget-wrap elementor-element-populated\">\n\t\t\t\t\t\t<div class=\"elementor-element elementor-element-e1a6851 elementor-widget elementor-widget-image\" data-id=\"e1a6851\" data-element_type=\"widget\" data-widget_type=\"image.default\">\n\t\t\t\t<div class=\"elementor-widget-container\">\n\t\t\t\t\t\t\t\t\t\t\t\t\t\t\t<img loading=\"lazy\" decoding=\"async\" width=\"1\" height=\"1\" src=\"https:\/\/vilniustechsa.lt\/wp-content\/uploads\/2026\/03\/IMG_6218.heic\" class=\"attachment-medium size-medium wp-image-12313\" alt=\"\" \/>\t\t\t\t\t\t\t\t\t\t\t\t\t\t\t<\/div>\n\t\t\t\t<\/div>\n\t\t\t\t<div class=\"elementor-element elementor-element-3367e67 elementor-widget elementor-widget-heading\" data-id=\"3367e67\" data-element_type=\"widget\" data-widget_type=\"heading.default\">\n\t\t\t\t<div class=\"elementor-widget-container\">\n\t\t\t\t\t<h2 class=\"elementor-heading-title elementor-size-large\">EVALDAS VEZANAS<\/h2>\t\t\t\t<\/div>\n\t\t\t\t<\/div>\n\t\t\t\t<div class=\"elementor-element elementor-element-ce012b1 elementor-widget elementor-widget-heading\" data-id=\"ce012b1\" data-element_type=\"widget\" data-widget_type=\"heading.default\">\n\t\t\t\t<div class=\"elementor-widget-container\">\n\t\t\t\t\t<h3 class=\"elementor-heading-title elementor-size-default\">Marketing Coordinator<\/h3>\t\t\t\t<\/div>\n\t\t\t\t<\/div>\n\t\t\t\t<div class=\"elementor-element elementor-element-64720f3 elementor-widget elementor-widget-text-editor\" data-id=\"64720f3\" data-element_type=\"widget\" data-widget_type=\"text-editor.default\">\n\t\t\t\t<div class=\"elementor-widget-container\">\n\t\t\t\t\t\t\t\t\t<p>Email: <a href=\"mailto:rinkodara@aif.vilniustechsa.lt\">rinkodara@aif.vilniustechsa.lt<\/a><\/p><p>Tel.nr.: +37060626972<\/p>\t\t\t\t\t\t\t\t<\/div>\n\t\t\t\t<\/div>\n\t\t\t\t\t<\/div>\n\t\t<\/div>\n\t\t\t\t<div class=\"elementor-column elementor-col-33 elementor-top-column elementor-element elementor-element-5bd5de7\" data-id=\"5bd5de7\" data-element_type=\"column\">\n\t\t\t<div class=\"elementor-widget-wrap elementor-element-populated\">\n\t\t\t\t\t\t<div class=\"elementor-element elementor-element-a680aa3 elementor-widget elementor-widget-image\" data-id=\"a680aa3\" data-element_type=\"widget\" data-widget_type=\"image.default\">\n\t\t\t\t<div class=\"elementor-widget-container\">\n\t\t\t\t\t\t\t\t\t\t\t\t\t\t\t<img loading=\"lazy\" decoding=\"async\" width=\"1\" height=\"1\" src=\"https:\/\/vilniustechsa.lt\/wp-content\/uploads\/2026\/03\/IMG_6229-2.heic\" class=\"attachment-medium size-medium wp-image-12333\" alt=\"\" \/>\t\t\t\t\t\t\t\t\t\t\t\t\t\t\t<\/div>\n\t\t\t\t<\/div>\n\t\t\t\t<div class=\"elementor-element elementor-element-8f28cd5 elementor-widget elementor-widget-heading\" data-id=\"8f28cd5\" data-element_type=\"widget\" data-widget_type=\"heading.default\">\n\t\t\t\t<div class=\"elementor-widget-container\">\n\t\t\t\t\t<h2 class=\"elementor-heading-title elementor-size-large\">GUST\u0116 A\u0160MENSKAIT\u0116 IR PATRICIJA KAVALIAUSKAIT\u0116<\/h2>\t\t\t\t<\/div>\n\t\t\t\t<\/div>\n\t\t\t\t<div class=\"elementor-element elementor-element-1866883 elementor-widget elementor-widget-heading\" data-id=\"1866883\" data-element_type=\"widget\" data-widget_type=\"heading.default\">\n\t\t\t\t<div class=\"elementor-widget-container\">\n\t\t\t\t\t<h3 class=\"elementor-heading-title elementor-size-default\">Public relations coordinator<\/h3>\t\t\t\t<\/div>\n\t\t\t\t<\/div>\n\t\t\t\t<div class=\"elementor-element elementor-element-b970bad elementor-widget elementor-widget-text-editor\" data-id=\"b970bad\" data-element_type=\"widget\" data-widget_type=\"text-editor.default\">\n\t\t\t\t<div class=\"elementor-widget-container\">\n\t\t\t\t\t\t\t\t\t<p>Email: \u00a0 <a href=\"mailto:rsv@aif.vilniustechsa.lt\">rsv@aif.vilniustechsa.lt<\/a><\/p><p>Tel.nr.: +37065435467<\/p>\t\t\t\t\t\t\t\t<\/div>\n\t\t\t\t<\/div>\n\t\t\t\t\t<\/div>\n\t\t<\/div>\n\t\t\t\t<div class=\"elementor-column elementor-col-33 elementor-top-column elementor-element elementor-element-5843534\" data-id=\"5843534\" data-element_type=\"column\">\n\t\t\t<div class=\"elementor-widget-wrap elementor-element-populated\">\n\t\t\t\t\t\t<div class=\"elementor-element elementor-element-b0a1589 elementor-widget elementor-widget-image\" data-id=\"b0a1589\" data-element_type=\"widget\" data-widget_type=\"image.default\">\n\t\t\t\t<div class=\"elementor-widget-container\">\n\t\t\t\t\t\t\t\t\t\t\t\t\t\t\t<img loading=\"lazy\" decoding=\"async\" width=\"1\" height=\"1\" src=\"https:\/\/vilniustechsa.lt\/wp-content\/uploads\/2026\/03\/IMG_6204.heic\" class=\"attachment-medium size-medium wp-image-12311\" alt=\"\" \/>\t\t\t\t\t\t\t\t\t\t\t\t\t\t\t<\/div>\n\t\t\t\t<\/div>\n\t\t\t\t<div class=\"elementor-element elementor-element-c548171 elementor-widget elementor-widget-heading\" data-id=\"c548171\" data-element_type=\"widget\" data-widget_type=\"heading.default\">\n\t\t\t\t<div class=\"elementor-widget-container\">\n\t\t\t\t\t<h2 class=\"elementor-heading-title elementor-size-large\">VINCAS LIDEIKA<\/h2>\t\t\t\t<\/div>\n\t\t\t\t<\/div>\n\t\t\t\t<div class=\"elementor-element elementor-element-10da8f5 elementor-widget elementor-widget-heading\" data-id=\"10da8f5\" data-element_type=\"widget\" data-widget_type=\"heading.default\">\n\t\t\t\t<div class=\"elementor-widget-container\">\n\t\t\t\t\t<h3 class=\"elementor-heading-title elementor-size-default\">Human Resources Coordinator<\/h3>\t\t\t\t<\/div>\n\t\t\t\t<\/div>\n\t\t\t\t<div class=\"elementor-element elementor-element-4ba948e elementor-widget elementor-widget-text-editor\" data-id=\"4ba948e\" data-element_type=\"widget\" data-widget_type=\"text-editor.default\">\n\t\t\t\t<div class=\"elementor-widget-container\">\n\t\t\t\t\t\t\t\t\t<p>Email: \u00a0 \u00a0<a href=\"mailto:hr@aif.vilniustechsa.lt\">hr@aif.vilniustechsa.lt<\/a><\/p><p>Tel.nr.: +3706<span style=\"font-weight: 400\">4049595<\/span><\/p>\t\t\t\t\t\t\t\t<\/div>\n\t\t\t\t<\/div>\n\t\t\t\t\t<\/div>\n\t\t<\/div>\n\t\t\t\t\t<\/div>\n\t\t<\/section>\n\t\t\t\t<section class=\"elementor-section elementor-top-section elementor-element elementor-element-b7ad7ac elementor-section-boxed elementor-section-height-default elementor-section-height-default\" data-id=\"b7ad7ac\" data-element_type=\"section\">\n\t\t\t\t\t\t<div class=\"elementor-container elementor-column-gap-default\">\n\t\t\t\t\t<div class=\"elementor-column elementor-col-100 elementor-top-column elementor-element elementor-element-6f5d398\" data-id=\"6f5d398\" data-element_type=\"column\">\n\t\t\t<div class=\"elementor-widget-wrap elementor-element-populated\">\n\t\t\t\t\t\t<div class=\"elementor-element elementor-element-88f7553 elementor-shape-circle e-grid-align-tablet-center elementor-grid-0 e-grid-align-center elementor-widget elementor-widget-social-icons\" data-id=\"88f7553\" data-element_type=\"widget\" data-widget_type=\"social-icons.default\">\n\t\t\t\t<div class=\"elementor-widget-container\">\n\t\t\t\t\t\t\t<div class=\"elementor-social-icons-wrapper elementor-grid\" role=\"list\">\n\t\t\t\t\t\t\t<span class=\"elementor-grid-item\" role=\"listitem\">\n\t\t\t\t\t<a class=\"elementor-icon elementor-social-icon elementor-social-icon-facebook elementor-repeater-item-4f91557\" href=\"https:\/\/www.facebook.com\/vilniustechsaaif\" target=\"_blank\">\n\t\t\t\t\t\t<span class=\"elementor-screen-only\">Facebook<\/span>\n\t\t\t\t\t\t<i aria-hidden=\"true\" class=\"fab fa-facebook\"><\/i>\t\t\t\t\t<\/a>\n\t\t\t\t<\/span>\n\t\t\t\t\t\t\t<span class=\"elementor-grid-item\" role=\"listitem\">\n\t\t\t\t\t<a class=\"elementor-icon elementor-social-icon elementor-social-icon-instagram elementor-repeater-item-c2c86e0\" href=\"https:\/\/www.instagram.com\/vilniustech_sa_aif\/\" target=\"_blank\">\n\t\t\t\t\t\t<span class=\"elementor-screen-only\">Instagram<\/span>\n\t\t\t\t\t\t<i aria-hidden=\"true\" class=\"fab fa-instagram\"><\/i>\t\t\t\t\t<\/a>\n\t\t\t\t<\/span>\n\t\t\t\t\t<\/div>\n\t\t\t\t\t\t<\/div>\n\t\t\t\t<\/div>\n\t\t\t\t\t<\/div>\n\t\t<\/div>\n\t\t\t\t\t<\/div>\n\t\t<\/section>\n\t\t\t\t<\/div>","protected":false},"excerpt":{"rendered":"<p>AIST\u0116 ADOMAVI\u010cI\u016aT\u0116 Pirminink\u0117 El.pa\u0161tas: pirmininkas@aif.vilniustechsa.lt Tel.nr.: +37064920801 IEVA PADRIBONAIT\u0116 Vicepirminink\u0117 El.pa\u0161tas: vice@aif.vilniustechsa.lt Tel.nr.:+37060828457 DOMANTAS DARGIS Socialini\u0173 ir akademiniSDA\u0173 reikal\u0173 koordinatorius El.pa\u0161tas: sark@aif.vilniustechsa.lt Tel.nr.: +37067472279 EVALDAS VEZANAS Rinkodaros koordinator\u0117 El.pa\u0161tas: rinkodara@aif.vilniustechsa.lt Tel.nr.: +37060626972 GUST\u0116 A\u0160MENSKAIT\u0116 IR PATRICIJA KAVALIAUSKAIT\u0116 Ry\u0161i\u0173 su visuomene koordinator\u0117s El.pa\u0161tas: \u00a0 rsv@aif.vilniustechsa.lt Tel.nr.: +37065435467 VINCAS LIDEIKA \u017dmogi\u0161k\u0173j\u0173 i\u0161tekli\u0173 koordinatorius El,pa\u0161tas: \u00a0 \u00a0hr@aif.vilniustechsa.lt Tel.nr.:&hellip;<\/p>","protected":false},"author":6,"featured_media":0,"parent":0,"menu_order":0,"comment_status":"closed","ping_status":"closed","template":"","meta":{"footnotes":""},"class_list":["post-2663","page","type-page","status-publish","hentry"],"_links":{"self":[{"href":"https:\/\/vilniustechsa.lt\/en\/wp-json\/wp\/v2\/pages\/2663","targetHints":{"allow":["GET"]}}],"collection":[{"href":"https:\/\/vilniustechsa.lt\/en\/wp-json\/wp\/v2\/pages"}],"about":[{"href":"https:\/\/vilniustechsa.lt\/en\/wp-json\/wp\/v2\/types\/page"}],"author":[{"embeddable":true,"href":"https:\/\/vilniustechsa.lt\/en\/wp-json\/wp\/v2\/users\/6"}],"replies":[{"embeddable":true,"href":"https:\/\/vilniustechsa.lt\/en\/wp-json\/wp\/v2\/comments?post=2663"}],"version-history":[{"count":34,"href":"https:\/\/vilniustechsa.lt\/en\/wp-json\/wp\/v2\/pages\/2663\/revisions"}],"predecessor-version":[{"id":12336,"href":"https:\/\/vilniustechsa.lt\/en\/wp-json\/wp\/v2\/pages\/2663\/revisions\/12336"}],"wp:attachment":[{"href":"https:\/\/vilniustechsa.lt\/en\/wp-json\/wp\/v2\/media?parent=2663"}],"curies":[{"name":"wp","href":"https:\/\/api.w.org\/{rel}","templated":true}]}}