{"id":2664,"date":"2023-04-16T09:58:30","date_gmt":"2023-04-16T09:58:30","guid":{"rendered":"https:\/\/vilniustechsa.lt\/?page_id=2664"},"modified":"2026-03-16T17:59:24","modified_gmt":"2026-03-16T17:59:24","slug":"agai_kontaktai","status":"publish","type":"page","link":"https:\/\/vilniustechsa.lt\/en\/agai_kontaktai\/","title":{"rendered":"AGAI Contacts"},"content":{"rendered":"<div data-elementor-type=\"wp-page\" data-elementor-id=\"2664\" class=\"elementor elementor-2664\">\n\t\t\t\t\t\t<section class=\"elementor-section elementor-top-section elementor-element elementor-element-b2a5284 elementor-section-boxed elementor-section-height-default elementor-section-height-default\" data-id=\"b2a5284\" data-element_type=\"section\">\n\t\t\t\t\t\t<div class=\"elementor-container elementor-column-gap-default\">\n\t\t\t\t\t<div class=\"elementor-column elementor-col-33 elementor-top-column elementor-element elementor-element-4a0c753\" data-id=\"4a0c753\" data-element_type=\"column\">\n\t\t\t<div class=\"elementor-widget-wrap elementor-element-populated\">\n\t\t\t\t\t\t<div class=\"elementor-element elementor-element-9c0318e elementor-widget elementor-widget-image\" data-id=\"9c0318e\" data-element_type=\"widget\" data-widget_type=\"image.default\">\n\t\t\t\t<div class=\"elementor-widget-container\">\n\t\t\t\t\t\t\t\t\t\t\t\t\t\t\t<img fetchpriority=\"high\" decoding=\"async\" width=\"1006\" height=\"1024\" src=\"https:\/\/vilniustechsa.lt\/wp-content\/uploads\/2026\/03\/20251117_151asdafdhsdgas649-1006x1024.jpg\" class=\"attachment-large size-large wp-image-12055\" alt=\"\" srcset=\"https:\/\/vilniustechsa.lt\/wp-content\/uploads\/2026\/03\/20251117_151asdafdhsdgas649-1006x1024.jpg 1006w, https:\/\/vilniustechsa.lt\/wp-content\/uploads\/2026\/03\/20251117_151asdafdhsdgas649-295x300.jpg 295w, https:\/\/vilniustechsa.lt\/wp-content\/uploads\/2026\/03\/20251117_151asdafdhsdgas649-147x150.jpg 147w, https:\/\/vilniustechsa.lt\/wp-content\/uploads\/2026\/03\/20251117_151asdafdhsdgas649-768x782.jpg 768w, https:\/\/vilniustechsa.lt\/wp-content\/uploads\/2026\/03\/20251117_151asdafdhsdgas649-1509x1536.jpg 1509w, https:\/\/vilniustechsa.lt\/wp-content\/uploads\/2026\/03\/20251117_151asdafdhsdgas649-12x12.jpg 12w, https:\/\/vilniustechsa.lt\/wp-content\/uploads\/2026\/03\/20251117_151asdafdhsdgas649.jpg 1929w\" sizes=\"(max-width: 1006px) 100vw, 1006px\" \/>\t\t\t\t\t\t\t\t\t\t\t\t\t\t\t<\/div>\n\t\t\t\t<\/div>\n\t\t\t\t<div class=\"elementor-element elementor-element-0e21349 elementor-widget elementor-widget-heading\" data-id=\"0e21349\" data-element_type=\"widget\" data-widget_type=\"heading.default\">\n\t\t\t\t<div class=\"elementor-widget-container\">\n\t\t\t\t\t<h2 class=\"elementor-heading-title elementor-size-large\">PATRICIJA <br>SAMULYT\u0116<\/h2>\t\t\t\t<\/div>\n\t\t\t\t<\/div>\n\t\t\t\t<div class=\"elementor-element elementor-element-bfbe1da elementor-widget elementor-widget-heading\" data-id=\"bfbe1da\" data-element_type=\"widget\" data-widget_type=\"heading.default\">\n\t\t\t\t<div class=\"elementor-widget-container\">\n\t\t\t\t\t<h3 class=\"elementor-heading-title elementor-size-default\">Chairman<\/h3>\t\t\t\t<\/div>\n\t\t\t\t<\/div>\n\t\t\t\t<div class=\"elementor-element elementor-element-800cb31 elementor-widget elementor-widget-text-editor\" data-id=\"800cb31\" data-element_type=\"widget\" data-widget_type=\"text-editor.default\">\n\t\t\t\t<div class=\"elementor-widget-container\">\n\t\t\t\t\t\t\t\t\t<p>Email: <a href=\"mailto:pirmininkas@agai.vilniustechsa.lt\">pirmininkas@agai.vilniustechsa.lt<\/a><\/p><p>Tel.nr.: <a href=\"tel:+37061733391\"><span class=\"x4k7w5x x1h91t0o x1h9r5lt x1jfb8zj xv2umb2 x1beo9mf xaigb6o x12ejxvf x3igimt xarpa2k xedcshv x1lytzrv x1t2pt76 x7ja8zs x1qrby5j\"><span class=\"x193iq5w xeuugli x13faqbe x1vvkbs x1xmvt09 x1lliihq x1s928wv xhkezso x1gmr53x x1cpjm7i x1fgarty x1943h6x xudqn12 x3x7a5m x6prxxf xvq8zen xo1l8bm xzsf02u\" dir=\"auto\">+370 617 33391<\/span><\/span><\/a><\/p>\t\t\t\t\t\t\t\t<\/div>\n\t\t\t\t<\/div>\n\t\t\t\t\t<\/div>\n\t\t<\/div>\n\t\t\t\t<div class=\"elementor-column elementor-col-33 elementor-top-column elementor-element elementor-element-498d788\" data-id=\"498d788\" data-element_type=\"column\">\n\t\t\t<div class=\"elementor-widget-wrap elementor-element-populated\">\n\t\t\t\t\t\t<div class=\"elementor-element elementor-element-8a91d60 elementor-widget elementor-widget-image\" data-id=\"8a91d60\" data-element_type=\"widget\" data-widget_type=\"image.default\">\n\t\t\t\t<div class=\"elementor-widget-container\">\n\t\t\t\t\t\t\t\t\t\t\t\t\t\t\t<img decoding=\"async\" width=\"1024\" height=\"1024\" src=\"https:\/\/vilniustechsa.lt\/wp-content\/uploads\/2026\/03\/20251117_151609-1024x1024.jpg\" class=\"attachment-large size-large wp-image-12053\" alt=\"\" srcset=\"https:\/\/vilniustechsa.lt\/wp-content\/uploads\/2026\/03\/20251117_151609-1024x1024.jpg 1024w, https:\/\/vilniustechsa.lt\/wp-content\/uploads\/2026\/03\/20251117_151609-300x300.jpg 300w, https:\/\/vilniustechsa.lt\/wp-content\/uploads\/2026\/03\/20251117_151609-150x150.jpg 150w, https:\/\/vilniustechsa.lt\/wp-content\/uploads\/2026\/03\/20251117_151609-768x768.jpg 768w, https:\/\/vilniustechsa.lt\/wp-content\/uploads\/2026\/03\/20251117_151609-1536x1536.jpg 1536w, https:\/\/vilniustechsa.lt\/wp-content\/uploads\/2026\/03\/20251117_151609-12x12.jpg 12w, https:\/\/vilniustechsa.lt\/wp-content\/uploads\/2026\/03\/20251117_151609-512x512.jpg 512w, https:\/\/vilniustechsa.lt\/wp-content\/uploads\/2026\/03\/20251117_151609.jpg 1936w\" sizes=\"(max-width: 1024px) 100vw, 1024px\" \/>\t\t\t\t\t\t\t\t\t\t\t\t\t\t\t<\/div>\n\t\t\t\t<\/div>\n\t\t\t\t<div class=\"elementor-element elementor-element-bd0dc34 elementor-widget elementor-widget-heading\" data-id=\"bd0dc34\" data-element_type=\"widget\" data-widget_type=\"heading.default\">\n\t\t\t\t<div class=\"elementor-widget-container\">\n\t\t\t\t\t<h2 class=\"elementor-heading-title elementor-size-large\">NIKITA ZUBOV<\/h2>\t\t\t\t<\/div>\n\t\t\t\t<\/div>\n\t\t\t\t<div class=\"elementor-element elementor-element-c722e51 elementor-widget elementor-widget-heading\" data-id=\"c722e51\" data-element_type=\"widget\" data-widget_type=\"heading.default\">\n\t\t\t\t<div class=\"elementor-widget-container\">\n\t\t\t\t\t<h3 class=\"elementor-heading-title elementor-size-default\">Vice-Chairman<\/h3>\t\t\t\t<\/div>\n\t\t\t\t<\/div>\n\t\t\t\t<div class=\"elementor-element elementor-element-df93b19 elementor-widget elementor-widget-text-editor\" data-id=\"df93b19\" data-element_type=\"widget\" data-widget_type=\"text-editor.default\">\n\t\t\t\t<div class=\"elementor-widget-container\">\n\t\t\t\t\t\t\t\t\t<p>Email: <a href=\"mailto:vice@agai.vilniustechsa.lt\">vice@agai.vilniustechsa.lt<\/a><\/p><p>Tel.nr.: <a href=\"tel:+37060850833\">+370 608 50833<\/a><\/p>\t\t\t\t\t\t\t\t<\/div>\n\t\t\t\t<\/div>\n\t\t\t\t\t<\/div>\n\t\t<\/div>\n\t\t\t\t<div class=\"elementor-column elementor-col-33 elementor-top-column elementor-element elementor-element-9be0a2a\" data-id=\"9be0a2a\" data-element_type=\"column\">\n\t\t\t<div class=\"elementor-widget-wrap elementor-element-populated\">\n\t\t\t\t\t\t<div class=\"elementor-element elementor-element-0774f9e elementor-widget elementor-widget-image\" data-id=\"0774f9e\" data-element_type=\"widget\" data-widget_type=\"image.default\">\n\t\t\t\t<div class=\"elementor-widget-container\">\n\t\t\t\t\t\t\t\t\t\t\t\t\t\t\t<img decoding=\"async\" width=\"1024\" height=\"868\" src=\"https:\/\/vilniustechsa.lt\/wp-content\/uploads\/2026\/03\/20251117_151asda351-1024x868.jpg\" class=\"attachment-large size-large wp-image-12052\" alt=\"\" srcset=\"https:\/\/vilniustechsa.lt\/wp-content\/uploads\/2026\/03\/20251117_151asda351-1024x868.jpg 1024w, https:\/\/vilniustechsa.lt\/wp-content\/uploads\/2026\/03\/20251117_151asda351-300x254.jpg 300w, https:\/\/vilniustechsa.lt\/wp-content\/uploads\/2026\/03\/20251117_151asda351-150x127.jpg 150w, https:\/\/vilniustechsa.lt\/wp-content\/uploads\/2026\/03\/20251117_151asda351-768x651.jpg 768w, https:\/\/vilniustechsa.lt\/wp-content\/uploads\/2026\/03\/20251117_151asda351-1536x1302.jpg 1536w, https:\/\/vilniustechsa.lt\/wp-content\/uploads\/2026\/03\/20251117_151asda351-2048x1735.jpg 2048w, https:\/\/vilniustechsa.lt\/wp-content\/uploads\/2026\/03\/20251117_151asda351-14x12.jpg 14w\" sizes=\"(max-width: 1024px) 100vw, 1024px\" \/>\t\t\t\t\t\t\t\t\t\t\t\t\t\t\t<\/div>\n\t\t\t\t<\/div>\n\t\t\t\t<div class=\"elementor-element elementor-element-24f16fd elementor-widget elementor-widget-heading\" data-id=\"24f16fd\" data-element_type=\"widget\" data-widget_type=\"heading.default\">\n\t\t\t\t<div class=\"elementor-widget-container\">\n\t\t\t\t\t<h2 class=\"elementor-heading-title elementor-size-large\">SAUL\u0116 <br>VAIDAKAVI\u010cI\u016aT\u0116 IR RIDAS MILIUKAS<\/h2>\t\t\t\t<\/div>\n\t\t\t\t<\/div>\n\t\t\t\t<div class=\"elementor-element elementor-element-7f613e4 elementor-widget elementor-widget-heading\" data-id=\"7f613e4\" data-element_type=\"widget\" data-widget_type=\"heading.default\">\n\t\t\t\t<div class=\"elementor-widget-container\">\n\t\t\t\t\t<h3 class=\"elementor-heading-title elementor-size-default\">Social and Academic Affairs Coordinators<\/h3>\t\t\t\t<\/div>\n\t\t\t\t<\/div>\n\t\t\t\t<div class=\"elementor-element elementor-element-38025e2 elementor-widget elementor-widget-text-editor\" data-id=\"38025e2\" data-element_type=\"widget\" data-widget_type=\"text-editor.default\">\n\t\t\t\t<div class=\"elementor-widget-container\">\n\t\t\t\t\t\t\t\t\t<p>Email: <a href=\"mailto:sark@agai.vilniustechsa.lt\">sark@agai.vilniustechsa.lt<\/a><\/p><p>Tel.nr.:<a href=\"tel:+37061793267\"><span class=\"x4k7w5x x1h91t0o x1h9r5lt x1jfb8zj xv2umb2 x1beo9mf xaigb6o x12ejxvf x3igimt xarpa2k xedcshv x1lytzrv x1t2pt76 x7ja8zs x1qrby5j\"><span class=\"xeuugli x18c0a79 xu37r0v x1fj9vlw x13faqbe x1vvkbs xuwz08h x14g2gp5 x1fxoii6 xrxb4jq x14ognje x5jzov0 xya83n1 x1lliihq x1s928wv xhkezso x1gmr53x x1cpjm7i x1fgarty x1943h6x x1bsfjaj\" dir=\"auto\">+370 617 93267<\/span><\/span><\/a><br \/>Tel.nr.:<a href=\"tel:+37067963107\"><span class=\"x4k7w5x x1h91t0o x1h9r5lt x1jfb8zj xv2umb2 x1beo9mf xaigb6o x12ejxvf x3igimt xarpa2k xedcshv x1lytzrv x1t2pt76 x7ja8zs x1qrby5j\"><span class=\"xeuugli x18c0a79 xu37r0v x1fj9vlw x13faqbe x1vvkbs xuwz08h x14g2gp5 x1fxoii6 xrxb4jq x14ognje x5jzov0 xya83n1 x1lliihq x1s928wv xhkezso x1gmr53x x1cpjm7i x1fgarty x1943h6x x1bsfjaj\" dir=\"auto\">+370 679 63107<\/span><\/span><\/a><\/p>\t\t\t\t\t\t\t\t<\/div>\n\t\t\t\t<\/div>\n\t\t\t\t\t<\/div>\n\t\t<\/div>\n\t\t\t\t\t<\/div>\n\t\t<\/section>\n\t\t\t\t<section class=\"elementor-section elementor-top-section elementor-element elementor-element-ea741f3 elementor-section-boxed elementor-section-height-default elementor-section-height-default\" data-id=\"ea741f3\" data-element_type=\"section\">\n\t\t\t\t\t\t<div class=\"elementor-container elementor-column-gap-default\">\n\t\t\t\t\t<div class=\"elementor-column elementor-col-33 elementor-top-column elementor-element elementor-element-8326f8b\" data-id=\"8326f8b\" data-element_type=\"column\">\n\t\t\t<div class=\"elementor-widget-wrap elementor-element-populated\">\n\t\t\t\t\t\t<div class=\"elementor-element elementor-element-e1a6851 elementor-widget elementor-widget-image\" data-id=\"e1a6851\" data-element_type=\"widget\" data-widget_type=\"image.default\">\n\t\t\t\t<div class=\"elementor-widget-container\">\n\t\t\t\t\t\t\t\t\t\t\t\t\t\t\t<img loading=\"lazy\" decoding=\"async\" width=\"1024\" height=\"704\" src=\"https:\/\/vilniustechsa.lt\/wp-content\/uploads\/2026\/03\/IMG_257sadasd1-1024x704.jpg\" class=\"attachment-large size-large wp-image-12049\" alt=\"\" srcset=\"https:\/\/vilniustechsa.lt\/wp-content\/uploads\/2026\/03\/IMG_257sadasd1-1024x704.jpg 1024w, https:\/\/vilniustechsa.lt\/wp-content\/uploads\/2026\/03\/IMG_257sadasd1-300x206.jpg 300w, https:\/\/vilniustechsa.lt\/wp-content\/uploads\/2026\/03\/IMG_257sadasd1-150x103.jpg 150w, https:\/\/vilniustechsa.lt\/wp-content\/uploads\/2026\/03\/IMG_257sadasd1-768x528.jpg 768w, https:\/\/vilniustechsa.lt\/wp-content\/uploads\/2026\/03\/IMG_257sadasd1-1536x1056.jpg 1536w, https:\/\/vilniustechsa.lt\/wp-content\/uploads\/2026\/03\/IMG_257sadasd1-2048x1408.jpg 2048w, https:\/\/vilniustechsa.lt\/wp-content\/uploads\/2026\/03\/IMG_257sadasd1-18x12.jpg 18w\" sizes=\"(max-width: 1024px) 100vw, 1024px\" \/>\t\t\t\t\t\t\t\t\t\t\t\t\t\t\t<\/div>\n\t\t\t\t<\/div>\n\t\t\t\t<div class=\"elementor-element elementor-element-3367e67 elementor-widget elementor-widget-heading\" data-id=\"3367e67\" data-element_type=\"widget\" data-widget_type=\"heading.default\">\n\t\t\t\t<div class=\"elementor-widget-container\">\n\t\t\t\t\t<h2 class=\"elementor-heading-title elementor-size-large\">RAPOLAS NORVAI\u0160AS IR EDGARAS NAIMAVI\u010cIUS<\/h2>\t\t\t\t<\/div>\n\t\t\t\t<\/div>\n\t\t\t\t<div class=\"elementor-element elementor-element-c434655 elementor-widget elementor-widget-heading\" data-id=\"c434655\" data-element_type=\"widget\" data-widget_type=\"heading.default\">\n\t\t\t\t<div class=\"elementor-widget-container\">\n\t\t\t\t\t<h3 class=\"elementor-heading-title elementor-size-default\">Marketing Coordinators<\/h3>\t\t\t\t<\/div>\n\t\t\t\t<\/div>\n\t\t\t\t<div class=\"elementor-element elementor-element-64720f3 elementor-widget elementor-widget-text-editor\" data-id=\"64720f3\" data-element_type=\"widget\" data-widget_type=\"text-editor.default\">\n\t\t\t\t<div class=\"elementor-widget-container\">\n\t\t\t\t\t\t\t\t\t<p>Email: <a href=\"mailto:rinkodara@agai.vilniustechsa.lt\">rinkodara@agai.vilniustechsa.lt<\/a><\/p><p>Tel.nr.: <a href=\"tel:+37063003007\">+<span dir=\"auto\">370 630 03007<\/span><\/a><br \/>Tel.nr.:<a href=\"tel:+37062010510\"><span class=\"x4k7w5x x1h91t0o x1h9r5lt x1jfb8zj xv2umb2 x1beo9mf xaigb6o x12ejxvf x3igimt xarpa2k xedcshv x1lytzrv x1t2pt76 x7ja8zs x1qrby5j\"><span class=\"xeuugli x18c0a79 xu37r0v x1fj9vlw x13faqbe x1vvkbs xuwz08h x14g2gp5 x1fxoii6 xrxb4jq x14ognje x5jzov0 xya83n1 x1lliihq x1s928wv xhkezso x1gmr53x x1cpjm7i x1fgarty x1943h6x x1bsfjaj\" dir=\"auto\">+370 620 10510<\/span><\/span><\/a><\/p>\t\t\t\t\t\t\t\t<\/div>\n\t\t\t\t<\/div>\n\t\t\t\t\t<\/div>\n\t\t<\/div>\n\t\t\t\t<div class=\"elementor-column elementor-col-33 elementor-top-column elementor-element elementor-element-5bd5de7\" data-id=\"5bd5de7\" data-element_type=\"column\">\n\t\t\t<div class=\"elementor-widget-wrap elementor-element-populated\">\n\t\t\t\t\t\t<div class=\"elementor-element elementor-element-a680aa3 elementor-widget elementor-widget-image\" data-id=\"a680aa3\" data-element_type=\"widget\" data-widget_type=\"image.default\">\n\t\t\t\t<div class=\"elementor-widget-container\">\n\t\t\t\t\t\t\t\t\t\t\t\t\t\t\t<img loading=\"lazy\" decoding=\"async\" width=\"1536\" height=\"1020\" src=\"https:\/\/vilniustechsa.lt\/wp-content\/uploads\/2026\/03\/IMGP6499-1536x1020.jpg\" class=\"attachment-1536x1536 size-1536x1536 wp-image-12044\" alt=\"\" srcset=\"https:\/\/vilniustechsa.lt\/wp-content\/uploads\/2026\/03\/IMGP6499-1536x1020.jpg 1536w, https:\/\/vilniustechsa.lt\/wp-content\/uploads\/2026\/03\/IMGP6499-300x199.jpg 300w, https:\/\/vilniustechsa.lt\/wp-content\/uploads\/2026\/03\/IMGP6499-1024x680.jpg 1024w, https:\/\/vilniustechsa.lt\/wp-content\/uploads\/2026\/03\/IMGP6499-150x100.jpg 150w, https:\/\/vilniustechsa.lt\/wp-content\/uploads\/2026\/03\/IMGP6499-768x510.jpg 768w, https:\/\/vilniustechsa.lt\/wp-content\/uploads\/2026\/03\/IMGP6499-2048x1361.jpg 2048w, https:\/\/vilniustechsa.lt\/wp-content\/uploads\/2026\/03\/IMGP6499-18x12.jpg 18w\" sizes=\"(max-width: 1536px) 100vw, 1536px\" \/>\t\t\t\t\t\t\t\t\t\t\t\t\t\t\t<\/div>\n\t\t\t\t<\/div>\n\t\t\t\t<div class=\"elementor-element elementor-element-8f28cd5 elementor-widget elementor-widget-heading\" data-id=\"8f28cd5\" data-element_type=\"widget\" data-widget_type=\"heading.default\">\n\t\t\t\t<div class=\"elementor-widget-container\">\n\t\t\t\t\t<h2 class=\"elementor-heading-title elementor-size-large\">R\u0116JUS MILIUKAS IR DOMANTAS KATILIUS<\/h2>\t\t\t\t<\/div>\n\t\t\t\t<\/div>\n\t\t\t\t<div class=\"elementor-element elementor-element-a8c3fcc elementor-widget elementor-widget-heading\" data-id=\"a8c3fcc\" data-element_type=\"widget\" data-widget_type=\"heading.default\">\n\t\t\t\t<div class=\"elementor-widget-container\">\n\t\t\t\t\t<h3 class=\"elementor-heading-title elementor-size-default\">Public relations coordinator<\/h3>\t\t\t\t<\/div>\n\t\t\t\t<\/div>\n\t\t\t\t<div class=\"elementor-element elementor-element-b970bad elementor-widget elementor-widget-text-editor\" data-id=\"b970bad\" data-element_type=\"widget\" data-widget_type=\"text-editor.default\">\n\t\t\t\t<div class=\"elementor-widget-container\">\n\t\t\t\t\t\t\t\t\t<p>Email: <a href=\"mailto:rsv@agai.vilniustechsa.lt\">rsv@agai.vilniustechsa.lt<\/a><\/p><p>Tel.nr.: <a href=\"tel:+37060822730\">+370 608 22730<\/a><\/p><p>Tel.nr.: <a href=\"tel:+37065218140\"><span class=\"x4k7w5x x1h91t0o x1h9r5lt x1jfb8zj xv2umb2 x1beo9mf xaigb6o x12ejxvf x3igimt xarpa2k xedcshv x1lytzrv x1t2pt76 x7ja8zs x1qrby5j\"><span class=\"xeuugli x18c0a79 xu37r0v x1fj9vlw x13faqbe x1vvkbs xuwz08h x14g2gp5 x1fxoii6 xrxb4jq x14ognje x5jzov0 xya83n1 x1lliihq x1s928wv xhkezso x1gmr53x x1cpjm7i x1fgarty x1943h6x x1bsfjaj\" dir=\"auto\">+370 652 18140<\/span><\/span><\/a><\/p>\t\t\t\t\t\t\t\t<\/div>\n\t\t\t\t<\/div>\n\t\t\t\t\t<\/div>\n\t\t<\/div>\n\t\t\t\t<div class=\"elementor-column elementor-col-33 elementor-top-column elementor-element elementor-element-5843534\" data-id=\"5843534\" data-element_type=\"column\">\n\t\t\t<div class=\"elementor-widget-wrap elementor-element-populated\">\n\t\t\t\t\t\t<div class=\"elementor-element elementor-element-b0a1589 elementor-widget elementor-widget-image\" data-id=\"b0a1589\" data-element_type=\"widget\" data-widget_type=\"image.default\">\n\t\t\t\t<div class=\"elementor-widget-container\">\n\t\t\t\t\t\t\t\t\t\t\t\t\t\t\t<img loading=\"lazy\" decoding=\"async\" width=\"989\" height=\"1024\" src=\"https:\/\/vilniustechsa.lt\/wp-content\/uploads\/2026\/03\/20251117_1515060asd-989x1024.jpg\" class=\"attachment-large size-large wp-image-12051\" alt=\"\" srcset=\"https:\/\/vilniustechsa.lt\/wp-content\/uploads\/2026\/03\/20251117_1515060asd-989x1024.jpg 989w, https:\/\/vilniustechsa.lt\/wp-content\/uploads\/2026\/03\/20251117_1515060asd-290x300.jpg 290w, https:\/\/vilniustechsa.lt\/wp-content\/uploads\/2026\/03\/20251117_1515060asd-145x150.jpg 145w, https:\/\/vilniustechsa.lt\/wp-content\/uploads\/2026\/03\/20251117_1515060asd-768x795.jpg 768w, https:\/\/vilniustechsa.lt\/wp-content\/uploads\/2026\/03\/20251117_1515060asd-1484x1536.jpg 1484w, https:\/\/vilniustechsa.lt\/wp-content\/uploads\/2026\/03\/20251117_1515060asd-1978x2048.jpg 1978w, https:\/\/vilniustechsa.lt\/wp-content\/uploads\/2026\/03\/20251117_1515060asd-12x12.jpg 12w\" sizes=\"(max-width: 989px) 100vw, 989px\" \/>\t\t\t\t\t\t\t\t\t\t\t\t\t\t\t<\/div>\n\t\t\t\t<\/div>\n\t\t\t\t<div class=\"elementor-element elementor-element-c548171 elementor-widget elementor-widget-heading\" data-id=\"c548171\" data-element_type=\"widget\" data-widget_type=\"heading.default\">\n\t\t\t\t<div class=\"elementor-widget-container\">\n\t\t\t\t\t<h2 class=\"elementor-heading-title elementor-size-large\">DOMANTAS <br>MARGELIS<\/h2>\t\t\t\t<\/div>\n\t\t\t\t<\/div>\n\t\t\t\t<div class=\"elementor-element elementor-element-75581ea elementor-widget elementor-widget-heading\" data-id=\"75581ea\" data-element_type=\"widget\" data-widget_type=\"heading.default\">\n\t\t\t\t<div class=\"elementor-widget-container\">\n\t\t\t\t\t<h3 class=\"elementor-heading-title elementor-size-default\">Human Resources Coordinator<\/h3>\t\t\t\t<\/div>\n\t\t\t\t<\/div>\n\t\t\t\t<div class=\"elementor-element elementor-element-4ba948e elementor-widget elementor-widget-text-editor\" data-id=\"4ba948e\" data-element_type=\"widget\" data-widget_type=\"text-editor.default\">\n\t\t\t\t<div class=\"elementor-widget-container\">\n\t\t\t\t\t\t\t\t\t<p>Email: <a href=\"mailto:hr@agai.vilniustechsa.lt\">hr@agai.vilniustechsa.lt<\/a><\/p><p>Tel.nr.: <a href=\"tel:+37061390507\">+370 613 90507<\/a><\/p>\t\t\t\t\t\t\t\t<\/div>\n\t\t\t\t<\/div>\n\t\t\t\t\t<\/div>\n\t\t<\/div>\n\t\t\t\t\t<\/div>\n\t\t<\/section>\n\t\t\t\t<section class=\"elementor-section elementor-top-section elementor-element elementor-element-925f81e elementor-section-boxed elementor-section-height-default elementor-section-height-default\" data-id=\"925f81e\" data-element_type=\"section\">\n\t\t\t\t\t\t<div class=\"elementor-container elementor-column-gap-default\">\n\t\t\t\t\t<div class=\"elementor-column elementor-col-33 elementor-top-column elementor-element elementor-element-96be017\" data-id=\"96be017\" data-element_type=\"column\">\n\t\t\t<div class=\"elementor-widget-wrap\">\n\t\t\t\t\t\t\t<\/div>\n\t\t<\/div>\n\t\t\t\t<div class=\"elementor-column elementor-col-33 elementor-top-column elementor-element elementor-element-de9b32f\" data-id=\"de9b32f\" data-element_type=\"column\">\n\t\t\t<div class=\"elementor-widget-wrap elementor-element-populated\">\n\t\t\t\t\t\t<div class=\"elementor-element elementor-element-890dce1 elementor-widget elementor-widget-image\" data-id=\"890dce1\" data-element_type=\"widget\" data-widget_type=\"image.default\">\n\t\t\t\t<div class=\"elementor-widget-container\">\n\t\t\t\t\t\t\t\t\t\t\t\t\t\t\t<img loading=\"lazy\" decoding=\"async\" width=\"1016\" height=\"1024\" src=\"https:\/\/vilniustechsa.lt\/wp-content\/uploads\/2026\/03\/IMG_2567-1016x1024.jpg\" class=\"attachment-large size-large wp-image-12050\" alt=\"\" srcset=\"https:\/\/vilniustechsa.lt\/wp-content\/uploads\/2026\/03\/IMG_2567-1016x1024.jpg 1016w, https:\/\/vilniustechsa.lt\/wp-content\/uploads\/2026\/03\/IMG_2567-298x300.jpg 298w, https:\/\/vilniustechsa.lt\/wp-content\/uploads\/2026\/03\/IMG_2567-150x150.jpg 150w, https:\/\/vilniustechsa.lt\/wp-content\/uploads\/2026\/03\/IMG_2567-768x774.jpg 768w, https:\/\/vilniustechsa.lt\/wp-content\/uploads\/2026\/03\/IMG_2567-1525x1536.jpg 1525w, https:\/\/vilniustechsa.lt\/wp-content\/uploads\/2026\/03\/IMG_2567-2033x2048.jpg 2033w, https:\/\/vilniustechsa.lt\/wp-content\/uploads\/2026\/03\/IMG_2567-12x12.jpg 12w\" sizes=\"(max-width: 1016px) 100vw, 1016px\" \/>\t\t\t\t\t\t\t\t\t\t\t\t\t\t\t<\/div>\n\t\t\t\t<\/div>\n\t\t\t\t<div class=\"elementor-element elementor-element-2df5c77 elementor-widget elementor-widget-heading\" data-id=\"2df5c77\" data-element_type=\"widget\" data-widget_type=\"heading.default\">\n\t\t\t\t<div class=\"elementor-widget-container\">\n\t\t\t\t\t<h2 class=\"elementor-heading-title elementor-size-large\">JOK\u016aBAS<br>JASPONIS<\/h2>\t\t\t\t<\/div>\n\t\t\t\t<\/div>\n\t\t\t\t<div class=\"elementor-element elementor-element-b567027 elementor-widget elementor-widget-heading\" data-id=\"b567027\" data-element_type=\"widget\" data-widget_type=\"heading.default\">\n\t\t\t\t<div class=\"elementor-widget-container\">\n\t\t\t\t\t<h3 class=\"elementor-heading-title elementor-size-default\">Tarptautini\u0173 student\u0173 reikal\u0173 koordinatorius<\/h3>\t\t\t\t<\/div>\n\t\t\t\t<\/div>\n\t\t\t\t<div class=\"elementor-element elementor-element-485b9ee elementor-widget elementor-widget-text-editor\" data-id=\"485b9ee\" data-element_type=\"widget\" data-widget_type=\"text-editor.default\">\n\t\t\t\t<div class=\"elementor-widget-container\">\n\t\t\t\t\t\t\t\t\t<p>Email: <a href=\"mailto:international@agai.vilniustechsa.lt\">international@agai.vilniustechsa.lt<\/a><\/p><p>Tel.nr.: <a href=\"tel:+37060260319\">+370 602 60319 <\/a><\/p>\t\t\t\t\t\t\t\t<\/div>\n\t\t\t\t<\/div>\n\t\t\t\t\t<\/div>\n\t\t<\/div>\n\t\t\t\t<div class=\"elementor-column elementor-col-33 elementor-top-column elementor-element elementor-element-d5f01ef\" data-id=\"d5f01ef\" data-element_type=\"column\">\n\t\t\t<div class=\"elementor-widget-wrap\">\n\t\t\t\t\t\t\t<\/div>\n\t\t<\/div>\n\t\t\t\t\t<\/div>\n\t\t<\/section>\n\t\t\t\t<section class=\"elementor-section elementor-top-section elementor-element elementor-element-b7ad7ac elementor-section-content-middle elementor-section-boxed elementor-section-height-default elementor-section-height-default\" data-id=\"b7ad7ac\" data-element_type=\"section\">\n\t\t\t\t\t\t<div class=\"elementor-container elementor-column-gap-default\">\n\t\t\t\t\t<div class=\"elementor-column elementor-col-100 elementor-top-column elementor-element elementor-element-6f5d398\" data-id=\"6f5d398\" data-element_type=\"column\">\n\t\t\t<div class=\"elementor-widget-wrap elementor-element-populated\">\n\t\t\t\t\t\t<div class=\"elementor-element elementor-element-88f7553 elementor-shape-circle e-grid-align-tablet-center e-grid-align-mobile-center elementor-grid-0 e-grid-align-center elementor-widget elementor-widget-social-icons\" data-id=\"88f7553\" data-element_type=\"widget\" data-widget_type=\"social-icons.default\">\n\t\t\t\t<div class=\"elementor-widget-container\">\n\t\t\t\t\t\t\t<div class=\"elementor-social-icons-wrapper elementor-grid\" role=\"list\">\n\t\t\t\t\t\t\t<span class=\"elementor-grid-item\" role=\"listitem\">\n\t\t\t\t\t<a class=\"elementor-icon elementor-social-icon elementor-social-icon-facebook elementor-repeater-item-4f91557\" href=\"https:\/\/www.facebook.com\/VILNIUSTECHSAAGAI\" target=\"_blank\">\n\t\t\t\t\t\t<span class=\"elementor-screen-only\">Facebook<\/span>\n\t\t\t\t\t\t<i aria-hidden=\"true\" class=\"fab fa-facebook\"><\/i>\t\t\t\t\t<\/a>\n\t\t\t\t<\/span>\n\t\t\t\t\t\t\t<span class=\"elementor-grid-item\" role=\"listitem\">\n\t\t\t\t\t<a class=\"elementor-icon elementor-social-icon elementor-social-icon-instagram elementor-repeater-item-c2c86e0\" href=\"https:\/\/www.instagram.com\/vilniustech_sa_agai\/\" target=\"_blank\">\n\t\t\t\t\t\t<span class=\"elementor-screen-only\">Instagram<\/span>\n\t\t\t\t\t\t<i aria-hidden=\"true\" class=\"fab fa-instagram\"><\/i>\t\t\t\t\t<\/a>\n\t\t\t\t<\/span>\n\t\t\t\t\t<\/div>\n\t\t\t\t\t\t<\/div>\n\t\t\t\t<\/div>\n\t\t\t\t\t<\/div>\n\t\t<\/div>\n\t\t\t\t\t<\/div>\n\t\t<\/section>\n\t\t\t\t<\/div>","protected":false},"excerpt":{"rendered":"<p>PATRICIJA SAMULYT\u0116 Pirminink\u0117 El.pa\u0161tas: pirmininkas@agai.vilniustechsa.lt Tel.nr.: +370 617 33391 NIKITA ZUBOV Vicepirmininkas El.pa\u0161tas: vice@agai.vilniustechsa.lt Tel.nr.: +370 608 50833 SAUL\u0116 VAIDAKAVI\u010cI\u016aT\u0116 IR RIDAS MILIUKAS Socialini\u0173 ir akademini\u0173 reikal\u0173 koordinatoriai El.pa\u0161tas: sark@agai.vilniustechsa.lt Tel.nr.:+370 617 93267Tel.nr.:+370 679 63107 RAPOLAS NORVAI\u0160AS IR EDGARAS NAIMAVI\u010cIUS Rinkodaros koordinatoriai El.pa\u0161tas: rinkodara@agai.vilniustechsa.lt Tel.nr.: +370 630 03007Tel.nr.:+370 620 10510 R\u0116JUS MILIUKAS IR DOMANTAS KATILIUS&hellip;<\/p>","protected":false},"author":5,"featured_media":0,"parent":0,"menu_order":0,"comment_status":"closed","ping_status":"closed","template":"","meta":{"footnotes":""},"class_list":["post-2664","page","type-page","status-publish","hentry"],"_links":{"self":[{"href":"https:\/\/vilniustechsa.lt\/en\/wp-json\/wp\/v2\/pages\/2664","targetHints":{"allow":["GET"]}}],"collection":[{"href":"https:\/\/vilniustechsa.lt\/en\/wp-json\/wp\/v2\/pages"}],"about":[{"href":"https:\/\/vilniustechsa.lt\/en\/wp-json\/wp\/v2\/types\/page"}],"author":[{"embeddable":true,"href":"https:\/\/vilniustechsa.lt\/en\/wp-json\/wp\/v2\/users\/5"}],"replies":[{"embeddable":true,"href":"https:\/\/vilniustechsa.lt\/en\/wp-json\/wp\/v2\/comments?post=2664"}],"version-history":[{"count":127,"href":"https:\/\/vilniustechsa.lt\/en\/wp-json\/wp\/v2\/pages\/2664\/revisions"}],"predecessor-version":[{"id":12058,"href":"https:\/\/vilniustechsa.lt\/en\/wp-json\/wp\/v2\/pages\/2664\/revisions\/12058"}],"wp:attachment":[{"href":"https:\/\/vilniustechsa.lt\/en\/wp-json\/wp\/v2\/media?parent=2664"}],"curies":[{"name":"wp","href":"https:\/\/api.w.org\/{rel}","templated":true}]}}