{"id":2665,"date":"2023-04-16T09:58:34","date_gmt":"2023-04-16T09:58:34","guid":{"rendered":"https:\/\/vilniustechsa.lt\/?page_id=2665"},"modified":"2026-03-31T17:48:45","modified_gmt":"2026-03-31T17:48:45","slug":"ef_kontaktai","status":"publish","type":"page","link":"https:\/\/vilniustechsa.lt\/en\/ef_kontaktai\/","title":{"rendered":"EF Contacts"},"content":{"rendered":"<div data-elementor-type=\"wp-page\" data-elementor-id=\"2665\" class=\"elementor elementor-2665\">\n\t\t\t\t\t\t<section class=\"elementor-section elementor-top-section elementor-element elementor-element-b2a5284 elementor-section-boxed elementor-section-height-default elementor-section-height-default\" data-id=\"b2a5284\" data-element_type=\"section\">\n\t\t\t\t\t\t<div class=\"elementor-container elementor-column-gap-default\">\n\t\t\t\t\t<div class=\"elementor-column elementor-col-50 elementor-top-column elementor-element elementor-element-4a0c753\" data-id=\"4a0c753\" data-element_type=\"column\">\n\t\t\t<div class=\"elementor-widget-wrap elementor-element-populated\">\n\t\t\t\t\t\t<div class=\"elementor-element elementor-element-b0a1589 e-transform elementor-widget elementor-widget-image\" data-id=\"b0a1589\" data-element_type=\"widget\" data-settings=\"{&quot;_transform_translateX_effect&quot;:{&quot;unit&quot;:&quot;px&quot;,&quot;size&quot;:&quot;&quot;,&quot;sizes&quot;:[]},&quot;_transform_translateX_effect_tablet&quot;:{&quot;unit&quot;:&quot;px&quot;,&quot;size&quot;:&quot;&quot;,&quot;sizes&quot;:[]},&quot;_transform_translateX_effect_mobile&quot;:{&quot;unit&quot;:&quot;px&quot;,&quot;size&quot;:&quot;&quot;,&quot;sizes&quot;:[]},&quot;_transform_translateY_effect&quot;:{&quot;unit&quot;:&quot;px&quot;,&quot;size&quot;:&quot;&quot;,&quot;sizes&quot;:[]},&quot;_transform_translateY_effect_tablet&quot;:{&quot;unit&quot;:&quot;px&quot;,&quot;size&quot;:&quot;&quot;,&quot;sizes&quot;:[]},&quot;_transform_translateY_effect_mobile&quot;:{&quot;unit&quot;:&quot;px&quot;,&quot;size&quot;:&quot;&quot;,&quot;sizes&quot;:[]}}\" data-widget_type=\"image.default\">\n\t\t\t\t<div class=\"elementor-widget-container\">\n\t\t\t\t\t\t\t\t\t\t\t\t\t\t\t<img fetchpriority=\"high\" decoding=\"async\" width=\"272\" height=\"300\" src=\"https:\/\/vilniustechsa.lt\/wp-content\/uploads\/2024\/10\/BLUE_EF-272x300.png\" class=\"attachment-medium size-medium wp-image-8682\" alt=\"\" srcset=\"https:\/\/vilniustechsa.lt\/wp-content\/uploads\/2024\/10\/BLUE_EF-272x300.png 272w, https:\/\/vilniustechsa.lt\/wp-content\/uploads\/2024\/10\/BLUE_EF-930x1024.png 930w, https:\/\/vilniustechsa.lt\/wp-content\/uploads\/2024\/10\/BLUE_EF-136x150.png 136w, https:\/\/vilniustechsa.lt\/wp-content\/uploads\/2024\/10\/BLUE_EF-768x846.png 768w, https:\/\/vilniustechsa.lt\/wp-content\/uploads\/2024\/10\/BLUE_EF.png 1040w\" sizes=\"(max-width: 272px) 100vw, 272px\" \/>\t\t\t\t\t\t\t\t\t\t\t\t\t\t\t<\/div>\n\t\t\t\t<\/div>\n\t\t\t\t<div class=\"elementor-element elementor-element-0e21349 elementor-widget elementor-widget-heading\" data-id=\"0e21349\" data-element_type=\"widget\" data-widget_type=\"heading.default\">\n\t\t\t\t<div class=\"elementor-widget-container\">\n\t\t\t\t\t<h2 class=\"elementor-heading-title elementor-size-large\">NEIDA BUTRIMAIT\u0116<\/h2>\t\t\t\t<\/div>\n\t\t\t\t<\/div>\n\t\t\t\t<div class=\"elementor-element elementor-element-7bf2782 elementor-widget elementor-widget-heading\" data-id=\"7bf2782\" data-element_type=\"widget\" data-widget_type=\"heading.default\">\n\t\t\t\t<div class=\"elementor-widget-container\">\n\t\t\t\t\t<h3 class=\"elementor-heading-title elementor-size-default\">Chairman<\/h3>\t\t\t\t<\/div>\n\t\t\t\t<\/div>\n\t\t\t\t<div class=\"elementor-element elementor-element-800cb31 elementor-widget elementor-widget-text-editor\" data-id=\"800cb31\" data-element_type=\"widget\" data-widget_type=\"text-editor.default\">\n\t\t\t\t<div class=\"elementor-widget-container\">\n\t\t\t\t\t\t\t\t\t<p>Email: <a href=\"mailto:pirmininkas@ef.vilniustechsa.lt\">pirmininkas@ef.vilniustechsa.lt<\/a><\/p><p>Tel.nr.:\u00a0+37067829030<\/p>\t\t\t\t\t\t\t\t<\/div>\n\t\t\t\t<\/div>\n\t\t\t\t\t<\/div>\n\t\t<\/div>\n\t\t\t\t<div class=\"elementor-column elementor-col-50 elementor-top-column elementor-element elementor-element-498d788\" data-id=\"498d788\" data-element_type=\"column\">\n\t\t\t<div class=\"elementor-widget-wrap elementor-element-populated\">\n\t\t\t\t\t\t<div class=\"elementor-element elementor-element-236692b elementor-widget elementor-widget-image\" data-id=\"236692b\" data-element_type=\"widget\" data-widget_type=\"image.default\">\n\t\t\t\t<div class=\"elementor-widget-container\">\n\t\t\t\t\t\t\t\t\t\t\t\t\t\t\t<img fetchpriority=\"high\" decoding=\"async\" width=\"272\" height=\"300\" src=\"https:\/\/vilniustechsa.lt\/wp-content\/uploads\/2024\/10\/BLUE_EF-272x300.png\" class=\"attachment-medium size-medium wp-image-8682\" alt=\"\" srcset=\"https:\/\/vilniustechsa.lt\/wp-content\/uploads\/2024\/10\/BLUE_EF-272x300.png 272w, https:\/\/vilniustechsa.lt\/wp-content\/uploads\/2024\/10\/BLUE_EF-930x1024.png 930w, https:\/\/vilniustechsa.lt\/wp-content\/uploads\/2024\/10\/BLUE_EF-136x150.png 136w, https:\/\/vilniustechsa.lt\/wp-content\/uploads\/2024\/10\/BLUE_EF-768x846.png 768w, https:\/\/vilniustechsa.lt\/wp-content\/uploads\/2024\/10\/BLUE_EF.png 1040w\" sizes=\"(max-width: 272px) 100vw, 272px\" \/>\t\t\t\t\t\t\t\t\t\t\t\t\t\t\t<\/div>\n\t\t\t\t<\/div>\n\t\t\t\t<div class=\"elementor-element elementor-element-bd0dc34 elementor-widget elementor-widget-heading\" data-id=\"bd0dc34\" data-element_type=\"widget\" data-widget_type=\"heading.default\">\n\t\t\t\t<div class=\"elementor-widget-container\">\n\t\t\t\t\t<h2 class=\"elementor-heading-title elementor-size-large\">RENALDAS BADIKONIS<\/h2>\t\t\t\t<\/div>\n\t\t\t\t<\/div>\n\t\t\t\t<div class=\"elementor-element elementor-element-dc4f292 elementor-widget elementor-widget-heading\" data-id=\"dc4f292\" data-element_type=\"widget\" data-widget_type=\"heading.default\">\n\t\t\t\t<div class=\"elementor-widget-container\">\n\t\t\t\t\t<h3 class=\"elementor-heading-title elementor-size-default\">Vice-Chairman<\/h3>\t\t\t\t<\/div>\n\t\t\t\t<\/div>\n\t\t\t\t<div class=\"elementor-element elementor-element-df93b19 elementor-widget elementor-widget-text-editor\" data-id=\"df93b19\" data-element_type=\"widget\" data-widget_type=\"text-editor.default\">\n\t\t\t\t<div class=\"elementor-widget-container\">\n\t\t\t\t\t\t\t\t\t<p>Email: \u00a0<a href=\"mailto:vice@ef.vilniustechsa.lt\">vice@ef.vilniustechsa.lt<\/a><\/p><p>Tel.nr.:\u00a0+37065657925<\/p>\t\t\t\t\t\t\t\t<\/div>\n\t\t\t\t<\/div>\n\t\t\t\t\t<\/div>\n\t\t<\/div>\n\t\t\t\t\t<\/div>\n\t\t<\/section>\n\t\t\t\t<section class=\"elementor-section elementor-top-section elementor-element elementor-element-212b8c6 elementor-section-boxed elementor-section-height-default elementor-section-height-default\" data-id=\"212b8c6\" data-element_type=\"section\">\n\t\t\t\t\t\t<div class=\"elementor-container elementor-column-gap-default\">\n\t\t\t\t\t<div class=\"elementor-column elementor-col-50 elementor-top-column elementor-element elementor-element-c9fc55b\" data-id=\"c9fc55b\" data-element_type=\"column\">\n\t\t\t<div class=\"elementor-widget-wrap elementor-element-populated\">\n\t\t\t\t\t\t<div class=\"elementor-element elementor-element-fd2fb1f elementor-widget__width-initial elementor-widget elementor-widget-image\" data-id=\"fd2fb1f\" data-element_type=\"widget\" data-widget_type=\"image.default\">\n\t\t\t\t<div class=\"elementor-widget-container\">\n\t\t\t\t\t\t\t\t\t\t\t\t\t\t\t<img fetchpriority=\"high\" decoding=\"async\" width=\"272\" height=\"300\" src=\"https:\/\/vilniustechsa.lt\/wp-content\/uploads\/2024\/10\/BLUE_EF-272x300.png\" class=\"attachment-medium size-medium wp-image-8682\" alt=\"\" srcset=\"https:\/\/vilniustechsa.lt\/wp-content\/uploads\/2024\/10\/BLUE_EF-272x300.png 272w, https:\/\/vilniustechsa.lt\/wp-content\/uploads\/2024\/10\/BLUE_EF-930x1024.png 930w, https:\/\/vilniustechsa.lt\/wp-content\/uploads\/2024\/10\/BLUE_EF-136x150.png 136w, https:\/\/vilniustechsa.lt\/wp-content\/uploads\/2024\/10\/BLUE_EF-768x846.png 768w, https:\/\/vilniustechsa.lt\/wp-content\/uploads\/2024\/10\/BLUE_EF.png 1040w\" sizes=\"(max-width: 272px) 100vw, 272px\" \/>\t\t\t\t\t\t\t\t\t\t\t\t\t\t\t<\/div>\n\t\t\t\t<\/div>\n\t\t\t\t<div class=\"elementor-element elementor-element-cbf7a0f elementor-widget elementor-widget-heading\" data-id=\"cbf7a0f\" data-element_type=\"widget\" data-widget_type=\"heading.default\">\n\t\t\t\t<div class=\"elementor-widget-container\">\n\t\t\t\t\t<h3 class=\"elementor-heading-title elementor-size-large\">ARINGAS RUK\u0160\u0116NAS<br><br> <br><\/h3>\t\t\t\t<\/div>\n\t\t\t\t<\/div>\n\t\t\t\t<div class=\"elementor-element elementor-element-b5e88bb elementor-widget elementor-widget-heading\" data-id=\"b5e88bb\" data-element_type=\"widget\" data-widget_type=\"heading.default\">\n\t\t\t\t<div class=\"elementor-widget-container\">\n\t\t\t\t\t<h3 class=\"elementor-heading-title elementor-size-default\">Social and Academic Affairs Coordinator<\/h3>\t\t\t\t<\/div>\n\t\t\t\t<\/div>\n\t\t\t\t<div class=\"elementor-element elementor-element-38025e2 elementor-widget elementor-widget-text-editor\" data-id=\"38025e2\" data-element_type=\"widget\" data-widget_type=\"text-editor.default\">\n\t\t\t\t<div class=\"elementor-widget-container\">\n\t\t\t\t\t\t\t\t\t<p>Email: <a href=\"mailto:sark@ef.vilniustechsa.lt\">sark@ef.vilniustechsa.lt<\/a><\/p><p>Tel.nr.:\u00a0+37068832872<\/p>\t\t\t\t\t\t\t\t<\/div>\n\t\t\t\t<\/div>\n\t\t\t\t\t<\/div>\n\t\t<\/div>\n\t\t\t\t<div class=\"elementor-column elementor-col-50 elementor-top-column elementor-element elementor-element-01f2c2f\" data-id=\"01f2c2f\" data-element_type=\"column\">\n\t\t\t<div class=\"elementor-widget-wrap elementor-element-populated\">\n\t\t\t\t\t\t<div class=\"elementor-element elementor-element-c08d43c elementor-widget elementor-widget-image\" data-id=\"c08d43c\" data-element_type=\"widget\" data-widget_type=\"image.default\">\n\t\t\t\t<div class=\"elementor-widget-container\">\n\t\t\t\t\t\t\t\t\t\t\t\t\t\t\t<img fetchpriority=\"high\" decoding=\"async\" width=\"272\" height=\"300\" src=\"https:\/\/vilniustechsa.lt\/wp-content\/uploads\/2024\/10\/BLUE_EF-272x300.png\" class=\"attachment-medium size-medium wp-image-8682\" alt=\"\" srcset=\"https:\/\/vilniustechsa.lt\/wp-content\/uploads\/2024\/10\/BLUE_EF-272x300.png 272w, https:\/\/vilniustechsa.lt\/wp-content\/uploads\/2024\/10\/BLUE_EF-930x1024.png 930w, https:\/\/vilniustechsa.lt\/wp-content\/uploads\/2024\/10\/BLUE_EF-136x150.png 136w, https:\/\/vilniustechsa.lt\/wp-content\/uploads\/2024\/10\/BLUE_EF-768x846.png 768w, https:\/\/vilniustechsa.lt\/wp-content\/uploads\/2024\/10\/BLUE_EF.png 1040w\" sizes=\"(max-width: 272px) 100vw, 272px\" \/>\t\t\t\t\t\t\t\t\t\t\t\t\t\t\t<\/div>\n\t\t\t\t<\/div>\n\t\t\t\t<div class=\"elementor-element elementor-element-c513812 elementor-widget elementor-widget-heading\" data-id=\"c513812\" data-element_type=\"widget\" data-widget_type=\"heading.default\">\n\t\t\t\t<div class=\"elementor-widget-container\">\n\t\t\t\t\t<h3 class=\"elementor-heading-title elementor-size-large\">DOVIL\u0116 TURAUSKAIT\u0116 ir \nD\u017dIUGAS SABULIS<\/h3>\t\t\t\t<\/div>\n\t\t\t\t<\/div>\n\t\t\t\t<div class=\"elementor-element elementor-element-6fcaf8f elementor-widget elementor-widget-heading\" data-id=\"6fcaf8f\" data-element_type=\"widget\" data-widget_type=\"heading.default\">\n\t\t\t\t<div class=\"elementor-widget-container\">\n\t\t\t\t\t<h3 class=\"elementor-heading-title elementor-size-default\">Marketing Coordinators<\/h3>\t\t\t\t<\/div>\n\t\t\t\t<\/div>\n\t\t\t\t<div class=\"elementor-element elementor-element-64720f3 elementor-widget elementor-widget-text-editor\" data-id=\"64720f3\" data-element_type=\"widget\" data-widget_type=\"text-editor.default\">\n\t\t\t\t<div class=\"elementor-widget-container\">\n\t\t\t\t\t\t\t\t\t<p>Email: <a href=\"mailto:rinkodara@ef.vilniustechsa.lt\">rinkodara@ef.vilniustechsa.lt<\/a><\/p><p>Tel.nr.:\u00a0+37067609630<\/p><p>+37067688208<\/p>\t\t\t\t\t\t\t\t<\/div>\n\t\t\t\t<\/div>\n\t\t\t\t\t<\/div>\n\t\t<\/div>\n\t\t\t\t\t<\/div>\n\t\t<\/section>\n\t\t\t\t<section class=\"elementor-section elementor-top-section elementor-element elementor-element-ea741f3 elementor-section-boxed elementor-section-height-default elementor-section-height-default\" data-id=\"ea741f3\" data-element_type=\"section\">\n\t\t\t\t\t\t<div class=\"elementor-container elementor-column-gap-default\">\n\t\t\t\t\t<div class=\"elementor-column elementor-col-50 elementor-top-column elementor-element elementor-element-5bd5de7\" data-id=\"5bd5de7\" data-element_type=\"column\">\n\t\t\t<div class=\"elementor-widget-wrap elementor-element-populated\">\n\t\t\t\t\t\t<div class=\"elementor-element elementor-element-c890839 elementor-widget elementor-widget-image\" data-id=\"c890839\" data-element_type=\"widget\" data-widget_type=\"image.default\">\n\t\t\t\t<div class=\"elementor-widget-container\">\n\t\t\t\t\t\t\t\t\t\t\t\t\t\t\t<img fetchpriority=\"high\" decoding=\"async\" width=\"272\" height=\"300\" src=\"https:\/\/vilniustechsa.lt\/wp-content\/uploads\/2024\/10\/BLUE_EF-272x300.png\" class=\"attachment-medium size-medium wp-image-8682\" alt=\"\" srcset=\"https:\/\/vilniustechsa.lt\/wp-content\/uploads\/2024\/10\/BLUE_EF-272x300.png 272w, https:\/\/vilniustechsa.lt\/wp-content\/uploads\/2024\/10\/BLUE_EF-930x1024.png 930w, https:\/\/vilniustechsa.lt\/wp-content\/uploads\/2024\/10\/BLUE_EF-136x150.png 136w, https:\/\/vilniustechsa.lt\/wp-content\/uploads\/2024\/10\/BLUE_EF-768x846.png 768w, https:\/\/vilniustechsa.lt\/wp-content\/uploads\/2024\/10\/BLUE_EF.png 1040w\" sizes=\"(max-width: 272px) 100vw, 272px\" \/>\t\t\t\t\t\t\t\t\t\t\t\t\t\t\t<\/div>\n\t\t\t\t<\/div>\n\t\t\t\t<div class=\"elementor-element elementor-element-8f28cd5 elementor-widget elementor-widget-heading\" data-id=\"8f28cd5\" data-element_type=\"widget\" data-widget_type=\"heading.default\">\n\t\t\t\t<div class=\"elementor-widget-container\">\n\t\t\t\t\t<h2 class=\"elementor-heading-title elementor-size-large\">DOMAS LAUNIKONIS ir MINDAUGAS BRAZAUSKAS<\/h2>\t\t\t\t<\/div>\n\t\t\t\t<\/div>\n\t\t\t\t<div class=\"elementor-element elementor-element-bdf20c3 elementor-widget elementor-widget-heading\" data-id=\"bdf20c3\" data-element_type=\"widget\" data-widget_type=\"heading.default\">\n\t\t\t\t<div class=\"elementor-widget-container\">\n\t\t\t\t\t<h3 class=\"elementor-heading-title elementor-size-default\">Public relations Coordinator<\/h3>\t\t\t\t<\/div>\n\t\t\t\t<\/div>\n\t\t\t\t<div class=\"elementor-element elementor-element-b970bad elementor-widget elementor-widget-text-editor\" data-id=\"b970bad\" data-element_type=\"widget\" data-widget_type=\"text-editor.default\">\n\t\t\t\t<div class=\"elementor-widget-container\">\n\t\t\t\t\t\t\t\t\t<p>Email: \u00a0 <a href=\"mailto:rsv@ef.vilniustechsa.lt\">rsv@ef.vilniustechsa.lt<\/a><\/p><p>Tel.nr.: +37064623716<\/p><p>\u00a0 \u00a0 \u00a0 \u00a0 \u00a0 \u00a0 \u00a0+37060797790<\/p>\t\t\t\t\t\t\t\t<\/div>\n\t\t\t\t<\/div>\n\t\t\t\t\t<\/div>\n\t\t<\/div>\n\t\t\t\t<div class=\"elementor-column elementor-col-50 elementor-top-column elementor-element elementor-element-5843534\" data-id=\"5843534\" data-element_type=\"column\">\n\t\t\t<div class=\"elementor-widget-wrap elementor-element-populated\">\n\t\t\t\t\t\t<div class=\"elementor-element elementor-element-012d9cc elementor-widget elementor-widget-image\" data-id=\"012d9cc\" data-element_type=\"widget\" data-widget_type=\"image.default\">\n\t\t\t\t<div class=\"elementor-widget-container\">\n\t\t\t\t\t\t\t\t\t\t\t\t\t\t\t<img fetchpriority=\"high\" decoding=\"async\" width=\"272\" height=\"300\" src=\"https:\/\/vilniustechsa.lt\/wp-content\/uploads\/2024\/10\/BLUE_EF-272x300.png\" class=\"attachment-medium size-medium wp-image-8682\" alt=\"\" srcset=\"https:\/\/vilniustechsa.lt\/wp-content\/uploads\/2024\/10\/BLUE_EF-272x300.png 272w, https:\/\/vilniustechsa.lt\/wp-content\/uploads\/2024\/10\/BLUE_EF-930x1024.png 930w, https:\/\/vilniustechsa.lt\/wp-content\/uploads\/2024\/10\/BLUE_EF-136x150.png 136w, https:\/\/vilniustechsa.lt\/wp-content\/uploads\/2024\/10\/BLUE_EF-768x846.png 768w, https:\/\/vilniustechsa.lt\/wp-content\/uploads\/2024\/10\/BLUE_EF.png 1040w\" sizes=\"(max-width: 272px) 100vw, 272px\" \/>\t\t\t\t\t\t\t\t\t\t\t\t\t\t\t<\/div>\n\t\t\t\t<\/div>\n\t\t\t\t<div class=\"elementor-element elementor-element-c548171 elementor-widget elementor-widget-heading\" data-id=\"c548171\" data-element_type=\"widget\" data-widget_type=\"heading.default\">\n\t\t\t\t<div class=\"elementor-widget-container\">\n\t\t\t\t\t<h2 class=\"elementor-heading-title elementor-size-large\"><span>KAJUS VALAVI\u010cIUS<\/span><\/h2>\t\t\t\t<\/div>\n\t\t\t\t<\/div>\n\t\t\t\t<div class=\"elementor-element elementor-element-59379e5 elementor-widget elementor-widget-heading\" data-id=\"59379e5\" data-element_type=\"widget\" data-widget_type=\"heading.default\">\n\t\t\t\t<div class=\"elementor-widget-container\">\n\t\t\t\t\t<h3 class=\"elementor-heading-title elementor-size-default\">\u017dmogi\u0161k\u0173j\u0173 i\u0161tekli\u0173 koordinatoriUS<\/h3>\t\t\t\t<\/div>\n\t\t\t\t<\/div>\n\t\t\t\t<div class=\"elementor-element elementor-element-4ba948e elementor-widget elementor-widget-text-editor\" data-id=\"4ba948e\" data-element_type=\"widget\" data-widget_type=\"text-editor.default\">\n\t\t\t\t<div class=\"elementor-widget-container\">\n\t\t\t\t\t\t\t\t\t<p>Email: \u00a0 \u00a0 <a href=\"mailto:hr@ef.vilniustechsa.lt\">hr@ef.vilniustechsa.lt<\/a><\/p><p>Tel.nr.: +37064528324<\/p>\t\t\t\t\t\t\t\t<\/div>\n\t\t\t\t<\/div>\n\t\t\t\t\t<\/div>\n\t\t<\/div>\n\t\t\t\t\t<\/div>\n\t\t<\/section>\n\t\t\t\t<section class=\"elementor-section elementor-top-section elementor-element elementor-element-7a550ad elementor-section-boxed elementor-section-height-default elementor-section-height-default\" data-id=\"7a550ad\" data-element_type=\"section\">\n\t\t\t\t\t\t<div class=\"elementor-container elementor-column-gap-default\">\n\t\t\t\t\t<div class=\"elementor-column elementor-col-100 elementor-top-column elementor-element elementor-element-6c2efaa\" data-id=\"6c2efaa\" data-element_type=\"column\">\n\t\t\t<div class=\"elementor-widget-wrap elementor-element-populated\">\n\t\t\t\t\t\t<div class=\"elementor-element elementor-element-657afc5 elementor-widget elementor-widget-image\" data-id=\"657afc5\" data-element_type=\"widget\" data-widget_type=\"image.default\">\n\t\t\t\t<div class=\"elementor-widget-container\">\n\t\t\t\t\t\t\t\t\t\t\t\t\t\t\t<img fetchpriority=\"high\" decoding=\"async\" width=\"272\" height=\"300\" src=\"https:\/\/vilniustechsa.lt\/wp-content\/uploads\/2024\/10\/BLUE_EF-272x300.png\" class=\"attachment-medium size-medium wp-image-8682\" alt=\"\" srcset=\"https:\/\/vilniustechsa.lt\/wp-content\/uploads\/2024\/10\/BLUE_EF-272x300.png 272w, https:\/\/vilniustechsa.lt\/wp-content\/uploads\/2024\/10\/BLUE_EF-930x1024.png 930w, https:\/\/vilniustechsa.lt\/wp-content\/uploads\/2024\/10\/BLUE_EF-136x150.png 136w, https:\/\/vilniustechsa.lt\/wp-content\/uploads\/2024\/10\/BLUE_EF-768x846.png 768w, https:\/\/vilniustechsa.lt\/wp-content\/uploads\/2024\/10\/BLUE_EF.png 1040w\" sizes=\"(max-width: 272px) 100vw, 272px\" \/>\t\t\t\t\t\t\t\t\t\t\t\t\t\t\t<\/div>\n\t\t\t\t<\/div>\n\t\t\t\t<div class=\"elementor-element elementor-element-e3d18fd elementor-widget elementor-widget-heading\" data-id=\"e3d18fd\" data-element_type=\"widget\" data-widget_type=\"heading.default\">\n\t\t\t\t<div class=\"elementor-widget-container\">\n\t\t\t\t\t<h2 class=\"elementor-heading-title elementor-size-large\">AIST\u0116 EI\u010cINAIT\u0116<\/h2>\t\t\t\t<\/div>\n\t\t\t\t<\/div>\n\t\t\t\t<div class=\"elementor-element elementor-element-59d50fb elementor-widget elementor-widget-heading\" data-id=\"59d50fb\" data-element_type=\"widget\" data-widget_type=\"heading.default\">\n\t\t\t\t<div class=\"elementor-widget-container\">\n\t\t\t\t\t<h3 class=\"elementor-heading-title elementor-size-default\">Tarptautini\u0173 student\u0173 reikal\u0173 koordinator\u0117<\/h3>\t\t\t\t<\/div>\n\t\t\t\t<\/div>\n\t\t\t\t<div class=\"elementor-element elementor-element-61e991b elementor-widget elementor-widget-text-editor\" data-id=\"61e991b\" data-element_type=\"widget\" data-widget_type=\"text-editor.default\">\n\t\t\t\t<div class=\"elementor-widget-container\">\n\t\t\t\t\t\t\t\t\t<p>Email: \u00a0 \u00a0 <a href=\"mailto:hr@ef.vilniustechsa.lt\">international@ef.vilniustechsa.lt<\/a><\/p><p>Tel.nr.: +37061945726<\/p>\t\t\t\t\t\t\t\t<\/div>\n\t\t\t\t<\/div>\n\t\t\t\t\t<\/div>\n\t\t<\/div>\n\t\t\t\t\t<\/div>\n\t\t<\/section>\n\t\t\t\t<\/div>","protected":false},"excerpt":{"rendered":"<p>NEIDA BUTRIMAIT\u0116 Pirminink\u0117 El.pa\u0161tas: pirmininkas@ef.vilniustechsa.lt Tel.nr.:\u00a0+37067829030 RENALDAS BADIKONIS Vicepirmininkas El.pa\u0161tas: \u00a0vice@ef.vilniustechsa.lt Tel.nr.:\u00a0+37065657925 ARINGAS RUK\u0160\u0116NAS Socialini\u0173 ir akademini\u0173 reikal\u0173 koordinatorius El.pa\u0161tas: sark@ef.vilniustechsa.lt Tel.nr.:\u00a0+37068832872 DOVIL\u0116 TURAUSKAIT\u0116 ir D\u017dIUGAS SABULIS Rinkodaros koordinatoriai El.pa\u0161tas: rinkodara@ef.vilniustechsa.lt Tel.nr.:\u00a0+37067609630 +37067688208 DOMAS LAUNIKONIS ir MINDAUGAS BRAZAUSKAS Ry\u0161i\u0173 su visuomene koordinatorius El.pa\u0161tas: \u00a0 rsv@ef.vilniustechsa.lt Tel.nr.: +37064623716 \u00a0 \u00a0 \u00a0 \u00a0 \u00a0 \u00a0 \u00a0+37060797790 KAJUS&hellip;<\/p>","protected":false},"author":7,"featured_media":0,"parent":0,"menu_order":0,"comment_status":"closed","ping_status":"closed","template":"","meta":{"footnotes":""},"class_list":["post-2665","page","type-page","status-publish","hentry"],"_links":{"self":[{"href":"https:\/\/vilniustechsa.lt\/en\/wp-json\/wp\/v2\/pages\/2665","targetHints":{"allow":["GET"]}}],"collection":[{"href":"https:\/\/vilniustechsa.lt\/en\/wp-json\/wp\/v2\/pages"}],"about":[{"href":"https:\/\/vilniustechsa.lt\/en\/wp-json\/wp\/v2\/types\/page"}],"author":[{"embeddable":true,"href":"https:\/\/vilniustechsa.lt\/en\/wp-json\/wp\/v2\/users\/7"}],"replies":[{"embeddable":true,"href":"https:\/\/vilniustechsa.lt\/en\/wp-json\/wp\/v2\/comments?post=2665"}],"version-history":[{"count":76,"href":"https:\/\/vilniustechsa.lt\/en\/wp-json\/wp\/v2\/pages\/2665\/revisions"}],"predecessor-version":[{"id":12331,"href":"https:\/\/vilniustechsa.lt\/en\/wp-json\/wp\/v2\/pages\/2665\/revisions\/12331"}],"wp:attachment":[{"href":"https:\/\/vilniustechsa.lt\/en\/wp-json\/wp\/v2\/media?parent=2665"}],"curies":[{"name":"wp","href":"https:\/\/api.w.org\/{rel}","templated":true}]}}