{"id":2668,"date":"2023-04-16T09:58:46","date_gmt":"2023-04-16T09:58:46","guid":{"rendered":"https:\/\/vilniustechsa.lt\/?page_id=2668"},"modified":"2026-03-23T21:28:58","modified_gmt":"2026-03-23T21:28:58","slug":"mf-kontaktai","status":"publish","type":"page","link":"https:\/\/vilniustechsa.lt\/en\/mf-kontaktai\/","title":{"rendered":"MF Contacts"},"content":{"rendered":"<div data-elementor-type=\"wp-page\" data-elementor-id=\"2668\" class=\"elementor elementor-2668\">\n\t\t\t\t\t\t<section class=\"elementor-section elementor-top-section elementor-element elementor-element-b2a5284 elementor-section-boxed elementor-section-height-default elementor-section-height-default\" data-id=\"b2a5284\" data-element_type=\"section\">\n\t\t\t\t\t\t<div class=\"elementor-container elementor-column-gap-default\">\n\t\t\t\t\t<div class=\"elementor-column elementor-col-33 elementor-top-column elementor-element elementor-element-4a0c753\" data-id=\"4a0c753\" data-element_type=\"column\">\n\t\t\t<div class=\"elementor-widget-wrap elementor-element-populated\">\n\t\t\t\t\t\t<div class=\"elementor-element elementor-element-0e21349 elementor-widget__width-initial elementor-widget elementor-widget-heading\" data-id=\"0e21349\" data-element_type=\"widget\" data-widget_type=\"heading.default\">\n\t\t\t\t<div class=\"elementor-widget-container\">\n\t\t\t\t\t<h2 class=\"elementor-heading-title elementor-size-large\">BENITA <br>EIMUTYT\u0116<\/h2>\t\t\t\t<\/div>\n\t\t\t\t<\/div>\n\t\t\t\t<div class=\"elementor-element elementor-element-ad0a73d elementor-widget elementor-widget-heading\" data-id=\"ad0a73d\" data-element_type=\"widget\" data-widget_type=\"heading.default\">\n\t\t\t\t<div class=\"elementor-widget-container\">\n\t\t\t\t\t<h3 class=\"elementor-heading-title elementor-size-default\"><br>Chairman<\/h3>\t\t\t\t<\/div>\n\t\t\t\t<\/div>\n\t\t\t\t<div class=\"elementor-element elementor-element-800cb31 elementor-widget elementor-widget-text-editor\" data-id=\"800cb31\" data-element_type=\"widget\" data-widget_type=\"text-editor.default\">\n\t\t\t\t<div class=\"elementor-widget-container\">\n\t\t\t\t\t\t\t\t\t<p>Email: <a style=\"background-color: #ffffff\" href=\"mailto:pirmininkas@mf.vilniustechsa.lt\">pirmininkas@mf.vilniustechsa.lt<\/a><\/p><p>Tel.nr.: +37063915555<\/p>\t\t\t\t\t\t\t\t<\/div>\n\t\t\t\t<\/div>\n\t\t\t\t\t<\/div>\n\t\t<\/div>\n\t\t\t\t<div class=\"elementor-column elementor-col-33 elementor-top-column elementor-element elementor-element-498d788\" data-id=\"498d788\" data-element_type=\"column\">\n\t\t\t<div class=\"elementor-widget-wrap elementor-element-populated\">\n\t\t\t\t\t\t<div class=\"elementor-element elementor-element-bd0dc34 elementor-widget elementor-widget-heading\" data-id=\"bd0dc34\" data-element_type=\"widget\" data-widget_type=\"heading.default\">\n\t\t\t\t<div class=\"elementor-widget-container\">\n\t\t\t\t\t<h2 class=\"elementor-heading-title elementor-size-large\">LUKAS <br>STANULIONIS<\/h2>\t\t\t\t<\/div>\n\t\t\t\t<\/div>\n\t\t\t\t<div class=\"elementor-element elementor-element-19cdcbf elementor-widget elementor-widget-heading\" data-id=\"19cdcbf\" data-element_type=\"widget\" data-widget_type=\"heading.default\">\n\t\t\t\t<div class=\"elementor-widget-container\">\n\t\t\t\t\t<h3 class=\"elementor-heading-title elementor-size-default\"><br>Vice-Chairman<\/h3>\t\t\t\t<\/div>\n\t\t\t\t<\/div>\n\t\t\t\t<div class=\"elementor-element elementor-element-df93b19 elementor-widget elementor-widget-text-editor\" data-id=\"df93b19\" data-element_type=\"widget\" data-widget_type=\"text-editor.default\">\n\t\t\t\t<div class=\"elementor-widget-container\">\n\t\t\t\t\t\t\t\t\t<p>Email: <a style=\"background-color: #ffffff\" href=\"mailto:vice@mf.vilniustechsa.lt\">vice@mf.vilniustechsa.lt<\/a><\/p><p>Tel.nr.: +37060292054<\/p>\t\t\t\t\t\t\t\t<\/div>\n\t\t\t\t<\/div>\n\t\t\t\t\t<\/div>\n\t\t<\/div>\n\t\t\t\t<div class=\"elementor-column elementor-col-33 elementor-top-column elementor-element elementor-element-9be0a2a\" data-id=\"9be0a2a\" data-element_type=\"column\">\n\t\t\t<div class=\"elementor-widget-wrap elementor-element-populated\">\n\t\t\t\t\t\t<div class=\"elementor-element elementor-element-0774f9e elementor-widget__width-initial elementor-widget elementor-widget-image\" data-id=\"0774f9e\" data-element_type=\"widget\" data-widget_type=\"image.default\">\n\t\t\t\t<div class=\"elementor-widget-container\">\n\t\t\t\t\t\t\t\t\t\t\t\t\t\t\t<img decoding=\"async\" src=\"https:\/\/vilniustechsa.lt\/wp-content\/uploads\/2024\/11\/DSC_8996-scaled.jpg\" title=\"\" alt=\"\" loading=\"lazy\" \/>\t\t\t\t\t\t\t\t\t\t\t\t\t\t\t<\/div>\n\t\t\t\t<\/div>\n\t\t\t\t<div class=\"elementor-element elementor-element-24f16fd elementor-widget__width-initial elementor-widget elementor-widget-heading\" data-id=\"24f16fd\" data-element_type=\"widget\" data-widget_type=\"heading.default\">\n\t\t\t\t<div class=\"elementor-widget-container\">\n\t\t\t\t\t<h2 class=\"elementor-heading-title elementor-size-large\">VAIDAS <br>\u0160IMKUS IR <br>JULIUS MARCINKUS<\/h2>\t\t\t\t<\/div>\n\t\t\t\t<\/div>\n\t\t\t\t<div class=\"elementor-element elementor-element-4cda202 elementor-widget elementor-widget-heading\" data-id=\"4cda202\" data-element_type=\"widget\" data-widget_type=\"heading.default\">\n\t\t\t\t<div class=\"elementor-widget-container\">\n\t\t\t\t\t<h3 class=\"elementor-heading-title elementor-size-default\"><br>Social and Academic Affairs Coordinators<br><\/h3>\t\t\t\t<\/div>\n\t\t\t\t<\/div>\n\t\t\t\t<div class=\"elementor-element elementor-element-38025e2 elementor-widget elementor-widget-text-editor\" data-id=\"38025e2\" data-element_type=\"widget\" data-widget_type=\"text-editor.default\">\n\t\t\t\t<div class=\"elementor-widget-container\">\n\t\t\t\t\t\t\t\t\t<p>Email: <a href=\"mailto:sark@mf.vilniustechsa.lt\">sark@mf.vilniustechsa.lt<\/a><\/p><p>Tel.nr.: +37060983099<br \/>+37061467963<\/p>\t\t\t\t\t\t\t\t<\/div>\n\t\t\t\t<\/div>\n\t\t\t\t\t<\/div>\n\t\t<\/div>\n\t\t\t\t\t<\/div>\n\t\t<\/section>\n\t\t\t\t<section class=\"elementor-section elementor-top-section elementor-element elementor-element-ea741f3 elementor-section-boxed elementor-section-height-default elementor-section-height-default\" data-id=\"ea741f3\" data-element_type=\"section\">\n\t\t\t\t\t\t<div class=\"elementor-container elementor-column-gap-default\">\n\t\t\t\t\t<div class=\"elementor-column elementor-col-33 elementor-top-column elementor-element elementor-element-8326f8b\" data-id=\"8326f8b\" data-element_type=\"column\">\n\t\t\t<div class=\"elementor-widget-wrap elementor-element-populated\">\n\t\t\t\t\t\t<div class=\"elementor-element elementor-element-3367e67 elementor-widget elementor-widget-heading\" data-id=\"3367e67\" data-element_type=\"widget\" data-widget_type=\"heading.default\">\n\t\t\t\t<div class=\"elementor-widget-container\">\n\t\t\t\t\t<h2 class=\"elementor-heading-title elementor-size-large\">EMILIJA <br>ALEKSANDRAVI\u010cI\u016aT\u0116<\/h2>\t\t\t\t<\/div>\n\t\t\t\t<\/div>\n\t\t\t\t<div class=\"elementor-element elementor-element-27ab762 elementor-widget elementor-widget-heading\" data-id=\"27ab762\" data-element_type=\"widget\" data-widget_type=\"heading.default\">\n\t\t\t\t<div class=\"elementor-widget-container\">\n\t\t\t\t\t<h3 class=\"elementor-heading-title elementor-size-default\">Marketing Coordinator<\/h3>\t\t\t\t<\/div>\n\t\t\t\t<\/div>\n\t\t\t\t<div class=\"elementor-element elementor-element-64720f3 elementor-widget elementor-widget-text-editor\" data-id=\"64720f3\" data-element_type=\"widget\" data-widget_type=\"text-editor.default\">\n\t\t\t\t<div class=\"elementor-widget-container\">\n\t\t\t\t\t\t\t\t\t<p>Email: <a style=\"background-color: #ffffff\" href=\"mailto:rinkodara@mf.vilniustechsa.lt\">rinkodara@mf.vilniustechsa.lt<\/a><\/p><p>Tel.nr.: +37063864493<\/p>\t\t\t\t\t\t\t\t<\/div>\n\t\t\t\t<\/div>\n\t\t\t\t\t<\/div>\n\t\t<\/div>\n\t\t\t\t<div class=\"elementor-column elementor-col-33 elementor-top-column elementor-element elementor-element-5bd5de7\" data-id=\"5bd5de7\" data-element_type=\"column\">\n\t\t\t<div class=\"elementor-widget-wrap elementor-element-populated\">\n\t\t\t\t\t\t<div class=\"elementor-element elementor-element-8f28cd5 elementor-widget elementor-widget-heading\" data-id=\"8f28cd5\" data-element_type=\"widget\" data-widget_type=\"heading.default\">\n\t\t\t\t<div class=\"elementor-widget-container\">\n\t\t\t\t\t<h2 class=\"elementor-heading-title elementor-size-large\">NEDAS \nSTROPUS<\/h2>\t\t\t\t<\/div>\n\t\t\t\t<\/div>\n\t\t\t\t<div class=\"elementor-element elementor-element-6f9aaee elementor-widget elementor-widget-heading\" data-id=\"6f9aaee\" data-element_type=\"widget\" data-widget_type=\"heading.default\">\n\t\t\t\t<div class=\"elementor-widget-container\">\n\t\t\t\t\t<h3 class=\"elementor-heading-title elementor-size-default\">Public relations Coordinator<\/h3>\t\t\t\t<\/div>\n\t\t\t\t<\/div>\n\t\t\t\t<div class=\"elementor-element elementor-element-b970bad elementor-widget elementor-widget-text-editor\" data-id=\"b970bad\" data-element_type=\"widget\" data-widget_type=\"text-editor.default\">\n\t\t\t\t<div class=\"elementor-widget-container\">\n\t\t\t\t\t\t\t\t\t<p>Email: \u00a0<a href=\"mailto:rsv@mf.vilniustechsa.lt\">rsv@mf.vilniustechsa.lt<\/a><\/p><p>Tel.nr.: +37066221149<\/p>\t\t\t\t\t\t\t\t<\/div>\n\t\t\t\t<\/div>\n\t\t\t\t\t<\/div>\n\t\t<\/div>\n\t\t\t\t<div class=\"elementor-column elementor-col-33 elementor-top-column elementor-element elementor-element-5843534\" data-id=\"5843534\" data-element_type=\"column\">\n\t\t\t<div class=\"elementor-widget-wrap elementor-element-populated\">\n\t\t\t\t\t\t<div class=\"elementor-element elementor-element-c548171 elementor-widget elementor-widget-heading\" data-id=\"c548171\" data-element_type=\"widget\" data-widget_type=\"heading.default\">\n\t\t\t\t<div class=\"elementor-widget-container\">\n\t\t\t\t\t<h2 class=\"elementor-heading-title elementor-size-large\">GABIJA \nKUBERTAVI\u010cI\u016aT\u0116<\/h2>\t\t\t\t<\/div>\n\t\t\t\t<\/div>\n\t\t\t\t<div class=\"elementor-element elementor-element-df73e67 elementor-widget__width-initial elementor-widget elementor-widget-heading\" data-id=\"df73e67\" data-element_type=\"widget\" data-widget_type=\"heading.default\">\n\t\t\t\t<div class=\"elementor-widget-container\">\n\t\t\t\t\t<h3 class=\"elementor-heading-title elementor-size-default\">Human Resources Coordinator<br><\/h3>\t\t\t\t<\/div>\n\t\t\t\t<\/div>\n\t\t\t\t<div class=\"elementor-element elementor-element-4ba948e elementor-widget elementor-widget-text-editor\" data-id=\"4ba948e\" data-element_type=\"widget\" data-widget_type=\"text-editor.default\">\n\t\t\t\t<div class=\"elementor-widget-container\">\n\t\t\t\t\t\t\t\t\t<p>Email: \u00a0<\/p><p>\u00a0 <a href=\"mailto:hr@mf.vilniustechsa.lt\">hr@mf.vilniustechsa.lt<\/a><\/p><p>Tel.nr.: +37063518577<\/p>\t\t\t\t\t\t\t\t<\/div>\n\t\t\t\t<\/div>\n\t\t\t\t\t<\/div>\n\t\t<\/div>\n\t\t\t\t\t<\/div>\n\t\t<\/section>\n\t\t\t\t<section class=\"elementor-section elementor-top-section elementor-element elementor-element-b7ad7ac elementor-section-boxed elementor-section-height-default elementor-section-height-default\" data-id=\"b7ad7ac\" data-element_type=\"section\">\n\t\t\t\t\t\t<div class=\"elementor-container elementor-column-gap-default\">\n\t\t\t\t\t<div class=\"elementor-column elementor-col-50 elementor-top-column elementor-element elementor-element-ace837e\" data-id=\"ace837e\" data-element_type=\"column\">\n\t\t\t<div class=\"elementor-widget-wrap elementor-element-populated\">\n\t\t\t\t\t\t<div class=\"elementor-element elementor-element-1072c83 elementor-widget elementor-widget-heading\" data-id=\"1072c83\" data-element_type=\"widget\" data-widget_type=\"heading.default\">\n\t\t\t\t<div class=\"elementor-widget-container\">\n\t\t\t\t\t<h2 class=\"elementor-heading-title elementor-size-large\">EVELINA<br>BLA\u017dYT\u0116<\/h2>\t\t\t\t<\/div>\n\t\t\t\t<\/div>\n\t\t\t\t<div class=\"elementor-element elementor-element-fc6adc9 elementor-widget__width-initial elementor-widget elementor-widget-heading\" data-id=\"fc6adc9\" data-element_type=\"widget\" data-widget_type=\"heading.default\">\n\t\t\t\t<div class=\"elementor-widget-container\">\n\t\t\t\t\t<h3 class=\"elementor-heading-title elementor-size-default\">Tarptautini\u0173 reikal\u0173<br>koordinator\u0117<\/h3>\t\t\t\t<\/div>\n\t\t\t\t<\/div>\n\t\t\t\t<div class=\"elementor-element elementor-element-a7ce289 elementor-widget elementor-widget-text-editor\" data-id=\"a7ce289\" data-element_type=\"widget\" data-widget_type=\"text-editor.default\">\n\t\t\t\t<div class=\"elementor-widget-container\">\n\t\t\t\t\t\t\t\t\t<p>Email: \u00a0<\/p><p>\u00a0 <a href=\"mailto:international@mf.vilniustechsa.lt\">international@mf.vilniustechsa.lt<\/a><\/p><p>Tel.nr.: +37060696578<\/p>\t\t\t\t\t\t\t\t<\/div>\n\t\t\t\t<\/div>\n\t\t\t\t\t<\/div>\n\t\t<\/div>\n\t\t\t\t<div class=\"elementor-column elementor-col-50 elementor-top-column elementor-element elementor-element-6f5d398\" data-id=\"6f5d398\" data-element_type=\"column\">\n\t\t\t<div class=\"elementor-widget-wrap elementor-element-populated\">\n\t\t\t\t\t\t<div class=\"elementor-element elementor-element-88f7553 elementor-shape-circle e-grid-align-tablet-center elementor-grid-0 e-grid-align-center elementor-widget elementor-widget-social-icons\" data-id=\"88f7553\" data-element_type=\"widget\" data-widget_type=\"social-icons.default\">\n\t\t\t\t<div class=\"elementor-widget-container\">\n\t\t\t\t\t\t\t<div class=\"elementor-social-icons-wrapper elementor-grid\" role=\"list\">\n\t\t\t\t\t\t\t<span class=\"elementor-grid-item\" role=\"listitem\">\n\t\t\t\t\t<a class=\"elementor-icon elementor-social-icon elementor-social-icon-facebook elementor-repeater-item-4f91557\" href=\"https:\/\/www.facebook.com\/VILNIUSTECHSAMF\" target=\"_blank\">\n\t\t\t\t\t\t<span class=\"elementor-screen-only\">Facebook<\/span>\n\t\t\t\t\t\t<i aria-hidden=\"true\" class=\"fab fa-facebook\"><\/i>\t\t\t\t\t<\/a>\n\t\t\t\t<\/span>\n\t\t\t\t\t\t\t<span class=\"elementor-grid-item\" role=\"listitem\">\n\t\t\t\t\t<a class=\"elementor-icon elementor-social-icon elementor-social-icon-instagram elementor-repeater-item-c2c86e0\" href=\"https:\/\/www.instagram.com\/vilniustech_sa_mf\/\" target=\"_blank\">\n\t\t\t\t\t\t<span class=\"elementor-screen-only\">Instagram<\/span>\n\t\t\t\t\t\t<i aria-hidden=\"true\" class=\"fab fa-instagram\"><\/i>\t\t\t\t\t<\/a>\n\t\t\t\t<\/span>\n\t\t\t\t\t<\/div>\n\t\t\t\t\t\t<\/div>\n\t\t\t\t<\/div>\n\t\t\t\t\t<\/div>\n\t\t<\/div>\n\t\t\t\t\t<\/div>\n\t\t<\/section>\n\t\t\t\t<\/div>","protected":false},"excerpt":{"rendered":"<p>BENITA EIMUTYT\u0116 Pirminink\u0117 El.pa\u0161tas: pirmininkas@mf.vilniustechsa.lt Tel.nr.: +37063915555 LUKAS STANULIONIS Vicepirmininkas El.pa\u0161tas: vice@mf.vilniustechsa.lt Tel.nr.: +37060292054 VAIDAS \u0160IMKUS IR JULIUS MARCINKUS Socialini\u0173 ir akademini\u0173 reikal\u0173 koordinatoriai El.pa\u0161tas: sark@mf.vilniustechsa.lt Tel.nr.: +37060983099+37061467963 EMILIJA ALEKSANDRAVI\u010cI\u016aT\u0116 Rinkodaros koordinator\u0117 El.pa\u0161tas: rinkodara@mf.vilniustechsa.lt Tel.nr.: +37063864493 NEDAS STROPUS Ry\u0161i\u0173 su visuomene koordinatorius El.pa\u0161tas: \u00a0rsv@mf.vilniustechsa.lt Tel.nr.: +37066221149 GABIJA KUBERTAVI\u010cI\u016aT\u0116 \u017dmogi\u0161k\u0173j\u0173 i\u0161tekli\u0173 koordinator\u0117 El.pa\u0161tas: \u00a0 \u00a0 hr@mf.vilniustechsa.lt&hellip;<\/p>","protected":false},"author":10,"featured_media":0,"parent":0,"menu_order":0,"comment_status":"closed","ping_status":"closed","template":"","meta":{"footnotes":""},"class_list":["post-2668","page","type-page","status-publish","hentry"],"yoast_head":"<!-- This site is optimized with the Yoast SEO plugin v27.5 - https:\/\/yoast.com\/product\/yoast-seo-wordpress\/ -->\n<title>MF Kontaktai - VILNIUS TECH SA<\/title>\n<meta name=\"robots\" content=\"index, follow, max-snippet:-1, max-image-preview:large, max-video-preview:-1\" \/>\n<link rel=\"canonical\" href=\"https:\/\/vilniustechsa.lt\/en\/mf-kontaktai\/\" \/>\n<meta property=\"og:locale\" content=\"en_US\" \/>\n<meta property=\"og:type\" content=\"article\" \/>\n<meta property=\"og:title\" content=\"MF Kontaktai - VILNIUS TECH SA\" \/>\n<meta property=\"og:description\" content=\"BENITA EIMUTYT\u0116 Pirminink\u0117 El.pa\u0161tas: pirmininkas@mf.vilniustechsa.lt Tel.nr.: +37063915555 LUKAS STANULIONIS Vicepirmininkas El.pa\u0161tas: vice@mf.vilniustechsa.lt Tel.nr.: +37060292054 VAIDAS \u0160IMKUS IR JULIUS MARCINKUS Socialini\u0173 ir akademini\u0173 reikal\u0173 koordinatoriai El.pa\u0161tas: sark@mf.vilniustechsa.lt Tel.nr.: +37060983099+37061467963 EMILIJA ALEKSANDRAVI\u010cI\u016aT\u0116 Rinkodaros koordinator\u0117 El.pa\u0161tas: rinkodara@mf.vilniustechsa.lt Tel.nr.: +37063864493 NEDAS STROPUS Ry\u0161i\u0173 su visuomene koordinatorius El.pa\u0161tas: \u00a0rsv@mf.vilniustechsa.lt Tel.nr.: +37066221149 GABIJA KUBERTAVI\u010cI\u016aT\u0116 \u017dmogi\u0161k\u0173j\u0173 i\u0161tekli\u0173 koordinator\u0117 El.pa\u0161tas: \u00a0 \u00a0 hr@mf.vilniustechsa.lt&hellip;\" \/>\n<meta property=\"og:url\" content=\"https:\/\/vilniustechsa.lt\/en\/mf-kontaktai\/\" \/>\n<meta property=\"og:site_name\" content=\"VILNIUS TECH SA\" \/>\n<meta property=\"article:publisher\" content=\"https:\/\/www.facebook.com\/VGTUSA\/\" \/>\n<meta property=\"article:modified_time\" content=\"2026-03-23T21:28:58+00:00\" \/>\n<meta name=\"twitter:card\" content=\"summary_large_image\" \/>\n<meta name=\"twitter:label1\" content=\"Est. reading time\" \/>\n\t<meta name=\"twitter:data1\" content=\"2 minutes\" \/>\n<script type=\"application\/ld+json\" class=\"yoast-schema-graph\">{\"@context\":\"https:\\\/\\\/schema.org\",\"@graph\":[{\"@type\":\"WebPage\",\"@id\":\"https:\\\/\\\/vilniustechsa.lt\\\/mf-kontaktai\\\/\",\"url\":\"https:\\\/\\\/vilniustechsa.lt\\\/mf-kontaktai\\\/\",\"name\":\"MF Kontaktai - VILNIUS TECH SA\",\"isPartOf\":{\"@id\":\"https:\\\/\\\/vilniustechsa.lt\\\/#website\"},\"primaryImageOfPage\":{\"@id\":\"https:\\\/\\\/vilniustechsa.lt\\\/mf-kontaktai\\\/#primaryimage\"},\"image\":{\"@id\":\"https:\\\/\\\/vilniustechsa.lt\\\/mf-kontaktai\\\/#primaryimage\"},\"thumbnailUrl\":\"https:\\\/\\\/vilniustechsa.lt\\\/wp-content\\\/uploads\\\/2024\\\/11\\\/DSC_8996-scaled.jpg\",\"datePublished\":\"2023-04-16T09:58:46+00:00\",\"dateModified\":\"2026-03-23T21:28:58+00:00\",\"inLanguage\":\"en-US\",\"potentialAction\":[{\"@type\":\"ReadAction\",\"target\":[\"https:\\\/\\\/vilniustechsa.lt\\\/mf-kontaktai\\\/\"]}]},{\"@type\":\"ImageObject\",\"inLanguage\":\"en-US\",\"@id\":\"https:\\\/\\\/vilniustechsa.lt\\\/mf-kontaktai\\\/#primaryimage\",\"url\":\"https:\\\/\\\/vilniustechsa.lt\\\/wp-content\\\/uploads\\\/2024\\\/11\\\/DSC_8996-scaled.jpg\",\"contentUrl\":\"https:\\\/\\\/vilniustechsa.lt\\\/wp-content\\\/uploads\\\/2024\\\/11\\\/DSC_8996-scaled.jpg\"},{\"@type\":\"WebSite\",\"@id\":\"https:\\\/\\\/vilniustechsa.lt\\\/#website\",\"url\":\"https:\\\/\\\/vilniustechsa.lt\\\/\",\"name\":\"VILNIUS TECH SA\",\"description\":\"U\u017e studenti\u0161k\u0105 rytoj\u0173!\",\"publisher\":{\"@id\":\"https:\\\/\\\/vilniustechsa.lt\\\/#organization\"},\"potentialAction\":[{\"@type\":\"SearchAction\",\"target\":{\"@type\":\"EntryPoint\",\"urlTemplate\":\"https:\\\/\\\/vilniustechsa.lt\\\/?s={search_term_string}\"},\"query-input\":{\"@type\":\"PropertyValueSpecification\",\"valueRequired\":true,\"valueName\":\"search_term_string\"}}],\"inLanguage\":\"en-US\"},{\"@type\":\"Organization\",\"@id\":\"https:\\\/\\\/vilniustechsa.lt\\\/#organization\",\"name\":\"VILNIUS TECH SA\",\"url\":\"https:\\\/\\\/vilniustechsa.lt\\\/\",\"logo\":{\"@type\":\"ImageObject\",\"inLanguage\":\"en-US\",\"@id\":\"https:\\\/\\\/vilniustechsa.lt\\\/#\\\/schema\\\/logo\\\/image\\\/\",\"url\":\"https:\\\/\\\/vilniustechsa.lt\\\/wp-content\\\/uploads\\\/2023\\\/04\\\/sa-be-teksto.png\",\"contentUrl\":\"https:\\\/\\\/vilniustechsa.lt\\\/wp-content\\\/uploads\\\/2023\\\/04\\\/sa-be-teksto.png\",\"width\":792,\"height\":792,\"caption\":\"VILNIUS TECH SA\"},\"image\":{\"@id\":\"https:\\\/\\\/vilniustechsa.lt\\\/#\\\/schema\\\/logo\\\/image\\\/\"},\"sameAs\":[\"https:\\\/\\\/www.facebook.com\\\/VGTUSA\\\/\",\"https:\\\/\\\/www.instagram.com\\\/vgtu_sa\\\/\"]}]}<\/script>\n<!-- \/ Yoast SEO plugin. -->","yoast_head_json":{"title":"MF Kontaktai - VILNIUS TECH SA","robots":{"index":"index","follow":"follow","max-snippet":"max-snippet:-1","max-image-preview":"max-image-preview:large","max-video-preview":"max-video-preview:-1"},"canonical":"https:\/\/vilniustechsa.lt\/en\/mf-kontaktai\/","og_locale":"en_US","og_type":"article","og_title":"MF Kontaktai - VILNIUS TECH SA","og_description":"BENITA EIMUTYT\u0116 Pirminink\u0117 El.pa\u0161tas: pirmininkas@mf.vilniustechsa.lt Tel.nr.: +37063915555 LUKAS STANULIONIS Vicepirmininkas El.pa\u0161tas: vice@mf.vilniustechsa.lt Tel.nr.: +37060292054 VAIDAS \u0160IMKUS IR JULIUS MARCINKUS Socialini\u0173 ir akademini\u0173 reikal\u0173 koordinatoriai El.pa\u0161tas: sark@mf.vilniustechsa.lt Tel.nr.: +37060983099+37061467963 EMILIJA ALEKSANDRAVI\u010cI\u016aT\u0116 Rinkodaros koordinator\u0117 El.pa\u0161tas: rinkodara@mf.vilniustechsa.lt Tel.nr.: +37063864493 NEDAS STROPUS Ry\u0161i\u0173 su visuomene koordinatorius El.pa\u0161tas: \u00a0rsv@mf.vilniustechsa.lt Tel.nr.: +37066221149 GABIJA KUBERTAVI\u010cI\u016aT\u0116 \u017dmogi\u0161k\u0173j\u0173 i\u0161tekli\u0173 koordinator\u0117 El.pa\u0161tas: \u00a0 \u00a0 hr@mf.vilniustechsa.lt&hellip;","og_url":"https:\/\/vilniustechsa.lt\/en\/mf-kontaktai\/","og_site_name":"VILNIUS TECH SA","article_publisher":"https:\/\/www.facebook.com\/VGTUSA\/","article_modified_time":"2026-03-23T21:28:58+00:00","twitter_card":"summary_large_image","twitter_misc":{"Est. reading time":"2 minutes"},"schema":{"@context":"https:\/\/schema.org","@graph":[{"@type":"WebPage","@id":"https:\/\/vilniustechsa.lt\/mf-kontaktai\/","url":"https:\/\/vilniustechsa.lt\/mf-kontaktai\/","name":"MF Kontaktai - VILNIUS TECH SA","isPartOf":{"@id":"https:\/\/vilniustechsa.lt\/#website"},"primaryImageOfPage":{"@id":"https:\/\/vilniustechsa.lt\/mf-kontaktai\/#primaryimage"},"image":{"@id":"https:\/\/vilniustechsa.lt\/mf-kontaktai\/#primaryimage"},"thumbnailUrl":"https:\/\/vilniustechsa.lt\/wp-content\/uploads\/2024\/11\/DSC_8996-scaled.jpg","datePublished":"2023-04-16T09:58:46+00:00","dateModified":"2026-03-23T21:28:58+00:00","inLanguage":"en-US","potentialAction":[{"@type":"ReadAction","target":["https:\/\/vilniustechsa.lt\/mf-kontaktai\/"]}]},{"@type":"ImageObject","inLanguage":"en-US","@id":"https:\/\/vilniustechsa.lt\/mf-kontaktai\/#primaryimage","url":"https:\/\/vilniustechsa.lt\/wp-content\/uploads\/2024\/11\/DSC_8996-scaled.jpg","contentUrl":"https:\/\/vilniustechsa.lt\/wp-content\/uploads\/2024\/11\/DSC_8996-scaled.jpg"},{"@type":"WebSite","@id":"https:\/\/vilniustechsa.lt\/#website","url":"https:\/\/vilniustechsa.lt\/","name":"VILNIUS TECH SA","description":"For students of tomorrow!","publisher":{"@id":"https:\/\/vilniustechsa.lt\/#organization"},"potentialAction":[{"@type":"SearchAction","target":{"@type":"EntryPoint","urlTemplate":"https:\/\/vilniustechsa.lt\/?s={search_term_string}"},"query-input":{"@type":"PropertyValueSpecification","valueRequired":true,"valueName":"search_term_string"}}],"inLanguage":"en-US"},{"@type":"Organization","@id":"https:\/\/vilniustechsa.lt\/#organization","name":"VILNIUS TECH SA","url":"https:\/\/vilniustechsa.lt\/","logo":{"@type":"ImageObject","inLanguage":"en-US","@id":"https:\/\/vilniustechsa.lt\/#\/schema\/logo\/image\/","url":"https:\/\/vilniustechsa.lt\/wp-content\/uploads\/2023\/04\/sa-be-teksto.png","contentUrl":"https:\/\/vilniustechsa.lt\/wp-content\/uploads\/2023\/04\/sa-be-teksto.png","width":792,"height":792,"caption":"VILNIUS TECH SA"},"image":{"@id":"https:\/\/vilniustechsa.lt\/#\/schema\/logo\/image\/"},"sameAs":["https:\/\/www.facebook.com\/VGTUSA\/","https:\/\/www.instagram.com\/vgtu_sa\/"]}]}},"_links":{"self":[{"href":"https:\/\/vilniustechsa.lt\/en\/wp-json\/wp\/v2\/pages\/2668","targetHints":{"allow":["GET"]}}],"collection":[{"href":"https:\/\/vilniustechsa.lt\/en\/wp-json\/wp\/v2\/pages"}],"about":[{"href":"https:\/\/vilniustechsa.lt\/en\/wp-json\/wp\/v2\/types\/page"}],"author":[{"embeddable":true,"href":"https:\/\/vilniustechsa.lt\/en\/wp-json\/wp\/v2\/users\/10"}],"replies":[{"embeddable":true,"href":"https:\/\/vilniustechsa.lt\/en\/wp-json\/wp\/v2\/comments?post=2668"}],"version-history":[{"count":64,"href":"https:\/\/vilniustechsa.lt\/en\/wp-json\/wp\/v2\/pages\/2668\/revisions"}],"predecessor-version":[{"id":12284,"href":"https:\/\/vilniustechsa.lt\/en\/wp-json\/wp\/v2\/pages\/2668\/revisions\/12284"}],"wp:attachment":[{"href":"https:\/\/vilniustechsa.lt\/en\/wp-json\/wp\/v2\/media?parent=2668"}],"curies":[{"name":"wp","href":"https:\/\/api.w.org\/{rel}","templated":true}]}}