{"id":2677,"date":"2023-04-16T10:03:38","date_gmt":"2023-04-16T10:03:38","guid":{"rendered":"https:\/\/vilniustechsa.lt\/?page_id=2677"},"modified":"2026-03-19T18:43:44","modified_gmt":"2026-03-19T18:43:44","slug":"vvf-kontaktai","status":"publish","type":"page","link":"https:\/\/vilniustechsa.lt\/en\/vvf-kontaktai\/","title":{"rendered":"VVF Contacts"},"content":{"rendered":"<div data-elementor-type=\"wp-page\" data-elementor-id=\"2677\" class=\"elementor elementor-2677\">\n\t\t\t\t\t\t<section class=\"elementor-section elementor-top-section elementor-element elementor-element-76c672e elementor-section-boxed elementor-section-height-default elementor-section-height-default\" data-id=\"76c672e\" data-element_type=\"section\">\n\t\t\t\t\t\t<div class=\"elementor-container elementor-column-gap-default\">\n\t\t\t\t\t<div class=\"elementor-column elementor-col-100 elementor-top-column elementor-element elementor-element-9789b82\" data-id=\"9789b82\" data-element_type=\"column\">\n\t\t\t<div class=\"elementor-widget-wrap elementor-element-populated\">\n\t\t\t\t\t\t<div class=\"elementor-element elementor-element-a353246 elementor-widget elementor-widget-image\" data-id=\"a353246\" data-element_type=\"widget\" data-widget_type=\"image.default\">\n\t\t\t\t<div class=\"elementor-widget-container\">\n\t\t\t\t\t\t\t\t\t\t\t\t\t\t\t<img fetchpriority=\"high\" decoding=\"async\" width=\"891\" height=\"1024\" src=\"https:\/\/vilniustechsa.lt\/wp-content\/uploads\/2025\/10\/vycka-891x1024.jpg\" class=\"attachment-large size-large wp-image-10642\" alt=\"\" srcset=\"https:\/\/vilniustechsa.lt\/wp-content\/uploads\/2025\/10\/vycka-891x1024.jpg 891w, https:\/\/vilniustechsa.lt\/wp-content\/uploads\/2025\/10\/vycka-261x300.jpg 261w, https:\/\/vilniustechsa.lt\/wp-content\/uploads\/2025\/10\/vycka-130x150.jpg 130w, https:\/\/vilniustechsa.lt\/wp-content\/uploads\/2025\/10\/vycka-768x883.jpg 768w, https:\/\/vilniustechsa.lt\/wp-content\/uploads\/2025\/10\/vycka-1336x1536.jpg 1336w, https:\/\/vilniustechsa.lt\/wp-content\/uploads\/2025\/10\/vycka-1782x2048.jpg 1782w, https:\/\/vilniustechsa.lt\/wp-content\/uploads\/2025\/10\/vycka-10x12.jpg 10w\" sizes=\"(max-width: 891px) 100vw, 891px\" \/>\t\t\t\t\t\t\t\t\t\t\t\t\t\t\t<\/div>\n\t\t\t\t<\/div>\n\t\t\t\t<div class=\"elementor-element elementor-element-d577f97 elementor-widget elementor-widget-heading\" data-id=\"d577f97\" data-element_type=\"widget\" data-widget_type=\"heading.default\">\n\t\t\t\t<div class=\"elementor-widget-container\">\n\t\t\t\t\t<h2 class=\"elementor-heading-title elementor-size-large\">VYTAUTAS JASIULIONIS<\/h2>\t\t\t\t<\/div>\n\t\t\t\t<\/div>\n\t\t\t\t<div class=\"elementor-element elementor-element-bdb6f07 elementor-widget elementor-widget-heading\" data-id=\"bdb6f07\" data-element_type=\"widget\" data-widget_type=\"heading.default\">\n\t\t\t\t<div class=\"elementor-widget-container\">\n\t\t\t\t\t<h3 class=\"elementor-heading-title elementor-size-default\">Chairman<\/h3>\t\t\t\t<\/div>\n\t\t\t\t<\/div>\n\t\t\t\t<div class=\"elementor-element elementor-element-0732277 elementor-widget elementor-widget-text-editor\" data-id=\"0732277\" data-element_type=\"widget\" data-widget_type=\"text-editor.default\">\n\t\t\t\t<div class=\"elementor-widget-container\">\n\t\t\t\t\t\t\t\t\t<p>Email:<\/p><p><a style=\"letter-spacing: 1.1px;background-color: #ffffff\" href=\"mailto:pirmininkas@vvf.vilniustechsa.lt\">pirmininkas@vvf.vilniustechsa.lt<\/a><\/p><p>Tel.nr.: +37063619341<\/p>\t\t\t\t\t\t\t\t<\/div>\n\t\t\t\t<\/div>\n\t\t\t\t\t<\/div>\n\t\t<\/div>\n\t\t\t\t\t<\/div>\n\t\t<\/section>\n\t\t\t\t<section class=\"elementor-section elementor-top-section elementor-element elementor-element-ea741f3 elementor-section-boxed elementor-section-height-default elementor-section-height-default\" data-id=\"ea741f3\" data-element_type=\"section\">\n\t\t\t\t\t\t<div class=\"elementor-container elementor-column-gap-default\">\n\t\t\t\t\t<div class=\"elementor-column elementor-col-50 elementor-top-column elementor-element elementor-element-312e83e\" data-id=\"312e83e\" data-element_type=\"column\">\n\t\t\t<div class=\"elementor-widget-wrap elementor-element-populated\">\n\t\t\t\t\t\t<div class=\"elementor-element elementor-element-c6f5694 elementor-widget elementor-widget-image\" data-id=\"c6f5694\" data-element_type=\"widget\" data-widget_type=\"image.default\">\n\t\t\t\t<div class=\"elementor-widget-container\">\n\t\t\t\t\t\t\t\t\t\t\t\t\t\t\t<img decoding=\"async\" width=\"836\" height=\"1024\" src=\"https:\/\/vilniustechsa.lt\/wp-content\/uploads\/2025\/10\/vices-836x1024.jpg\" class=\"attachment-large size-large wp-image-10636\" alt=\"\" srcset=\"https:\/\/vilniustechsa.lt\/wp-content\/uploads\/2025\/10\/vices-836x1024.jpg 836w, https:\/\/vilniustechsa.lt\/wp-content\/uploads\/2025\/10\/vices-245x300.jpg 245w, https:\/\/vilniustechsa.lt\/wp-content\/uploads\/2025\/10\/vices-122x150.jpg 122w, https:\/\/vilniustechsa.lt\/wp-content\/uploads\/2025\/10\/vices-768x941.jpg 768w, https:\/\/vilniustechsa.lt\/wp-content\/uploads\/2025\/10\/vices-1254x1536.jpg 1254w, https:\/\/vilniustechsa.lt\/wp-content\/uploads\/2025\/10\/vices-1672x2048.jpg 1672w, https:\/\/vilniustechsa.lt\/wp-content\/uploads\/2025\/10\/vices-10x12.jpg 10w\" sizes=\"(max-width: 836px) 100vw, 836px\" \/>\t\t\t\t\t\t\t\t\t\t\t\t\t\t\t<\/div>\n\t\t\t\t<\/div>\n\t\t\t\t<div class=\"elementor-element elementor-element-c12e8a3 elementor-widget elementor-widget-heading\" data-id=\"c12e8a3\" data-element_type=\"widget\" data-widget_type=\"heading.default\">\n\t\t\t\t<div class=\"elementor-widget-container\">\n\t\t\t\t\t<h2 class=\"elementor-heading-title elementor-size-large\">JUSTAS GRIGALSKIS IR NEILA JAKUTYT\u0116<\/h2>\t\t\t\t<\/div>\n\t\t\t\t<\/div>\n\t\t\t\t<div class=\"elementor-element elementor-element-ada4914 elementor-widget elementor-widget-heading\" data-id=\"ada4914\" data-element_type=\"widget\" data-widget_type=\"heading.default\">\n\t\t\t\t<div class=\"elementor-widget-container\">\n\t\t\t\t\t<h3 class=\"elementor-heading-title elementor-size-default\">Vicepirmininkai<\/h3>\t\t\t\t<\/div>\n\t\t\t\t<\/div>\n\t\t\t\t<div class=\"elementor-element elementor-element-4f1e756 elementor-widget elementor-widget-text-editor\" data-id=\"4f1e756\" data-element_type=\"widget\" data-widget_type=\"text-editor.default\">\n\t\t\t\t<div class=\"elementor-widget-container\">\n\t\t\t\t\t\t\t\t\t<p>Email:<\/p><p><a href=\"mailto:vice@vvf.vilniustechsa.lt\">vice@vvf.vilniustechsa.lt<\/a><\/p><p>Justas tel.nr.: +37069878363<\/p><p><span style=\"letter-spacing: 1.1px\">Neila tel.nr.: +37065792882<\/span><\/p>\t\t\t\t\t\t\t\t<\/div>\n\t\t\t\t<\/div>\n\t\t\t\t\t<\/div>\n\t\t<\/div>\n\t\t\t\t<div class=\"elementor-column elementor-col-50 elementor-top-column elementor-element elementor-element-9be0a2a\" data-id=\"9be0a2a\" data-element_type=\"column\">\n\t\t\t<div class=\"elementor-widget-wrap elementor-element-populated\">\n\t\t\t\t\t\t<div class=\"elementor-element elementor-element-04cb764 elementor-widget elementor-widget-image\" data-id=\"04cb764\" data-element_type=\"widget\" data-widget_type=\"image.default\">\n\t\t\t\t<div class=\"elementor-widget-container\">\n\t\t\t\t\t\t\t\t\t\t\t\t\t\t\t<img decoding=\"async\" width=\"849\" height=\"1024\" src=\"https:\/\/vilniustechsa.lt\/wp-content\/uploads\/2025\/10\/2c6922bd-2a85-4c9e-a327-524003c1b083-849x1024.jpeg\" class=\"attachment-large size-large wp-image-10644\" alt=\"\" srcset=\"https:\/\/vilniustechsa.lt\/wp-content\/uploads\/2025\/10\/2c6922bd-2a85-4c9e-a327-524003c1b083-849x1024.jpeg 849w, https:\/\/vilniustechsa.lt\/wp-content\/uploads\/2025\/10\/2c6922bd-2a85-4c9e-a327-524003c1b083-249x300.jpeg 249w, https:\/\/vilniustechsa.lt\/wp-content\/uploads\/2025\/10\/2c6922bd-2a85-4c9e-a327-524003c1b083-124x150.jpeg 124w, https:\/\/vilniustechsa.lt\/wp-content\/uploads\/2025\/10\/2c6922bd-2a85-4c9e-a327-524003c1b083-768x926.jpeg 768w, https:\/\/vilniustechsa.lt\/wp-content\/uploads\/2025\/10\/2c6922bd-2a85-4c9e-a327-524003c1b083-1274x1536.jpeg 1274w, https:\/\/vilniustechsa.lt\/wp-content\/uploads\/2025\/10\/2c6922bd-2a85-4c9e-a327-524003c1b083-10x12.jpeg 10w, https:\/\/vilniustechsa.lt\/wp-content\/uploads\/2025\/10\/2c6922bd-2a85-4c9e-a327-524003c1b083.jpeg 1698w\" sizes=\"(max-width: 849px) 100vw, 849px\" \/>\t\t\t\t\t\t\t\t\t\t\t\t\t\t\t<\/div>\n\t\t\t\t<\/div>\n\t\t\t\t<div class=\"elementor-element elementor-element-24f16fd elementor-widget elementor-widget-heading\" data-id=\"24f16fd\" data-element_type=\"widget\" data-widget_type=\"heading.default\">\n\t\t\t\t<div class=\"elementor-widget-container\">\n\t\t\t\t\t<h2 class=\"elementor-heading-title elementor-size-large\">MEDA MIKELAITYT\u0116 IR SMILT\u0116 DREVINSKAIT\u0116<\/h2>\t\t\t\t<\/div>\n\t\t\t\t<\/div>\n\t\t\t\t<div class=\"elementor-element elementor-element-f1fb3fe elementor-widget elementor-widget-heading\" data-id=\"f1fb3fe\" data-element_type=\"widget\" data-widget_type=\"heading.default\">\n\t\t\t\t<div class=\"elementor-widget-container\">\n\t\t\t\t\t<h3 class=\"elementor-heading-title elementor-size-default\">Socialini\u0173 ir akademini\u0173 reikal\u0173 koordinator\u0117s<\/h3>\t\t\t\t<\/div>\n\t\t\t\t<\/div>\n\t\t\t\t<div class=\"elementor-element elementor-element-38025e2 elementor-widget elementor-widget-text-editor\" data-id=\"38025e2\" data-element_type=\"widget\" data-widget_type=\"text-editor.default\">\n\t\t\t\t<div class=\"elementor-widget-container\">\n\t\t\t\t\t\t\t\t\t<p>Email:<\/p><p><a href=\"mailto:vice@vvf.vilniustechsa.lt\">sark@vvf.vilniustechsa.lt<\/a><\/p><p>Meda Tel.nr.: +37066796357<\/p><p><span style=\"letter-spacing: 1.1px\">Smilt\u0117 Tel.nr.: +37067399756<\/span><\/p>\t\t\t\t\t\t\t\t<\/div>\n\t\t\t\t<\/div>\n\t\t\t\t\t<\/div>\n\t\t<\/div>\n\t\t\t\t\t<\/div>\n\t\t<\/section>\n\t\t\t\t<section class=\"elementor-section elementor-top-section elementor-element elementor-element-7b25166 elementor-section-boxed elementor-section-height-default elementor-section-height-default\" data-id=\"7b25166\" data-element_type=\"section\">\n\t\t\t\t\t\t<div class=\"elementor-container elementor-column-gap-default\">\n\t\t\t\t\t<div class=\"elementor-column elementor-col-100 elementor-top-column elementor-element elementor-element-f007bec\" data-id=\"f007bec\" data-element_type=\"column\">\n\t\t\t<div class=\"elementor-widget-wrap elementor-element-populated\">\n\t\t\t\t\t\t<div class=\"elementor-element elementor-element-4837e01 elementor-widget elementor-widget-image\" data-id=\"4837e01\" data-element_type=\"widget\" data-widget_type=\"image.default\">\n\t\t\t\t<div class=\"elementor-widget-container\">\n\t\t\t\t\t\t\t\t\t\t\t\t\t\t\t<img loading=\"lazy\" decoding=\"async\" width=\"989\" height=\"1024\" src=\"https:\/\/vilniustechsa.lt\/wp-content\/uploads\/2025\/10\/ME-989x1024.jpg\" class=\"attachment-large size-large wp-image-10645\" alt=\"\" srcset=\"https:\/\/vilniustechsa.lt\/wp-content\/uploads\/2025\/10\/ME-989x1024.jpg 989w, https:\/\/vilniustechsa.lt\/wp-content\/uploads\/2025\/10\/ME-290x300.jpg 290w, https:\/\/vilniustechsa.lt\/wp-content\/uploads\/2025\/10\/ME-145x150.jpg 145w, https:\/\/vilniustechsa.lt\/wp-content\/uploads\/2025\/10\/ME-768x795.jpg 768w, https:\/\/vilniustechsa.lt\/wp-content\/uploads\/2025\/10\/ME-1483x1536.jpg 1483w, https:\/\/vilniustechsa.lt\/wp-content\/uploads\/2025\/10\/ME-1978x2048.jpg 1978w, https:\/\/vilniustechsa.lt\/wp-content\/uploads\/2025\/10\/ME-12x12.jpg 12w\" sizes=\"(max-width: 989px) 100vw, 989px\" \/>\t\t\t\t\t\t\t\t\t\t\t\t\t\t\t<\/div>\n\t\t\t\t<\/div>\n\t\t\t\t<div class=\"elementor-element elementor-element-0b3ab89 elementor-widget elementor-widget-heading\" data-id=\"0b3ab89\" data-element_type=\"widget\" data-widget_type=\"heading.default\">\n\t\t\t\t<div class=\"elementor-widget-container\">\n\t\t\t\t\t<h2 class=\"elementor-heading-title elementor-size-large\">MILENA RADZEVI\u010cI\u016aT\u0116<\/h2>\t\t\t\t<\/div>\n\t\t\t\t<\/div>\n\t\t\t\t<div class=\"elementor-element elementor-element-4271d60 elementor-widget elementor-widget-heading\" data-id=\"4271d60\" data-element_type=\"widget\" data-widget_type=\"heading.default\">\n\t\t\t\t<div class=\"elementor-widget-container\">\n\t\t\t\t\t<h3 class=\"elementor-heading-title elementor-size-default\"><span>Public relations Coordinator<\/span><\/h3>\t\t\t\t<\/div>\n\t\t\t\t<\/div>\n\t\t\t\t<div class=\"elementor-element elementor-element-53a8944 elementor-widget elementor-widget-text-editor\" data-id=\"53a8944\" data-element_type=\"widget\" data-widget_type=\"text-editor.default\">\n\t\t\t\t<div class=\"elementor-widget-container\">\n\t\t\t\t\t\t\t\t\t<p>Email:<\/p><p><a style=\"background-color: #ffffff;letter-spacing: 1.1px\" href=\"mailto:rinkodara@vvf.vilniustechsa.lt\">rsv@vvf.vilniustechsa.lt<\/a><\/p><p>Tel.nr.: +37064718685<\/p>\t\t\t\t\t\t\t\t<\/div>\n\t\t\t\t<\/div>\n\t\t\t\t\t<\/div>\n\t\t<\/div>\n\t\t\t\t\t<\/div>\n\t\t<\/section>\n\t\t\t\t<section class=\"elementor-section elementor-top-section elementor-element elementor-element-b7ad7ac elementor-section-boxed elementor-section-height-default elementor-section-height-default\" data-id=\"b7ad7ac\" data-element_type=\"section\">\n\t\t\t\t\t\t<div class=\"elementor-container elementor-column-gap-default\">\n\t\t\t\t\t<div class=\"elementor-column elementor-col-50 elementor-top-column elementor-element elementor-element-bf732d7\" data-id=\"bf732d7\" data-element_type=\"column\">\n\t\t\t<div class=\"elementor-widget-wrap elementor-element-populated\">\n\t\t\t\t\t\t<div class=\"elementor-element elementor-element-1a71179 elementor-widget elementor-widget-image\" data-id=\"1a71179\" data-element_type=\"widget\" data-widget_type=\"image.default\">\n\t\t\t\t<div class=\"elementor-widget-container\">\n\t\t\t\t\t\t\t\t\t\t\t\t\t\t\t<img loading=\"lazy\" decoding=\"async\" width=\"1024\" height=\"1024\" src=\"https:\/\/vilniustechsa.lt\/wp-content\/uploads\/2026\/03\/IMG_9408-1024x1024.jpeg\" class=\"attachment-large size-large wp-image-12244\" alt=\"\" srcset=\"https:\/\/vilniustechsa.lt\/wp-content\/uploads\/2026\/03\/IMG_9408-1024x1024.jpeg 1024w, https:\/\/vilniustechsa.lt\/wp-content\/uploads\/2026\/03\/IMG_9408-300x300.jpeg 300w, https:\/\/vilniustechsa.lt\/wp-content\/uploads\/2026\/03\/IMG_9408-150x150.jpeg 150w, https:\/\/vilniustechsa.lt\/wp-content\/uploads\/2026\/03\/IMG_9408-768x768.jpeg 768w, https:\/\/vilniustechsa.lt\/wp-content\/uploads\/2026\/03\/IMG_9408-1536x1536.jpeg 1536w, https:\/\/vilniustechsa.lt\/wp-content\/uploads\/2026\/03\/IMG_9408-2048x2048.jpeg 2048w, https:\/\/vilniustechsa.lt\/wp-content\/uploads\/2026\/03\/IMG_9408-12x12.jpeg 12w, https:\/\/vilniustechsa.lt\/wp-content\/uploads\/2026\/03\/IMG_9408-512x512.jpeg 512w\" sizes=\"(max-width: 1024px) 100vw, 1024px\" \/>\t\t\t\t\t\t\t\t\t\t\t\t\t\t\t<\/div>\n\t\t\t\t<\/div>\n\t\t\t\t<div class=\"elementor-element elementor-element-4db28fb elementor-widget elementor-widget-heading\" data-id=\"4db28fb\" data-element_type=\"widget\" data-widget_type=\"heading.default\">\n\t\t\t\t<div class=\"elementor-widget-container\">\n\t\t\t\t\t<h2 class=\"elementor-heading-title elementor-size-default\">AGN\u0116 KAZUL\u0116NAIT\u0116<\/h2>\t\t\t\t<\/div>\n\t\t\t\t<\/div>\n\t\t\t\t<div class=\"elementor-element elementor-element-b23aff8 elementor-widget elementor-widget-heading\" data-id=\"b23aff8\" data-element_type=\"widget\" data-widget_type=\"heading.default\">\n\t\t\t\t<div class=\"elementor-widget-container\">\n\t\t\t\t\t<h2 class=\"elementor-heading-title elementor-size-default\">Human Resources Coordinator<\/h2>\t\t\t\t<\/div>\n\t\t\t\t<\/div>\n\t\t\t\t<div class=\"elementor-element elementor-element-30a24be elementor-widget elementor-widget-text-editor\" data-id=\"30a24be\" data-element_type=\"widget\" data-widget_type=\"text-editor.default\">\n\t\t\t\t<div class=\"elementor-widget-container\">\n\t\t\t\t\t\t\t\t\t<p>Email:<\/p><p><a style=\"letter-spacing: 1.1px;background-color: #ffffff\" href=\"mailto:sark@vvf.vilniustechsa.lt\">hr@vvf.vilniustechsa.lt<\/a><\/p><p>Tel.nr.:\u00a0<span style=\"letter-spacing: 0px\">+37065246804<\/span><\/p>\t\t\t\t\t\t\t\t<\/div>\n\t\t\t\t<\/div>\n\t\t\t\t\t<\/div>\n\t\t<\/div>\n\t\t\t\t<div class=\"elementor-column elementor-col-50 elementor-top-column elementor-element elementor-element-c42a6ce\" data-id=\"c42a6ce\" data-element_type=\"column\">\n\t\t\t<div class=\"elementor-widget-wrap elementor-element-populated\">\n\t\t\t\t\t\t<div class=\"elementor-element elementor-element-e3cdbf0 elementor-widget elementor-widget-image\" data-id=\"e3cdbf0\" data-element_type=\"widget\" data-widget_type=\"image.default\">\n\t\t\t\t<div class=\"elementor-widget-container\">\n\t\t\t\t\t\t\t\t\t\t\t\t\t\t\t<img loading=\"lazy\" decoding=\"async\" width=\"861\" height=\"1024\" src=\"https:\/\/vilniustechsa.lt\/wp-content\/uploads\/2025\/03\/484648019_635470119400936_7052686948945895958_n-1-861x1024.jpg\" class=\"attachment-large size-large wp-image-10068\" alt=\"\" srcset=\"https:\/\/vilniustechsa.lt\/wp-content\/uploads\/2025\/03\/484648019_635470119400936_7052686948945895958_n-1-861x1024.jpg 861w, https:\/\/vilniustechsa.lt\/wp-content\/uploads\/2025\/03\/484648019_635470119400936_7052686948945895958_n-1-252x300.jpg 252w, https:\/\/vilniustechsa.lt\/wp-content\/uploads\/2025\/03\/484648019_635470119400936_7052686948945895958_n-1-126x150.jpg 126w, https:\/\/vilniustechsa.lt\/wp-content\/uploads\/2025\/03\/484648019_635470119400936_7052686948945895958_n-1-768x913.jpg 768w, https:\/\/vilniustechsa.lt\/wp-content\/uploads\/2025\/03\/484648019_635470119400936_7052686948945895958_n-1-10x12.jpg 10w, https:\/\/vilniustechsa.lt\/wp-content\/uploads\/2025\/03\/484648019_635470119400936_7052686948945895958_n-1.jpg 1280w\" sizes=\"(max-width: 861px) 100vw, 861px\" \/>\t\t\t\t\t\t\t\t\t\t\t\t\t\t\t<\/div>\n\t\t\t\t<\/div>\n\t\t\t\t<div class=\"elementor-element elementor-element-a98a231 elementor-widget elementor-widget-heading\" data-id=\"a98a231\" data-element_type=\"widget\" data-widget_type=\"heading.default\">\n\t\t\t\t<div class=\"elementor-widget-container\">\n\t\t\t\t\t<h2 class=\"elementor-heading-title elementor-size-large\">IGNAS AKULAVI\u010cIUS<\/h2>\t\t\t\t<\/div>\n\t\t\t\t<\/div>\n\t\t\t\t<div class=\"elementor-element elementor-element-b21959f elementor-widget elementor-widget-heading\" data-id=\"b21959f\" data-element_type=\"widget\" data-widget_type=\"heading.default\">\n\t\t\t\t<div class=\"elementor-widget-container\">\n\t\t\t\t\t<h3 class=\"elementor-heading-title elementor-size-default\"><p><span> <\/span><span>International student&nbsp;<\/span><span>reikal\u0173&nbsp;<\/span><span>k<\/span><span>oordinatorius<\/span><span><\/span><\/p><\/h3>\t\t\t\t<\/div>\n\t\t\t\t<\/div>\n\t\t\t\t<div class=\"elementor-element elementor-element-c0edddb elementor-widget elementor-widget-text-editor\" data-id=\"c0edddb\" data-element_type=\"widget\" data-widget_type=\"text-editor.default\">\n\t\t\t\t<div class=\"elementor-widget-container\">\n\t\t\t\t\t\t\t\t\t<p>Email:<\/p><p><a style=\"letter-spacing: 1.1px;background-color: #ffffff\" href=\"mailto:sark@vvf.vilniustechsa.lt\">international@vvf.vilniustechsa.lt<\/a><\/p><p>Tel.nr.: +37063401496<\/p>\t\t\t\t\t\t\t\t<\/div>\n\t\t\t\t<\/div>\n\t\t\t\t\t<\/div>\n\t\t<\/div>\n\t\t\t\t\t<\/div>\n\t\t<\/section>\n\t\t\t\t<section class=\"elementor-section elementor-top-section elementor-element elementor-element-f0a3cf9 elementor-section-boxed elementor-section-height-default elementor-section-height-default\" data-id=\"f0a3cf9\" data-element_type=\"section\">\n\t\t\t\t\t\t<div class=\"elementor-container elementor-column-gap-default\">\n\t\t\t\t\t<div class=\"elementor-column elementor-col-100 elementor-top-column elementor-element elementor-element-b757005\" data-id=\"b757005\" data-element_type=\"column\">\n\t\t\t<div class=\"elementor-widget-wrap elementor-element-populated\">\n\t\t\t\t\t\t<div class=\"elementor-element elementor-element-d87e7a1 elementor-widget elementor-widget-image\" data-id=\"d87e7a1\" data-element_type=\"widget\" data-widget_type=\"image.default\">\n\t\t\t\t<div class=\"elementor-widget-container\">\n\t\t\t\t\t\t\t\t\t\t\t\t\t\t\t<img loading=\"lazy\" decoding=\"async\" width=\"972\" height=\"1024\" src=\"https:\/\/vilniustechsa.lt\/wp-content\/uploads\/2026\/03\/IMG_5141-972x1024.jpg\" class=\"attachment-large size-large wp-image-12245\" alt=\"\" srcset=\"https:\/\/vilniustechsa.lt\/wp-content\/uploads\/2026\/03\/IMG_5141-972x1024.jpg 972w, https:\/\/vilniustechsa.lt\/wp-content\/uploads\/2026\/03\/IMG_5141-285x300.jpg 285w, https:\/\/vilniustechsa.lt\/wp-content\/uploads\/2026\/03\/IMG_5141-142x150.jpg 142w, https:\/\/vilniustechsa.lt\/wp-content\/uploads\/2026\/03\/IMG_5141-768x809.jpg 768w, https:\/\/vilniustechsa.lt\/wp-content\/uploads\/2026\/03\/IMG_5141-1457x1536.jpg 1457w, https:\/\/vilniustechsa.lt\/wp-content\/uploads\/2026\/03\/IMG_5141-1943x2048.jpg 1943w, https:\/\/vilniustechsa.lt\/wp-content\/uploads\/2026\/03\/IMG_5141-11x12.jpg 11w\" sizes=\"(max-width: 972px) 100vw, 972px\" \/>\t\t\t\t\t\t\t\t\t\t\t\t\t\t\t<\/div>\n\t\t\t\t<\/div>\n\t\t\t\t<div class=\"elementor-element elementor-element-43c7705 elementor-widget elementor-widget-heading\" data-id=\"43c7705\" data-element_type=\"widget\" data-widget_type=\"heading.default\">\n\t\t\t\t<div class=\"elementor-widget-container\">\n\t\t\t\t\t<h2 class=\"elementor-heading-title elementor-size-large\">KRISTUPAS KRI\u016aKA IR SIMONAS MARECKAS<\/h2>\t\t\t\t<\/div>\n\t\t\t\t<\/div>\n\t\t\t\t<div class=\"elementor-element elementor-element-038bd93 elementor-widget elementor-widget-heading\" data-id=\"038bd93\" data-element_type=\"widget\" data-widget_type=\"heading.default\">\n\t\t\t\t<div class=\"elementor-widget-container\">\n\t\t\t\t\t<h3 class=\"elementor-heading-title elementor-size-default\"><p><span>Rinkodaros <\/span><span>k<\/span><span>oordinatoriai<\/span><span><\/span><\/p><\/h3>\t\t\t\t<\/div>\n\t\t\t\t<\/div>\n\t\t\t\t<div class=\"elementor-element elementor-element-155e42a elementor-widget elementor-widget-text-editor\" data-id=\"155e42a\" data-element_type=\"widget\" data-widget_type=\"text-editor.default\">\n\t\t\t\t<div class=\"elementor-widget-container\">\n\t\t\t\t\t\t\t\t\t<p>Email:<\/p><p><a style=\"letter-spacing: 1.1px;background-color: #ffffff\" href=\"mailto:sark@vvf.vilniustechsa.lt\">rinkodara@vvf.vilniustechsa.lt<\/a><\/p><p><span style=\"letter-spacing: 1.1px\">\u00a0Simonas Tel.nr.:+37062352804<\/span><\/p><p>Kristupas Tel.nr.: +37068825593<\/p>\t\t\t\t\t\t\t\t<\/div>\n\t\t\t\t<\/div>\n\t\t\t\t\t<\/div>\n\t\t<\/div>\n\t\t\t\t\t<\/div>\n\t\t<\/section>\n\t\t\t\t<\/div>","protected":false},"excerpt":{"rendered":"<p>VYTAUTAS JASIULIONIS Pirmininkas El.pa\u0161tas: pirmininkas@vvf.vilniustechsa.lt Tel.nr.: +37063619341 JUSTAS GRIGALSKIS IR NEILA JAKUTYT\u0116 Vicepirmininkai El.pa\u0161tas: vice@vvf.vilniustechsa.lt Justas tel.nr.: +37069878363 Neila tel.nr.: +37065792882 MEDA MIKELAITYT\u0116 IR SMILT\u0116 DREVINSKAIT\u0116 Socialini\u0173 ir akademini\u0173 reikal\u0173 koordinator\u0117s El.pa\u0161tas: sark@vvf.vilniustechsa.lt Meda Tel.nr.: +37066796357 Smilt\u0117 Tel.nr.: +37067399756 MILENA RADZEVI\u010cI\u016aT\u0116 Ry\u0161i\u0173 su visuomene koordinator\u0117 El.pa\u0161tas: rsv@vvf.vilniustechsa.lt Tel.nr.: +37064718685 AGN\u0116 KAZUL\u0116NAIT\u0116 \u017dmogi\u0161k\u0173j\u0173 i\u0161tekli\u0173 koordinator\u0117 El.pa\u0161tas:&hellip;<\/p>","protected":false},"author":13,"featured_media":0,"parent":0,"menu_order":0,"comment_status":"closed","ping_status":"closed","template":"","meta":{"footnotes":""},"class_list":["post-2677","page","type-page","status-publish","hentry"],"_links":{"self":[{"href":"https:\/\/vilniustechsa.lt\/en\/wp-json\/wp\/v2\/pages\/2677","targetHints":{"allow":["GET"]}}],"collection":[{"href":"https:\/\/vilniustechsa.lt\/en\/wp-json\/wp\/v2\/pages"}],"about":[{"href":"https:\/\/vilniustechsa.lt\/en\/wp-json\/wp\/v2\/types\/page"}],"author":[{"embeddable":true,"href":"https:\/\/vilniustechsa.lt\/en\/wp-json\/wp\/v2\/users\/13"}],"replies":[{"embeddable":true,"href":"https:\/\/vilniustechsa.lt\/en\/wp-json\/wp\/v2\/comments?post=2677"}],"version-history":[{"count":193,"href":"https:\/\/vilniustechsa.lt\/en\/wp-json\/wp\/v2\/pages\/2677\/revisions"}],"predecessor-version":[{"id":12248,"href":"https:\/\/vilniustechsa.lt\/en\/wp-json\/wp\/v2\/pages\/2677\/revisions\/12248"}],"wp:attachment":[{"href":"https:\/\/vilniustechsa.lt\/en\/wp-json\/wp\/v2\/media?parent=2677"}],"curies":[{"name":"wp","href":"https:\/\/api.w.org\/{rel}","templated":true}]}}