{"id":2682,"date":"2023-04-16T10:10:50","date_gmt":"2023-04-16T10:10:50","guid":{"rendered":"https:\/\/vilniustechsa.lt\/?page_id=2682"},"modified":"2026-04-23T11:26:12","modified_gmt":"2026-04-23T11:26:12","slug":"centrinio-biuro-kontaktai","status":"publish","type":"page","link":"https:\/\/vilniustechsa.lt\/en\/centrinio-biuro-kontaktai\/","title":{"rendered":"Central Office Contacts"},"content":{"rendered":"<div data-elementor-type=\"wp-page\" data-elementor-id=\"2682\" class=\"elementor elementor-2682\">\n\t\t\t\t\t\t<section class=\"elementor-section elementor-top-section elementor-element elementor-element-72fb6a3 elementor-section-stretched elementor-section-boxed elementor-section-height-default elementor-section-height-default\" data-id=\"72fb6a3\" data-element_type=\"section\" data-settings=\"{&quot;stretch_section&quot;:&quot;section-stretched&quot;}\">\n\t\t\t\t\t\t<div class=\"elementor-container elementor-column-gap-default\">\n\t\t\t\t\t<div class=\"elementor-column elementor-col-33 elementor-top-column elementor-element elementor-element-d1dfc32\" data-id=\"d1dfc32\" data-element_type=\"column\">\n\t\t\t<div class=\"elementor-widget-wrap elementor-element-populated\">\n\t\t\t\t\t\t<div class=\"elementor-element elementor-element-a2374e8 elementor-widget elementor-widget-image\" data-id=\"a2374e8\" data-element_type=\"widget\" data-widget_type=\"image.default\">\n\t\t\t\t<div class=\"elementor-widget-container\">\n\t\t\t\t\t\t\t\t\t\t\t\t\t\t\t<img decoding=\"async\" src=\"https:\/\/vilniustechsa.lt\/wp-content\/uploads\/elementor\/thumbs\/4M1A8164-1-rm9e12z65nvr05ddho0cy5nujhjjb5b9m7t2896psg.jpg\" title=\"4M1A8164.jpg\" alt=\"4M1A8164.jpg\" loading=\"lazy\" \/>\t\t\t\t\t\t\t\t\t\t\t\t\t\t\t<\/div>\n\t\t\t\t<\/div>\n\t\t\t\t<div class=\"elementor-element elementor-element-87d5523 elementor-widget elementor-widget-heading\" data-id=\"87d5523\" data-element_type=\"widget\" data-widget_type=\"heading.default\">\n\t\t\t\t<div class=\"elementor-widget-container\">\n\t\t\t\t\t<h3 class=\"elementor-heading-title elementor-size-large\">GABRIEL\u0116<br>KOVALEVSKYT\u0116<\/h3>\t\t\t\t<\/div>\n\t\t\t\t<\/div>\n\t\t\t\t<div class=\"elementor-element elementor-element-6a11f71 elementor-widget elementor-widget-heading\" data-id=\"6a11f71\" data-element_type=\"widget\" data-widget_type=\"heading.default\">\n\t\t\t\t<div class=\"elementor-widget-container\">\n\t\t\t\t\t<h3 class=\"elementor-heading-title elementor-size-default\">President<\/h3>\t\t\t\t<\/div>\n\t\t\t\t<\/div>\n\t\t\t\t<div class=\"elementor-element elementor-element-f0da3a5 elementor-widget__width-initial elementor-widget elementor-widget-text-editor\" data-id=\"f0da3a5\" data-element_type=\"widget\" data-widget_type=\"text-editor.default\">\n\t\t\t\t<div class=\"elementor-widget-container\">\n\t\t\t\t\t\t\t\t\t<p>Email:<\/p>\n<p><a href=\"mailto:president@vilniustechsa.lt\">president@vilniustechsa.lt<\/a><\/p>\n<p>Tel.nr.: +37067692823<\/p>\t\t\t\t\t\t\t\t<\/div>\n\t\t\t\t<\/div>\n\t\t\t\t\t<\/div>\n\t\t<\/div>\n\t\t\t\t<div class=\"elementor-column elementor-col-33 elementor-top-column elementor-element elementor-element-4f65aa7\" data-id=\"4f65aa7\" data-element_type=\"column\">\n\t\t\t<div class=\"elementor-widget-wrap elementor-element-populated\">\n\t\t\t\t\t\t<div class=\"elementor-element elementor-element-352dad9 elementor-widget elementor-widget-image\" data-id=\"352dad9\" data-element_type=\"widget\" data-widget_type=\"image.default\">\n\t\t\t\t<div class=\"elementor-widget-container\">\n\t\t\t\t\t\t\t\t\t\t\t\t\t\t\t<img decoding=\"async\" src=\"https:\/\/vilniustechsa.lt\/wp-content\/uploads\/elementor\/thumbs\/4M1A8041-1-rm9e14uujbybndan6otm356rq9a9qjiqah416t3xg0.jpg\" title=\"4M1A8041.jpg\" alt=\"4M1A8041.jpg\" loading=\"lazy\" \/>\t\t\t\t\t\t\t\t\t\t\t\t\t\t\t<\/div>\n\t\t\t\t<\/div>\n\t\t\t\t<div class=\"elementor-element elementor-element-7c8572b elementor-widget elementor-widget-heading\" data-id=\"7c8572b\" data-element_type=\"widget\" data-widget_type=\"heading.default\">\n\t\t\t\t<div class=\"elementor-widget-container\">\n\t\t\t\t\t<h3 class=\"elementor-heading-title elementor-size-large\">EVILIJA AIDA <br>JASI\u016aNAIT\u0116<\/h3>\t\t\t\t<\/div>\n\t\t\t\t<\/div>\n\t\t\t\t<div class=\"elementor-element elementor-element-ae320b3 elementor-widget elementor-widget-heading\" data-id=\"ae320b3\" data-element_type=\"widget\" data-widget_type=\"heading.default\">\n\t\t\t\t<div class=\"elementor-widget-container\">\n\t\t\t\t\t<h3 class=\"elementor-heading-title elementor-size-default\">Vice-president<\/h3>\t\t\t\t<\/div>\n\t\t\t\t<\/div>\n\t\t\t\t<div class=\"elementor-element elementor-element-ac55b6d elementor-widget elementor-widget-text-editor\" data-id=\"ac55b6d\" data-element_type=\"widget\" data-widget_type=\"text-editor.default\">\n\t\t\t\t<div class=\"elementor-widget-container\">\n\t\t\t\t\t\t\t\t\t<p>Email:<\/p>\n<p><a style=\"letter-spacing: 1.1px; background-color: #ffffff;\" href=\"mailto:vice@vilniustechsa.lt\">vice@vilniustechsa.lt<\/a><\/p>\n<p>Tel.nr.:+37060184267<\/p>\t\t\t\t\t\t\t\t<\/div>\n\t\t\t\t<\/div>\n\t\t\t\t\t<\/div>\n\t\t<\/div>\n\t\t\t\t<div class=\"elementor-column elementor-col-33 elementor-top-column elementor-element elementor-element-9a16573\" data-id=\"9a16573\" data-element_type=\"column\">\n\t\t\t<div class=\"elementor-widget-wrap elementor-element-populated\">\n\t\t\t\t\t\t<div class=\"elementor-element elementor-element-e57c8ee elementor-widget elementor-widget-image\" data-id=\"e57c8ee\" data-element_type=\"widget\" data-widget_type=\"image.default\">\n\t\t\t\t<div class=\"elementor-widget-container\">\n\t\t\t\t\t\t\t\t\t\t\t\t\t\t\t<img fetchpriority=\"high\" decoding=\"async\" width=\"300\" height=\"300\" src=\"https:\/\/vilniustechsa.lt\/wp-content\/uploads\/2026\/04\/cropped-sa-be-teksto-300x300.png\" class=\"attachment-medium size-medium wp-image-12476\" alt=\"\" srcset=\"https:\/\/vilniustechsa.lt\/wp-content\/uploads\/2026\/04\/cropped-sa-be-teksto-300x300.png 300w, https:\/\/vilniustechsa.lt\/wp-content\/uploads\/2026\/04\/cropped-sa-be-teksto-150x150.png 150w, https:\/\/vilniustechsa.lt\/wp-content\/uploads\/2026\/04\/cropped-sa-be-teksto-12x12.png 12w, https:\/\/vilniustechsa.lt\/wp-content\/uploads\/2026\/04\/elementor\/thumbs\/cropped-sa-be-teksto-150x150.png 1000w, https:\/\/vilniustechsa.lt\/wp-content\/uploads\/2026\/04\/cropped-sa-be-teksto.png 512w\" sizes=\"(max-width: 300px) 100vw, 300px\" \/>\t\t\t\t\t\t\t\t\t\t\t\t\t\t\t<\/div>\n\t\t\t\t<\/div>\n\t\t\t\t<div class=\"elementor-element elementor-element-90584a8 elementor-widget elementor-widget-heading\" data-id=\"90584a8\" data-element_type=\"widget\" data-widget_type=\"heading.default\">\n\t\t\t\t<div class=\"elementor-widget-container\">\n\t\t\t\t\t<h3 class=\"elementor-heading-title elementor-size-default\">Social affairs head<\/h3>\t\t\t\t<\/div>\n\t\t\t\t<\/div>\n\t\t\t\t<div class=\"elementor-element elementor-element-b1c5bbf elementor-widget elementor-widget-text-editor\" data-id=\"b1c5bbf\" data-element_type=\"widget\" data-widget_type=\"text-editor.default\">\n\t\t\t\t<div class=\"elementor-widget-container\">\n\t\t\t\t\t\t\t\t\t<p style=\"text-align: center;\">Email:<\/p>\n<p style=\"text-align: center;\"><a style=\"background-color: #ffffff;\" href=\"mailto:soc@vilniustechsa.lt\">soc@vilniustechsa.lt<\/a><\/p>\n<p style=\"text-align: center;\">Tel.nr.: &#8211;<\/p>\t\t\t\t\t\t\t\t<\/div>\n\t\t\t\t<\/div>\n\t\t\t\t\t<\/div>\n\t\t<\/div>\n\t\t\t\t\t<\/div>\n\t\t<\/section>\n\t\t\t\t<section class=\"elementor-section elementor-top-section elementor-element elementor-element-9f5d293 elementor-section-stretched elementor-section-boxed elementor-section-height-default elementor-section-height-default\" data-id=\"9f5d293\" data-element_type=\"section\" data-settings=\"{&quot;stretch_section&quot;:&quot;section-stretched&quot;}\">\n\t\t\t\t\t\t<div class=\"elementor-container elementor-column-gap-default\">\n\t\t\t\t\t<div class=\"elementor-column elementor-col-25 elementor-top-column elementor-element elementor-element-3175027\" data-id=\"3175027\" data-element_type=\"column\">\n\t\t\t<div class=\"elementor-widget-wrap elementor-element-populated\">\n\t\t\t\t\t\t<div class=\"elementor-element elementor-element-bdc27ad elementor-widget elementor-widget-image\" data-id=\"bdc27ad\" data-element_type=\"widget\" data-widget_type=\"image.default\">\n\t\t\t\t<div class=\"elementor-widget-container\">\n\t\t\t\t\t\t\t\t\t\t\t\t\t\t\t<img decoding=\"async\" src=\"https:\/\/vilniustechsa.lt\/wp-content\/uploads\/elementor\/thumbs\/4M1A7962-1-rm9e23mvk79xkxw4jlut5eetpiiunccsr98zy1od1s.jpg\" title=\"4M1A7962.jpg\" alt=\"4M1A7962.jpg\" loading=\"lazy\" \/>\t\t\t\t\t\t\t\t\t\t\t\t\t\t\t<\/div>\n\t\t\t\t<\/div>\n\t\t\t\t<div class=\"elementor-element elementor-element-520a5e6 elementor-widget elementor-widget-heading\" data-id=\"520a5e6\" data-element_type=\"widget\" data-widget_type=\"heading.default\">\n\t\t\t\t<div class=\"elementor-widget-container\">\n\t\t\t\t\t<h2 class=\"elementor-heading-title elementor-size-large\">AMELIJA<br>\u017dAK\u0160AUSKAIT\u0116<\/h2>\t\t\t\t<\/div>\n\t\t\t\t<\/div>\n\t\t\t\t<div class=\"elementor-element elementor-element-3f8aaf5 elementor-widget elementor-widget-heading\" data-id=\"3f8aaf5\" data-element_type=\"widget\" data-widget_type=\"heading.default\">\n\t\t\t\t<div class=\"elementor-widget-container\">\n\t\t\t\t\t<h3 class=\"elementor-heading-title elementor-size-default\">Academic affairs head<\/h3>\t\t\t\t<\/div>\n\t\t\t\t<\/div>\n\t\t\t\t<div class=\"elementor-element elementor-element-e3bb021 elementor-widget elementor-widget-text-editor\" data-id=\"e3bb021\" data-element_type=\"widget\" data-widget_type=\"text-editor.default\">\n\t\t\t\t<div class=\"elementor-widget-container\">\n\t\t\t\t\t\t\t\t\t<p>Email:<\/p>\n<p><a href=\"mailto:akadem@vilniustechsa.lt\">akadem@vilniustechsa.lt<\/a><\/p>\n<p>Tel.nr.: +37068426571<\/p>\t\t\t\t\t\t\t\t<\/div>\n\t\t\t\t<\/div>\n\t\t\t\t\t<\/div>\n\t\t<\/div>\n\t\t\t\t<div class=\"elementor-column elementor-col-25 elementor-top-column elementor-element elementor-element-2d8ec35\" data-id=\"2d8ec35\" data-element_type=\"column\">\n\t\t\t<div class=\"elementor-widget-wrap elementor-element-populated\">\n\t\t\t\t\t\t<div class=\"elementor-element elementor-element-8de0487 elementor-widget elementor-widget-image\" data-id=\"8de0487\" data-element_type=\"widget\" data-widget_type=\"image.default\">\n\t\t\t\t<div class=\"elementor-widget-container\">\n\t\t\t\t\t\t\t\t\t\t\t\t\t\t\t<img decoding=\"async\" src=\"https:\/\/vilniustechsa.lt\/wp-content\/uploads\/elementor\/thumbs\/4M1A8337-1-rm9e26ge4pdsjrs1352ouvp7ho4yafnzrn7gdvk6j4.jpg\" title=\"4M1A8337.jpg\" alt=\"4M1A8337.jpg\" loading=\"lazy\" \/>\t\t\t\t\t\t\t\t\t\t\t\t\t\t\t<\/div>\n\t\t\t\t<\/div>\n\t\t\t\t<div class=\"elementor-element elementor-element-e5ac2cf elementor-widget elementor-widget-heading\" data-id=\"e5ac2cf\" data-element_type=\"widget\" data-widget_type=\"heading.default\">\n\t\t\t\t<div class=\"elementor-widget-container\">\n\t\t\t\t\t<h2 class=\"elementor-heading-title elementor-size-large\">SIMAS<br>TI\u0160KEVI\u010cIUS<\/h2>\t\t\t\t<\/div>\n\t\t\t\t<\/div>\n\t\t\t\t<div class=\"elementor-element elementor-element-ad4826d elementor-widget elementor-widget-heading\" data-id=\"ad4826d\" data-element_type=\"widget\" data-widget_type=\"heading.default\">\n\t\t\t\t<div class=\"elementor-widget-container\">\n\t\t\t\t\t<h3 class=\"elementor-heading-title elementor-size-default\">Marketing head<\/h3>\t\t\t\t<\/div>\n\t\t\t\t<\/div>\n\t\t\t\t<div class=\"elementor-element elementor-element-6f3f239 elementor-widget elementor-widget-text-editor\" data-id=\"6f3f239\" data-element_type=\"widget\" data-widget_type=\"text-editor.default\">\n\t\t\t\t<div class=\"elementor-widget-container\">\n\t\t\t\t\t\t\t\t\t<p style=\"text-align: center;\">Email:<\/p>\n<p style=\"text-align: center;\"><a style=\"letter-spacing: 1.1px; background-color: #ffffff;\" href=\"mailto:rinkodara@vilniustechsa.lt\">rinkodara@vilniustechsa.lt<\/a><\/p>\n<p>Tel.nr.: +37060626972<\/p>\t\t\t\t\t\t\t\t<\/div>\n\t\t\t\t<\/div>\n\t\t\t\t\t<\/div>\n\t\t<\/div>\n\t\t\t\t<div class=\"elementor-column elementor-col-25 elementor-top-column elementor-element elementor-element-b4a6766\" data-id=\"b4a6766\" data-element_type=\"column\">\n\t\t\t<div class=\"elementor-widget-wrap elementor-element-populated\">\n\t\t\t\t\t\t<div class=\"elementor-element elementor-element-435d4a0 elementor-widget elementor-widget-image\" data-id=\"435d4a0\" data-element_type=\"widget\" data-widget_type=\"image.default\">\n\t\t\t\t<div class=\"elementor-widget-container\">\n\t\t\t\t\t\t\t\t\t\t\t\t\t\t\t<img decoding=\"async\" src=\"https:\/\/vilniustechsa.lt\/wp-content\/uploads\/elementor\/thumbs\/4M1A8563-1-rm9e28c2idgd6zpas5vxzv84ofvoptvgfwifcfhe6o.jpg\" title=\"4M1A8563.jpg\" alt=\"4M1A8563.jpg\" loading=\"lazy\" \/>\t\t\t\t\t\t\t\t\t\t\t\t\t\t\t<\/div>\n\t\t\t\t<\/div>\n\t\t\t\t<div class=\"elementor-element elementor-element-bf3b8a6 elementor-widget elementor-widget-heading\" data-id=\"bf3b8a6\" data-element_type=\"widget\" data-widget_type=\"heading.default\">\n\t\t\t\t<div class=\"elementor-widget-container\">\n\t\t\t\t\t<h2 class=\"elementor-heading-title elementor-size-large\">REDA<br> \u0160IL\u0116NAIT\u0116<\/h2>\t\t\t\t<\/div>\n\t\t\t\t<\/div>\n\t\t\t\t<div class=\"elementor-element elementor-element-ca7e201 elementor-widget elementor-widget-heading\" data-id=\"ca7e201\" data-element_type=\"widget\" data-widget_type=\"heading.default\">\n\t\t\t\t<div class=\"elementor-widget-container\">\n\t\t\t\t\t<h3 class=\"elementor-heading-title elementor-size-default\">Public relations <br>head<\/h3>\t\t\t\t<\/div>\n\t\t\t\t<\/div>\n\t\t\t\t<div class=\"elementor-element elementor-element-d5a3565 elementor-widget elementor-widget-text-editor\" data-id=\"d5a3565\" data-element_type=\"widget\" data-widget_type=\"text-editor.default\">\n\t\t\t\t<div class=\"elementor-widget-container\">\n\t\t\t\t\t\t\t\t\t<p style=\"letter-spacing: 1.1px;\">Email:<\/p>\n<p style=\"letter-spacing: 1.1px;\"><a style=\"letter-spacing: 1.1px; background-color: #ffffff;\" href=\"mailto:info@vilniustechsa.lt\">info@vilniustechsa.lt<\/a><\/p>\n<p style=\"letter-spacing: 1.1px;\">Tel.nr.: +37067879020<\/p>\t\t\t\t\t\t\t\t<\/div>\n\t\t\t\t<\/div>\n\t\t\t\t\t<\/div>\n\t\t<\/div>\n\t\t\t\t<div class=\"elementor-column elementor-col-25 elementor-top-column elementor-element elementor-element-5bdae71\" data-id=\"5bdae71\" data-element_type=\"column\">\n\t\t\t<div class=\"elementor-widget-wrap elementor-element-populated\">\n\t\t\t\t\t\t<div class=\"elementor-element elementor-element-c109a40 elementor-widget elementor-widget-image\" data-id=\"c109a40\" data-element_type=\"widget\" data-widget_type=\"image.default\">\n\t\t\t\t<div class=\"elementor-widget-container\">\n\t\t\t\t\t\t\t\t\t\t\t\t\t\t\t<img decoding=\"async\" src=\"https:\/\/vilniustechsa.lt\/wp-content\/uploads\/elementor\/thumbs\/4M1A7883-1-rm9e2b5l2vk85tl7bp3tpciiglhscx6ngagvs9d7o0.jpg\" title=\"4M1A7883.jpg\" alt=\"4M1A7883.jpg\" loading=\"lazy\" \/>\t\t\t\t\t\t\t\t\t\t\t\t\t\t\t<\/div>\n\t\t\t\t<\/div>\n\t\t\t\t<div class=\"elementor-element elementor-element-e301890 elementor-widget elementor-widget-heading\" data-id=\"e301890\" data-element_type=\"widget\" data-widget_type=\"heading.default\">\n\t\t\t\t<div class=\"elementor-widget-container\">\n\t\t\t\t\t<h2 class=\"elementor-heading-title elementor-size-large\">RUGIL\u0116<br>K\u0160ENAVI\u010cI\u016aT\u0116<\/h2>\t\t\t\t<\/div>\n\t\t\t\t<\/div>\n\t\t\t\t<div class=\"elementor-element elementor-element-ada93d6 elementor-widget elementor-widget-heading\" data-id=\"ada93d6\" data-element_type=\"widget\" data-widget_type=\"heading.default\">\n\t\t\t\t<div class=\"elementor-widget-container\">\n\t\t\t\t\t<h3 class=\"elementor-heading-title elementor-size-default\">Public relations<br>head<\/h3>\t\t\t\t<\/div>\n\t\t\t\t<\/div>\n\t\t\t\t<div class=\"elementor-element elementor-element-8e61198 elementor-widget elementor-widget-text-editor\" data-id=\"8e61198\" data-element_type=\"widget\" data-widget_type=\"text-editor.default\">\n\t\t\t\t<div class=\"elementor-widget-container\">\n\t\t\t\t\t\t\t\t\t<p style=\"text-align: center;\">Email:<\/p>\n<p style=\"text-align: center;\"><a href=\"mailto:info@vilniustechsa.lt\"><span style=\"color: #00ccff;\">info<\/span>@vilniustechsa.lt<\/a><\/p>\n<p>Tel.nr.: +37062624023<\/p>\t\t\t\t\t\t\t\t<\/div>\n\t\t\t\t<\/div>\n\t\t\t\t\t<\/div>\n\t\t<\/div>\n\t\t\t\t\t<\/div>\n\t\t<\/section>\n\t\t\t\t<section class=\"elementor-section elementor-top-section elementor-element elementor-element-d868e96 elementor-section-stretched elementor-section-boxed elementor-section-height-default elementor-section-height-default\" data-id=\"d868e96\" data-element_type=\"section\" data-settings=\"{&quot;stretch_section&quot;:&quot;section-stretched&quot;}\">\n\t\t\t\t\t\t<div class=\"elementor-container elementor-column-gap-default\">\n\t\t\t\t\t<div class=\"elementor-column elementor-col-25 elementor-top-column elementor-element elementor-element-efd1316\" data-id=\"efd1316\" data-element_type=\"column\">\n\t\t\t<div class=\"elementor-widget-wrap elementor-element-populated\">\n\t\t\t\t\t\t<div class=\"elementor-element elementor-element-884044e elementor-widget elementor-widget-image\" data-id=\"884044e\" data-element_type=\"widget\" data-widget_type=\"image.default\">\n\t\t\t\t<div class=\"elementor-widget-container\">\n\t\t\t\t\t\t\t\t\t\t\t\t\t\t\t<img fetchpriority=\"high\" decoding=\"async\" width=\"300\" height=\"300\" src=\"https:\/\/vilniustechsa.lt\/wp-content\/uploads\/2026\/04\/cropped-sa-be-teksto-300x300.png\" class=\"attachment-medium size-medium wp-image-12476\" alt=\"\" srcset=\"https:\/\/vilniustechsa.lt\/wp-content\/uploads\/2026\/04\/cropped-sa-be-teksto-300x300.png 300w, https:\/\/vilniustechsa.lt\/wp-content\/uploads\/2026\/04\/cropped-sa-be-teksto-150x150.png 150w, https:\/\/vilniustechsa.lt\/wp-content\/uploads\/2026\/04\/cropped-sa-be-teksto-12x12.png 12w, https:\/\/vilniustechsa.lt\/wp-content\/uploads\/2026\/04\/elementor\/thumbs\/cropped-sa-be-teksto-150x150.png 1000w, https:\/\/vilniustechsa.lt\/wp-content\/uploads\/2026\/04\/cropped-sa-be-teksto.png 512w\" sizes=\"(max-width: 300px) 100vw, 300px\" \/>\t\t\t\t\t\t\t\t\t\t\t\t\t\t\t<\/div>\n\t\t\t\t<\/div>\n\t\t\t\t<div class=\"elementor-element elementor-element-6cb85ab elementor-widget elementor-widget-heading\" data-id=\"6cb85ab\" data-element_type=\"widget\" data-widget_type=\"heading.default\">\n\t\t\t\t<div class=\"elementor-widget-container\">\n\t\t\t\t\t<h3 class=\"elementor-heading-title elementor-size-default\">Administratorius<\/h3>\t\t\t\t<\/div>\n\t\t\t\t<\/div>\n\t\t\t\t<div class=\"elementor-element elementor-element-ca01f2f elementor-widget elementor-widget-text-editor\" data-id=\"ca01f2f\" data-element_type=\"widget\" data-widget_type=\"text-editor.default\">\n\t\t\t\t<div class=\"elementor-widget-container\">\n\t\t\t\t\t\t\t\t\t<p>Email:<\/p>\n<p><a href=\"mailto:administratorius@vilniustechsa.lt\">administratorius@<span style=\"color: #00ccff;\">vilniustechsa.lt<\/span><\/a><\/p>\n<p>Tel.nr.: &#8211;<\/p>\t\t\t\t\t\t\t\t<\/div>\n\t\t\t\t<\/div>\n\t\t\t\t\t<\/div>\n\t\t<\/div>\n\t\t\t\t<div class=\"elementor-column elementor-col-25 elementor-top-column elementor-element elementor-element-6478c62\" data-id=\"6478c62\" data-element_type=\"column\">\n\t\t\t<div class=\"elementor-widget-wrap elementor-element-populated\">\n\t\t\t\t\t\t<div class=\"elementor-element elementor-element-dd47e08 elementor-widget elementor-widget-image\" data-id=\"dd47e08\" data-element_type=\"widget\" data-widget_type=\"image.default\">\n\t\t\t\t<div class=\"elementor-widget-container\">\n\t\t\t\t\t\t\t\t\t\t\t\t\t\t\t<img fetchpriority=\"high\" decoding=\"async\" width=\"300\" height=\"300\" src=\"https:\/\/vilniustechsa.lt\/wp-content\/uploads\/2026\/04\/cropped-sa-be-teksto-300x300.png\" class=\"attachment-medium size-medium wp-image-12476\" alt=\"\" srcset=\"https:\/\/vilniustechsa.lt\/wp-content\/uploads\/2026\/04\/cropped-sa-be-teksto-300x300.png 300w, https:\/\/vilniustechsa.lt\/wp-content\/uploads\/2026\/04\/cropped-sa-be-teksto-150x150.png 150w, https:\/\/vilniustechsa.lt\/wp-content\/uploads\/2026\/04\/cropped-sa-be-teksto-12x12.png 12w, https:\/\/vilniustechsa.lt\/wp-content\/uploads\/2026\/04\/elementor\/thumbs\/cropped-sa-be-teksto-150x150.png 1000w, https:\/\/vilniustechsa.lt\/wp-content\/uploads\/2026\/04\/cropped-sa-be-teksto.png 512w\" sizes=\"(max-width: 300px) 100vw, 300px\" \/>\t\t\t\t\t\t\t\t\t\t\t\t\t\t\t<\/div>\n\t\t\t\t<\/div>\n\t\t\t\t<div class=\"elementor-element elementor-element-7baa3be elementor-widget elementor-widget-heading\" data-id=\"7baa3be\" data-element_type=\"widget\" data-widget_type=\"heading.default\">\n\t\t\t\t<div class=\"elementor-widget-container\">\n\t\t\t\t\t<h3 class=\"elementor-heading-title elementor-size-default\">International student<br>affairs head<\/h3>\t\t\t\t<\/div>\n\t\t\t\t<\/div>\n\t\t\t\t<div class=\"elementor-element elementor-element-6dfbde5 elementor-widget elementor-widget-text-editor\" data-id=\"6dfbde5\" data-element_type=\"widget\" data-widget_type=\"text-editor.default\">\n\t\t\t\t<div class=\"elementor-widget-container\">\n\t\t\t\t\t\t\t\t\t<p>Email:<\/p>\n<p><a href=\"mailto:international@vilniustechsa.lt\"><span style=\"color: #00ccff;\">international@vilniustechsa.lt<\/span><\/a><\/p>\n<p style=\"letter-spacing: 1.1px;\">Tel.nr.: &#8211;<\/p>\t\t\t\t\t\t\t\t<\/div>\n\t\t\t\t<\/div>\n\t\t\t\t\t<\/div>\n\t\t<\/div>\n\t\t\t\t<div class=\"elementor-column elementor-col-25 elementor-top-column elementor-element elementor-element-7dae152\" data-id=\"7dae152\" data-element_type=\"column\">\n\t\t\t<div class=\"elementor-widget-wrap elementor-element-populated\">\n\t\t\t\t\t\t<div class=\"elementor-element elementor-element-0c85080 elementor-widget elementor-widget-image\" data-id=\"0c85080\" data-element_type=\"widget\" data-widget_type=\"image.default\">\n\t\t\t\t<div class=\"elementor-widget-container\">\n\t\t\t\t\t\t\t\t\t\t\t\t\t\t\t<img decoding=\"async\" src=\"https:\/\/vilniustechsa.lt\/wp-content\/uploads\/elementor\/thumbs\/4M1A8401-1-rm9e2s2ohw7dyswmkwf3y88t5j6e7h1tim7mf8o4k0.jpg\" title=\"4M1A8401.jpg\" alt=\"4M1A8401.jpg\" loading=\"lazy\" \/>\t\t\t\t\t\t\t\t\t\t\t\t\t\t\t<\/div>\n\t\t\t\t<\/div>\n\t\t\t\t<div class=\"elementor-element elementor-element-68e7b69 elementor-widget elementor-widget-heading\" data-id=\"68e7b69\" data-element_type=\"widget\" data-widget_type=\"heading.default\">\n\t\t\t\t<div class=\"elementor-widget-container\">\n\t\t\t\t\t<h2 class=\"elementor-heading-title elementor-size-large\">ANTANAS<br> E\u017dERSKIS<\/h2>\t\t\t\t<\/div>\n\t\t\t\t<\/div>\n\t\t\t\t<div class=\"elementor-element elementor-element-77e1e64 elementor-widget elementor-widget-heading\" data-id=\"77e1e64\" data-element_type=\"widget\" data-widget_type=\"heading.default\">\n\t\t\t\t<div class=\"elementor-widget-container\">\n\t\t\t\t\t<h3 class=\"elementor-heading-title elementor-size-default\">Human resources head<\/h3>\t\t\t\t<\/div>\n\t\t\t\t<\/div>\n\t\t\t\t<div class=\"elementor-element elementor-element-4b70a28 elementor-widget elementor-widget-text-editor\" data-id=\"4b70a28\" data-element_type=\"widget\" data-widget_type=\"text-editor.default\">\n\t\t\t\t<div class=\"elementor-widget-container\">\n\t\t\t\t\t\t\t\t\t<p style=\"text-align: center;\">Email:<\/p>\n<p style=\"text-align: center;\"><a style=\"letter-spacing: 1.1px; background-color: #ffffff;\" href=\"mailto:hr@vilniustechsa.lt\">hr@vilniustechsa.lt<\/a><\/p>\n<p>Tel.nr.: +37064399669<\/p>\t\t\t\t\t\t\t\t<\/div>\n\t\t\t\t<\/div>\n\t\t\t\t\t<\/div>\n\t\t<\/div>\n\t\t\t\t<div class=\"elementor-column elementor-col-25 elementor-top-column elementor-element elementor-element-7cb020a\" data-id=\"7cb020a\" data-element_type=\"column\">\n\t\t\t<div class=\"elementor-widget-wrap elementor-element-populated\">\n\t\t\t\t\t\t<div class=\"elementor-element elementor-element-ea73928 elementor-widget elementor-widget-image\" data-id=\"ea73928\" data-element_type=\"widget\" data-widget_type=\"image.default\">\n\t\t\t\t<div class=\"elementor-widget-container\">\n\t\t\t\t\t\t\t\t\t\t\t\t\t\t\t<img decoding=\"async\" src=\"https:\/\/vilniustechsa.lt\/wp-content\/uploads\/elementor\/thumbs\/4M1A8295-1-rm9e2uw72eb8xmsj4fmznpj6xoshukd0j062v2jy1c.jpg\" title=\"4M1A8295.jpg\" alt=\"4M1A8295.jpg\" loading=\"lazy\" \/>\t\t\t\t\t\t\t\t\t\t\t\t\t\t\t<\/div>\n\t\t\t\t<\/div>\n\t\t\t\t<div class=\"elementor-element elementor-element-cfacb09 elementor-widget elementor-widget-heading\" data-id=\"cfacb09\" data-element_type=\"widget\" data-widget_type=\"heading.default\">\n\t\t\t\t<div class=\"elementor-widget-container\">\n\t\t\t\t\t<h2 class=\"elementor-heading-title elementor-size-large\">LINAS<br> SAUDARGAS<\/h2>\t\t\t\t<\/div>\n\t\t\t\t<\/div>\n\t\t\t\t<div class=\"elementor-element elementor-element-3013686 elementor-widget elementor-widget-heading\" data-id=\"3013686\" data-element_type=\"widget\" data-widget_type=\"heading.default\">\n\t\t\t\t<div class=\"elementor-widget-container\">\n\t\t\t\t\t<h3 class=\"elementor-heading-title elementor-size-default\">IT Specialist<\/h3>\t\t\t\t<\/div>\n\t\t\t\t<\/div>\n\t\t\t\t<div class=\"elementor-element elementor-element-863e623 elementor-widget elementor-widget-text-editor\" data-id=\"863e623\" data-element_type=\"widget\" data-widget_type=\"text-editor.default\">\n\t\t\t\t<div class=\"elementor-widget-container\">\n\t\t\t\t\t\t\t\t\t<p>Email:<\/p>\n<p><a href=\"mailto:it@vilniustechsa.lt\">it@vilniustechsa.lt<\/a><\/p>\n<p>Tel.nr.: +37067782988<\/p>\t\t\t\t\t\t\t\t<\/div>\n\t\t\t\t<\/div>\n\t\t\t\t\t<\/div>\n\t\t<\/div>\n\t\t\t\t\t<\/div>\n\t\t<\/section>\n\t\t\t\t<\/div>","protected":false},"excerpt":{"rendered":"<p>GABRIEL\u0116KOVALEVSKYT\u0116 Prezident\u0117 El.pa\u0161tas: president@vilniustechsa.lt Tel.nr.: +37067692823 EVILIJA AIDA JASI\u016aNAIT\u0116 Viceprezident\u0117 El.pa\u0161tas: vice@vilniustechsa.lt Tel.nr.:+37060184267 Socialini\u0173 reikal\u0173 vadovas El.pa\u0161tas: soc@vilniustechsa.lt Tel.nr.: &#8211; AMELIJA\u017dAK\u0160AUSKAIT\u0116 Akademini\u0173 reikal\u0173 vadov\u0117 El.pa\u0161tas: akadem@vilniustechsa.lt Tel.nr.: +37068426571 SIMASTI\u0160KEVI\u010cIUS Rinkodaros vadovas El.pa\u0161tas: rinkodara@vilniustechsa.lt Tel.nr.: +37060626972 REDA \u0160IL\u0116NAIT\u0116 Ry\u0161i\u0173 su visuomene vadov\u0117 El.pa\u0161tas: info@vilniustechsa.lt Tel.nr.: +37067879020 RUGIL\u0116K\u0160ENAVI\u010cI\u016aT\u0116 Ry\u0161i\u0173 su visuomenevadov\u0117 El.pa\u0161tas: info@vilniustechsa.lt Tel.nr.: +37062624023 Administratorius El.pa\u0161tas:&hellip;<\/p>","protected":false},"author":2,"featured_media":0,"parent":0,"menu_order":0,"comment_status":"closed","ping_status":"closed","template":"","meta":{"footnotes":""},"class_list":["post-2682","page","type-page","status-publish","hentry"],"_links":{"self":[{"href":"https:\/\/vilniustechsa.lt\/en\/wp-json\/wp\/v2\/pages\/2682","targetHints":{"allow":["GET"]}}],"collection":[{"href":"https:\/\/vilniustechsa.lt\/en\/wp-json\/wp\/v2\/pages"}],"about":[{"href":"https:\/\/vilniustechsa.lt\/en\/wp-json\/wp\/v2\/types\/page"}],"author":[{"embeddable":true,"href":"https:\/\/vilniustechsa.lt\/en\/wp-json\/wp\/v2\/users\/2"}],"replies":[{"embeddable":true,"href":"https:\/\/vilniustechsa.lt\/en\/wp-json\/wp\/v2\/comments?post=2682"}],"version-history":[{"count":154,"href":"https:\/\/vilniustechsa.lt\/en\/wp-json\/wp\/v2\/pages\/2682\/revisions"}],"predecessor-version":[{"id":12535,"href":"https:\/\/vilniustechsa.lt\/en\/wp-json\/wp\/v2\/pages\/2682\/revisions\/12535"}],"wp:attachment":[{"href":"https:\/\/vilniustechsa.lt\/en\/wp-json\/wp\/v2\/media?parent=2682"}],"curies":[{"name":"wp","href":"https:\/\/api.w.org\/{rel}","templated":true}]}}