{"id":5180,"date":"2023-08-10T20:18:09","date_gmt":"2023-08-10T20:18:09","guid":{"rendered":"https:\/\/vilniustechsa.lt\/?page_id=5180"},"modified":"2025-04-03T09:33:43","modified_gmt":"2025-04-03T09:33:43","slug":"lsp","status":"publish","type":"page","link":"https:\/\/vilniustechsa.lt\/en\/lsp\/","title":{"rendered":"LSIC"},"content":{"rendered":"<div data-elementor-type=\"wp-page\" data-elementor-id=\"5180\" class=\"elementor elementor-5180\">\n\t\t\t\t\t\t<section class=\"elementor-section elementor-top-section elementor-element elementor-element-b8e933a elementor-section-boxed elementor-section-height-default elementor-section-height-default\" data-id=\"b8e933a\" data-element_type=\"section\">\n\t\t\t\t\t\t<div class=\"elementor-container elementor-column-gap-default\">\n\t\t\t\t\t<div class=\"elementor-column elementor-col-100 elementor-top-column elementor-element elementor-element-038af69\" data-id=\"038af69\" data-element_type=\"column\">\n\t\t\t<div class=\"elementor-widget-wrap elementor-element-populated\">\n\t\t\t\t\t\t<div class=\"elementor-element elementor-element-fe02818 elementor-widget elementor-widget-heading\" data-id=\"fe02818\" data-element_type=\"widget\" data-widget_type=\"heading.default\">\n\t\t\t\t<div class=\"elementor-widget-container\">\n\t\t\t\t\t<h2 class=\"elementor-heading-title elementor-size-medium\">LSIC is the Lithuanian Student Identity Card - the only official proof of student status. <\/h2>\t\t\t\t<\/div>\n\t\t\t\t<\/div>\n\t\t\t\t\t<\/div>\n\t\t<\/div>\n\t\t\t\t\t<\/div>\n\t\t<\/section>\n\t\t\t\t<section class=\"elementor-section elementor-top-section elementor-element elementor-element-4be33b0 elementor-section-boxed elementor-section-height-default elementor-section-height-default\" data-id=\"4be33b0\" data-element_type=\"section\">\n\t\t\t\t\t\t<div class=\"elementor-container elementor-column-gap-default\">\n\t\t\t\t\t<div class=\"elementor-column elementor-col-100 elementor-top-column elementor-element elementor-element-a4341a2\" data-id=\"a4341a2\" data-element_type=\"column\">\n\t\t\t<div class=\"elementor-widget-wrap elementor-element-populated\">\n\t\t\t\t\t\t<div class=\"elementor-element elementor-element-4c2c463 elementor-widget__width-initial elementor--h-position-center elementor--v-position-middle elementor-widget elementor-widget-slides\" data-id=\"4c2c463\" data-element_type=\"widget\" data-settings=\"{&quot;navigation&quot;:&quot;none&quot;,&quot;transition_speed&quot;:1500,&quot;autoplay&quot;:&quot;yes&quot;,&quot;pause_on_hover&quot;:&quot;yes&quot;,&quot;pause_on_interaction&quot;:&quot;yes&quot;,&quot;autoplay_speed&quot;:5000,&quot;infinite&quot;:&quot;yes&quot;,&quot;transition&quot;:&quot;slide&quot;}\" data-widget_type=\"slides.default\">\n\t\t\t\t<div class=\"elementor-widget-container\">\n\t\t\t\t\t\t\t<div class=\"elementor-swiper\">\n\t\t\t<div class=\"elementor-slides-wrapper elementor-main-swiper swiper-container\" dir=\"ltr\" data-animation=\"fadeInUp\">\n\t\t\t\t<div class=\"swiper-wrapper elementor-slides\">\n\t\t\t\t\t\t\t\t\t\t<div class=\"elementor-repeater-item-ff9769d swiper-slide\"><div class=\"swiper-slide-bg\"><\/div><div class=\"swiper-slide-inner\" ><div class=\"swiper-slide-contents\"><\/div><\/div><\/div><div class=\"elementor-repeater-item-faa26c9 swiper-slide\"><div class=\"swiper-slide-bg\"><\/div><div class=\"swiper-slide-inner\" ><div class=\"swiper-slide-contents\"><\/div><\/div><\/div>\t\t\t\t<\/div>\n\t\t\t\t\t\t\t\t\t\t\t\t\t\t\t\t\t\t\t\t\t<\/div>\n\t\t<\/div>\n\t\t\t\t\t\t<\/div>\n\t\t\t\t<\/div>\n\t\t\t\t\t<\/div>\n\t\t<\/div>\n\t\t\t\t\t<\/div>\n\t\t<\/section>\n\t\t\t\t<section class=\"elementor-section elementor-top-section elementor-element elementor-element-cbf3127 elementor-section-boxed elementor-section-height-default elementor-section-height-default\" data-id=\"cbf3127\" data-element_type=\"section\">\n\t\t\t\t\t\t<div class=\"elementor-container elementor-column-gap-default\">\n\t\t\t\t\t<div class=\"elementor-column elementor-col-100 elementor-top-column elementor-element elementor-element-a36f56c\" data-id=\"a36f56c\" data-element_type=\"column\">\n\t\t\t<div class=\"elementor-widget-wrap elementor-element-populated\">\n\t\t\t\t\t\t<div class=\"elementor-element elementor-element-cb52968 elementor-widget elementor-widget-text-editor\" data-id=\"cb52968\" data-element_type=\"widget\" data-widget_type=\"text-editor.default\">\n\t\t\t\t<div class=\"elementor-widget-container\">\n\t\t\t\t\t\t\t\t\t<p><span style=\"font-weight: 400;\">This certificate will give you access to the university library and other facilities, and you can reserve inventory for classes when needed. You will also have access to the sports centre. You will need this card for exams and reports, and to log in to the university's systems to find out lecture times, grades and any other information you need.<\/span><\/p><p><span style=\"font-weight: 400;\">The document is issued for the entire period of study and offers discounts on public transport<\/span><\/p>\t\t\t\t\t\t\t\t<\/div>\n\t\t\t\t<\/div>\n\t\t\t\t\t<\/div>\n\t\t<\/div>\n\t\t\t\t\t<\/div>\n\t\t<\/section>\n\t\t\t\t<section class=\"elementor-section elementor-top-section elementor-element elementor-element-3107ec5 elementor-section-boxed elementor-section-height-default elementor-section-height-default\" data-id=\"3107ec5\" data-element_type=\"section\">\n\t\t\t\t\t\t<div class=\"elementor-container elementor-column-gap-default\">\n\t\t\t\t\t<div class=\"elementor-column elementor-col-100 elementor-top-column elementor-element elementor-element-8cc4753\" data-id=\"8cc4753\" data-element_type=\"column\">\n\t\t\t<div class=\"elementor-widget-wrap elementor-element-populated\">\n\t\t\t\t\t\t<div class=\"elementor-element elementor-element-28ab3e7 elementor-widget-divider--view-line elementor-widget elementor-widget-divider\" data-id=\"28ab3e7\" data-element_type=\"widget\" data-widget_type=\"divider.default\">\n\t\t\t\t<div class=\"elementor-widget-container\">\n\t\t\t\t\t\t\t<div class=\"elementor-divider\">\n\t\t\t<span class=\"elementor-divider-separator\">\n\t\t\t\t\t\t<\/span>\n\t\t<\/div>\n\t\t\t\t\t\t<\/div>\n\t\t\t\t<\/div>\n\t\t\t\t\t<\/div>\n\t\t<\/div>\n\t\t\t\t\t<\/div>\n\t\t<\/section>\n\t\t\t\t<section class=\"elementor-section elementor-top-section elementor-element elementor-element-8037281 elementor-section-boxed elementor-section-height-default elementor-section-height-default\" data-id=\"8037281\" data-element_type=\"section\">\n\t\t\t\t\t\t<div class=\"elementor-container elementor-column-gap-default\">\n\t\t\t\t\t<div class=\"elementor-column elementor-col-100 elementor-top-column elementor-element elementor-element-dab65ce\" data-id=\"dab65ce\" data-element_type=\"column\">\n\t\t\t<div class=\"elementor-widget-wrap elementor-element-populated\">\n\t\t\t\t\t\t<div class=\"elementor-element elementor-element-010f8cc elementor-widget elementor-widget-text-editor\" data-id=\"010f8cc\" data-element_type=\"widget\" data-widget_type=\"text-editor.default\">\n\t\t\t\t<div class=\"elementor-widget-container\">\n\t\t\t\t\t\t\t\t\t<p><b>LSIC Discounts<\/b><\/p><p><b><\/b><span style=\"font-weight: 400;\">The document is issued for the entire period of study and offers discounts on public transport<\/span><\/p><p><span style=\"font-weight: 400;\">By submitting your LSIC, you can get various discounts on entertainment, cafes, shops, petrol stations, travel and much more through the LSIC Partnership Programme. These can be found <\/span><a href=\"https:\/\/www.lsp.lt\/lt\/nuolaidos\"><span style=\"font-weight: 400;\">here<\/span><\/a><span style=\"font-weight: 400;\">.\u00a0<\/span><\/p><p><span style=\"font-weight: 400;\">While LSIC is manufactured, a temporary certificate will not be issued for the applicable benefits.<\/span><\/p><p><span style=\"font-weight: 400;\">The LSIC will give you public transport concessions, which means you'll get up to 80% off city public transport and 50% off intercity public transport.\u00a0<\/span><\/p>\t\t\t\t\t\t\t\t<\/div>\n\t\t\t\t<\/div>\n\t\t\t\t\t<\/div>\n\t\t<\/div>\n\t\t\t\t\t<\/div>\n\t\t<\/section>\n\t\t\t\t<section class=\"elementor-section elementor-top-section elementor-element elementor-element-d2ff4a1 elementor-section-boxed elementor-section-height-default elementor-section-height-default\" data-id=\"d2ff4a1\" data-element_type=\"section\">\n\t\t\t\t\t\t<div class=\"elementor-container elementor-column-gap-default\">\n\t\t\t\t\t<div class=\"elementor-column elementor-col-100 elementor-top-column elementor-element elementor-element-7f2c875\" data-id=\"7f2c875\" data-element_type=\"column\">\n\t\t\t<div class=\"elementor-widget-wrap elementor-element-populated\">\n\t\t\t\t\t\t<div class=\"elementor-element elementor-element-2026576 elementor-widget-divider--view-line elementor-widget elementor-widget-divider\" data-id=\"2026576\" data-element_type=\"widget\" data-widget_type=\"divider.default\">\n\t\t\t\t<div class=\"elementor-widget-container\">\n\t\t\t\t\t\t\t<div class=\"elementor-divider\">\n\t\t\t<span class=\"elementor-divider-separator\">\n\t\t\t\t\t\t<\/span>\n\t\t<\/div>\n\t\t\t\t\t\t<\/div>\n\t\t\t\t<\/div>\n\t\t\t\t\t<\/div>\n\t\t<\/div>\n\t\t\t\t\t<\/div>\n\t\t<\/section>\n\t\t\t\t<section class=\"elementor-section elementor-top-section elementor-element elementor-element-a7b96a8 elementor-section-boxed elementor-section-height-default elementor-section-height-default\" data-id=\"a7b96a8\" data-element_type=\"section\">\n\t\t\t\t\t\t<div class=\"elementor-container elementor-column-gap-default\">\n\t\t\t\t\t<div class=\"elementor-column elementor-col-100 elementor-top-column elementor-element elementor-element-2d26ef5\" data-id=\"2d26ef5\" data-element_type=\"column\">\n\t\t\t<div class=\"elementor-widget-wrap elementor-element-populated\">\n\t\t\t\t\t\t<div class=\"elementor-element elementor-element-8622178 elementor-widget elementor-widget-text-editor\" data-id=\"8622178\" data-element_type=\"widget\" data-widget_type=\"text-editor.default\">\n\t\t\t\t<div class=\"elementor-widget-container\">\n\t\t\t\t\t\t\t\t\t<p><strong>How to get LSIC?\u00a0<\/strong><\/p><ol><li><span style=\"font-weight: 400;\"> Register at <\/span><a href=\"http:\/\/www.lsp.lt\"><span style=\"font-weight: 400;\">www.LSP.lt<\/span><\/a><span style=\"font-weight: 400;\">;\u00a0<\/span><\/li><li><span style=\"font-weight: 400;\"> Upload photos of yourself and your ID\/passport;\u00a0<\/span><\/li><li><span style=\"font-weight: 400;\"> Under \"My LSIC\", select \"Order a new LSIC\";\u00a0<\/span><\/li><li><span style=\"font-weight: 400;\"> Choose the delivery method that suits you;<\/span><\/li><li><span style=\"font-weight: 400;\"> Wait for a message about your LSIC and go collect your certificate!<\/span><\/li><\/ol><p><span style=\"font-weight: 400;\">The LSP is produced within 1-2 weeks after the order has been placed and the suitability of the photo for LSP production has been confirmed. If the production of the LSP has taken longer than 14 days, please contact <\/span><a href=\"mailto:pagalba@lsp.lt\"><span style=\"font-weight: 400;\">pagalba@lsp.lt<\/span><\/a><span style=\"font-weight: 400;\">.<\/span><\/p>\t\t\t\t\t\t\t\t<\/div>\n\t\t\t\t<\/div>\n\t\t\t\t\t<\/div>\n\t\t<\/div>\n\t\t\t\t\t<\/div>\n\t\t<\/section>\n\t\t\t\t<section class=\"elementor-section elementor-top-section elementor-element elementor-element-370c244 elementor-section-boxed elementor-section-height-default elementor-section-height-default\" data-id=\"370c244\" data-element_type=\"section\">\n\t\t\t\t\t\t<div class=\"elementor-container elementor-column-gap-default\">\n\t\t\t\t\t<div class=\"elementor-column elementor-col-100 elementor-top-column elementor-element elementor-element-0995a49\" data-id=\"0995a49\" data-element_type=\"column\">\n\t\t\t<div class=\"elementor-widget-wrap elementor-element-populated\">\n\t\t\t\t\t\t<div class=\"elementor-element elementor-element-f003243 elementor-widget-divider--view-line elementor-widget elementor-widget-divider\" data-id=\"f003243\" data-element_type=\"widget\" data-widget_type=\"divider.default\">\n\t\t\t\t<div class=\"elementor-widget-container\">\n\t\t\t\t\t\t\t<div class=\"elementor-divider\">\n\t\t\t<span class=\"elementor-divider-separator\">\n\t\t\t\t\t\t<\/span>\n\t\t<\/div>\n\t\t\t\t\t\t<\/div>\n\t\t\t\t<\/div>\n\t\t\t\t\t<\/div>\n\t\t<\/div>\n\t\t\t\t\t<\/div>\n\t\t<\/section>\n\t\t\t\t<section class=\"elementor-section elementor-top-section elementor-element elementor-element-ef83e71 elementor-section-boxed elementor-section-height-default elementor-section-height-default\" data-id=\"ef83e71\" data-element_type=\"section\">\n\t\t\t\t\t\t<div class=\"elementor-container elementor-column-gap-default\">\n\t\t\t\t\t<div class=\"elementor-column elementor-col-100 elementor-top-column elementor-element elementor-element-96597d1\" data-id=\"96597d1\" data-element_type=\"column\">\n\t\t\t<div class=\"elementor-widget-wrap elementor-element-populated\">\n\t\t\t\t\t\t<div class=\"elementor-element elementor-element-7c51e0c elementor-widget elementor-widget-text-editor\" data-id=\"7c51e0c\" data-element_type=\"widget\" data-widget_type=\"text-editor.default\">\n\t\t\t\t<div class=\"elementor-widget-container\">\n\t\t\t\t\t\t\t\t\t<p><b>LSIC price<\/b><\/p><p><span style=\"font-weight: 400;\">For undergraduate studies - 16 EUR;<\/span><\/p><p><span style=\"font-weight: 400;\">For postgraduate (Master's) studies - 8 EUR;<\/span><\/p><p><span style=\"font-weight: 400;\">For full-time students - EUR 20;<\/span><\/p><p><span style=\"font-weight: 400;\">For PhD studies - 16 EUR;<\/span><\/p><p><span style=\"font-weight: 400;\">Part-time students - EUR 6;<\/span><\/p><p><span style=\"font-weight: 400;\">Reissued LSIC for the same study programme (replaced by a new one) - 6 EUR.<\/span><\/p>\t\t\t\t\t\t\t\t<\/div>\n\t\t\t\t<\/div>\n\t\t\t\t\t<\/div>\n\t\t<\/div>\n\t\t\t\t\t<\/div>\n\t\t<\/section>\n\t\t\t\t<section class=\"elementor-section elementor-top-section elementor-element elementor-element-c480110 elementor-section-boxed elementor-section-height-default elementor-section-height-default\" data-id=\"c480110\" data-element_type=\"section\">\n\t\t\t\t\t\t<div class=\"elementor-container elementor-column-gap-default\">\n\t\t\t\t\t<div class=\"elementor-column elementor-col-100 elementor-top-column elementor-element elementor-element-0c6892a\" data-id=\"0c6892a\" data-element_type=\"column\">\n\t\t\t<div class=\"elementor-widget-wrap elementor-element-populated\">\n\t\t\t\t\t\t<div class=\"elementor-element elementor-element-09ac9aa elementor-widget-divider--view-line elementor-widget elementor-widget-divider\" data-id=\"09ac9aa\" data-element_type=\"widget\" data-widget_type=\"divider.default\">\n\t\t\t\t<div class=\"elementor-widget-container\">\n\t\t\t\t\t\t\t<div class=\"elementor-divider\">\n\t\t\t<span class=\"elementor-divider-separator\">\n\t\t\t\t\t\t<\/span>\n\t\t<\/div>\n\t\t\t\t\t\t<\/div>\n\t\t\t\t<\/div>\n\t\t\t\t\t<\/div>\n\t\t<\/div>\n\t\t\t\t\t<\/div>\n\t\t<\/section>\n\t\t\t\t<section class=\"elementor-section elementor-top-section elementor-element elementor-element-0ebb744 elementor-section-boxed elementor-section-height-default elementor-section-height-default\" data-id=\"0ebb744\" data-element_type=\"section\">\n\t\t\t\t\t\t<div class=\"elementor-container elementor-column-gap-default\">\n\t\t\t\t\t<div class=\"elementor-column elementor-col-100 elementor-top-column elementor-element elementor-element-79487ef\" data-id=\"79487ef\" data-element_type=\"column\">\n\t\t\t<div class=\"elementor-widget-wrap elementor-element-populated\">\n\t\t\t\t\t\t<div class=\"elementor-element elementor-element-8e19838 elementor-widget elementor-widget-text-editor\" data-id=\"8e19838\" data-element_type=\"widget\" data-widget_type=\"text-editor.default\">\n\t\t\t\t<div class=\"elementor-widget-container\">\n\t\t\t\t\t\t\t\t\t<p><i><span style=\"font-weight: 400;\">Please note that the LSIC is issued right away for the entire period of study.<\/span><\/i><\/p><p><i><span style=\"font-weight: 400;\">If you have any questions, please contact the LSIC coordinator of your higher education institution's student representation* or email <\/span><\/i><a href=\"mailto:pagalba@lsp.lt\"><i><span style=\"font-weight: 400;\">pagalba@lsp.lt<\/span><\/i><\/a><i><span style=\"font-weight: 400;\">.<\/span><\/i><\/p>\t\t\t\t\t\t\t\t<\/div>\n\t\t\t\t<\/div>\n\t\t\t\t\t<\/div>\n\t\t<\/div>\n\t\t\t\t\t<\/div>\n\t\t<\/section>\n\t\t\t\t<section class=\"elementor-section elementor-top-section elementor-element elementor-element-2d89286 elementor-section-boxed elementor-section-height-default elementor-section-height-default\" data-id=\"2d89286\" data-element_type=\"section\">\n\t\t\t\t\t\t<div class=\"elementor-container elementor-column-gap-default\">\n\t\t\t\t\t<div class=\"elementor-column elementor-col-100 elementor-top-column elementor-element elementor-element-23f5410\" data-id=\"23f5410\" data-element_type=\"column\">\n\t\t\t<div class=\"elementor-widget-wrap elementor-element-populated\">\n\t\t\t\t\t\t<div class=\"elementor-element elementor-element-ac096b1 elementor-widget elementor-widget-image\" data-id=\"ac096b1\" data-element_type=\"widget\" data-widget_type=\"image.default\">\n\t\t\t\t<div class=\"elementor-widget-container\">\n\t\t\t\t\t\t\t\t\t\t\t\t\t\t\t<img fetchpriority=\"high\" decoding=\"async\" width=\"512\" height=\"512\" src=\"https:\/\/vilniustechsa.lt\/wp-content\/uploads\/2023\/04\/cropped-sa-be-teksto.png\" class=\"attachment-large size-large wp-image-2879\" alt=\"\" srcset=\"https:\/\/vilniustechsa.lt\/wp-content\/uploads\/2023\/04\/cropped-sa-be-teksto.png 512w, https:\/\/vilniustechsa.lt\/wp-content\/uploads\/2023\/04\/elementor\/thumbs\/cropped-sa-be-teksto-q53ylatnnxx7vnlvyy5gry8jsb9bhmow2ikus3mg8o.png 300w, https:\/\/vilniustechsa.lt\/wp-content\/uploads\/2023\/04\/cropped-sa-be-teksto-150x150.png 150w, https:\/\/vilniustechsa.lt\/wp-content\/uploads\/2023\/04\/cropped-sa-be-teksto-320x320.png 320w, https:\/\/vilniustechsa.lt\/wp-content\/uploads\/2023\/04\/cropped-sa-be-teksto-480x480.png 480w, https:\/\/vilniustechsa.lt\/wp-content\/uploads\/2023\/04\/cropped-sa-be-teksto-270x270.png 270w, https:\/\/vilniustechsa.lt\/wp-content\/uploads\/2023\/04\/cropped-sa-be-teksto-192x192.png 192w, https:\/\/vilniustechsa.lt\/wp-content\/uploads\/2023\/04\/cropped-sa-be-teksto-180x180.png 180w, https:\/\/vilniustechsa.lt\/wp-content\/uploads\/2023\/04\/cropped-sa-be-teksto-32x32.png 32w\" sizes=\"(max-width: 512px) 100vw, 512px\" \/>\t\t\t\t\t\t\t\t\t\t\t\t\t\t\t<\/div>\n\t\t\t\t<\/div>\n\t\t\t\t\t<\/div>\n\t\t<\/div>\n\t\t\t\t\t<\/div>\n\t\t<\/section>\n\t\t\t\t<section class=\"elementor-section elementor-top-section elementor-element elementor-element-d80c9aa elementor-section-boxed elementor-section-height-default elementor-section-height-default\" data-id=\"d80c9aa\" data-element_type=\"section\">\n\t\t\t\t\t\t<div class=\"elementor-container elementor-column-gap-default\">\n\t\t\t\t\t<div class=\"elementor-column elementor-col-100 elementor-top-column elementor-element elementor-element-5af85c6\" data-id=\"5af85c6\" data-element_type=\"column\">\n\t\t\t<div class=\"elementor-widget-wrap elementor-element-populated\">\n\t\t\t\t\t\t<div class=\"elementor-element elementor-element-c8e6233 elementor-widget elementor-widget-text-editor\" data-id=\"c8e6233\" data-element_type=\"widget\" data-widget_type=\"text-editor.default\">\n\t\t\t\t<div class=\"elementor-widget-container\">\n\t\t\t\t\t\t\t\t\t<p style=\"text-align: center;\"><b>GABIJA PAPSTAITYT\u0116<\/b><\/p>\n<p style=\"text-align: center;\">VILNIUS TECH SA LSIC Coordinator<\/p>\n<p style=\"text-align: center;\">Email: <a href=\"mailto:lsp@vilniustechsa.lt\">lsp@vilniustechsa.lt<\/a><\/p>\n<p style=\"text-align: center;\">Tel nr.: +37064508050<\/p>\t\t\t\t\t\t\t\t<\/div>\n\t\t\t\t<\/div>\n\t\t\t\t\t<\/div>\n\t\t<\/div>\n\t\t\t\t\t<\/div>\n\t\t<\/section>\n\t\t\t\t<\/div>","protected":false},"excerpt":{"rendered":"<p>LSP yra Lietuvos studento pa\u017eym\u0117jimas \u2013 tai vienintelis oficialus studento status\u0105 \u012frodantis dokumentas. \u0160is pa\u017eym\u0117jimas tau leis naudotis auk\u0161tosios mokyklos biblioteka bei kitomis erdv\u0117mis, o prireikus, gal\u0117si rezervuoti inventori\u0173, reikaling\u0105 atsiskaitymams. Taip pat gal\u0117si naudotis sporto centro paslaugomis. \u0160io pa\u017eym\u0117jimo prireiks laikant egzaminus ar atsiskaitym\u0173 metu bei jungiantis prie auk\u0161tosios mokyklos sistem\u0173, kad su\u017einotum paskait\u0173&hellip;<\/p>","protected":false},"author":2,"featured_media":0,"parent":0,"menu_order":0,"comment_status":"closed","ping_status":"closed","template":"","meta":{"footnotes":""},"class_list":["post-5180","page","type-page","status-publish","hentry"],"_links":{"self":[{"href":"https:\/\/vilniustechsa.lt\/en\/wp-json\/wp\/v2\/pages\/5180","targetHints":{"allow":["GET"]}}],"collection":[{"href":"https:\/\/vilniustechsa.lt\/en\/wp-json\/wp\/v2\/pages"}],"about":[{"href":"https:\/\/vilniustechsa.lt\/en\/wp-json\/wp\/v2\/types\/page"}],"author":[{"embeddable":true,"href":"https:\/\/vilniustechsa.lt\/en\/wp-json\/wp\/v2\/users\/2"}],"replies":[{"embeddable":true,"href":"https:\/\/vilniustechsa.lt\/en\/wp-json\/wp\/v2\/comments?post=5180"}],"version-history":[{"count":36,"href":"https:\/\/vilniustechsa.lt\/en\/wp-json\/wp\/v2\/pages\/5180\/revisions"}],"predecessor-version":[{"id":10156,"href":"https:\/\/vilniustechsa.lt\/en\/wp-json\/wp\/v2\/pages\/5180\/revisions\/10156"}],"wp:attachment":[{"href":"https:\/\/vilniustechsa.lt\/en\/wp-json\/wp\/v2\/media?parent=5180"}],"curies":[{"name":"wp","href":"https:\/\/api.w.org\/{rel}","templated":true}]}}