{"id":6221,"date":"2023-10-13T15:26:52","date_gmt":"2023-10-13T15:26:52","guid":{"rendered":"https:\/\/vilniustechsa.lt\/?page_id=6221"},"modified":"2023-11-07T13:33:05","modified_gmt":"2023-11-07T13:33:05","slug":"student-involvement-in-research-incentive-contest","status":"publish","type":"page","link":"https:\/\/vilniustechsa.lt\/en\/student-involvement-in-research-incentive-contest\/","title":{"rendered":"Student Involvement in Research Incentive Contest\u200b"},"content":{"rendered":"<div data-elementor-type=\"wp-page\" data-elementor-id=\"6221\" class=\"elementor elementor-6221\">\n\t\t\t\t\t\t<section class=\"elementor-section elementor-top-section elementor-element elementor-element-a092589 elementor-section-boxed elementor-section-height-default elementor-section-height-default\" data-id=\"a092589\" data-element_type=\"section\">\n\t\t\t\t\t\t<div class=\"elementor-container elementor-column-gap-default\">\n\t\t\t\t\t<div class=\"elementor-column elementor-col-100 elementor-top-column elementor-element elementor-element-c8d31ba\" data-id=\"c8d31ba\" data-element_type=\"column\">\n\t\t\t<div class=\"elementor-widget-wrap elementor-element-populated\">\n\t\t\t\t\t\t<section class=\"elementor-section elementor-inner-section elementor-element elementor-element-16b3724 elementor-section-boxed elementor-section-height-default elementor-section-height-default\" data-id=\"16b3724\" data-element_type=\"section\">\n\t\t\t\t\t\t<div class=\"elementor-container elementor-column-gap-default\">\n\t\t\t\t\t<div class=\"elementor-column elementor-col-50 elementor-inner-column elementor-element elementor-element-bb75b4d\" data-id=\"bb75b4d\" data-element_type=\"column\">\n\t\t\t<div class=\"elementor-widget-wrap elementor-element-populated\">\n\t\t\t\t\t\t<div class=\"elementor-element elementor-element-a600957 elementor-widget elementor-widget-image\" data-id=\"a600957\" data-element_type=\"widget\" data-widget_type=\"image.default\">\n\t\t\t\t<div class=\"elementor-widget-container\">\n\t\t\t\t\t\t\t\t\t\t\t\t\t\t\t<img fetchpriority=\"high\" decoding=\"async\" width=\"1024\" height=\"684\" src=\"https:\/\/vilniustechsa.lt\/wp-content\/uploads\/2023\/10\/DSC_6120-1024x684.jpg\" class=\"attachment-large size-large wp-image-5959\" alt=\"\" srcset=\"https:\/\/vilniustechsa.lt\/wp-content\/uploads\/2023\/10\/DSC_6120-1024x684.jpg 1024w, https:\/\/vilniustechsa.lt\/wp-content\/uploads\/2023\/10\/DSC_6120-300x200.jpg 300w, https:\/\/vilniustechsa.lt\/wp-content\/uploads\/2023\/10\/DSC_6120-150x100.jpg 150w, https:\/\/vilniustechsa.lt\/wp-content\/uploads\/2023\/10\/DSC_6120-768x513.jpg 768w, https:\/\/vilniustechsa.lt\/wp-content\/uploads\/2023\/10\/DSC_6120-1536x1025.jpg 1536w, https:\/\/vilniustechsa.lt\/wp-content\/uploads\/2023\/10\/DSC_6120-2048x1367.jpg 2048w\" sizes=\"(max-width: 1024px) 100vw, 1024px\" \/>\t\t\t\t\t\t\t\t\t\t\t\t\t\t\t<\/div>\n\t\t\t\t<\/div>\n\t\t\t\t\t<\/div>\n\t\t<\/div>\n\t\t\t\t<div class=\"elementor-column elementor-col-50 elementor-inner-column elementor-element elementor-element-4ac8971\" data-id=\"4ac8971\" data-element_type=\"column\">\n\t\t\t<div class=\"elementor-widget-wrap elementor-element-populated\">\n\t\t\t\t\t\t<div class=\"elementor-element elementor-element-7e07de9 elementor-widget elementor-widget-heading\" data-id=\"7e07de9\" data-element_type=\"widget\" data-widget_type=\"heading.default\">\n\t\t\t\t<div class=\"elementor-widget-container\">\n\t\t\t\t\t<h2 class=\"elementor-heading-title elementor-size-default\">Student Involvement in Research Incentive Contest<\/h2>\t\t\t\t<\/div>\n\t\t\t\t<\/div>\n\t\t\t\t\t<\/div>\n\t\t<\/div>\n\t\t\t\t\t<\/div>\n\t\t<\/section>\n\t\t\t\t\t<\/div>\n\t\t<\/div>\n\t\t\t\t\t<\/div>\n\t\t<\/section>\n\t\t\t\t<section class=\"elementor-section elementor-top-section elementor-element elementor-element-ac88e58 elementor-section-boxed elementor-section-height-default elementor-section-height-default\" data-id=\"ac88e58\" data-element_type=\"section\">\n\t\t\t\t\t\t<div class=\"elementor-container elementor-column-gap-default\">\n\t\t\t\t\t<div class=\"elementor-column elementor-col-100 elementor-top-column elementor-element elementor-element-10e2a53\" data-id=\"10e2a53\" data-element_type=\"column\">\n\t\t\t<div class=\"elementor-widget-wrap elementor-element-populated\">\n\t\t\t\t\t\t<div class=\"elementor-element elementor-element-709f498 elementor-widget elementor-widget-text-editor\" data-id=\"709f498\" data-element_type=\"widget\" data-widget_type=\"text-editor.default\">\n\t\t\t\t<div class=\"elementor-widget-container\">\n\t\t\t\t\t\t\t\t\t<p>The objectives of the Research Competition are: to increase the attractiveness of studies, to make it possible not only to study but also to start a career as a researcher, to encourage the most talented students to pursue their research careers, and to ensure continuity in doctoral studies.<\/p>\n<p>The contest is open to bachelor students in years 1-3.<\/p>\n<p>At the end of the competition (at the beginning of the next academic year), a report on the work done should be prepared and presented to the Dean of the Faculty of Studies.<\/p>\n<p>Selected students have the opportunity to receive a one-off scholarship of 6 BSI and commit to spend at least 15 academic hours per month on the topic, and the researcher\/teacher of the topic to devote time to work with the student. The best performers may be eligible again for a one-off scholarship at the beginning of the following academic year.<\/p>\n<p>You can submit your application by filling in the registration form. You will need to indicate the topic of your chosen work, your grades in the last semester and upload a motivational letter. The deadline for submitting your application is November 15(inclusive).<\/p>\n<p><a style=\"background-color: #ffffff; letter-spacing: 0px;\" href=\"https:\/\/vilniustechsa.lt\/wp-content\/uploads\/2023\/10\/Motyvacinio-laisko-sablonas.docx\">Motivational letter form<\/a><\/p>\n<p><a href=\"https:\/\/bit.ly\/3Q0x5Ls\">Registration form<\/a><\/p>\n<p><b>Contest research topics:&nbsp;<\/b><\/p>\n<p><b>Faculty of Environmental Engineering<\/b><strong>:<\/strong><\/p>\n<p><a href=\"https:\/\/vilniustechsa.lt\/wp-content\/uploads\/2023\/10\/AIF_D.-Slikas-Pastato-posvyriu-ir-vertikaliuju-deformaciju-tyrimas-geodeziniais-matavimais_LT_-EN.pdf\">AIF_D. \u0160likas Pastato posvyri\u0173 ir vertikali\u0173j\u0173 deformacij\u0173 tyrimas geodeziniais matavimais_LT_ EN<\/a><\/p>\n<p><a href=\"https:\/\/vilniustechsa.lt\/wp-content\/uploads\/2023\/10\/AIF_E.-Parseliunas_Geodezinio-tinklo-LitPOS-stociu-koordinaciu-laiko-seriju-analize_LT_EN.pdf\">AIF_E. Parseliunas_Geodezinio tinklo LitPOS sto\u010di\u0173 koordina\u010di\u0173 laiko serij\u0173 analiz\u0117_LT_EN<\/a><\/p>\n<p><a href=\"https:\/\/vilniustechsa.lt\/wp-content\/uploads\/2023\/10\/AIF_E.-Parseliunas_Geodezinio-tinklo-LitPOS-stociu-stabilumo-analize_-LT_EN.pdf\">AIF_E. Parseliunas_Geodezinio tinklo LitPOS sto\u010di\u0173 stabilumo analiz\u0117_ LT_EN<\/a><\/p>\n<p><b>Faculty of Architecture<\/b><strong>:<\/strong><\/p>\n<p><a href=\"https:\/\/vilniustechsa.lt\/wp-content\/uploads\/2023\/10\/ARF_E.-Bazaraite_Breziniu-rengimas-leidiniui-Klaipeda.-Architekturos-gidas_LT_EN.pdf\">ARF_E. Bazarait\u0117_Br\u0117\u017eini\u0173 rengimas leidiniui Klaip\u0117da. Architekt\u016bros gidas_LT_EN<\/a><\/p>\n<p><a href=\"https:\/\/vilniustechsa.lt\/wp-content\/uploads\/2023\/10\/ARF_E.-Navickiene_Architekto-ivaizdis-meniniuose-filmuose-_LT_EN.pdf\">ARF_E. Navickien\u0117_Architekto \u012fvaizdis meniniuose filmuose _LT_EN<\/a><\/p>\n<p><strong>Faculty of Electronics:<\/strong><\/p>\n<p><a href=\"https:\/\/vilniustechsa.lt\/wp-content\/uploads\/2023\/10\/EF_A.-Serackis_Akiniu-remelio-trimacio-modelio-generavimo-is-nuotraukos-metodu-analize-ir-taikymas_LT_EN.pdf\">EF_A. Serackis_Akini\u0173 r\u0117melio trima\u010dio modelio generavimo i\u0161 nuotraukos metod\u0173 analiz\u0117 ir taikymas_LT_EN<\/a><\/p>\n<p><a href=\"https:\/\/vilniustechsa.lt\/wp-content\/uploads\/2023\/10\/EF_D.-Matuzevicius_Dirbtinio-intelekto-algoritmu-vaizdams-analizuoti-igyvendinimas-iterptineje-sistemoje-NVIDIA-Jetson_LT_EN.pdf\">EF_D. Matuzevi\u010dius_Dirbtinio intelekto algoritm\u0173 vaizdams analizuoti \u012fgyvendinimas \u012fterptin\u0117je sistemoje NVIDIA Jetson_LT_EN<\/a><\/p>\n<p><a href=\"https:\/\/vilniustechsa.lt\/wp-content\/uploads\/2023\/10\/EF_D.-Udris_Dezifekavimui-skirtu-UVC-sviesos-diodu-valdiklio-kurimas-ir-tyrimas_LT_EN.pdf\">EF_D. Udris_Dezifekavimui skirt\u0173 UVC \u0161viesos diod\u0173 valdiklio k\u016brimas ir tyrimas_LT_EN<\/a><\/p>\n<p><a href=\"https:\/\/vilniustechsa.lt\/wp-content\/uploads\/2023\/10\/EF_D.-Udris_Elektrochemines-sistemos-pilnutines-varzos-matavimo-metodu-tyrimas_LT_EN.pdf\">EF_D. Udris_Elektrochemin\u0117s sistemos pilnutin\u0117s var\u017eos matavimo metod\u0173 tyrimas_LT_EN<\/a><\/p>\n<p><a href=\"https:\/\/vilniustechsa.lt\/wp-content\/uploads\/2023\/10\/EF_D.-Udris_Svieslentes-vartotojo-sasajos-tyrimas-ir-optimizavimas_LT_EN.pdf\">EF_D. Udris_\u0160vieslent\u0117s vartotojo s\u0105sajos tyrimas ir optimizavimas_LT_EN<\/a><\/p>\n<p><a href=\"https:\/\/vilniustechsa.lt\/wp-content\/uploads\/2023\/10\/EF_T.-Sledevic_Automobiliu-mechaniniu-daliu-aptikimo-duomenu-rinkinio-sukurimas-kompiuterines-regos-programoms_LT_EN.pdf\">EF_T. Sledevi\u010d_Automobili\u0173 mechanini\u0173 dali\u0173 aptikimo duomen\u0173 rinkinio suk\u016brimas kompiuterin\u0117s regos programoms_LT_EN<\/a><\/p>\n<p><a href=\"https:\/\/vilniustechsa.lt\/wp-content\/uploads\/2023\/10\/EF_V.-Abromavicius_Autonominis-objektu-skaiciavimas-ir-kliuciu-vengimas-naudojant-Jetson-Nano-Bot-rinkini-taikant-kompiuterine-rega-ir-dirbtini-intelekta_LT_EN.pdf\">EF_V. Abromavi\u010dius_Autonominis objekt\u0173 skai\u010diavimas ir kli\u016b\u010di\u0173 vengimas naudojant Jetson Nano Bot rinkin\u012f taikant kompiuterin\u0119 reg\u0105 ir dirbtin\u012f intelekt\u0105_LT_EN<\/a><\/p>\n<p><a href=\"https:\/\/vilniustechsa.lt\/wp-content\/uploads\/2023\/10\/EF_V.-Barzdenas_5850\u20135925-GHz-dazniu-juostos-Wilkinson-galios-daliklio-projektavimas-ir-tyrimas_LT_EN.pdf\">EF_V. Barzd\u0117nas_5,850\u20135,925 GHz da\u017eni\u0173 juostos Wilkinson galios daliklio projektavimas ir tyrimas_LT_EN<\/a><\/p>\n<p><b>Faculty of Fundamental Sciences<\/b><strong>:<\/strong><\/p>\n<p><a href=\"https:\/\/vilniustechsa.lt\/wp-content\/uploads\/2023\/10\/FMF_A.-Ceponis_Investigation-of-impact-driven-piezoelectric-energy-harvester-for-low-power-IoT-systems_LT_EN.pdf\">FMF_A. \u010ceponis_Investigation of impact driven piezoelectric energy harvester for low power IoT systems_LT_EN<\/a><\/p>\n<p><a href=\"https:\/\/vilniustechsa.lt\/wp-content\/uploads\/2023\/10\/FMF_A.-Ceponis_Parametrinio-krumplines-perdavos-modelio-sudarymas-ir-tyrimas_LT_EN.pdf\">FMF_A. \u010ceponis_Parametrinio krumplin\u0117s perdavos modelio sudarymas ir tyrimas_LT_EN<\/a><\/p>\n<p><a href=\"https:\/\/vilniustechsa.lt\/wp-content\/uploads\/2023\/10\/FMF_I.-Bruzaite_Mediatoriu-itakos-mieliagrybiu-lastelems-gyvybingumo-tyrimas_LT_EN.pdf\">FMF_I. Bru\u017eait\u0117_Mediatori\u0173 \u012ftakos mieliagrybi\u0173 l\u0105stel\u0117ms gyvybingumo tyrimas_LT_EN<\/a><\/p>\n<p><a href=\"https:\/\/vilniustechsa.lt\/wp-content\/uploads\/2023\/10\/FMF_I.-Bruzaite_Pavirsiaus-sustiprintos-Ramano-sklaidos-taikymas-nustatant-spanguoliu-uogu-mikrobiota_LT_EN.pdf\">FMF_I. Bru\u017eait\u0117_Pavir\u0161iaus sustiprintos Ramano sklaidos taikymas nustatant spanguoli\u0173 uog\u0173 mikrobiot\u0105_LT_EN<\/a><\/p>\n<p><a href=\"https:\/\/vilniustechsa.lt\/wp-content\/uploads\/2023\/10\/FMF_P_Miskinis_A-different-geometric-representation-of-the-second-order-determinant-and-hypercomplex-systems_EN.pdf\">FMF_P_Miskinis_A different geometric representation of the second-order determinant and hypercomplex systems_EN<\/a><\/p>\n<p><b>Faculty of Mechanics<\/b><strong>:<\/strong><\/p>\n<p><a href=\"https:\/\/vilniustechsa.lt\/wp-content\/uploads\/2023\/10\/MF_K.-Baziene_Condensing-PyroVapuor-to-Pyrolysis-oil_EN.pdf\">MF_K. Bazien\u0117_Condensing PyroVapuor to Pyrolysis oil_EN<\/a><\/p>\n<p><a href=\"https:\/\/vilniustechsa.lt\/wp-content\/uploads\/2023\/10\/MF_K.-Baziene_Prototype-of-Reactor-for-converting-nonreusable-plastic-waste-into-pyrolysis-oil_EN.pdf\">MF_K. Bazien\u0117_Prototype of Reactor for converting nonreusable plastic waste into pyrolysis oil_EN<\/a><\/p>\n<p><b>Faculty of Transport Engineering<\/b><strong>:<\/strong><\/p>\n<p><a href=\"https:\/\/vilniustechsa.lt\/wp-content\/uploads\/2023\/10\/TIF_S.-Sukevicius_Testing-the-effectiveness-of-the-braking-systems_EN.pdf\">TIF_\u0160. \u0160ukevi\u010dius_Testing the effectiveness of the braking systems_EN<\/a><\/p>\n<p><b>Faculty of Business Management<\/b><strong>:<\/strong><\/p>\n<p><a href=\"https:\/\/vilniustechsa.lt\/wp-content\/uploads\/2023\/10\/VVF_-B.-Peyravi_Comparative-Research-on\u202fSustainable-Energy-Transition-and-Economic-Consequences.pdf\">VVF_ B. Peyravi_Comparative Research on\u202fSustainable Energy Transition and Economic Consequences<\/a><\/p>\n<p><a href=\"https:\/\/vilniustechsa.lt\/wp-content\/uploads\/2023\/10\/VVF_-B.-Peyravi_The-Impact-of-SMEs-Technological-Innovation-on-Economic-Growth-in-Lithuania_EN.pdf\">VVF_ B. Peyravi_The Impact of SME`s Technological Innovation on Economic Growth in Lithuania_EN<\/a><\/p>\t\t\t\t\t\t\t\t<\/div>\n\t\t\t\t<\/div>\n\t\t\t\t\t<\/div>\n\t\t<\/div>\n\t\t\t\t\t<\/div>\n\t\t<\/section>\n\t\t\t\t<section class=\"elementor-section elementor-top-section elementor-element elementor-element-5c1e2fd elementor-section-boxed elementor-section-height-default elementor-section-height-default\" data-id=\"5c1e2fd\" data-element_type=\"section\">\n\t\t\t\t\t\t<div class=\"elementor-container elementor-column-gap-default\">\n\t\t\t\t\t<div class=\"elementor-column elementor-col-100 elementor-top-column elementor-element elementor-element-397b529\" data-id=\"397b529\" data-element_type=\"column\">\n\t\t\t<div class=\"elementor-widget-wrap\">\n\t\t\t\t\t\t\t<\/div>\n\t\t<\/div>\n\t\t\t\t\t<\/div>\n\t\t<\/section>\n\t\t\t\t<\/div>","protected":false},"excerpt":{"rendered":"<p>Student Involvement in Research Incentive Contest The objectives of the Research Competition are: to increase the attractiveness of studies, to make it possible not only to study but also to start a career as a researcher, to encourage the most talented students to pursue their research careers, and to ensure continuity in doctoral studies. The&hellip;<\/p>","protected":false},"author":2,"featured_media":0,"parent":0,"menu_order":0,"comment_status":"closed","ping_status":"closed","template":"","meta":{"footnotes":""},"class_list":["post-6221","page","type-page","status-publish","hentry"],"_links":{"self":[{"href":"https:\/\/vilniustechsa.lt\/en\/wp-json\/wp\/v2\/pages\/6221","targetHints":{"allow":["GET"]}}],"collection":[{"href":"https:\/\/vilniustechsa.lt\/en\/wp-json\/wp\/v2\/pages"}],"about":[{"href":"https:\/\/vilniustechsa.lt\/en\/wp-json\/wp\/v2\/types\/page"}],"author":[{"embeddable":true,"href":"https:\/\/vilniustechsa.lt\/en\/wp-json\/wp\/v2\/users\/2"}],"replies":[{"embeddable":true,"href":"https:\/\/vilniustechsa.lt\/en\/wp-json\/wp\/v2\/comments?post=6221"}],"version-history":[{"count":12,"href":"https:\/\/vilniustechsa.lt\/en\/wp-json\/wp\/v2\/pages\/6221\/revisions"}],"predecessor-version":[{"id":9110,"href":"https:\/\/vilniustechsa.lt\/en\/wp-json\/wp\/v2\/pages\/6221\/revisions\/9110"}],"wp:attachment":[{"href":"https:\/\/vilniustechsa.lt\/en\/wp-json\/wp\/v2\/media?parent=6221"}],"curies":[{"name":"wp","href":"https:\/\/api.w.org\/{rel}","templated":true}]}}