{"id":730,"date":"2023-03-10T18:24:37","date_gmt":"2023-03-10T18:24:37","guid":{"rendered":"https:\/\/vilniustechsa.lt\/?page_id=730"},"modified":"2024-10-25T22:27:50","modified_gmt":"2024-10-25T22:27:50","slug":"tarpiniu-atsiskaitymu-atmintine","status":"publish","type":"page","link":"https:\/\/vilniustechsa.lt\/en\/tarpiniu-atsiskaitymu-atmintine\/","title":{"rendered":"Interim Credits Memo"},"content":{"rendered":"<div data-elementor-type=\"wp-page\" data-elementor-id=\"730\" class=\"elementor elementor-730\">\n\t\t\t\t\t\t<section class=\"elementor-section elementor-top-section elementor-element elementor-element-65109a0 elementor-section-full_width elementor-section-height-default elementor-section-height-default\" data-id=\"65109a0\" data-element_type=\"section\">\n\t\t\t\t\t\t\t<div class=\"elementor-background-overlay\"><\/div>\n\t\t\t\t\t\t\t<div class=\"elementor-container elementor-column-gap-default\">\n\t\t\t\t\t<div class=\"elementor-column elementor-col-50 elementor-top-column elementor-element elementor-element-0586bd9\" data-id=\"0586bd9\" data-element_type=\"column\" data-settings=\"{&quot;background_background&quot;:&quot;classic&quot;}\">\n\t\t\t<div class=\"elementor-widget-wrap elementor-element-populated\">\n\t\t\t\t\t\t<div class=\"elementor-element elementor-element-22678a7 elementor-widget elementor-widget-image\" data-id=\"22678a7\" data-element_type=\"widget\" data-widget_type=\"image.default\">\n\t\t\t\t<div class=\"elementor-widget-container\">\n\t\t\t\t\t\t\t\t\t\t\t\t\t\t\t<img fetchpriority=\"high\" decoding=\"async\" width=\"1024\" height=\"597\" src=\"https:\/\/vilniustechsa.lt\/wp-content\/uploads\/2023\/04\/332864792_563468272398042_5230308565211587305_n-1024x597.jpg\" class=\"attachment-large size-large wp-image-2854\" alt=\"\" srcset=\"https:\/\/vilniustechsa.lt\/wp-content\/uploads\/2023\/04\/332864792_563468272398042_5230308565211587305_n-1024x597.jpg 1024w, https:\/\/vilniustechsa.lt\/wp-content\/uploads\/2023\/04\/332864792_563468272398042_5230308565211587305_n-300x175.jpg 300w, https:\/\/vilniustechsa.lt\/wp-content\/uploads\/2023\/04\/332864792_563468272398042_5230308565211587305_n-150x87.jpg 150w, https:\/\/vilniustechsa.lt\/wp-content\/uploads\/2023\/04\/332864792_563468272398042_5230308565211587305_n-768x448.jpg 768w, https:\/\/vilniustechsa.lt\/wp-content\/uploads\/2023\/04\/332864792_563468272398042_5230308565211587305_n-1536x896.jpg 1536w, https:\/\/vilniustechsa.lt\/wp-content\/uploads\/2023\/04\/332864792_563468272398042_5230308565211587305_n-320x187.jpg 320w, https:\/\/vilniustechsa.lt\/wp-content\/uploads\/2023\/04\/332864792_563468272398042_5230308565211587305_n-480x280.jpg 480w, https:\/\/vilniustechsa.lt\/wp-content\/uploads\/2023\/04\/332864792_563468272398042_5230308565211587305_n-800x466.jpg 800w, https:\/\/vilniustechsa.lt\/wp-content\/uploads\/2023\/04\/332864792_563468272398042_5230308565211587305_n.jpg 2048w\" sizes=\"(max-width: 1024px) 100vw, 1024px\" \/>\t\t\t\t\t\t\t\t\t\t\t\t\t\t\t<\/div>\n\t\t\t\t<\/div>\n\t\t\t\t\t<\/div>\n\t\t<\/div>\n\t\t\t\t<div class=\"elementor-column elementor-col-50 elementor-top-column elementor-element elementor-element-9a48d12\" data-id=\"9a48d12\" data-element_type=\"column\">\n\t\t\t<div class=\"elementor-widget-wrap elementor-element-populated\">\n\t\t\t\t\t\t<div class=\"elementor-element elementor-element-6863e23 elementor-widget elementor-widget-text-editor\" data-id=\"6863e23\" data-element_type=\"widget\" data-widget_type=\"text-editor.default\">\n\t\t\t\t<div class=\"elementor-widget-container\">\n\t\t\t\t\t\t\t\t\t<h2 style=\"text-align: left;\">What is Interim Credit?<\/h2><div>\u00a0<\/div><p style=\"text-align: left;\" class=\"translation-block\">Interim credits (IC) forms are: term paper or project, complex work or project, laboratory work report, homework, colloquium, review of works, scientific essay.<\/p>\t\t\t\t\t\t\t\t<\/div>\n\t\t\t\t<\/div>\n\t\t\t\t\t<\/div>\n\t\t<\/div>\n\t\t\t\t\t<\/div>\n\t\t<\/section>\n\t\t\t\t<section class=\"elementor-section elementor-top-section elementor-element elementor-element-e063749 elementor-section-boxed elementor-section-height-default elementor-section-height-default\" data-id=\"e063749\" data-element_type=\"section\">\n\t\t\t\t\t\t<div class=\"elementor-container elementor-column-gap-default\">\n\t\t\t\t\t<div class=\"elementor-column elementor-col-100 elementor-top-column elementor-element elementor-element-8aebff8\" data-id=\"8aebff8\" data-element_type=\"column\">\n\t\t\t<div class=\"elementor-widget-wrap elementor-element-populated\">\n\t\t\t\t\t\t<div class=\"elementor-element elementor-element-cf33af0 elementor-widget elementor-widget-text-editor\" data-id=\"cf33af0\" data-element_type=\"widget\" data-widget_type=\"text-editor.default\">\n\t\t\t\t<div class=\"elementor-widget-container\">\n\t\t\t\t\t\t\t\t\t<ul><li><span style=\"font-weight: 400;\">The accumulated student performance assessment of the interim tasks provided in the course unit throughout the term may range <strong>from 30% to 70% (inclusively) of the final assessment (FA).<\/strong>.<\/span><\/li><li><span style=\"font-weight: 400;\">Interim credits (IC) are awarded according to the schedule provided in the description of the course unit (module).<\/span><\/li><li><span style=\"font-weight: 400;\">You can find the course unit (module): <\/span><b>mano.vilniustech.lt&gt;&gt;Studies&gt;&gt;This semester&gt;&gt;Any study subject&gt;&gt;About study subject<\/b><\/li><\/ul>\t\t\t\t\t\t\t\t<\/div>\n\t\t\t\t<\/div>\n\t\t\t\t\t<\/div>\n\t\t<\/div>\n\t\t\t\t\t<\/div>\n\t\t<\/section>\n\t\t\t\t<section class=\"elementor-section elementor-top-section elementor-element elementor-element-918ccdb elementor-section-boxed elementor-section-height-default elementor-section-height-default\" data-id=\"918ccdb\" data-element_type=\"section\">\n\t\t\t\t\t\t<div class=\"elementor-container elementor-column-gap-default\">\n\t\t\t\t\t<div class=\"elementor-column elementor-col-100 elementor-top-column elementor-element elementor-element-bc70a6f\" data-id=\"bc70a6f\" data-element_type=\"column\">\n\t\t\t<div class=\"elementor-widget-wrap elementor-element-populated\">\n\t\t\t\t\t\t<div class=\"elementor-element elementor-element-ad1ecfb elementor-widget elementor-widget-text-editor\" data-id=\"ad1ecfb\" data-element_type=\"widget\" data-widget_type=\"text-editor.default\">\n\t\t\t\t<div class=\"elementor-widget-container\">\n\t\t\t\t\t\t\t\t\t<h2><span style=\"letter-spacing: 0px;\">When will I know the grade of them?<\/span><\/h2><ul><li><span style=\"letter-spacing: 0px;\">The assessment of interim credits (IC) shall be included in mano.vilniustech.lt <strong>within the period of two weeks following the earned credit<\/strong>, but no later<strong> than the examination period starts.<\/strong><\/span><\/li><li>The theoretical part of the course unit is not included in the full credit (FC) if it is earned during the time for earning the interim credit.<\/li><li class=\"translation-block\">Only those students who have earned all Interim credits and have complied with the minimum attendance requirements specified in the description of the course unit (module) can participate in the final assessment.<\/li><\/ul><h3 style=\"text-align: center;\"><strong>Levels of assessment:<\/strong><\/h3><p>\u00a0<\/p>\t\t\t\t\t\t\t\t<\/div>\n\t\t\t\t<\/div>\n\t\t\t\t\t<\/div>\n\t\t<\/div>\n\t\t\t\t\t<\/div>\n\t\t<\/section>\n\t\t\t\t<section class=\"elementor-section elementor-top-section elementor-element elementor-element-2ef18b2 elementor-section-boxed elementor-section-height-default elementor-section-height-default\" data-id=\"2ef18b2\" data-element_type=\"section\">\n\t\t\t\t\t\t<div class=\"elementor-container elementor-column-gap-default\">\n\t\t\t\t\t<div class=\"elementor-column elementor-col-33 elementor-top-column elementor-element elementor-element-0733ddf\" data-id=\"0733ddf\" data-element_type=\"column\" data-settings=\"{&quot;background_background&quot;:&quot;classic&quot;}\">\n\t\t\t<div class=\"elementor-widget-wrap elementor-element-populated\">\n\t\t\t\t\t\t<div class=\"elementor-element elementor-element-0e8f311 elementor-widget__width-initial elementor-widget-tablet__width-initial elementor-widget-mobile__width-initial elementor-widget elementor-widget-text-editor\" data-id=\"0e8f311\" data-element_type=\"widget\" data-widget_type=\"text-editor.default\">\n\t\t\t\t<div class=\"elementor-widget-container\">\n\t\t\t\t\t\t\t\t\t<p style=\"text-align: center;\"><strong>5-6 threshold<\/strong> level of achievement<\/p>\t\t\t\t\t\t\t\t<\/div>\n\t\t\t\t<\/div>\n\t\t\t\t\t<\/div>\n\t\t<\/div>\n\t\t\t\t<div class=\"elementor-column elementor-col-33 elementor-top-column elementor-element elementor-element-3f45dfe\" data-id=\"3f45dfe\" data-element_type=\"column\" data-settings=\"{&quot;background_background&quot;:&quot;classic&quot;}\">\n\t\t\t<div class=\"elementor-widget-wrap elementor-element-populated\">\n\t\t\t\t\t\t<div class=\"elementor-element elementor-element-0d75a41 elementor-widget__width-initial elementor-widget-tablet__width-initial elementor-widget-mobile__width-initial elementor-widget elementor-widget-text-editor\" data-id=\"0d75a41\" data-element_type=\"widget\" data-widget_type=\"text-editor.default\">\n\t\t\t\t<div class=\"elementor-widget-container\">\n\t\t\t\t\t\t\t\t\t<p style=\"text-align: center;\"><strong>7-8 typical\u00a0<\/strong><span style=\"letter-spacing: 0.3px; word-spacing: 0.1em;\">level of achievement<\/span><\/p>\t\t\t\t\t\t\t\t<\/div>\n\t\t\t\t<\/div>\n\t\t\t\t\t<\/div>\n\t\t<\/div>\n\t\t\t\t<div class=\"elementor-column elementor-col-33 elementor-top-column elementor-element elementor-element-2c52536\" data-id=\"2c52536\" data-element_type=\"column\" data-settings=\"{&quot;background_background&quot;:&quot;classic&quot;}\">\n\t\t\t<div class=\"elementor-widget-wrap elementor-element-populated\">\n\t\t\t\t\t\t<div class=\"elementor-element elementor-element-5f0c23c elementor-widget__width-initial elementor-widget-tablet__width-initial elementor-widget-mobile__width-initial elementor-widget elementor-widget-text-editor\" data-id=\"5f0c23c\" data-element_type=\"widget\" data-widget_type=\"text-editor.default\">\n\t\t\t\t<div class=\"elementor-widget-container\">\n\t\t\t\t\t\t\t\t\t<p style=\"text-align: center;\"><strong>9-10 excellent<\/strong> level of achievement<\/p>\t\t\t\t\t\t\t\t<\/div>\n\t\t\t\t<\/div>\n\t\t\t\t\t<\/div>\n\t\t<\/div>\n\t\t\t\t\t<\/div>\n\t\t<\/section>\n\t\t\t\t<section class=\"elementor-section elementor-top-section elementor-element elementor-element-4efa6b8 elementor-section-boxed elementor-section-height-default elementor-section-height-default\" data-id=\"4efa6b8\" data-element_type=\"section\">\n\t\t\t\t\t\t<div class=\"elementor-container elementor-column-gap-default\">\n\t\t\t\t\t<div class=\"elementor-column elementor-col-100 elementor-top-column elementor-element elementor-element-02d8dd3\" data-id=\"02d8dd3\" data-element_type=\"column\">\n\t\t\t<div class=\"elementor-widget-wrap elementor-element-populated\">\n\t\t\t\t\t\t<div class=\"elementor-element elementor-element-d3fbf70 elementor-widget elementor-widget-heading\" data-id=\"d3fbf70\" data-element_type=\"widget\" data-widget_type=\"heading.default\">\n\t\t\t\t<div class=\"elementor-widget-container\">\n\t\t\t\t\t<h2 class=\"elementor-heading-title elementor-size-default\"><br>WHAT IF I HAVEN'T REACHED THE THRESHOLD LEVEL?<br><\/h2>\t\t\t\t<\/div>\n\t\t\t\t<\/div>\n\t\t\t\t\t<\/div>\n\t\t<\/div>\n\t\t\t\t\t<\/div>\n\t\t<\/section>\n\t\t\t\t<section class=\"elementor-section elementor-top-section elementor-element elementor-element-6c92dfd elementor-section-boxed elementor-section-height-default elementor-section-height-default\" data-id=\"6c92dfd\" data-element_type=\"section\" data-settings=\"{&quot;background_background&quot;:&quot;classic&quot;}\">\n\t\t\t\t\t\t<div class=\"elementor-container elementor-column-gap-default\">\n\t\t\t\t\t<div class=\"elementor-column elementor-col-50 elementor-top-column elementor-element elementor-element-b60e1a1\" data-id=\"b60e1a1\" data-element_type=\"column\">\n\t\t\t<div class=\"elementor-widget-wrap elementor-element-populated\">\n\t\t\t\t\t\t<div class=\"elementor-element elementor-element-1db2828 elementor-widget elementor-widget-text-editor\" data-id=\"1db2828\" data-element_type=\"widget\" data-widget_type=\"text-editor.default\">\n\t\t\t\t<div class=\"elementor-widget-container\">\n\t\t\t\t\t\t\t\t\t<p><strong><span style=\"color: #ffffff;\">The students that fail to achieve the threshold level of performance during the period for earning interim credits (IC) or students who due to important reasons (due to illness, death of relatives, etc.) were unable to complete interim credit in time shall be provided a possibility of retaking the credit:<\/span><\/strong><\/p><p><span style=\"color: #ffffff;\">The student negotiates the date of recurring interim credit with the lecturer.<\/span><\/p>\t\t\t\t\t\t\t\t<\/div>\n\t\t\t\t<\/div>\n\t\t\t\t\t<\/div>\n\t\t<\/div>\n\t\t\t\t<div class=\"elementor-column elementor-col-50 elementor-top-column elementor-element elementor-element-ee47d60\" data-id=\"ee47d60\" data-element_type=\"column\">\n\t\t\t<div class=\"elementor-widget-wrap elementor-element-populated\">\n\t\t\t\t\t\t<div class=\"elementor-element elementor-element-aaa7cbb elementor-widget elementor-widget-text-editor\" data-id=\"aaa7cbb\" data-element_type=\"widget\" data-widget_type=\"text-editor.default\">\n\t\t\t\t<div class=\"elementor-widget-container\">\n\t\t\t\t\t\t\t\t\t<p><strong>1.<\/strong> at least once prior to the start of the examination period;<\/p>\t\t\t\t\t\t\t\t<\/div>\n\t\t\t\t<\/div>\n\t\t\t\t<div class=\"elementor-element elementor-element-5625a9e elementor-widget elementor-widget-text-editor\" data-id=\"5625a9e\" data-element_type=\"widget\" data-widget_type=\"text-editor.default\">\n\t\t\t\t<div class=\"elementor-widget-container\">\n\t\t\t\t\t\t\t\t\t<p><b>2.<\/b>&nbsp;once within the examination period at the time committed to preparation for the full credit (FC) of the required course unit;<\/p>\t\t\t\t\t\t\t\t<\/div>\n\t\t\t\t<\/div>\n\t\t\t\t<div class=\"elementor-element elementor-element-a243f11 elementor-widget elementor-widget-text-editor\" data-id=\"a243f11\" data-element_type=\"widget\" data-widget_type=\"text-editor.default\">\n\t\t\t\t<div class=\"elementor-widget-container\">\n\t\t\t\t\t\t\t\t\t<p><b>3.<\/b> once until the full credit is retaken.<\/p>\t\t\t\t\t\t\t\t<\/div>\n\t\t\t\t<\/div>\n\t\t\t\t\t<\/div>\n\t\t<\/div>\n\t\t\t\t\t<\/div>\n\t\t<\/section>\n\t\t\t\t<section class=\"elementor-section elementor-top-section elementor-element elementor-element-d11d3eb elementor-section-boxed elementor-section-height-default elementor-section-height-default\" data-id=\"d11d3eb\" data-element_type=\"section\">\n\t\t\t\t\t\t<div class=\"elementor-container elementor-column-gap-default\">\n\t\t\t\t\t<div class=\"elementor-column elementor-col-100 elementor-top-column elementor-element elementor-element-8db5e39\" data-id=\"8db5e39\" data-element_type=\"column\">\n\t\t\t<div class=\"elementor-widget-wrap elementor-element-populated\">\n\t\t\t\t\t\t<div class=\"elementor-element elementor-element-1867790 elementor-widget elementor-widget-text-editor\" data-id=\"1867790\" data-element_type=\"widget\" data-widget_type=\"text-editor.default\">\n\t\t\t\t<div class=\"elementor-widget-container\">\n\t\t\t\t\t\t\t\t\t<p style=\"text-align: center;\">\u00a0<\/p><h3 style=\"text-align: center;\">Interim credits may be delayed due to:<\/h3>\t\t\t\t\t\t\t\t<\/div>\n\t\t\t\t<\/div>\n\t\t\t\t\t<\/div>\n\t\t<\/div>\n\t\t\t\t\t<\/div>\n\t\t<\/section>\n\t\t\t\t<section class=\"elementor-section elementor-top-section elementor-element elementor-element-ccad8b8 elementor-section-boxed elementor-section-height-default elementor-section-height-default\" data-id=\"ccad8b8\" data-element_type=\"section\">\n\t\t\t\t\t\t<div class=\"elementor-container elementor-column-gap-default\">\n\t\t\t\t\t<div class=\"elementor-column elementor-col-33 elementor-top-column elementor-element elementor-element-20d829e\" data-id=\"20d829e\" data-element_type=\"column\" data-settings=\"{&quot;background_background&quot;:&quot;classic&quot;}\">\n\t\t\t<div class=\"elementor-widget-wrap elementor-element-populated\">\n\t\t\t\t\t\t<div class=\"elementor-element elementor-element-4cf2af4 elementor-widget__width-initial elementor-widget-tablet__width-initial elementor-widget-mobile__width-initial elementor-widget elementor-widget-text-editor\" data-id=\"4cf2af4\" data-element_type=\"widget\" data-widget_type=\"text-editor.default\">\n\t\t\t\t<div class=\"elementor-widget-container\">\n\t\t\t\t\t\t\t\t\t<p style=\"text-align: center;\"><b>Illness;<\/b><\/p>\t\t\t\t\t\t\t\t<\/div>\n\t\t\t\t<\/div>\n\t\t\t\t\t<\/div>\n\t\t<\/div>\n\t\t\t\t<div class=\"elementor-column elementor-col-33 elementor-top-column elementor-element elementor-element-da26556\" data-id=\"da26556\" data-element_type=\"column\" data-settings=\"{&quot;background_background&quot;:&quot;classic&quot;}\">\n\t\t\t<div class=\"elementor-widget-wrap elementor-element-populated\">\n\t\t\t\t\t\t<div class=\"elementor-element elementor-element-2ea2397 elementor-widget__width-initial elementor-widget-tablet__width-initial elementor-widget-mobile__width-initial elementor-widget elementor-widget-text-editor\" data-id=\"2ea2397\" data-element_type=\"widget\" data-widget_type=\"text-editor.default\">\n\t\t\t\t<div class=\"elementor-widget-container\">\n\t\t\t\t\t\t\t\t\t<p style=\"text-align: center;\"><b>The event of an accident.<\/b><\/p>\t\t\t\t\t\t\t\t<\/div>\n\t\t\t\t<\/div>\n\t\t\t\t\t<\/div>\n\t\t<\/div>\n\t\t\t\t<div class=\"elementor-column elementor-col-33 elementor-top-column elementor-element elementor-element-03d929e\" data-id=\"03d929e\" data-element_type=\"column\" data-settings=\"{&quot;background_background&quot;:&quot;classic&quot;}\">\n\t\t\t<div class=\"elementor-widget-wrap elementor-element-populated\">\n\t\t\t\t\t\t<div class=\"elementor-element elementor-element-1b241c6 elementor-widget__width-initial elementor-widget-tablet__width-initial elementor-widget-mobile__width-initial elementor-widget elementor-widget-text-editor\" data-id=\"1b241c6\" data-element_type=\"widget\" data-widget_type=\"text-editor.default\">\n\t\t\t\t<div class=\"elementor-widget-container\">\n\t\t\t\t\t\t\t\t\t<p style=\"text-align: center;\"><strong>Death of relatives;<\/strong><\/p>\t\t\t\t\t\t\t\t<\/div>\n\t\t\t\t<\/div>\n\t\t\t\t\t<\/div>\n\t\t<\/div>\n\t\t\t\t\t<\/div>\n\t\t<\/section>\n\t\t\t\t<section class=\"elementor-section elementor-top-section elementor-element elementor-element-52b833f elementor-section-boxed elementor-section-height-default elementor-section-height-default\" data-id=\"52b833f\" data-element_type=\"section\">\n\t\t\t\t\t\t<div class=\"elementor-container elementor-column-gap-default\">\n\t\t\t\t\t<div class=\"elementor-column elementor-col-100 elementor-top-column elementor-element elementor-element-638eb4e\" data-id=\"638eb4e\" data-element_type=\"column\">\n\t\t\t<div class=\"elementor-widget-wrap elementor-element-populated\">\n\t\t\t\t\t\t<div class=\"elementor-element elementor-element-d6bf7d4 elementor-widget elementor-widget-text-editor\" data-id=\"d6bf7d4\" data-element_type=\"widget\" data-widget_type=\"text-editor.default\">\n\t\t\t\t<div class=\"elementor-widget-container\">\n\t\t\t\t\t\t\t\t\t<div>\u00a0<\/div><ul><li>Laboratory works are done until the beginning of the examination period.<\/li><li>If a student misses laboratory work using special equipment without a valid excuse, he\/she has to pay the dean's office the specified price and, with the agreement of the lecturer, make up the work at another time.<\/li><\/ul><p>\u00a0<\/p><p style=\"text-align: center;\">Memo prepared on the basis of\u00a0<a style=\"background-color: #ffffff; letter-spacing: 0px;\" href=\"https:\/\/vilniustech.lt\/files\/4564\/228\/11\/7_0\/Studentu%CC%A8%20pasiekimu%CC%A8%20vertinimo%20ir%20atsiskaitymu%CC%A8%20organizavimo%20tvarkos%20apras%CC%8Cas.pdf\">this document<\/a><\/p>\t\t\t\t\t\t\t\t<\/div>\n\t\t\t\t<\/div>\n\t\t\t\t\t<\/div>\n\t\t<\/div>\n\t\t\t\t\t<\/div>\n\t\t<\/section>\n\t\t\t\t<\/div>","protected":false},"excerpt":{"rendered":"<p>Kas yra tarpinis atsiskaitymas? Tarpinis atsiskaitymas (TA) \u2013 referatas, kursinis darbas, laboratorinis darbas, koliokviumas, nam\u0173 darbas, kontrolinis darbas, organizuojamas iki sesijos prad\u017eios. Studento semestro metu sukauptas vertinimas uz\u030c studiju\u0328 dalyke (modulyje) numatytas tarpines uz\u030cduotis gali sudaryti nuo 30 % iki 70 % (imtinai) galutinio i\u0328vertinimo (GI\u0328). TA organizuojami pagal studij\u0173 dalyko (modulio) kortel\u0117je numatyt\u0105 atsiskaitym\u0173&hellip;<\/p>","protected":false},"author":2,"featured_media":0,"parent":0,"menu_order":0,"comment_status":"closed","ping_status":"closed","template":"","meta":{"footnotes":""},"class_list":["post-730","page","type-page","status-publish","hentry"],"_links":{"self":[{"href":"https:\/\/vilniustechsa.lt\/en\/wp-json\/wp\/v2\/pages\/730","targetHints":{"allow":["GET"]}}],"collection":[{"href":"https:\/\/vilniustechsa.lt\/en\/wp-json\/wp\/v2\/pages"}],"about":[{"href":"https:\/\/vilniustechsa.lt\/en\/wp-json\/wp\/v2\/types\/page"}],"author":[{"embeddable":true,"href":"https:\/\/vilniustechsa.lt\/en\/wp-json\/wp\/v2\/users\/2"}],"replies":[{"embeddable":true,"href":"https:\/\/vilniustechsa.lt\/en\/wp-json\/wp\/v2\/comments?post=730"}],"version-history":[{"count":71,"href":"https:\/\/vilniustechsa.lt\/en\/wp-json\/wp\/v2\/pages\/730\/revisions"}],"predecessor-version":[{"id":9127,"href":"https:\/\/vilniustechsa.lt\/en\/wp-json\/wp\/v2\/pages\/730\/revisions\/9127"}],"wp:attachment":[{"href":"https:\/\/vilniustechsa.lt\/en\/wp-json\/wp\/v2\/media?parent=730"}],"curies":[{"name":"wp","href":"https:\/\/api.w.org\/{rel}","templated":true}]}}