{"id":813,"date":"2023-04-13T15:00:57","date_gmt":"2023-04-13T15:00:57","guid":{"rendered":"https:\/\/vilniustechsa.lt\/?page_id=813"},"modified":"2024-02-20T12:33:00","modified_gmt":"2024-02-20T12:33:00","slug":"egzaminu-sesijos-atmintine","status":"publish","type":"page","link":"https:\/\/vilniustechsa.lt\/en\/egzaminu-sesijos-atmintine\/","title":{"rendered":"Examination Session Memo"},"content":{"rendered":"<p><\/p>\n\n\n\n<p><\/p>\n\n\n\n<p><\/p>\n\n\n\n<p><\/p>\n\n\n<p><!--vcv no format--><!-- vcwb\/dynamicElementComment:bfa06bf2 --><\/p>\n<div class=\"vce-row-container\" data-vce-boxed-width=\"true\">\n<div class=\"vce-row vce-row--col-gap-30 vce-row-equal-height vce-row-content--top\" id=\"el-bfa06bf2\" data-vce-do-apply=\"all el-bfa06bf2\">\n<div class=\"vce-content-background-container\"><\/div>\n<div class=\"vce-row-content\" data-vce-element-content=\"true\"><!-- vcwb\/dynamicElementComment:b164edf7 --><p><\/p>\n<div class=\"vce-col vce-col--md-auto vce-col--xs-1 vce-col--xs-last vce-col--xs-first vce-col--sm-last vce-col--sm-first vce-col--md-last vce-col--lg-last vce-col--xl-last vce-col--md-first vce-col--lg-first vce-col--xl-first\" id=\"el-b164edf7\">\n<div class=\"vce-col-inner\" data-vce-do-apply=\"border margin background  el-b164edf7\">\n<div class=\"vce-col-content\" data-vce-element-content=\"true\" data-vce-do-apply=\"padding el-b164edf7\"><!-- vcwb\/dynamicElementComment:56261a69 --><p><\/p>\n<section class=\"vce-feature-section-container vce-feature-section-media--xs\">\n<div class=\"vce vce-feature-section vce-feature-section--min-height vce-feature-section-background-color--b-38-51-130\" id=\"el-56261a69\" data-vce-do-apply=\"margin background border  el-56261a69\">\n<div class=\"vce-feature-section-image vce-feature-section-image--alignment-left vce-feature-section-image--background-position-center-center\" style=\"background-image: url('|!|vcvUploadUrl|!|\/2023\/03\/96e0c32d-7f8b-4591-97ef-19fb5a835e19.jpg');\"><\/div>\n<div class=\"vce-feature-section-content\">\n<div class=\"vce-feature-section-content-container\" data-vce-do-apply=\"padding el-56261a69\">\n<div class=\"vce-feature-section-description\">\n<h1>Egzamin\u0173 sesijos atmintin\u0117<\/h1>\n<p>K\u0105 turi \u017einoti kiekvienas studentas apie egzamin\u0173 sesij\u0105? Kokios galimyb\u0117s turi b\u016bti sudaromos, jeigu nepavyko i\u0161 pirmo karto? Kokiu atveju yra gaunama akademin\u0117 skola ir k\u0105 daryti tokiu atveju?<\/p>\n<\/div>\n<\/div>\n<\/div>\n<\/div>\n<\/section>\n<p><!-- \/vcwb\/dynamicElementComment:56261a69 --><\/p><\/div>\n<\/div>\n<\/div>\n<p><!-- \/vcwb\/dynamicElementComment:b164edf7 --><\/p><\/div>\n<\/div>\n<\/div>\n<p><!-- \/vcwb\/dynamicElementComment:bfa06bf2 --><!-- vcwb\/dynamicElementComment:a2231fcb --><\/p>\n<div class=\"vce-row-container\" data-vce-boxed-width=\"true\">\n<div class=\"vce-row vce-row--col-gap-30 vce-row-equal-height vce-row-content--top\" id=\"el-a2231fcb\" data-vce-do-apply=\"all el-a2231fcb\">\n<div class=\"vce-content-background-container\"><\/div>\n<div class=\"vce-row-content\" data-vce-element-content=\"true\"><!-- vcwb\/dynamicElementComment:dac2a659 --><p><\/p>\n<div class=\"vce-col vce-col--md-auto vce-col--xs-1 vce-col--xs-last vce-col--xs-first vce-col--sm-last vce-col--sm-first vce-col--md-last vce-col--lg-last vce-col--xl-last vce-col--md-first vce-col--lg-first vce-col--xl-first\" id=\"el-dac2a659\">\n<div class=\"vce-col-inner\" data-vce-do-apply=\"border margin background  el-dac2a659\">\n<div class=\"vce-col-content\" data-vce-element-content=\"true\" data-vce-do-apply=\"padding el-dac2a659\"><!-- vcwb\/dynamicElementComment:f4f0de9a --><p><\/p>\n<div class=\"vce-text-block\">\n<div class=\"vce-text-block-wrapper vce\" id=\"el-f4f0de9a\" data-vce-do-apply=\"all el-f4f0de9a\">\n<p><strong>K\u0105 svarbu \u017einoti apie egzamin\u0173 sesij\u0105?<\/strong><\/p>\n<ul>\n<li>The final settlement is carried out by the lecturer who gave the lectures. He\/she may be assisted by the lecturer of the practical sessions.&nbsp;<\/li>\n<li>Only one academic group may be subject to final examination at a time, unless the number of students in the merged group is no more than 30.<\/li>\n<li>If several lecturers in a department teach the same subject\/module, the head of the department must ensure that each lecturer's midterm and final assessment tasks are of the same level of difficulty and apply the same assessment criteria.<\/li>\n<li>All midterm assessments in that subject must be settled before the exam.<\/li>\n<li>In the final examinations, students do not account for the theoretical part of the course that was accounted for in the mid-term examinations.<\/li>\n<li>Students must be made aware of the assessment criteria before the assessment.<\/li>\n<li>Tarpai tarp galutini\u0173 atsiskaitym\u0173 turi b\u016bti ne ma\u017eesni kaip dvi kalendorin\u0117s dienos (nuolatin\u0117se studijose) ir ne ma\u017eesni kaip viena kalendorin\u0117 dienai (i\u0161testin\u0117se studijose).<\/li>\n<li>Each final exam must be preceded by a tutor consultation.<\/li>\n<li>The final grade should appear in mano.vilniustech.lt within two working days.<\/li>\n<li>The final examination assignments are completed by the students in writing or on a computer in the case of assignments submitted electronically. The practice report (A), the course project (CP), the complex project (KS), the research project (TD) and the first parts of the final thesis\/project (BD) are defended orally. Otherwise, the examinations may be organised only with the permission of the Dean of the Faculty.<\/li>\n<li>Students must bring a valid student ID card or identity document to the final examination, the tools provided by the teacher and be prepared to work for up to 2.5 hours continuously.<\/li>\n<li>After the final examination, the lecturer may revise the student's performance in a follow-up interview in order to change the student's final examination grade, within a maximum of five working days to correct the final examination grades.<\/li>\n<li>The student has the right to discuss his\/her work with the professor, but the work is not corrected during the discussion.<\/li>\n<\/ul>\n<p><strong>Jei nepavyko i\u0161 pirmo karto:<\/strong><\/p>\n<ul>\n<li>The student has the opportunity to <strong>retake the assessment 2 times<\/strong>: vien\u0105 kart\u0105 nemokamai bei dar vien\u0105 kart\u0105 komisijoje, susimok\u0117j\u0119s nustatyt\u0105 35 eur\u0173 mokest\u012f.<\/li>\n<li>Students who have not reached the threshold level of achievement at the end of the examination session may re-submit their final re-submissions within the timeframe stipulated in the VILNIUS TECH timetable of studies.<\/li>\n<li>Dates for free re-examination can be found on mano.vilniustech.lt. Of the 2 dates given<strong> choose one and register no later than one working day before<\/strong> until the date of the final re-examination.<\/li>\n<li>The final examination by the Board shall be organised at the time specified in the study timetable.  Before the final examination, you need to <strong>b\u016btina pateikti pra\u0161ym\u0105 dekanui ir sumok\u0117ti Senato nustatyt\u0105 kain\u0105.<\/strong><\/li>\n<\/ul>\n<p><strong>Nepasilik skol\u0173:<\/strong><\/p>\n<ul>\n<li>If a student fails the exam at the third sitting of the board, he\/she receives an academic debt.<\/li>\n<li>A student with at least one academic debt at the end of the assessment period (1 September to 31 August) will forfeit the funded place.<\/li>\n<li>If there are more than 2 debts, the student must repeat the course in the semester in which the debts are incurred. Also, he\/she loses his\/her state-funded place.<\/li>\n<li>In exceptional cases, an additional final examination may be organised if the threshold level of achievement has not been reached in the board examination and with the permission of the Vice-Rector of Studies or Rector.<\/li>\n<\/ul>\n<p>Jei manai, kad d\u0117stytojas neteisus tavo ar grup\u0117s at\u017evilgiu gali teikti apeliacij\u0105. Daugiau informacijos apie apeliacijas rasi Apeliacij\u0173 atmintin\u0117je (nuoroda).<\/p>\n<p>Jei tau kyla klausim\u0173 d\u0117l egzamin\u0173 sesijos ir galutini\u0173 atsiskaitym\u0173 tvarkos visada gali kreiptis \u012f mus! (nuoroda \u012f kontaktus).<\/p>\n<p>Memo prepared on the basis of <a href=\"https:\/\/vilniustech.lt\/files\/4564\/228\/11\/7_0\/Studentu\u0328%20pasiekimu\u0328%20vertinimo%20ir%20atsiskaitymu\u0328%20organizavimo%20tvarkos%20apras\u030cas.pdf\">this document<\/a>.<\/p>\n<\/div>\n<\/div>\n<p><!-- \/vcwb\/dynamicElementComment:f4f0de9a --><\/p><\/div>\n<\/div>\n<\/div>\n<p><!-- \/vcwb\/dynamicElementComment:dac2a659 --><\/p><\/div>\n<\/div>\n<\/div>\n<p><!-- \/vcwb\/dynamicElementComment:a2231fcb --><!--vcv no format--><\/p>","protected":false},"excerpt":{"rendered":"<p>Egzamin\u0173 sesijos atmintin\u0117 K\u0105 turi \u017einoti kiekvienas studentas apie egzamin\u0173 sesij\u0105? Kokios galimyb\u0117s turi b\u016bti sudaromos, jeigu nepavyko i\u0161 pirmo karto? Kokiu atveju yra gaunama akademin\u0117 skola ir k\u0105 daryti tokiu atveju? K\u0105 svarbu \u017einoti apie egzamin\u0173 sesij\u0105? Galutin\u012f atsiskaitym\u0105 vykdo paskaitas skait\u0119s d\u0117stytojas. Jam gali pad\u0117ti praktini\u0173 u\u017esi\u0117mim\u0173 d\u0117stytojas.&nbsp; Tuo pa\u010diu metu vykdyti galutin\u012f&hellip;<\/p>","protected":false},"author":2,"featured_media":0,"parent":0,"menu_order":0,"comment_status":"closed","ping_status":"closed","template":"","meta":{"footnotes":""},"class_list":["post-813","page","type-page","status-publish","hentry"],"_links":{"self":[{"href":"https:\/\/vilniustechsa.lt\/en\/wp-json\/wp\/v2\/pages\/813","targetHints":{"allow":["GET"]}}],"collection":[{"href":"https:\/\/vilniustechsa.lt\/en\/wp-json\/wp\/v2\/pages"}],"about":[{"href":"https:\/\/vilniustechsa.lt\/en\/wp-json\/wp\/v2\/types\/page"}],"author":[{"embeddable":true,"href":"https:\/\/vilniustechsa.lt\/en\/wp-json\/wp\/v2\/users\/2"}],"replies":[{"embeddable":true,"href":"https:\/\/vilniustechsa.lt\/en\/wp-json\/wp\/v2\/comments?post=813"}],"version-history":[{"count":7,"href":"https:\/\/vilniustechsa.lt\/en\/wp-json\/wp\/v2\/pages\/813\/revisions"}],"predecessor-version":[{"id":7076,"href":"https:\/\/vilniustechsa.lt\/en\/wp-json\/wp\/v2\/pages\/813\/revisions\/7076"}],"wp:attachment":[{"href":"https:\/\/vilniustechsa.lt\/en\/wp-json\/wp\/v2\/media?parent=813"}],"curies":[{"name":"wp","href":"https:\/\/api.w.org\/{rel}","templated":true}]}}