{"id":88,"date":"2023-03-06T08:21:52","date_gmt":"2023-03-06T08:21:52","guid":{"rendered":"https:\/\/vilniustechsa.lt\/?page_id=88"},"modified":"2025-04-14T12:47:26","modified_gmt":"2025-04-14T12:47:26","slug":"apie-mus","status":"publish","type":"page","link":"https:\/\/vilniustechsa.lt\/en\/apie-mus\/","title":{"rendered":"About Us"},"content":{"rendered":"<div data-elementor-type=\"wp-page\" data-elementor-id=\"88\" class=\"elementor elementor-88\">\n\t\t\t\t\t\t<section class=\"elementor-section elementor-top-section elementor-element elementor-element-40bf580 elementor-section-boxed elementor-section-height-default elementor-section-height-default\" data-id=\"40bf580\" data-element_type=\"section\">\n\t\t\t\t\t\t<div class=\"elementor-container elementor-column-gap-default\">\n\t\t\t\t\t<div class=\"elementor-column elementor-col-100 elementor-top-column elementor-element elementor-element-342d876\" data-id=\"342d876\" data-element_type=\"column\">\n\t\t\t<div class=\"elementor-widget-wrap elementor-element-populated\">\n\t\t\t\t\t\t<div class=\"elementor-element elementor-element-8ba726a elementor-widget elementor-widget-image\" data-id=\"8ba726a\" data-element_type=\"widget\" data-widget_type=\"image.default\">\n\t\t\t\t<div class=\"elementor-widget-container\">\n\t\t\t\t\t\t\t\t\t\t\t\t\t\t\t<img decoding=\"async\" src=\"https:\/\/vilniustechsa.lt\/wp-content\/uploads\/elementor\/thumbs\/246131530_5036484556366294_2273797762607658997_n-q3m90r5c96i54gz0vpr52u7pu7pii3811u9rr53gyo.jpg\" title=\"246131530_5036484556366294_2273797762607658997_n\" alt=\"246131530_5036484556366294_2273797762607658997_n\" loading=\"lazy\" \/>\t\t\t\t\t\t\t\t\t\t\t\t\t\t\t<\/div>\n\t\t\t\t<\/div>\n\t\t\t\t<div class=\"elementor-element elementor-element-9bf21f5 elementor-widget elementor-widget-text-editor\" data-id=\"9bf21f5\" data-element_type=\"widget\" data-widget_type=\"text-editor.default\">\n\t\t\t\t<div class=\"elementor-widget-container\">\n\t\t\t\t\t\t\t\t\t<p>Vilnius Gediminas Technical University Students' Representation is a non-governmental, non-profit, autonomous, and voluntary organisation that responsibly represents the interests of students and unites young, energetic, and original students.<\/p>\t\t\t\t\t\t\t\t<\/div>\n\t\t\t\t<\/div>\n\t\t\t\t<div class=\"elementor-element elementor-element-38d5fc3 elementor-widget elementor-widget-heading\" data-id=\"38d5fc3\" data-element_type=\"widget\" data-widget_type=\"heading.default\">\n\t\t\t\t<div class=\"elementor-widget-container\">\n\t\t\t\t\t<h2 class=\"elementor-heading-title elementor-size-default\">For students of tomorrow!<\/h2>\t\t\t\t<\/div>\n\t\t\t\t<\/div>\n\t\t\t\t<div class=\"elementor-element elementor-element-1265db9 elementor-widget elementor-widget-text-editor\" data-id=\"1265db9\" data-element_type=\"widget\" data-widget_type=\"text-editor.default\">\n\t\t\t\t<div class=\"elementor-widget-container\">\n\t\t\t\t\t\t\t\t\t<div data-vce-boxed-width=\"true\">\n<div data-vce-do-apply=\"all el-2a4487bb\">\n<div data-vce-element-content=\"true\">\n<div>\n<div data-vce-do-apply=\"border margin background el-32b58e46\">\n<div data-vce-element-content=\"true\" data-vce-do-apply=\"padding el-32b58e46\">\n<div>\n<div data-vce-do-apply=\"all el-46c3baba\">\n<p><em>Can you imagine a situation where no student has to combine study and work? When we are all completely satisfied with our study programmes and the benefits they bring? When we will all be confident that we are needed by society after graduation? When we will all be able to communicate freely and courageously with each other, expressing even the most radical ideas? When everyone's Alma Matter will remind us unmistakably of family? When we will move progressively with higher education, adapting to today's innovations? When we will all be genuinely proud of who we are?<\/em><\/p>\n<p><em>We imagine!<\/em><\/p>\n<p><em>And it's all within reach.<\/em><\/p>\n<p><em>Do you remember the excitement when you crossed the threshold of the university on the 1st of September? When everything seemed so vague and unclear? Do you remember the first people who greeted you at the door of the university? The ones who helped you with every possible question. Do you remember those who might have made you believe in our idea? The idea that tomorrow can be what we imagine it to be!&nbsp;<\/em><\/p>\n<p><em>It takes each and every one of us. Everyone who BELIEVES. Each one of us who JOINS. Everyone who CREATES OUR TOMORROWS.<\/em><\/p>\n<p><em>Together, driven by a single purpose, we are VILNIUS TECH SA - a united, active, warm, and collaborative community, building a better tomorrow for students!&nbsp;<\/em><span style=\"letter-spacing: 0px;\">B\u016bdami Lietuvos student\u0173 s\u0105jungos nariai, mes ne tik aktyviai veikiame universiteto viduje vis\u0173 studij\u0173 pakop\u0173 student\u0173 labui, bet ir atstovaujame student\u0173 interesams nacionaliniu lygmeniu \u2013 sprend\u017eiant svarbiausius auk\u0161tojo mokslo politikos klausimus visoje Lietuvoje.<\/span><\/p>\n<p>M\u016bs\u0173 veikla grind\u017eiama demokratiniais principais, tod\u0117l reguliariai organizuojame ataskaitines ir rinkimines konferencijas, kuriose pristatomos veiklos ir finansin\u0117s ataskaitos, renkami nauji atstovai bei svarstomi aktual\u016bs klausimai.&nbsp;<span style=\"letter-spacing: 0px;\">\u0160ios konferencijos yra svarbus m\u016bs\u0173 organizacijos demokratinio valdymo mechanizmas, leid\u017eiantis kiekvienam studentui prisid\u0117ti prie sprendim\u0173 pri\u0117mimo proceso ir formuoti universiteto bei nacionalin\u0119 student\u0173 politik\u0105.<\/span><\/p>\n<\/div>\n<\/div>\n<\/div>\n<\/div>\n<\/div>\n<\/div>\n<\/div>\n<\/div>\n<div data-vce-boxed-width=\"true\">\n<div data-vce-do-apply=\"all el-7a359d1e\">\n<div data-vce-element-content=\"true\">\n<div>\n<div data-vce-do-apply=\"border margin background el-107c5824\">\n<div data-vce-element-content=\"true\" data-vce-do-apply=\"padding el-107c5824\">\n<div>\n<div data-vce-do-apply=\"all el-4167f877\">\n<p>VILNIUS TECH SA is made up of about 300 students who volunteer in the Central Office and in the 10 faculties of the representative office to help students.&nbsp;<\/p>\n<\/div>\n<\/div>\n<\/div>\n<\/div>\n<\/div>\n<\/div>\n<\/div>\n<\/div>\t\t\t\t\t\t\t\t<\/div>\n\t\t\t\t<\/div>\n\t\t\t\t\t<\/div>\n\t\t<\/div>\n\t\t\t\t\t<\/div>\n\t\t<\/section>\n\t\t\t\t<\/div>","protected":false},"excerpt":{"rendered":"<p>Vilniaus Gedimino technikos universiteto student\u0173 atstovyb\u0117 &#8211; tai nevyriausybin\u0117, ne pelno siekianti, savaranki\u0161ka bei savanori\u0161ka organizacija, atsakingai atstovaujanti student\u0173 interesams bei vienijanti jaunatvi\u0161kus, ver\u017elius ir orginalius studentus. U\u017e studenti\u0161k\u0105 rytoj\u0173! Ar \u012fsivaizduojate toki\u0105 situacij\u0105, kai nei vienam studentui nereik\u0117s derinti studij\u0173 su darbu? Kai visi b\u016bsime visi\u0161kai patenkinti savo studij\u0173 programomis ir j\u0173 ne\u0161ama nauda?&hellip;<\/p>","protected":false},"author":1,"featured_media":0,"parent":0,"menu_order":0,"comment_status":"closed","ping_status":"closed","template":"","meta":{"footnotes":""},"class_list":["post-88","page","type-page","status-publish","hentry"],"_links":{"self":[{"href":"https:\/\/vilniustechsa.lt\/en\/wp-json\/wp\/v2\/pages\/88","targetHints":{"allow":["GET"]}}],"collection":[{"href":"https:\/\/vilniustechsa.lt\/en\/wp-json\/wp\/v2\/pages"}],"about":[{"href":"https:\/\/vilniustechsa.lt\/en\/wp-json\/wp\/v2\/types\/page"}],"author":[{"embeddable":true,"href":"https:\/\/vilniustechsa.lt\/en\/wp-json\/wp\/v2\/users\/1"}],"replies":[{"embeddable":true,"href":"https:\/\/vilniustechsa.lt\/en\/wp-json\/wp\/v2\/comments?post=88"}],"version-history":[{"count":17,"href":"https:\/\/vilniustechsa.lt\/en\/wp-json\/wp\/v2\/pages\/88\/revisions"}],"predecessor-version":[{"id":10176,"href":"https:\/\/vilniustechsa.lt\/en\/wp-json\/wp\/v2\/pages\/88\/revisions\/10176"}],"wp:attachment":[{"href":"https:\/\/vilniustechsa.lt\/en\/wp-json\/wp\/v2\/media?parent=88"}],"curies":[{"name":"wp","href":"https:\/\/api.w.org\/{rel}","templated":true}]}}