{"id":903,"date":"2023-04-13T20:52:56","date_gmt":"2023-04-13T20:52:56","guid":{"rendered":"https:\/\/vilniustechsa.lt\/?page_id=903"},"modified":"2026-03-23T21:51:04","modified_gmt":"2026-03-23T21:51:04","slug":"studentu-atstovai-taryboje","status":"publish","type":"page","link":"https:\/\/vilniustechsa.lt\/en\/studentu-atstovai-taryboje\/","title":{"rendered":"Student representatives on the Council"},"content":{"rendered":"<div data-elementor-type=\"wp-page\" data-elementor-id=\"903\" class=\"elementor elementor-903\">\n\t\t\t\t\t\t<section class=\"elementor-section elementor-top-section elementor-element elementor-element-9f18615 elementor-section-full_width elementor-section-height-default elementor-section-height-default\" data-id=\"9f18615\" data-element_type=\"section\">\n\t\t\t\t\t\t\t<div class=\"elementor-background-overlay\"><\/div>\n\t\t\t\t\t\t\t<div class=\"elementor-container elementor-column-gap-default\">\n\t\t\t\t\t<div class=\"elementor-column elementor-col-50 elementor-top-column elementor-element elementor-element-2c0d522\" data-id=\"2c0d522\" data-element_type=\"column\" data-settings=\"{&quot;background_background&quot;:&quot;classic&quot;}\">\n\t\t\t<div class=\"elementor-widget-wrap elementor-element-populated\">\n\t\t\t\t\t\t<div class=\"elementor-element elementor-element-d79b0ac elementor-widget__width-initial elementor-widget elementor-widget-image\" data-id=\"d79b0ac\" data-element_type=\"widget\" data-widget_type=\"image.default\">\n\t\t\t\t<div class=\"elementor-widget-container\">\n\t\t\t\t\t\t\t\t\t\t\t\t\t\t\t<img fetchpriority=\"high\" decoding=\"async\" width=\"800\" height=\"466\" src=\"https:\/\/vilniustechsa.lt\/wp-content\/uploads\/2024\/10\/Tarybos_naujiena.png\" class=\"attachment-large size-large wp-image-8850\" alt=\"\" srcset=\"https:\/\/vilniustechsa.lt\/wp-content\/uploads\/2024\/10\/Tarybos_naujiena.png 800w, https:\/\/vilniustechsa.lt\/wp-content\/uploads\/2024\/10\/Tarybos_naujiena-300x175.png 300w, https:\/\/vilniustechsa.lt\/wp-content\/uploads\/2024\/10\/Tarybos_naujiena-150x87.png 150w, https:\/\/vilniustechsa.lt\/wp-content\/uploads\/2024\/10\/Tarybos_naujiena-768x447.png 768w, https:\/\/vilniustechsa.lt\/wp-content\/uploads\/2024\/10\/Tarybos_naujiena-18x10.png 18w\" sizes=\"(max-width: 800px) 100vw, 800px\" \/>\t\t\t\t\t\t\t\t\t\t\t\t\t\t\t<\/div>\n\t\t\t\t<\/div>\n\t\t\t\t\t<\/div>\n\t\t<\/div>\n\t\t\t\t<div class=\"elementor-column elementor-col-50 elementor-top-column elementor-element elementor-element-679c4b3\" data-id=\"679c4b3\" data-element_type=\"column\">\n\t\t\t<div class=\"elementor-widget-wrap elementor-element-populated\">\n\t\t\t\t\t\t<div class=\"elementor-element elementor-element-946f644 elementor-widget elementor-widget-text-editor\" data-id=\"946f644\" data-element_type=\"widget\" data-widget_type=\"text-editor.default\">\n\t\t\t\t<div class=\"elementor-widget-container\">\n\t\t\t\t\t\t\t\t\t<h2 style=\"font-family: Montserrat; color: #686868; text-align: left;\" data-elementor-setting-key=\"title\" data-pen-placeholder=\"Type Here...\"><span style=\"color: #ffffff;\">Student representatives on the Council<\/span><\/h2><div style=\"text-align: left;\">\u00a0<\/div><p style=\"text-align: left;\"><span style=\"color: #ffffff; text-align: center; letter-spacing: 0px;\">The University Council is the University's governing body for its strategic affairs, ensuring accountability to the public, social responsibility and a rapid and effective response to environmental change.<\/span><\/p>\t\t\t\t\t\t\t\t<\/div>\n\t\t\t\t<\/div>\n\t\t\t\t\t<\/div>\n\t\t<\/div>\n\t\t\t\t\t<\/div>\n\t\t<\/section>\n\t\t\t\t<section class=\"elementor-section elementor-top-section elementor-element elementor-element-876b381 elementor-section-boxed elementor-section-height-default elementor-section-height-default\" data-id=\"876b381\" data-element_type=\"section\">\n\t\t\t\t\t\t<div class=\"elementor-container elementor-column-gap-default\">\n\t\t\t\t\t<div class=\"elementor-column elementor-col-100 elementor-top-column elementor-element elementor-element-8411582\" data-id=\"8411582\" data-element_type=\"column\">\n\t\t\t<div class=\"elementor-widget-wrap elementor-element-populated\">\n\t\t\t\t\t\t<div class=\"elementor-element elementor-element-40f2387 elementor-widget elementor-widget-text-editor\" data-id=\"40f2387\" data-element_type=\"widget\" data-widget_type=\"text-editor.default\">\n\t\t\t\t<div class=\"elementor-widget-container\">\n\t\t\t\t\t\t\t\t\t<p><strong>Main functions of the University Council:<\/strong><\/p><ul><li>Affirms the vision and mission of the University;<\/li><li>Submits changes to the University's Statutes to the Seimas for approval;<\/li><li>Approves the University's strategic and development plans submitted by the Rector;<\/li><li>Elects, appoints and dismisses the Rector;<\/li><li>Determines the guidelines for the selection and evaluation of the staff of the University;<\/li><li>Determines, on the Rector's proposal, the cost of tuition fees and the amounts of fees not directly related to the implementation of the study programme;<\/li><li>Determines the total number of study places, taking into account the possibility of ensuring the quality of studies and scientific and artistic activities;<\/li><li>Considers the annual estimates of the University's income and expenditure submitted by the Rector and approves the report on the implementation of these estimates;<\/li><li>Approves the annual activity report of the University submitted by the Rector;<\/li><\/ul><p><strong>Student representatives on the University Council:<\/strong><\/p><p>The two members shall be appointed and dismissed by the Student Representative Body in accordance with its own procedures. One is a student and the other is a person not a student or staff member of the higher education institution.<\/p>\t\t\t\t\t\t\t\t<\/div>\n\t\t\t\t<\/div>\n\t\t\t\t<div class=\"elementor-element elementor-element-546db92 elementor-widget elementor-widget-heading\" data-id=\"546db92\" data-element_type=\"widget\" data-widget_type=\"heading.default\">\n\t\t\t\t<div class=\"elementor-widget-container\">\n\t\t\t\t\t<h2 class=\"elementor-heading-title elementor-size-default\">STUDENT REPRESENTATIVES ON THE COUNCIL:<\/h2>\t\t\t\t<\/div>\n\t\t\t\t<\/div>\n\t\t\t\t\t<\/div>\n\t\t<\/div>\n\t\t\t\t\t<\/div>\n\t\t<\/section>\n\t\t\t\t<section class=\"elementor-section elementor-top-section elementor-element elementor-element-3264443 elementor-section-boxed elementor-section-height-default elementor-section-height-default\" data-id=\"3264443\" data-element_type=\"section\">\n\t\t\t\t\t\t<div class=\"elementor-container elementor-column-gap-default\">\n\t\t\t\t\t<div class=\"elementor-column elementor-col-50 elementor-top-column elementor-element elementor-element-64121ac\" data-id=\"64121ac\" data-element_type=\"column\">\n\t\t\t<div class=\"elementor-widget-wrap elementor-element-populated\">\n\t\t\t\t\t\t<div class=\"elementor-element elementor-element-4fc91b9 elementor-widget elementor-widget-image\" data-id=\"4fc91b9\" data-element_type=\"widget\" data-widget_type=\"image.default\">\n\t\t\t\t<div class=\"elementor-widget-container\">\n\t\t\t\t\t\t\t\t\t\t\t\t\t\t\t<img decoding=\"async\" src=\"https:\/\/vilniustechsa.lt\/wp-content\/uploads\/elementor\/thumbs\/ervin_borkovski-e1734172483664-qyhqi2bx5j8gab3kr7l78pmbggte4328rwhovoez5c.jpeg\" title=\"ervin_borkovski\" alt=\"ervin_borkovski\" loading=\"lazy\" \/>\t\t\t\t\t\t\t\t\t\t\t\t\t\t\t<\/div>\n\t\t\t\t<\/div>\n\t\t\t\t<div class=\"elementor-element elementor-element-43c1808 elementor-widget elementor-widget-heading\" data-id=\"43c1808\" data-element_type=\"widget\" data-widget_type=\"heading.default\">\n\t\t\t\t<div class=\"elementor-widget-container\">\n\t\t\t\t\t<h2 class=\"elementor-heading-title elementor-size-default\">Ervin<br>Borkovski<\/h2>\t\t\t\t<\/div>\n\t\t\t\t<\/div>\n\t\t\t\t<div class=\"elementor-element elementor-element-748cec3 elementor-widget elementor-widget-text-editor\" data-id=\"748cec3\" data-element_type=\"widget\" data-widget_type=\"text-editor.default\">\n\t\t\t\t<div class=\"elementor-widget-container\">\n\t\t\t\t\t\t\t\t\t<p>VILNIUS TECH SA prezidentas<\/p>\t\t\t\t\t\t\t\t<\/div>\n\t\t\t\t<\/div>\n\t\t\t\t\t<\/div>\n\t\t<\/div>\n\t\t\t\t<div class=\"elementor-column elementor-col-50 elementor-top-column elementor-element elementor-element-7936b0c\" data-id=\"7936b0c\" data-element_type=\"column\">\n\t\t\t<div class=\"elementor-widget-wrap elementor-element-populated\">\n\t\t\t\t\t\t<div class=\"elementor-element elementor-element-0ff9d9e elementor-widget elementor-widget-image\" data-id=\"0ff9d9e\" data-element_type=\"widget\" data-widget_type=\"image.default\">\n\t\t\t\t<div class=\"elementor-widget-container\">\n\t\t\t\t\t\t\t\t\t\t\t\t\t\t\t<img decoding=\"async\" src=\"https:\/\/vilniustechsa.lt\/wp-content\/uploads\/elementor\/thumbs\/Dionis-Martsinkevichus-scaled-q51xvsn9t54i905olr8h87fbbz8rrw0rig95w625bk.jpg\" title=\"Dionis Martsinkevichus\" alt=\"Dionis Martsinkevichus\" loading=\"lazy\" \/>\t\t\t\t\t\t\t\t\t\t\t\t\t\t\t<\/div>\n\t\t\t\t<\/div>\n\t\t\t\t<div class=\"elementor-element elementor-element-3e85a29 elementor-widget elementor-widget-heading\" data-id=\"3e85a29\" data-element_type=\"widget\" data-widget_type=\"heading.default\">\n\t\t\t\t<div class=\"elementor-widget-container\">\n\t\t\t\t\t<h2 class=\"elementor-heading-title elementor-size-default\">Dionis Martsinkevichus<\/h2>\t\t\t\t<\/div>\n\t\t\t\t<\/div>\n\t\t\t\t<div class=\"elementor-element elementor-element-b3cbb30 elementor-widget elementor-widget-text-editor\" data-id=\"b3cbb30\" data-element_type=\"widget\" data-widget_type=\"text-editor.default\">\n\t\t\t\t<div class=\"elementor-widget-container\">\n\t\t\t\t\t\t\t\t\t<p>Independent student representative<\/p>\t\t\t\t\t\t\t\t<\/div>\n\t\t\t\t<\/div>\n\t\t\t\t\t<\/div>\n\t\t<\/div>\n\t\t\t\t\t<\/div>\n\t\t<\/section>\n\t\t\t\t<\/div>","protected":false},"excerpt":{"rendered":"<p>Student\u0173 atstovai Taryboje \u00a0 Universiteto Taryba yra Universiteto strategini\u0173 reikal\u0173 valdymo organas, u\u017etikrinantis jo atskaitomyb\u0119 visuomenei, socialin\u0119 atsakomyb\u0119 bei spar\u010di\u0105 ir veiksming\u0105 reakcij\u0105 \u012f aplinkos poky\u010dius. Pagrindin\u0117s Universiteto Tarybos funkcijos: Tvirtina Universiteto vizij\u0105 ir misij\u0105; Teikia Seimui tvirtinti Universiteto statuto pakeitimus; Tvirtina rektoriaus pateiktus Universiteto strategin\u012f veiklos ir pl\u0117tros planus; Renka, skiria \u012f pareigas ir&hellip;<\/p>","protected":false},"author":2,"featured_media":0,"parent":0,"menu_order":0,"comment_status":"closed","ping_status":"closed","template":"","meta":{"footnotes":""},"class_list":["post-903","page","type-page","status-publish","hentry"],"_links":{"self":[{"href":"https:\/\/vilniustechsa.lt\/en\/wp-json\/wp\/v2\/pages\/903","targetHints":{"allow":["GET"]}}],"collection":[{"href":"https:\/\/vilniustechsa.lt\/en\/wp-json\/wp\/v2\/pages"}],"about":[{"href":"https:\/\/vilniustechsa.lt\/en\/wp-json\/wp\/v2\/types\/page"}],"author":[{"embeddable":true,"href":"https:\/\/vilniustechsa.lt\/en\/wp-json\/wp\/v2\/users\/2"}],"replies":[{"embeddable":true,"href":"https:\/\/vilniustechsa.lt\/en\/wp-json\/wp\/v2\/comments?post=903"}],"version-history":[{"count":41,"href":"https:\/\/vilniustechsa.lt\/en\/wp-json\/wp\/v2\/pages\/903\/revisions"}],"predecessor-version":[{"id":12296,"href":"https:\/\/vilniustechsa.lt\/en\/wp-json\/wp\/v2\/pages\/903\/revisions\/12296"}],"wp:attachment":[{"href":"https:\/\/vilniustechsa.lt\/en\/wp-json\/wp\/v2\/media?parent=903"}],"curies":[{"name":"wp","href":"https:\/\/api.w.org\/{rel}","templated":true}]}}