{"id":906,"date":"2023-04-13T20:57:08","date_gmt":"2023-04-13T20:57:08","guid":{"rendered":"https:\/\/vilniustechsa.lt\/?page_id=906"},"modified":"2025-10-27T13:19:01","modified_gmt":"2025-10-27T13:19:01","slug":"studentu-atstovai-universiteto-studiju-komitete","status":"publish","type":"page","link":"https:\/\/vilniustechsa.lt\/en\/studentu-atstovai-universiteto-studiju-komitete\/","title":{"rendered":"Student representatives on the University Studies Committee"},"content":{"rendered":"<div data-elementor-type=\"wp-page\" data-elementor-id=\"906\" class=\"elementor elementor-906\">\n\t\t\t\t\t\t<section class=\"elementor-section elementor-top-section elementor-element elementor-element-4d40426 elementor-section-full_width elementor-section-height-default elementor-section-height-default\" data-id=\"4d40426\" data-element_type=\"section\">\n\t\t\t\t\t\t\t<div class=\"elementor-background-overlay\"><\/div>\n\t\t\t\t\t\t\t<div class=\"elementor-container elementor-column-gap-default\">\n\t\t\t\t\t<div class=\"elementor-column elementor-col-50 elementor-top-column elementor-element elementor-element-4225e16\" data-id=\"4225e16\" data-element_type=\"column\" data-settings=\"{&quot;background_background&quot;:&quot;classic&quot;}\">\n\t\t\t<div class=\"elementor-widget-wrap elementor-element-populated\">\n\t\t\t\t\t\t<div class=\"elementor-element elementor-element-f249437 elementor-widget__width-initial elementor-widget elementor-widget-image\" data-id=\"f249437\" data-element_type=\"widget\" data-widget_type=\"image.default\">\n\t\t\t\t<div class=\"elementor-widget-container\">\n\t\t\t\t\t\t\t\t\t\t\t\t\t\t\t<img fetchpriority=\"high\" decoding=\"async\" width=\"1024\" height=\"683\" src=\"https:\/\/vilniustechsa.lt\/wp-content\/uploads\/2024\/04\/316419678_10162255801123294_8933947285594919170_n-1024x683.png\" class=\"attachment-large size-large wp-image-7596\" alt=\"\" srcset=\"https:\/\/vilniustechsa.lt\/wp-content\/uploads\/2024\/04\/316419678_10162255801123294_8933947285594919170_n-1024x683.png 1024w, https:\/\/vilniustechsa.lt\/wp-content\/uploads\/2024\/04\/316419678_10162255801123294_8933947285594919170_n-300x200.png 300w, https:\/\/vilniustechsa.lt\/wp-content\/uploads\/2024\/04\/316419678_10162255801123294_8933947285594919170_n-150x100.png 150w, https:\/\/vilniustechsa.lt\/wp-content\/uploads\/2024\/04\/316419678_10162255801123294_8933947285594919170_n-768x512.png 768w, https:\/\/vilniustechsa.lt\/wp-content\/uploads\/2024\/04\/316419678_10162255801123294_8933947285594919170_n-1536x1024.png 1536w, https:\/\/vilniustechsa.lt\/wp-content\/uploads\/2024\/04\/316419678_10162255801123294_8933947285594919170_n.png 2048w\" sizes=\"(max-width: 1024px) 100vw, 1024px\" \/>\t\t\t\t\t\t\t\t\t\t\t\t\t\t\t<\/div>\n\t\t\t\t<\/div>\n\t\t\t\t\t<\/div>\n\t\t<\/div>\n\t\t\t\t<div class=\"elementor-column elementor-col-50 elementor-top-column elementor-element elementor-element-76ee4aa\" data-id=\"76ee4aa\" data-element_type=\"column\">\n\t\t\t<div class=\"elementor-widget-wrap elementor-element-populated\">\n\t\t\t\t\t\t<div class=\"elementor-element elementor-element-c250388 elementor-widget elementor-widget-text-editor\" data-id=\"c250388\" data-element_type=\"widget\" data-widget_type=\"text-editor.default\">\n\t\t\t\t<div class=\"elementor-widget-container\">\n\t\t\t\t\t\t\t\t\t<h2 style=\"text-align: left;\"><span style=\"color: #ffffff;\">Student representatives on the University Studies Committee<\/span><\/h2><div>\u00a0<\/div><p style=\"text-align: left;\"><span style=\"color: #ffffff;\"><strong style=\"text-align: center;\">University Studies Committee (USC)<\/strong><span style=\"text-align: center;\">\u00a0- A university body that shapes the strategy and directions for the improvement of the study process, analyses new programmes with the help of reviewers, and analyses and comments on drafts of internal legislation related to the implementation of studies.<\/span><\/span><\/p>\t\t\t\t\t\t\t\t<\/div>\n\t\t\t\t<\/div>\n\t\t\t\t\t<\/div>\n\t\t<\/div>\n\t\t\t\t\t<\/div>\n\t\t<\/section>\n\t\t\t\t<section class=\"elementor-section elementor-top-section elementor-element elementor-element-aa0349d elementor-section-boxed elementor-section-height-default elementor-section-height-default\" data-id=\"aa0349d\" data-element_type=\"section\" data-settings=\"{&quot;background_background&quot;:&quot;classic&quot;}\">\n\t\t\t\t\t\t<div class=\"elementor-container elementor-column-gap-default\">\n\t\t\t\t\t<div class=\"elementor-column elementor-col-50 elementor-top-column elementor-element elementor-element-6b2ba93\" data-id=\"6b2ba93\" data-element_type=\"column\">\n\t\t\t<div class=\"elementor-widget-wrap elementor-element-populated\">\n\t\t\t\t\t\t<div class=\"elementor-element elementor-element-42e2290 elementor-widget elementor-widget-text-editor\" data-id=\"42e2290\" data-element_type=\"widget\" data-widget_type=\"text-editor.default\">\n\t\t\t\t<div class=\"elementor-widget-container\">\n\t\t\t\t\t\t\t\t\t<h3><span style=\"color: #ffffff;\"><strong>The main functions of the University Studies Committee (USC) are:<\/strong><\/span><\/h3>\t\t\t\t\t\t\t\t<\/div>\n\t\t\t\t<\/div>\n\t\t\t\t\t<\/div>\n\t\t<\/div>\n\t\t\t\t<div class=\"elementor-column elementor-col-50 elementor-top-column elementor-element elementor-element-9569e37\" data-id=\"9569e37\" data-element_type=\"column\">\n\t\t\t<div class=\"elementor-widget-wrap elementor-element-populated\">\n\t\t\t\t\t\t<div class=\"elementor-element elementor-element-8a2ae4b elementor-widget elementor-widget-text-editor\" data-id=\"8a2ae4b\" data-element_type=\"widget\" data-widget_type=\"text-editor.default\">\n\t\t\t\t<div class=\"elementor-widget-container\">\n\t\t\t\t\t\t\t\t\t<p><strong>1.<\/strong>\u00a0<span style=\"letter-spacing: 0px;\">Analyses the quality of the University's degree programmes;<\/span><\/p>\t\t\t\t\t\t\t\t<\/div>\n\t\t\t\t<\/div>\n\t\t\t\t<div class=\"elementor-element elementor-element-1a6bf60 elementor-widget elementor-widget-text-editor\" data-id=\"1a6bf60\" data-element_type=\"widget\" data-widget_type=\"text-editor.default\">\n\t\t\t\t<div class=\"elementor-widget-container\">\n\t\t\t\t\t\t\t\t\t<p><b>2.<\/b>\u00a0<span style=\"letter-spacing: 0px;\">Shapes and ensures the implementation of the University's study quality objectives;<\/span><\/p>\t\t\t\t\t\t\t\t<\/div>\n\t\t\t\t<\/div>\n\t\t\t\t<div class=\"elementor-element elementor-element-e8ce7af elementor-widget elementor-widget-text-editor\" data-id=\"e8ce7af\" data-element_type=\"widget\" data-widget_type=\"text-editor.default\">\n\t\t\t\t<div class=\"elementor-widget-container\">\n\t\t\t\t\t\t\t\t\t<p><b>3.<\/b>\u00a0<span style=\"letter-spacing: 0px;\">Reports to the Senate<\/span><\/p>\t\t\t\t\t\t\t\t<\/div>\n\t\t\t\t<\/div>\n\t\t\t\t\t<\/div>\n\t\t<\/div>\n\t\t\t\t\t<\/div>\n\t\t<\/section>\n\t\t\t\t<section class=\"elementor-section elementor-top-section elementor-element elementor-element-d44ef39 elementor-section-boxed elementor-section-height-default elementor-section-height-default\" data-id=\"d44ef39\" data-element_type=\"section\">\n\t\t\t\t\t\t<div class=\"elementor-container elementor-column-gap-default\">\n\t\t\t\t\t<div class=\"elementor-column elementor-col-100 elementor-top-column elementor-element elementor-element-d3b8afe\" data-id=\"d3b8afe\" data-element_type=\"column\">\n\t\t\t<div class=\"elementor-widget-wrap elementor-element-populated\">\n\t\t\t\t\t\t<div class=\"elementor-element elementor-element-a9de2f5 elementor-widget elementor-widget-text-editor\" data-id=\"a9de2f5\" data-element_type=\"widget\" data-widget_type=\"text-editor.default\">\n\t\t\t\t<div class=\"elementor-widget-container\">\n\t\t\t\t\t\t\t\t\t<p><strong><span style=\"letter-spacing: 0px;\">Internal quality assurance is carried out at university, faculty, department, and study programme committee levels, in line with the principle of accountability:<\/span><\/strong><\/p><ul><li>The Study Programme Committees (SPCs) report to the Faculty Studies Committee (FSC).<\/li><li>The Faculty Studies Committee (FSC) summarises the information received and submits it, together with recommendations, to the University Studies Committee (USC) for consideration.<\/li><li>The University Studies Committee (USC) summarises quantitative and qualitative information and presents it to the Senate.<\/li><\/ul>\t\t\t\t\t\t\t\t<\/div>\n\t\t\t\t<\/div>\n\t\t\t\t<div class=\"elementor-element elementor-element-4a11ec6 elementor-widget elementor-widget-heading\" data-id=\"4a11ec6\" data-element_type=\"widget\" data-widget_type=\"heading.default\">\n\t\t\t\t<div class=\"elementor-widget-container\">\n\t\t\t\t\t<h2 class=\"elementor-heading-title elementor-size-default\">STUDENT REPRESENTATIVE ON THE UNIVERSITY STUDIES COMMITTEE:<\/h2>\t\t\t\t<\/div>\n\t\t\t\t<\/div>\n\t\t\t\t\t<\/div>\n\t\t<\/div>\n\t\t\t\t\t<\/div>\n\t\t<\/section>\n\t\t\t\t<section class=\"elementor-section elementor-top-section elementor-element elementor-element-2dd1343 elementor-section-stretched elementor-section-boxed elementor-section-height-default elementor-section-height-default\" data-id=\"2dd1343\" data-element_type=\"section\" data-settings=\"{&quot;stretch_section&quot;:&quot;section-stretched&quot;}\">\n\t\t\t\t\t\t<div class=\"elementor-container elementor-column-gap-default\">\n\t\t\t\t\t<div class=\"elementor-column elementor-col-50 elementor-top-column elementor-element elementor-element-e93d968\" data-id=\"e93d968\" data-element_type=\"column\">\n\t\t\t<div class=\"elementor-widget-wrap elementor-element-populated\">\n\t\t\t\t\t\t<div class=\"elementor-element elementor-element-8a9222f elementor-widget elementor-widget-image\" data-id=\"8a9222f\" data-element_type=\"widget\" data-widget_type=\"image.default\">\n\t\t\t\t<div class=\"elementor-widget-container\">\n\t\t\t\t\t\t\t\t\t\t\t\t\t\t\t<img decoding=\"async\" width=\"300\" height=\"300\" src=\"https:\/\/vilniustechsa.lt\/wp-content\/uploads\/2023\/04\/cropped-sa-be-teksto-300x300.png\" class=\"attachment-medium size-medium wp-image-2879\" alt=\"\" srcset=\"https:\/\/vilniustechsa.lt\/wp-content\/uploads\/2023\/04\/elementor\/thumbs\/cropped-sa-be-teksto-q53ylatnnxx7vnlvyy5gry8jsb9bhmow2ikus3mg8o.png 300w, https:\/\/vilniustechsa.lt\/wp-content\/uploads\/2023\/04\/cropped-sa-be-teksto-150x150.png 150w, https:\/\/vilniustechsa.lt\/wp-content\/uploads\/2023\/04\/cropped-sa-be-teksto-320x320.png 320w, https:\/\/vilniustechsa.lt\/wp-content\/uploads\/2023\/04\/cropped-sa-be-teksto-480x480.png 480w, https:\/\/vilniustechsa.lt\/wp-content\/uploads\/2023\/04\/cropped-sa-be-teksto.png 512w, https:\/\/vilniustechsa.lt\/wp-content\/uploads\/2023\/04\/cropped-sa-be-teksto-270x270.png 270w, https:\/\/vilniustechsa.lt\/wp-content\/uploads\/2023\/04\/cropped-sa-be-teksto-192x192.png 192w, https:\/\/vilniustechsa.lt\/wp-content\/uploads\/2023\/04\/cropped-sa-be-teksto-180x180.png 180w, https:\/\/vilniustechsa.lt\/wp-content\/uploads\/2023\/04\/cropped-sa-be-teksto-32x32.png 32w\" sizes=\"(max-width: 300px) 100vw, 300px\" \/>\t\t\t\t\t\t\t\t\t\t\t\t\t\t\t<\/div>\n\t\t\t\t<\/div>\n\t\t\t\t<div class=\"elementor-element elementor-element-929a755 elementor-widget elementor-widget-text-editor\" data-id=\"929a755\" data-element_type=\"widget\" data-widget_type=\"text-editor.default\">\n\t\t\t\t<div class=\"elementor-widget-container\">\n\t\t\t\t\t\t\t\t\t<h2>Saulius Pauk\u0161t\u0117<\/h2><p>Vilnius Gediminas Technical University<\/p><p>Student\u0173 atstovyb\u0117s tarptautini\u0173 student\u0173 reikal\u0173 vadovas<\/p>\t\t\t\t\t\t\t\t<\/div>\n\t\t\t\t<\/div>\n\t\t\t\t\t<\/div>\n\t\t<\/div>\n\t\t\t\t<div class=\"elementor-column elementor-col-50 elementor-top-column elementor-element elementor-element-a206200\" data-id=\"a206200\" data-element_type=\"column\">\n\t\t\t<div class=\"elementor-widget-wrap elementor-element-populated\">\n\t\t\t\t\t\t<div class=\"elementor-element elementor-element-bf58fb0 elementor-widget elementor-widget-image\" data-id=\"bf58fb0\" data-element_type=\"widget\" data-widget_type=\"image.default\">\n\t\t\t\t<div class=\"elementor-widget-container\">\n\t\t\t\t\t\t\t\t\t\t\t\t\t\t\t<img decoding=\"async\" width=\"300\" height=\"300\" src=\"https:\/\/vilniustechsa.lt\/wp-content\/uploads\/2023\/04\/cropped-sa-be-teksto-300x300.png\" class=\"attachment-medium size-medium wp-image-2879\" alt=\"\" srcset=\"https:\/\/vilniustechsa.lt\/wp-content\/uploads\/2023\/04\/elementor\/thumbs\/cropped-sa-be-teksto-q53ylatnnxx7vnlvyy5gry8jsb9bhmow2ikus3mg8o.png 300w, https:\/\/vilniustechsa.lt\/wp-content\/uploads\/2023\/04\/cropped-sa-be-teksto-150x150.png 150w, https:\/\/vilniustechsa.lt\/wp-content\/uploads\/2023\/04\/cropped-sa-be-teksto-320x320.png 320w, https:\/\/vilniustechsa.lt\/wp-content\/uploads\/2023\/04\/cropped-sa-be-teksto-480x480.png 480w, https:\/\/vilniustechsa.lt\/wp-content\/uploads\/2023\/04\/cropped-sa-be-teksto.png 512w, https:\/\/vilniustechsa.lt\/wp-content\/uploads\/2023\/04\/cropped-sa-be-teksto-270x270.png 270w, https:\/\/vilniustechsa.lt\/wp-content\/uploads\/2023\/04\/cropped-sa-be-teksto-192x192.png 192w, https:\/\/vilniustechsa.lt\/wp-content\/uploads\/2023\/04\/cropped-sa-be-teksto-180x180.png 180w, https:\/\/vilniustechsa.lt\/wp-content\/uploads\/2023\/04\/cropped-sa-be-teksto-32x32.png 32w\" sizes=\"(max-width: 300px) 100vw, 300px\" \/>\t\t\t\t\t\t\t\t\t\t\t\t\t\t\t<\/div>\n\t\t\t\t<\/div>\n\t\t\t\t<div class=\"elementor-element elementor-element-b077c1c elementor-widget elementor-widget-text-editor\" data-id=\"b077c1c\" data-element_type=\"widget\" data-widget_type=\"text-editor.default\">\n\t\t\t\t<div class=\"elementor-widget-container\">\n\t\t\t\t\t\t\t\t\t<h2>Aust\u0117ja Bernatavi\u010di\u016bt\u0117<\/h2><p>Vilnius Gediminas Technical University<\/p><p>Student\u0173 atstovyb\u0117s viceprezident\u0117<\/p>\t\t\t\t\t\t\t\t<\/div>\n\t\t\t\t<\/div>\n\t\t\t\t\t<\/div>\n\t\t<\/div>\n\t\t\t\t\t<\/div>\n\t\t<\/section>\n\t\t\t\t<\/div>","protected":false},"excerpt":{"rendered":"<p>Student\u0173 atstovai Universiteto studij\u0173 komitete \u00a0 Universiteto studij\u0173 komitetas (USK)\u00a0&#8211; universiteto organas, kuris formuoja studij\u0173 proceso tobulinimo strategij\u0105 ir kryptis, analizuoja naujas programas, pasitelkdamas recenzentus, analizuoja ir teikia pastabas vidini\u0173 teis\u0117s akt\u0173 projektams, susijusiems su studij\u0173 \u012fgyvendinimu. Pagrindin\u0117s Universiteto studij\u0173 komiteto (USK) funkcijos: 1.\u00a0Analizuoja universiteto studij\u0173 program\u0173 kryptyse kokyb\u0119; 2.\u00a0Formuoja ir u\u017etikrinta universiteto studij\u0173 kokyb\u0117s&hellip;<\/p>","protected":false},"author":2,"featured_media":0,"parent":0,"menu_order":0,"comment_status":"closed","ping_status":"closed","template":"","meta":{"footnotes":""},"class_list":["post-906","page","type-page","status-publish","hentry"],"_links":{"self":[{"href":"https:\/\/vilniustechsa.lt\/en\/wp-json\/wp\/v2\/pages\/906","targetHints":{"allow":["GET"]}}],"collection":[{"href":"https:\/\/vilniustechsa.lt\/en\/wp-json\/wp\/v2\/pages"}],"about":[{"href":"https:\/\/vilniustechsa.lt\/en\/wp-json\/wp\/v2\/types\/page"}],"author":[{"embeddable":true,"href":"https:\/\/vilniustechsa.lt\/en\/wp-json\/wp\/v2\/users\/2"}],"replies":[{"embeddable":true,"href":"https:\/\/vilniustechsa.lt\/en\/wp-json\/wp\/v2\/comments?post=906"}],"version-history":[{"count":52,"href":"https:\/\/vilniustechsa.lt\/en\/wp-json\/wp\/v2\/pages\/906\/revisions"}],"predecessor-version":[{"id":10806,"href":"https:\/\/vilniustechsa.lt\/en\/wp-json\/wp\/v2\/pages\/906\/revisions\/10806"}],"wp:attachment":[{"href":"https:\/\/vilniustechsa.lt\/en\/wp-json\/wp\/v2\/media?parent=906"}],"curies":[{"name":"wp","href":"https:\/\/api.w.org\/{rel}","templated":true}]}}