{"id":9116,"date":"2024-10-25T22:15:02","date_gmt":"2024-10-25T22:15:02","guid":{"rendered":"https:\/\/vilniustechsa.lt\/?page_id=9116"},"modified":"2025-06-23T11:44:00","modified_gmt":"2025-06-23T11:44:00","slug":"akademiniu-atostogu-atmintine","status":"publish","type":"page","link":"https:\/\/vilniustechsa.lt\/en\/akademiniu-atostogu-atmintine\/","title":{"rendered":"Academic leave memo"},"content":{"rendered":"<div data-elementor-type=\"wp-page\" data-elementor-id=\"9116\" class=\"elementor elementor-9116\">\n\t\t\t\t\t\t<section class=\"elementor-section elementor-top-section elementor-element elementor-element-ef27176 elementor-section-boxed elementor-section-height-default elementor-section-height-default\" data-id=\"ef27176\" data-element_type=\"section\">\n\t\t\t\t\t\t<div class=\"elementor-container elementor-column-gap-default\">\n\t\t\t\t\t<div class=\"elementor-column elementor-col-100 elementor-top-column elementor-element elementor-element-6f8a5e3\" data-id=\"6f8a5e3\" data-element_type=\"column\">\n\t\t\t<div class=\"elementor-widget-wrap elementor-element-populated\">\n\t\t\t\t\t\t<div class=\"elementor-element elementor-element-69a9831 elementor-widget elementor-widget-text-editor\" data-id=\"69a9831\" data-element_type=\"widget\" data-widget_type=\"text-editor.default\">\n\t\t\t\t<div class=\"elementor-widget-container\">\n\t\t\t\t\t\t\t\t\t<h3>D\u0117l<b> koki\u0173 prie\u017eas\u010di\u0173 studentai gali pra\u0161yti b\u016bti i\u0161leid\u017eiami akademini\u0173 atostog\u0173?<\/b><\/h3>\n<ul>\n<li style=\"font-weight: 400;\" aria-level=\"1\"><span style=\"font-weight: 400;\">In case of sickness, upon recommendations of a doctor.&nbsp;<\/span><\/li>\n<li style=\"font-weight: 400;\" aria-level=\"1\"><span style=\"font-weight: 400;\">In case of pregnancy or giving birth.&nbsp;<\/span><\/li>\n<li style=\"font-weight: 400;\" aria-level=\"1\"><span style=\"font-weight: 400;\">In case you need to look after a child under 3 years old.&nbsp;<\/span><\/li>\n<li style=\"font-weight: 400;\" aria-level=\"1\"><span style=\"font-weight: 400;\">In case you need the time for personal reasons.<\/span><\/li>\n<\/ul>\n<p><span style=\"color: #000080;\"><strong><span style=\"color: #000000;\">Note: In case of personal reasons, the academic leave can be given only once during your study period and can last up to a year.<\/span> <\/strong><span style=\"font-weight: 400;\">&nbsp;<\/span><\/span><\/p>\n<p><\/p>\n<h3><b>When is it worth asking for an academic leave?&nbsp;<\/b><\/h3>\n<p><span style=\"font-weight: 400;\">After the final assignments, if the student has 2 or more academic debts, the student must repeat the course from the semester in which they had accumulated the academic debts. In this case, the student must pay for the credits of subjects they are retaking. Students who have academic debts can, one time, during the time of their studies, take an academic leave and study the subjects (modules)  that they fell behind on while paying for the credits of the subjects they are repaying. In this case the student. This way the student can save their government-financed spot if they had one in the first place.<\/span><\/p>\n<p><strong>Academic debt - a level of study achievements lower than the established threshold for a study subject (module) attained upon expiry of the period for the retake of full credits at the Commission.<\/strong><\/p>\n<p><\/p>\n<h3><b>What to do if you want to have an academic leave?<\/b><\/h3>\n<p><span style=\"font-weight: 400;\">Norint i\u0161eiti akademini\u0173 atostog\u0173 reikia u\u017epildyti pra\u0161ymo form\u0105 \u201cD\u0117l akademini\u0173 atostog\u0173\u201d, kuri\u0105 galima rasti mano.vilniustech.lt &gt;&gt; Mano dokumentai &gt;&gt; Pra\u0161ymai &gt;&gt; Pra\u0161ymai Rektoriui. Pra\u0161ym\u0105 studentas turi \u012fkelti i\u0161 savo studenti\u0161kos paskyros.<\/span><\/p>\n<p><span style=\"font-weight: 400;\">When the academic leave is over, the students must request for continuation of their studies. If the student does not comeback after his academic leave, he is going to be terminated from the lists of the university.&nbsp;<\/span><\/p>\n<p><\/p>\n<p><strong>The status of a student is not lost during the academic leave. After the academic leave, the student can continue to study in their government-financed spot if they had one before going on academic leave.&nbsp;<\/strong><\/p>\t\t\t\t\t\t\t\t<\/div>\n\t\t\t\t<\/div>\n\t\t\t\t\t<\/div>\n\t\t<\/div>\n\t\t\t\t\t<\/div>\n\t\t<\/section>\n\t\t\t\t<\/div>","protected":false},"excerpt":{"rendered":"<p>D\u0117l koki\u0173 prie\u017eas\u010di\u0173 studentai gali pra\u0161yti b\u016bti i\u0161leid\u017eiami akademini\u0173 atostog\u0173? D\u0117l ligos, gydytoj\u0173 konsultacinei komisijai rekomendavus;&nbsp; d\u0117l n\u0117\u0161tumo ir gimdymo;&nbsp; vaiko prie\u017ei\u016bros, iki vaikui sueis 3 metai;&nbsp; d\u0117l asmenini\u0173 prie\u017eas\u010di\u0173. D\u0117l asmenini\u0173 prie\u017eas\u010di\u0173 akademin\u0117s atostogos suteikiamos kart\u0105 per studij\u0173 laikotarp\u012f ne ilgiau nei vieneriems studij\u0173 metams. &nbsp; Kada verta i\u0161eiti akademini\u0173 atostog\u0173?&nbsp; Jei po galutini\u0173&hellip;<\/p>","protected":false},"author":2,"featured_media":0,"parent":0,"menu_order":0,"comment_status":"closed","ping_status":"closed","template":"","meta":{"footnotes":""},"class_list":["post-9116","page","type-page","status-publish","hentry"],"_links":{"self":[{"href":"https:\/\/vilniustechsa.lt\/en\/wp-json\/wp\/v2\/pages\/9116","targetHints":{"allow":["GET"]}}],"collection":[{"href":"https:\/\/vilniustechsa.lt\/en\/wp-json\/wp\/v2\/pages"}],"about":[{"href":"https:\/\/vilniustechsa.lt\/en\/wp-json\/wp\/v2\/types\/page"}],"author":[{"embeddable":true,"href":"https:\/\/vilniustechsa.lt\/en\/wp-json\/wp\/v2\/users\/2"}],"replies":[{"embeddable":true,"href":"https:\/\/vilniustechsa.lt\/en\/wp-json\/wp\/v2\/comments?post=9116"}],"version-history":[{"count":9,"href":"https:\/\/vilniustechsa.lt\/en\/wp-json\/wp\/v2\/pages\/9116\/revisions"}],"predecessor-version":[{"id":10261,"href":"https:\/\/vilniustechsa.lt\/en\/wp-json\/wp\/v2\/pages\/9116\/revisions\/10261"}],"wp:attachment":[{"href":"https:\/\/vilniustechsa.lt\/en\/wp-json\/wp\/v2\/media?parent=9116"}],"curies":[{"name":"wp","href":"https:\/\/api.w.org\/{rel}","templated":true}]}}