{"id":9156,"date":"2024-10-26T00:02:13","date_gmt":"2024-10-26T00:02:13","guid":{"rendered":"https:\/\/vilniustechsa.lt\/?page_id=9156"},"modified":"2024-10-26T00:06:24","modified_gmt":"2024-10-26T00:06:24","slug":"erasmus-atmintine","status":"publish","type":"page","link":"https:\/\/vilniustechsa.lt\/en\/erasmus-atmintine\/","title":{"rendered":"&#8222;Erasmus+&#8221; atmintin\u0117"},"content":{"rendered":"<div data-elementor-type=\"wp-page\" data-elementor-id=\"9156\" class=\"elementor elementor-9156\">\n\t\t\t\t\t\t<section class=\"elementor-section elementor-top-section elementor-element elementor-element-085757a elementor-section-boxed elementor-section-height-default elementor-section-height-default\" data-id=\"085757a\" data-element_type=\"section\">\n\t\t\t\t\t\t<div class=\"elementor-container elementor-column-gap-default\">\n\t\t\t\t\t<div class=\"elementor-column elementor-col-100 elementor-top-column elementor-element elementor-element-8f3b88b\" data-id=\"8f3b88b\" data-element_type=\"column\">\n\t\t\t<div class=\"elementor-widget-wrap elementor-element-populated\">\n\t\t\t\t\t\t<div class=\"elementor-element elementor-element-7b8b719 elementor-widget elementor-widget-text-editor\" data-id=\"7b8b719\" data-element_type=\"widget\" data-widget_type=\"text-editor.default\">\n\t\t\t\t<div class=\"elementor-widget-container\">\n\t\t\t\t\t\t\t\t\t<h1><b>\u201eERASMUS+\u201c STUDIES IN EU<\/b><\/h1><p><span style=\"font-weight: 400;\">Those who participated in the Erasmus+ programme say that this new experience helped them learn how to plan their time and set priorities, decide how they want to realize themselves and what to strive for.\u00a0<\/span><\/p><p>\u00a0<\/p><p><b>Selection for the Erasmus+  studies is held two times a year:<\/b><\/p><ul><li style=\"font-weight: 400;\" aria-level=\"1\"><span style=\"font-weight: 400;\">in February\u2013March for next academic year autumn or spring semester optionally.<\/span><\/li><li style=\"font-weight: 400;\" aria-level=\"1\"><span style=\"font-weight: 400;\">in September\u2013October for exchange in the current academic year spring semester;<\/span><\/li><\/ul><p>\u00a0<\/p><p><b>WHO CAN PARTICIPATE IN ERASMUS+: \u00a0<\/b><\/p><p><span style=\"font-weight: 400;\">Bachelors of courses I, II, III, postgraduate, doctoral full-time students*;<\/span><\/p><p>\u00a0<\/p><p><b>SCHOLARSHIP AMOUNT<\/b><\/p><p><span style=\"font-weight: 400;\">The scholarship covers travel, insurance, and visa costs, so it\u2019s recommended to have an additional source of funding to cover living expenses in a foreign country.\u00a0<\/span><\/p><p><span style=\"font-weight: 400;\">The scholarship is transferred two times: 80% of the scholarship is being transferred before the Erasmus+ studies start and 20% of the scholarship is being transferred after return when the student fulfills all the required documents\u00a0<\/span><\/p><p>\u00a0<\/p><p><b>COUNTRIES:\u00a0<\/b><\/p><p><b>1 gr. <\/b><span style=\"font-weight: 400;\">Ireland, Denmark, Iceland, Liechtenstein, Luxembourg, Norway, Finland, Sweden, Switzerland, The United Kingdom<\/span><\/p><p><b>2 gr.<\/b><span style=\"font-weight: 400;\"> Austria, Belgium, Greece, Spain, Italy, Cyprus, Malta, The Netherlands, Portugal, France, Germany<\/span><\/p><p><b>3 gr.<\/b><span style=\"font-weight: 400;\"> Bulgaria, North Macedonia, Czech Republic, Estonia, Croatia, Latvia, Poland, Lithuania, Romania, Slovakia, Slovenia, Turkey, Hungary, Serbia<\/span><\/p><p>\u00a0<\/p><p><b>FOR STUDENTS WITH DISADVANTAGE BACKGROUND<\/b><span style=\"font-weight: 400;\"><br \/><\/span><\/p><p><span style=\"font-weight: 400;\">VILNIUS TECH students with disadvantaged background are able to receive an additional social scholarship. <\/span><span style=\"font-weight: 400;\">(More information\u00a0<\/span><a href=\"https:\/\/vsf.lrv.lt\/lt\/studentams\/soc-stipendijos\/kas-gali-gauti-socialine-stipendija\"><span style=\"font-weight: 400;\">here<\/span><\/a><span style=\"font-weight: 400;\">)<\/span><\/p><p>\u00a0<\/p><p><b>FOR STUDENTS WITH SPECIAL NEEDS<\/b><\/p><p><span style=\"font-weight: 400;\">Students with physical, mental or other disabilities, get an additional individual grant. More information\u00a0<\/span><a href=\"http:\/\/erasmus-plius.lt\/puslapis\/papildoma-parama-asmenims-turintiems-specialiuju-poreikiu-167\"><span style=\"font-weight: 400;\">here<\/span><\/a><span style=\"font-weight: 400;\">.<\/span><\/p><p>\u00a0<\/p><p>\u00a0<\/p><h1><b>ERASMUS+ STUDIES IN NON-EU<\/b><\/h1><p>\u00a0<\/p><p><b>SCHOLARSHIP AMOUNT<\/b><\/p><p><span style=\"font-weight: 400;\">The scholarship partially covers travel, insurance, and visa costs, so it\u2019s recommended to have an additional source of funding to cover living expenses in a foreign country. \nStudents, who signed the Financial Agreement, are receiving the scholarship in two stages:\n70% of the scholarship is being transferred before the Erasmus+ studies start;\n30% of the scholarship is being transferred after return when student fulfils all the required documents.<\/span><span style=\"font-weight: 400;\"><br \/><\/span><\/p><p>\u00a0<\/p><p><b>FOR STUDENTS WITH SPECIAL NEEDS<\/b><\/p><p><span style=\"font-weight: 400;\">Students with physical, mental or other disabilities, get an additional individual grant. More information\u00a0<\/span><a href=\"https:\/\/erasmus-plius.lt\/programa\/papildoma-parama-aukstojo-mokslo-studentams\/\"><span style=\"font-weight: 400;\">here<\/span><\/a><span style=\"font-weight: 400;\">.<\/span><\/p><p>\u00a0<\/p><h1><b>ERASMUS+ INTERNSHIP IN EU<\/b><\/h1><p><span style=\"font-weight: 400;\">Erasmus+ internship is a traineeship (work placement, internship) abroad in any organisation of the Erasmus+ programme country.\u00a0<\/span><b><br \/><\/b><b><br \/><\/b><b>\u201eERASMUS+\" TRAINEESHIP CAN BE:<\/b><\/p><ul><li style=\"font-weight: 400;\" aria-level=\"1\"><h4><i><span style=\"font-weight: 400;\">Compulsory (which is embedded in the curriculum);<\/span><\/i><\/h4><\/li><\/ul><ul><li style=\"font-weight: 400;\" aria-level=\"1\"><h4><i><span style=\"font-weight: 400;\">Voluntary (undertaken on your own initiative);<\/span><\/i><\/h4><\/li><\/ul><ul><li style=\"font-weight: 400;\" aria-level=\"1\"><h4><i><span style=\"font-weight: 400;\">Traineeship after graduation.\u00a0<\/span><\/i><\/h4><\/li><\/ul><p><b><br \/><\/b><b>GENERAL INFORMATION:<\/b><\/p><ul><li style=\"font-weight: 400;\" aria-level=\"1\"><span style=\"font-weight: 400;\">Traineeship period is\u00a0<\/span><b>2 months or more;<\/b><span style=\"font-weight: 400;\">.<\/span><\/li><li style=\"font-weight: 400;\" aria-level=\"1\"><span style=\"font-weight: 400;\">Erasmus+ studies and (or) traineeship should last no loger than 12 months per one study cycle;<\/span><\/li><li style=\"font-weight: 400;\" aria-level=\"1\"><span style=\"font-weight: 400;\">You should apply at least\u00a0<\/span><b>30 days before the start of your traineeship;<\/b><span style=\"font-weight: 400;\">.<\/span><\/li><li style=\"font-weight: 400;\" aria-level=\"1\"><span style=\"font-weight: 400;\">Applications are acceptable throughout the year;\u00a0<\/span><\/li><li style=\"font-weight: 400;\" aria-level=\"1\"><span style=\"font-weight: 400;\">For the traineeship after graduation you should apply while you're still registered as a student at VILNIUS TECH.<\/span><\/li><\/ul><p><span style=\"font-weight: 400;\"><br \/><\/span><b>YOU MAY APPLY FOR THE TRAINEESHIP IF:<\/b><\/p><ul><li style=\"font-weight: 400;\" aria-level=\"1\"><span style=\"font-weight: 400;\">You are a degree seeking VILNIUS TECH student;<\/span><\/li><li style=\"font-weight: 400;\" aria-level=\"1\"><span style=\"font-weight: 400;\">You (will) have a positive evaluation of exams when leaving for an internship;<\/span><\/li><li style=\"font-weight: 400;\" aria-level=\"1\"><span style=\"font-weight: 400;\">You have financial capacities to carry out an internship abroad;<\/span><\/li><li style=\"font-weight: 400;\" aria-level=\"1\"><span style=\"font-weight: 400;\">You desire international work experience!<\/span><\/li><\/ul><p><span style=\"font-weight: 400;\">Erasmus+ internship can be done in any legally working company, registered in <\/span><b>EU country or Norway, United Kingdom, Switzerland, Island, Turkey, Macedonia, Serbia and Liechtenstein.<\/b><span style=\"font-weight: 400;\">You can't apply for internships in EU institutions.\u00a0<\/span><\/p><p>\u00a0<\/p><p><b>ERASMUS+ INTERNSHIP IN NON-EU<\/b><span style=\"font-weight: 400;\"><br \/><\/span><span style=\"font-weight: 400;\">VILNIUS TECH students have the opportunity to go on internships outside the EU to gain work experience\u00a0<\/span><\/p><p>\u00a0<\/p><p><b>APPLY FOR INTERNSHIP:<\/b><\/p><p><span style=\"font-weight: 400;\">You may apply for an internship if:<\/span><\/p><ul><li style=\"font-weight: 400;\" aria-level=\"1\"><span style=\"font-weight: 400;\">you are a degree-seeking VILNIUS TECH student (full time, part-time, distance learning);<\/span><\/li><li style=\"font-weight: 400;\" aria-level=\"1\"><span style=\"font-weight: 400;\">you (will) have a positive evaluation of exams when leaving for internship;<\/span><\/li><li style=\"font-weight: 400;\" aria-level=\"1\"><span style=\"font-weight: 400;\">you have no academic or financial debts before leaving;<\/span><\/li><li style=\"font-weight: 400;\" aria-level=\"1\"><span style=\"font-weight: 400;\">you're not in your last year.<\/span><span style=\"font-weight: 400;\"><br \/><\/span><span style=\"font-weight: 400;\">\u00a0<\/span><\/li><\/ul><p><span style=\"font-weight: 400;\">If you want to apply:\u00a0<\/span><\/p><ol><li><span style=\"font-weight: 400;\">\u00a0Add <\/span><a href=\"https:\/\/europa.eu\/europass\/en\"><span style=\"font-weight: 400;\">your resume<\/span><\/a><span style=\"font-weight: 400;\">\u00a0and motivation letter for the company (in English). Send everything in one e-mail to\u00a0<\/span><a href=\"mailto:internship@vgtu.lt\"><span style=\"font-weight: 400;\">internship@v<\/span><\/a><a href=\"mailto:internship@vilniustech.lt\"><span style=\"font-weight: 400;\">ilniustech.lt<\/span><\/a><span style=\"font-weight: 400;\">using the e-mail subject Application Name Lastname.<\/span><\/li><li><span style=\"font-weight: 400;\"> Fill an\u00a0<\/span><a href=\"https:\/\/docs.google.com\/forms\/d\/e\/1FAIpQLSeIC-zTlnlGEoiYYifn1ISzS0fhJCAy1CvZ1lF0wn1B_CvuZA\/viewform\"><span style=\"font-weight: 400;\">online Application form;<\/span><\/a><\/li><\/ol><p><span style=\"font-weight: 400;\">\u00a0<\/span><\/p><p><b>COME TO AN INTERVIEW<\/b><\/p><p><span style=\"font-weight: 400;\">The exact time and place of the interview are going to be sent to you by e-mail. The special Committee will hold the interview<\/span><span style=\"font-weight: 400;\"><br \/><\/span><\/p><p>\u00a0<\/p><p><b>JUST BEFORE YOUR INTERNSHIP:<\/b><\/p><ul><li><span style=\"font-weight: 400;\"> \u00a0Agree the internship plan and time with your Receiving institution; <\/span><\/li><li><span style=\"font-weight: 400;\">Get insurance (health, accidents, liability);<\/span><\/li><li><span style=\"font-weight: 400;\">Fill the Request to carry out an internship in an organization abroad in mano.vilniustech.lt platform;<\/span><\/li><li><span style=\"font-weight: 400;\">Request the PHD department to go abroad (PhD students only);<\/span><\/li><li><span style=\"font-weight: 400;\">Sign a financial agreement that you will get via e-mail.<\/span><\/li><li><span style=\"font-weight: 400;\">Familiarise yourself with the <\/span><a href=\"https:\/\/vilniustech.lt\/files\/3949\/197\/9\/2_0\/Erasmus%20studento%20chartija-III%20priedas.pdf\"><span style=\"font-weight: 400;\">Erasmus Student Charter<\/span><\/a><span style=\"font-weight: 400;\">, which sets out your rights and obligations and informs you about what you can expect from VILNIUS TECH and your host institution before, during and after the mobility period.<\/span><\/li><\/ul><p>\u00a0<\/p><h1><b>ERASMUS+ BLENDED INTENSIVE PROGRAMMES<\/b><\/h1><p><b>Blended Intensive Programmes\u00a0<\/b><span style=\"font-weight: 400;\">(BIP) are short and intensive training programmes, including online cooperation by combining physical mobility with a virtual part, and promoting and using innovative ways of learning and teaching, research-based and challenge-based learning.<\/span><span style=\"font-weight: 400;\"><br \/><\/span><span style=\"font-weight: 400;\"><br \/><\/span><span style=\"font-weight: 400;\">Programme objectives:<\/span><\/p><ul><li style=\"font-weight: 400;\" aria-level=\"1\"><span style=\"font-weight: 400;\">To bring together students from different fields of study;<\/span><\/li><li style=\"font-weight: 400;\" aria-level=\"1\"><span style=\"font-weight: 400;\">Developing international and interdisciplinary curricula;<\/span><\/li><li style=\"font-weight: 400;\" aria-level=\"1\"><span style=\"font-weight: 400;\">Innovative\/innovative ways of learning and teaching;<\/span><\/li><li style=\"font-weight: 400;\" aria-level=\"1\"><span style=\"font-weight: 400;\">Online communication and collaboration;<\/span><\/li><li style=\"font-weight: 400;\" aria-level=\"1\"><span style=\"font-weight: 400;\">Research-based learning;<\/span><\/li><li style=\"font-weight: 400;\" aria-level=\"1\"><span style=\"font-weight: 400;\">Challenge-based approaches to address societal challenges.<\/span><\/li><\/ul><p><span style=\"font-weight: 400;\">The virtual part will allow the participation in teaching\/training of experts from all partners. The physical short-term mobility will allow the face-to-face cooperation of teachers and participants.\n\nVILNIUS TECH offers BIP to support an important enlargement and flexibility of Erasmus+ mobility. BIP enlarge the mobility dimension by receiving participants that stay at home institution (except during the short-term physical mobility at VILNIUS TECH) and allow the participation of VILNIUS TECH students (internationalisation at home).\nStudents can maintain their study plan at home institution and include the BIP training as parallel activity. The short-term physical mobility will constitute the only period outside their home institution. Students will credit the BIP at their study plans.<\/span><span style=\"font-weight: 400;\"><br \/><\/span><span style=\"font-weight: 400;\"><br \/><br \/><\/span><\/p><p>\u00a0<\/p><p><b>Contacts:<\/b><span style=\"font-weight: 400;\"><br \/><\/span><span style=\"font-weight: 400;\"><br \/><\/span><a href=\"mailto:outgoing@vgtu.lt\"><span style=\"font-weight: 400;\">tsc@v<\/span><\/a><a href=\"mailto:outgoing@vilniustech.lt\"><span style=\"font-weight: 400;\">ilniustech.lt<\/span><span style=\"font-weight: 400;\"><br \/><\/span><\/a><span style=\"font-weight: 400;\">Phone +370 5 274 5026\u00a0<\/span><span style=\"font-weight: 400;\"><br \/><\/span><span style=\"font-weight: 400;\">International Studies Centre:<\/span><span style=\"font-weight: 400;\"><br \/><\/span><span style=\"font-weight: 400;\">Saul\u0117tekio al. 11, 10223 Vilnius<\/span><span style=\"font-weight: 400;\"><br \/><\/span><span style=\"font-weight: 400;\"><br \/><\/span><b>Student reception hours:<\/b><span style=\"font-weight: 400;\"><br \/><\/span><span style=\"font-weight: 400;\">I-IV from 13:00 to 15:00<\/span><span style=\"font-weight: 400;\"><br \/><\/span><span style=\"font-weight: 400;\">V from 09:00 to 11:00<\/span><\/p>\t\t\t\t\t\t\t\t<\/div>\n\t\t\t\t<\/div>\n\t\t\t\t\t<\/div>\n\t\t<\/div>\n\t\t\t\t\t<\/div>\n\t\t<\/section>\n\t\t\t\t<\/div>","protected":false},"excerpt":{"rendered":"<p>\u201eERASMUS+\u201c STUDIJOS EUROPOJE Dalyvavusieji \u201eErasmus+\u201c programoje teigia, kad \u0161i nauja patirtis jiems pad\u0117jo i\u0161mokti planuoti laik\u0105 bei nusistatyti prioritetus, nuspr\u0119sti, kaip nori save realizuoti ir ko siekti.\u00a0 \u00a0 ATRANKA \u201eERASMUS+\u201c STUDIJOMS VYKDOMA: vasario\u2013kovo m\u0117n. norintiems i\u0161vykti ateinan\u010di\u0173 akademini\u0173 met\u0173 rudens\/pavasario semestrui; rugs\u0117jo\u2013spalio m\u0117n. norintiems i\u0161vykti esam\u0173 akademini\u0173 met\u0173 pavasario semestrui. \u00a0 DALYVAUTI \u201eERASMUS+\u201c ATRANKOJE GALI:&hellip;<\/p>","protected":false},"author":2,"featured_media":0,"parent":0,"menu_order":0,"comment_status":"closed","ping_status":"closed","template":"","meta":{"footnotes":""},"class_list":["post-9156","page","type-page","status-publish","hentry"],"_links":{"self":[{"href":"https:\/\/vilniustechsa.lt\/en\/wp-json\/wp\/v2\/pages\/9156","targetHints":{"allow":["GET"]}}],"collection":[{"href":"https:\/\/vilniustechsa.lt\/en\/wp-json\/wp\/v2\/pages"}],"about":[{"href":"https:\/\/vilniustechsa.lt\/en\/wp-json\/wp\/v2\/types\/page"}],"author":[{"embeddable":true,"href":"https:\/\/vilniustechsa.lt\/en\/wp-json\/wp\/v2\/users\/2"}],"replies":[{"embeddable":true,"href":"https:\/\/vilniustechsa.lt\/en\/wp-json\/wp\/v2\/comments?post=9156"}],"version-history":[{"count":4,"href":"https:\/\/vilniustechsa.lt\/en\/wp-json\/wp\/v2\/pages\/9156\/revisions"}],"predecessor-version":[{"id":9161,"href":"https:\/\/vilniustechsa.lt\/en\/wp-json\/wp\/v2\/pages\/9156\/revisions\/9161"}],"wp:attachment":[{"href":"https:\/\/vilniustechsa.lt\/en\/wp-json\/wp\/v2\/media?parent=9156"}],"curies":[{"name":"wp","href":"https:\/\/api.w.org\/{rel}","templated":true}]}}