{"id":9163,"date":"2024-10-26T00:29:45","date_gmt":"2024-10-26T00:29:45","guid":{"rendered":"https:\/\/vilniustechsa.lt\/?page_id=9163"},"modified":"2024-12-09T18:00:12","modified_gmt":"2024-12-09T18:00:12","slug":"privalomo-lankomumo-atmintine","status":"publish","type":"page","link":"https:\/\/vilniustechsa.lt\/en\/privalomo-lankomumo-atmintine\/","title":{"rendered":"Mandatory Attendance Memo"},"content":{"rendered":"<div data-elementor-type=\"wp-page\" data-elementor-id=\"9163\" class=\"elementor elementor-9163\">\n\t\t\t\t\t\t<section class=\"elementor-section elementor-top-section elementor-element elementor-element-7437d20 elementor-section-boxed elementor-section-height-default elementor-section-height-default\" data-id=\"7437d20\" data-element_type=\"section\">\n\t\t\t\t\t\t<div class=\"elementor-container elementor-column-gap-default\">\n\t\t\t\t\t<div class=\"elementor-column elementor-col-100 elementor-top-column elementor-element elementor-element-19850be\" data-id=\"19850be\" data-element_type=\"column\">\n\t\t\t<div class=\"elementor-widget-wrap elementor-element-populated\">\n\t\t\t\t\t\t<div class=\"elementor-element elementor-element-bd2602d elementor-widget elementor-widget-text-editor\" data-id=\"bd2602d\" data-element_type=\"widget\" data-widget_type=\"text-editor.default\">\n\t\t\t\t<div class=\"elementor-widget-container\">\n\t\t\t\t\t\t\t\t\t<p><b><br><\/b><\/p>\n<p><b>Praktini\u0173 u\u017esi\u0117mim\u0173 lankomumas:<\/b><\/p>\n<p><span style=\"font-weight: 400;\">Minimum attendance requirements for practical classes (exercises and laboratory work), <\/span><span style=\"font-weight: 400;\">applicable to undergraduate and postgraduate students (1st to 4th year):<\/span><\/p>\n<p><span style=\"font-weight: 400;\">According to the attendance requirements set out in the course\/module card\nstudents <\/span><span style=\"font-weight: 400;\">must attend <strong>between 60 and 80 percent of the exercises.<\/strong><\/span><\/p>\n<p><span style=\"letter-spacing: 0px;\">Students are required to complete all the laboratory work scheduled.&nbsp;<\/span><\/p>\n<p><span style=\"letter-spacing: 0px;\"><br><\/span><\/p>\n<p><b>Paskait\u0173 lankomumas:<\/b><\/p>\n<p>Pirmosios pakopos I ir II kurs\u0173 nuolatini\u0173 studij\u0173 studentams teorin\u0117s paskaitos yra privalomos. Per semestr\u0105 turi b\u016bti lankyta <b>daugiau nei pus\u0117 paskait\u0173.<\/b>&nbsp;<\/p>\n<p><br><\/p>\n<p><strong>The calculated attendance percentage is mathematically rounded<\/strong>&nbsp; (jei studentas lank\u0117 56 proc. pratyb\u0173\/ paskait\u0173, apvalinama iki 60 proc.).<\/p>\n<p>Minimal\u016bs lankomumo reikalavimai turi b\u016bti nurodyti: studij\u0173 dalyko (modulio) kortel\u0117je ,prie dalyko med\u017eiagos virtualioje mokymosi aplinkoje &#8222;Moodle&#8221; ir turi b\u016bti pristatomas studentams per pirm\u0105 dalyko (modulio) u\u017esi\u0117mim\u0105.&nbsp;<\/p>\t\t\t\t\t\t\t\t<\/div>\n\t\t\t\t<\/div>\n\t\t\t\t\t<\/div>\n\t\t<\/div>\n\t\t\t\t\t<\/div>\n\t\t<\/section>\n\t\t\t\t<\/div>","protected":false},"excerpt":{"rendered":"<p>Praktini\u0173 u\u017esi\u0117mim\u0173 lankomumas: Minimal\u016bs praktini\u0173 u\u017esi\u0117mim\u0173 (pratyb\u0173 ir laboratorini\u0173 darb\u0173) lankomumo reikalavimai, taikomi pirmosios pakopos ir vientis\u0173j\u0173 studij\u0173 (I\u2013IV kurs\u0173) studentams: Studentai pagal studij\u0173 dalyko (modulio) kortel\u0117je nustatytus lankomumo reikalavimus privalo lankyti nuo 60 iki 80 procent\u0173 pratyb\u0173. Studentai privalo atlikti visus numatytus laboratorinius darbus.&nbsp; Paskait\u0173 lankomumas: Pirmosios pakopos I ir II kurs\u0173 nuolatini\u0173 studij\u0173&hellip;<\/p>","protected":false},"author":2,"featured_media":0,"parent":0,"menu_order":0,"comment_status":"closed","ping_status":"closed","template":"","meta":{"footnotes":""},"class_list":["post-9163","page","type-page","status-publish","hentry"],"yoast_head":"<!-- This site is optimized with the Yoast SEO plugin v27.5 - https:\/\/yoast.com\/product\/yoast-seo-wordpress\/ -->\n<title>Privalomo lankomumo atmintin\u0117 - VILNIUS TECH SA<\/title>\n<meta name=\"robots\" content=\"index, follow, max-snippet:-1, max-image-preview:large, max-video-preview:-1\" \/>\n<link rel=\"canonical\" href=\"https:\/\/vilniustechsa.lt\/en\/privalomo-lankomumo-atmintine\/\" \/>\n<meta property=\"og:locale\" content=\"en_US\" \/>\n<meta property=\"og:type\" content=\"article\" \/>\n<meta property=\"og:title\" content=\"Privalomo lankomumo atmintin\u0117 - VILNIUS TECH SA\" \/>\n<meta property=\"og:description\" content=\"Praktini\u0173 u\u017esi\u0117mim\u0173 lankomumas: Minimal\u016bs praktini\u0173 u\u017esi\u0117mim\u0173 (pratyb\u0173 ir laboratorini\u0173 darb\u0173) lankomumo reikalavimai, taikomi pirmosios pakopos ir vientis\u0173j\u0173 studij\u0173 (I\u2013IV kurs\u0173) studentams: Studentai pagal studij\u0173 dalyko (modulio) kortel\u0117je nustatytus lankomumo reikalavimus privalo lankyti nuo 60 iki 80 procent\u0173 pratyb\u0173. Studentai privalo atlikti visus numatytus laboratorinius darbus.&nbsp; Paskait\u0173 lankomumas: Pirmosios pakopos I ir II kurs\u0173 nuolatini\u0173 studij\u0173&hellip;\" \/>\n<meta property=\"og:url\" content=\"https:\/\/vilniustechsa.lt\/en\/privalomo-lankomumo-atmintine\/\" \/>\n<meta property=\"og:site_name\" content=\"VILNIUS TECH SA\" \/>\n<meta property=\"article:publisher\" content=\"https:\/\/www.facebook.com\/VGTUSA\/\" \/>\n<meta property=\"article:modified_time\" content=\"2024-12-09T18:00:12+00:00\" \/>\n<meta name=\"twitter:card\" content=\"summary_large_image\" \/>\n<meta name=\"twitter:label1\" content=\"Est. reading time\" \/>\n\t<meta name=\"twitter:data1\" content=\"1 minute\" \/>\n<script type=\"application\/ld+json\" class=\"yoast-schema-graph\">{\"@context\":\"https:\\\/\\\/schema.org\",\"@graph\":[{\"@type\":\"WebPage\",\"@id\":\"https:\\\/\\\/vilniustechsa.lt\\\/privalomo-lankomumo-atmintine\\\/\",\"url\":\"https:\\\/\\\/vilniustechsa.lt\\\/privalomo-lankomumo-atmintine\\\/\",\"name\":\"Privalomo lankomumo atmintin\u0117 - VILNIUS TECH SA\",\"isPartOf\":{\"@id\":\"https:\\\/\\\/vilniustechsa.lt\\\/#website\"},\"datePublished\":\"2024-10-26T00:29:45+00:00\",\"dateModified\":\"2024-12-09T18:00:12+00:00\",\"inLanguage\":\"en-US\",\"potentialAction\":[{\"@type\":\"ReadAction\",\"target\":[\"https:\\\/\\\/vilniustechsa.lt\\\/privalomo-lankomumo-atmintine\\\/\"]}]},{\"@type\":\"WebSite\",\"@id\":\"https:\\\/\\\/vilniustechsa.lt\\\/#website\",\"url\":\"https:\\\/\\\/vilniustechsa.lt\\\/\",\"name\":\"VILNIUS TECH SA\",\"description\":\"U\u017e studenti\u0161k\u0105 rytoj\u0173!\",\"publisher\":{\"@id\":\"https:\\\/\\\/vilniustechsa.lt\\\/#organization\"},\"potentialAction\":[{\"@type\":\"SearchAction\",\"target\":{\"@type\":\"EntryPoint\",\"urlTemplate\":\"https:\\\/\\\/vilniustechsa.lt\\\/?s={search_term_string}\"},\"query-input\":{\"@type\":\"PropertyValueSpecification\",\"valueRequired\":true,\"valueName\":\"search_term_string\"}}],\"inLanguage\":\"en-US\"},{\"@type\":\"Organization\",\"@id\":\"https:\\\/\\\/vilniustechsa.lt\\\/#organization\",\"name\":\"VILNIUS TECH SA\",\"url\":\"https:\\\/\\\/vilniustechsa.lt\\\/\",\"logo\":{\"@type\":\"ImageObject\",\"inLanguage\":\"en-US\",\"@id\":\"https:\\\/\\\/vilniustechsa.lt\\\/#\\\/schema\\\/logo\\\/image\\\/\",\"url\":\"https:\\\/\\\/vilniustechsa.lt\\\/wp-content\\\/uploads\\\/2023\\\/04\\\/sa-be-teksto.png\",\"contentUrl\":\"https:\\\/\\\/vilniustechsa.lt\\\/wp-content\\\/uploads\\\/2023\\\/04\\\/sa-be-teksto.png\",\"width\":792,\"height\":792,\"caption\":\"VILNIUS TECH SA\"},\"image\":{\"@id\":\"https:\\\/\\\/vilniustechsa.lt\\\/#\\\/schema\\\/logo\\\/image\\\/\"},\"sameAs\":[\"https:\\\/\\\/www.facebook.com\\\/VGTUSA\\\/\",\"https:\\\/\\\/www.instagram.com\\\/vgtu_sa\\\/\"]}]}<\/script>\n<!-- \/ Yoast SEO plugin. -->","yoast_head_json":{"title":"Privalomo lankomumo atmintin\u0117 - VILNIUS TECH SA","robots":{"index":"index","follow":"follow","max-snippet":"max-snippet:-1","max-image-preview":"max-image-preview:large","max-video-preview":"max-video-preview:-1"},"canonical":"https:\/\/vilniustechsa.lt\/en\/privalomo-lankomumo-atmintine\/","og_locale":"en_US","og_type":"article","og_title":"Privalomo lankomumo atmintin\u0117 - VILNIUS TECH SA","og_description":"Praktini\u0173 u\u017esi\u0117mim\u0173 lankomumas: Minimal\u016bs praktini\u0173 u\u017esi\u0117mim\u0173 (pratyb\u0173 ir laboratorini\u0173 darb\u0173) lankomumo reikalavimai, taikomi pirmosios pakopos ir vientis\u0173j\u0173 studij\u0173 (I\u2013IV kurs\u0173) studentams: Studentai pagal studij\u0173 dalyko (modulio) kortel\u0117je nustatytus lankomumo reikalavimus privalo lankyti nuo 60 iki 80 procent\u0173 pratyb\u0173. Studentai privalo atlikti visus numatytus laboratorinius darbus.&nbsp; Paskait\u0173 lankomumas: Pirmosios pakopos I ir II kurs\u0173 nuolatini\u0173 studij\u0173&hellip;","og_url":"https:\/\/vilniustechsa.lt\/en\/privalomo-lankomumo-atmintine\/","og_site_name":"VILNIUS TECH SA","article_publisher":"https:\/\/www.facebook.com\/VGTUSA\/","article_modified_time":"2024-12-09T18:00:12+00:00","twitter_card":"summary_large_image","twitter_misc":{"Est. reading time":"1 minute"},"schema":{"@context":"https:\/\/schema.org","@graph":[{"@type":"WebPage","@id":"https:\/\/vilniustechsa.lt\/privalomo-lankomumo-atmintine\/","url":"https:\/\/vilniustechsa.lt\/privalomo-lankomumo-atmintine\/","name":"Privalomo lankomumo atmintin\u0117 - VILNIUS TECH SA","isPartOf":{"@id":"https:\/\/vilniustechsa.lt\/#website"},"datePublished":"2024-10-26T00:29:45+00:00","dateModified":"2024-12-09T18:00:12+00:00","inLanguage":"en-US","potentialAction":[{"@type":"ReadAction","target":["https:\/\/vilniustechsa.lt\/privalomo-lankomumo-atmintine\/"]}]},{"@type":"WebSite","@id":"https:\/\/vilniustechsa.lt\/#website","url":"https:\/\/vilniustechsa.lt\/","name":"VILNIUS TECH SA","description":"For students of tomorrow!","publisher":{"@id":"https:\/\/vilniustechsa.lt\/#organization"},"potentialAction":[{"@type":"SearchAction","target":{"@type":"EntryPoint","urlTemplate":"https:\/\/vilniustechsa.lt\/?s={search_term_string}"},"query-input":{"@type":"PropertyValueSpecification","valueRequired":true,"valueName":"search_term_string"}}],"inLanguage":"en-US"},{"@type":"Organization","@id":"https:\/\/vilniustechsa.lt\/#organization","name":"VILNIUS TECH SA","url":"https:\/\/vilniustechsa.lt\/","logo":{"@type":"ImageObject","inLanguage":"en-US","@id":"https:\/\/vilniustechsa.lt\/#\/schema\/logo\/image\/","url":"https:\/\/vilniustechsa.lt\/wp-content\/uploads\/2023\/04\/sa-be-teksto.png","contentUrl":"https:\/\/vilniustechsa.lt\/wp-content\/uploads\/2023\/04\/sa-be-teksto.png","width":792,"height":792,"caption":"VILNIUS TECH SA"},"image":{"@id":"https:\/\/vilniustechsa.lt\/#\/schema\/logo\/image\/"},"sameAs":["https:\/\/www.facebook.com\/VGTUSA\/","https:\/\/www.instagram.com\/vgtu_sa\/"]}]}},"_links":{"self":[{"href":"https:\/\/vilniustechsa.lt\/en\/wp-json\/wp\/v2\/pages\/9163","targetHints":{"allow":["GET"]}}],"collection":[{"href":"https:\/\/vilniustechsa.lt\/en\/wp-json\/wp\/v2\/pages"}],"about":[{"href":"https:\/\/vilniustechsa.lt\/en\/wp-json\/wp\/v2\/types\/page"}],"author":[{"embeddable":true,"href":"https:\/\/vilniustechsa.lt\/en\/wp-json\/wp\/v2\/users\/2"}],"replies":[{"embeddable":true,"href":"https:\/\/vilniustechsa.lt\/en\/wp-json\/wp\/v2\/comments?post=9163"}],"version-history":[{"count":13,"href":"https:\/\/vilniustechsa.lt\/en\/wp-json\/wp\/v2\/pages\/9163\/revisions"}],"predecessor-version":[{"id":9704,"href":"https:\/\/vilniustechsa.lt\/en\/wp-json\/wp\/v2\/pages\/9163\/revisions\/9704"}],"wp:attachment":[{"href":"https:\/\/vilniustechsa.lt\/en\/wp-json\/wp\/v2\/media?parent=9163"}],"curies":[{"name":"wp","href":"https:\/\/api.w.org\/{rel}","templated":true}]}}