{"id":9820,"date":"2025-02-19T11:10:28","date_gmt":"2025-02-19T11:10:28","guid":{"rendered":"https:\/\/vilniustechsa.lt\/?page_id=9820"},"modified":"2025-02-19T15:12:13","modified_gmt":"2025-02-19T15:12:13","slug":"tvarumas","status":"publish","type":"page","link":"https:\/\/vilniustechsa.lt\/en\/tvarumas\/","title":{"rendered":"Tvarumas"},"content":{"rendered":"<div data-elementor-type=\"wp-page\" data-elementor-id=\"9820\" class=\"elementor elementor-9820\">\n\t\t\t\t\t\t<section class=\"elementor-section elementor-top-section elementor-element elementor-element-f34e719 elementor-section-boxed elementor-section-height-default elementor-section-height-default\" data-id=\"f34e719\" data-element_type=\"section\" data-settings=\"{&quot;background_background&quot;:&quot;classic&quot;}\">\n\t\t\t\t\t\t<div class=\"elementor-container elementor-column-gap-default\">\n\t\t\t\t\t<div class=\"elementor-column elementor-col-50 elementor-top-column elementor-element elementor-element-92d21b3\" data-id=\"92d21b3\" data-element_type=\"column\">\n\t\t\t<div class=\"elementor-widget-wrap elementor-element-populated\">\n\t\t\t\t\t\t<div class=\"elementor-element elementor-element-f74ef1a elementor-widget elementor-widget-image\" data-id=\"f74ef1a\" data-element_type=\"widget\" data-widget_type=\"image.default\">\n\t\t\t\t<div class=\"elementor-widget-container\">\n\t\t\t\t\t\t\t\t\t\t\t\t\t\t\t<img fetchpriority=\"high\" decoding=\"async\" width=\"800\" height=\"466\" src=\"https:\/\/vilniustechsa.lt\/wp-content\/uploads\/2025\/02\/VILNIUS.TECH_.nuotr_.2.jpg\" class=\"attachment-large size-large wp-image-9837\" alt=\"\" srcset=\"https:\/\/vilniustechsa.lt\/wp-content\/uploads\/2025\/02\/VILNIUS.TECH_.nuotr_.2.jpg 800w, https:\/\/vilniustechsa.lt\/wp-content\/uploads\/2025\/02\/VILNIUS.TECH_.nuotr_.2-300x175.jpg 300w, https:\/\/vilniustechsa.lt\/wp-content\/uploads\/2025\/02\/VILNIUS.TECH_.nuotr_.2-150x87.jpg 150w, https:\/\/vilniustechsa.lt\/wp-content\/uploads\/2025\/02\/VILNIUS.TECH_.nuotr_.2-768x447.jpg 768w, https:\/\/vilniustechsa.lt\/wp-content\/uploads\/2025\/02\/VILNIUS.TECH_.nuotr_.2-18x10.jpg 18w\" sizes=\"(max-width: 800px) 100vw, 800px\" \/>\t\t\t\t\t\t\t\t\t\t\t\t\t\t\t<\/div>\n\t\t\t\t<\/div>\n\t\t\t\t\t<\/div>\n\t\t<\/div>\n\t\t\t\t<div class=\"elementor-column elementor-col-50 elementor-top-column elementor-element elementor-element-e415490\" data-id=\"e415490\" data-element_type=\"column\">\n\t\t\t<div class=\"elementor-widget-wrap elementor-element-populated\">\n\t\t\t\t\t\t<div class=\"elementor-element elementor-element-70dc0a2 elementor-widget elementor-widget-text-editor\" data-id=\"70dc0a2\" data-element_type=\"widget\" data-widget_type=\"text-editor.default\">\n\t\t\t\t<div class=\"elementor-widget-container\">\n\t\t\t\t\t\t\t\t\t<p style=\"text-align: left;\"><span style=\"color: #ffffff;\"><strong>Viena i\u0161 VILNIUS TECH SA vertybi\u0173 &#8211; atsakingumas.<\/strong> Savo veikloje stengiam\u0117s u\u017etikrinti, kad m\u016bs\u0173 savivalda veikt\u0173 atsakingai ir subalansuotai, tad ne paslaptis, kad didel\u012f d\u0117mes\u012f skiriame ir organizacijos tvarumui.<\/span><\/p>\t\t\t\t\t\t\t\t<\/div>\n\t\t\t\t<\/div>\n\t\t\t\t\t<\/div>\n\t\t<\/div>\n\t\t\t\t\t<\/div>\n\t\t<\/section>\n\t\t\t\t<section class=\"elementor-section elementor-top-section elementor-element elementor-element-2742fa0 elementor-section-boxed elementor-section-height-default elementor-section-height-default\" data-id=\"2742fa0\" data-element_type=\"section\">\n\t\t\t\t\t\t<div class=\"elementor-container elementor-column-gap-default\">\n\t\t\t\t\t<div class=\"elementor-column elementor-col-100 elementor-top-column elementor-element elementor-element-e1588c3\" data-id=\"e1588c3\" data-element_type=\"column\">\n\t\t\t<div class=\"elementor-widget-wrap elementor-element-populated\">\n\t\t\t\t\t\t<div class=\"elementor-element elementor-element-c4f145c elementor-widget elementor-widget-text-editor\" data-id=\"c4f145c\" data-element_type=\"widget\" data-widget_type=\"text-editor.default\">\n\t\t\t\t<div class=\"elementor-widget-container\">\n\t\t\t\t\t\t\t\t\t<p dir=\"ltr\" style=\"line-height: 1.38; text-align: justify; margin-top: 0pt; margin-bottom: 0pt;\"><span style=\"background-color: transparent; color: #000000; font-family: Arial, sans-serif; font-size: 11pt; white-space-collapse: preserve; letter-spacing: 0px;\">&nbsp;<\/span><\/p>\n<p dir=\"ltr\" style=\"line-height: 1.38; text-align: justify; margin-top: 0pt; margin-bottom: 0pt;\"><span style=\"background-color: transparent; color: #000000; font-family: Arial, sans-serif; font-size: 11pt; letter-spacing: 0px; white-space-collapse: preserve;\">Nors \u0161iuo metu tik planuojame parengti organizacijos tvarumo gaires, jau esame pri\u0117m\u0119 tam tikrus&nbsp; sprendimus ir poky\u010dius. \u0160tai keletas j\u0173:<\/span><\/p>\n<ul style=\"margin-top: 0; margin-bottom: 0; padding-inline-start: 48px;\">\n<li dir=\"ltr\" style=\"list-style-type: disc; font-size: 11pt; font-family: Arial,sans-serif; color: #000000; background-color: transparent; font-weight: 400; font-style: normal; font-variant: normal; text-decoration: none; vertical-align: baseline; white-space: pre;\" aria-level=\"1\"><p dir=\"ltr\" style=\"line-height: 1.38; text-align: justify; margin-top: 0pt; margin-bottom: 0pt;\" role=\"presentation\"><span style=\"font-size: 11pt; font-family: Arial,sans-serif; color: #000000; background-color: transparent; font-weight: 400; font-style: normal; font-variant: normal; text-decoration: none; vertical-align: baseline; white-space: pre-wrap;\"><strong>Skaitmenizuotas rinkim\u0173 procesas.<\/strong> Anks\u010diau m\u016bs\u0173 organizacijos rinkimuose naudojome popierinius biuletenius, ta\u010diau nuo 2024 met\u0173 per\u0117jome prie visi\u0161kai skaitmenizuot\u0173 rinkim\u0173 ir naudojame vie\u0161ai prieinamas platformas. Tai ne tik palengvina pat\u012f proces\u0105, bet ir suma\u017eina popieriaus poreik\u012f.<\/span><\/p>\n<\/li>\n<li dir=\"ltr\" style=\"list-style-type: disc; font-size: 11pt; font-family: Arial,sans-serif; color: #000000; background-color: transparent; font-weight: 400; font-style: normal; font-variant: normal; text-decoration: none; vertical-align: baseline; white-space: pre;\" aria-level=\"1\"><p dir=\"ltr\" style=\"line-height: 1.38; text-align: justify; margin-top: 0pt; margin-bottom: 0pt;\" role=\"presentation\"><span style=\"font-size: 11pt; font-family: Arial,sans-serif; color: #000000; background-color: transparent; font-weight: 400; font-style: normal; font-variant: normal; text-decoration: none; vertical-align: baseline; white-space: pre-wrap;\"><strong>Skaitmenizuoti dokumentai.<\/strong> Dauguma organizacijos dokument\u0173 yra skaitmenizuoti, ateityje planuojame visi\u0161kai skaitmenizuoti ir archyv\u0105.<\/span><\/p>\n<\/li>\n<li dir=\"ltr\" style=\"list-style-type: disc; font-size: 11pt; font-family: Arial,sans-serif; color: #000000; background-color: transparent; font-weight: 400; font-style: normal; font-variant: normal; text-decoration: none; vertical-align: baseline; white-space: pre;\" aria-level=\"1\"><p dir=\"ltr\" style=\"line-height: 1.38; text-align: justify; margin-top: 0pt; margin-bottom: 0pt;\" role=\"presentation\"><span style=\"font-size: 11pt; font-family: Arial,sans-serif; color: #000000; background-color: transparent; font-weight: 400; font-style: normal; font-variant: normal; text-decoration: none; vertical-align: baseline; white-space: pre-wrap;\"><strong>El. dokument\u0173 pasira\u0161ymas.<\/strong> Did\u017ei\u0105j\u0105 dal\u012f organizacijos dokument\u0173 pasira\u0161ome el. para\u0161ais, fizi\u0161kai dokumentus pasira\u0161ome tik esant poreikiui.&nbsp;<\/span><\/p>\n<\/li>\n<li dir=\"ltr\" style=\"list-style-type: disc; font-size: 11pt; font-family: Arial,sans-serif; color: #000000; background-color: transparent; font-weight: 400; font-style: normal; font-variant: normal; text-decoration: none; vertical-align: baseline; white-space: pre;\" aria-level=\"1\"><p dir=\"ltr\" style=\"line-height: 1.38; text-align: justify; margin-top: 0pt; margin-bottom: 0pt;\" role=\"presentation\"><span style=\"font-size: 11pt; font-family: Arial,sans-serif; color: #000000; background-color: transparent; font-weight: 400; font-style: normal; font-variant: normal; text-decoration: none; vertical-align: baseline; white-space: pre-wrap;\"><strong>Rengini\u0173 ir mokym\u0173 dalyvi\u0173 transportas.<\/strong> Organizuodami renginius arba vidinius mokymus, skatiname dalyvius va\u017eiuoti kartu, pilnai panaudojant laisv\u0105 viet\u0105 automobilyje, atskiru transportu keliauti tik esant b\u016btinybei.&nbsp;<\/span><\/p>\n<\/li>\n<li dir=\"ltr\" style=\"list-style-type: disc; font-size: 11pt; font-family: Arial,sans-serif; color: #000000; background-color: transparent; font-weight: 400; font-style: normal; font-variant: normal; text-decoration: none; vertical-align: baseline; white-space: pre;\" aria-level=\"1\"><p dir=\"ltr\" style=\"line-height: 1.38; text-align: justify; margin-top: 0pt; margin-bottom: 0pt;\" role=\"presentation\"><span style=\"font-size: 11pt; font-family: Arial,sans-serif; color: #000000; background-color: transparent; font-weight: 400; font-style: normal; font-variant: normal; text-decoration: none; vertical-align: baseline; white-space: pre-wrap;\"><strong>Rengini\u0173 vie\u0161inimas.<\/strong> Organizacijos iniciatyvas ir renginius vie\u0161iname socialiniuose tinkluose arba el. medij\u0173 pagalba, nenaudojame skraju\u010di\u0173, plakat\u0173 ar kitokios fizin\u0117s reklamos.&nbsp;<\/span><\/p>\n<\/li>\n<li dir=\"ltr\" style=\"list-style-type: disc; font-size: 11pt; font-family: Arial,sans-serif; color: #000000; background-color: transparent; font-weight: 400; font-style: normal; font-variant: normal; text-decoration: none; vertical-align: baseline; white-space: pre;\" aria-level=\"1\"><p dir=\"ltr\" style=\"line-height: 1.38; text-align: justify; margin-top: 0pt; margin-bottom: 0pt;\" role=\"presentation\"><span style=\"font-size: 11pt; font-family: Arial,sans-serif; color: #000000; background-color: transparent; font-weight: 400; font-style: normal; font-variant: normal; text-decoration: none; vertical-align: baseline; white-space: pre-wrap;\"><strong>Bendradarbiavimas su \u012fmon\u0117mis.<\/strong> Bendradarbiaudami su \u012fmon\u0117mis, atsi\u017evelgiame \u012f tai, ar j\u0173 vykdoma veikla yra tvari. Tokiais atvejais, kai \u012fmon\u0117s veikla yra netvari, atsisakome partneryst\u0117s.<\/span><\/p>\n<\/li>\n<\/ul>\t\t\t\t\t\t\t\t<\/div>\n\t\t\t\t<\/div>\n\t\t\t\t\t<\/div>\n\t\t<\/div>\n\t\t\t\t\t<\/div>\n\t\t<\/section>\n\t\t\t\t<\/div>","protected":false},"excerpt":{"rendered":"<p>Viena i\u0161 VILNIUS TECH SA vertybi\u0173 &#8211; atsakingumas. Savo veikloje stengiam\u0117s u\u017etikrinti, kad m\u016bs\u0173 savivalda veikt\u0173 atsakingai ir subalansuotai, tad ne paslaptis, kad didel\u012f d\u0117mes\u012f skiriame ir organizacijos tvarumui. &nbsp; Nors \u0161iuo metu tik planuojame parengti organizacijos tvarumo gaires, jau esame pri\u0117m\u0119 tam tikrus&nbsp; sprendimus ir poky\u010dius. \u0160tai keletas j\u0173: Skaitmenizuotas rinkim\u0173 procesas. Anks\u010diau m\u016bs\u0173&hellip;<\/p>","protected":false},"author":2,"featured_media":0,"parent":0,"menu_order":0,"comment_status":"closed","ping_status":"closed","template":"","meta":{"footnotes":""},"class_list":["post-9820","page","type-page","status-publish","hentry"],"_links":{"self":[{"href":"https:\/\/vilniustechsa.lt\/en\/wp-json\/wp\/v2\/pages\/9820","targetHints":{"allow":["GET"]}}],"collection":[{"href":"https:\/\/vilniustechsa.lt\/en\/wp-json\/wp\/v2\/pages"}],"about":[{"href":"https:\/\/vilniustechsa.lt\/en\/wp-json\/wp\/v2\/types\/page"}],"author":[{"embeddable":true,"href":"https:\/\/vilniustechsa.lt\/en\/wp-json\/wp\/v2\/users\/2"}],"replies":[{"embeddable":true,"href":"https:\/\/vilniustechsa.lt\/en\/wp-json\/wp\/v2\/comments?post=9820"}],"version-history":[{"count":10,"href":"https:\/\/vilniustechsa.lt\/en\/wp-json\/wp\/v2\/pages\/9820\/revisions"}],"predecessor-version":[{"id":9840,"href":"https:\/\/vilniustechsa.lt\/en\/wp-json\/wp\/v2\/pages\/9820\/revisions\/9840"}],"wp:attachment":[{"href":"https:\/\/vilniustechsa.lt\/en\/wp-json\/wp\/v2\/media?parent=9820"}],"curies":[{"name":"wp","href":"https:\/\/api.w.org\/{rel}","templated":true}]}}